{"id":13,"date":"2021-01-13T16:30:02","date_gmt":"2021-01-13T18:30:02","guid":{"rendered":"https:\/\/mig-now.com\/?page_id=13"},"modified":"2024-05-09T17:24:07","modified_gmt":"2024-05-09T20:24:07","slug":"mig-conversion","status":"publish","type":"page","link":"https:\/\/mig-now.com\/en\/solutions\/mig\/","title":{"rendered":"MIG Conversion"},"content":{"rendered":"<section class=\"dd-o-carousel dd-o-carousel-full\">\n  <div class=\"dd-o-carousel__wrapper\">\n    <div class=\"dd-o-carousel-full__item\">\n      <figure class=\"dd-o-carousel-full__item__figure\">\n                  <picture>\n            <source media=\"(min-width: 768px)\" srcset=\"https:\/\/mig-now.com\/wp-content\/uploads\/banner_mig-conversion.png\">\n            <img decoding=\"async\" fetchpriority=\"high\" src=\"https:\/\/mig-now.com\/wp-content\/uploads\/Banner_mig-conversion_mobile.png\" alt=\"MIG Conversion\">\n          <\/picture>\n            \n        <figcaption class=\"dd-o-carousel-full__item__caption\">\n          \n          <h1 class=\"dd-o-carousel-full__item__caption__title translation-block\">The first capable software<br>\nto convert SAP ECC for<br>\nSAP S\/4HANA automatically<br><\/h1>\n          \n                  <\/figcaption>\n      <\/figure>\n    <\/div>\n  <\/div>\n\n  <i class=\"icon-mouse\" data-aos=\"fade-up\" data-offset=\"0\" data-aos-anchor-placement=\"bottom-bottom\"><\/i>\n<\/section>\n\n\n  <section class=\"dd-o-section dd-o-section-timeline\">\n  <figure class=\"dd-o-section__background\">\n    <picture>\n      <source media=\"(min-width: 768px)\" srcset=\"https:\/\/mig-now.com\/wp-content\/uploads\/mignow_imagem_1_desktop.png\">\n      <img decoding=\"async\" src=\"https:\/\/mig-now.com\/wp-content\/uploads\/mignow_imagem_1_mobile.png\" alt=\"\">\n    <\/picture>\n  <\/figure>\n  \n  <div class=\"dd-o-section__wrapper\">\n    <header class=\"dd-o-section__header\" data-aos=\"fade-up\"\n     data-aos-delay=\"200\">\n      <h2 class=\"dd-o-section__header__title\">Migrate now!<\/h2>\n      <div class=\"dd-o-section__content\" data-aos=\"fade-up\"\n       data-aos-delay=\"200\">\n        <p class=\"translation-block\">Don't wait for your Enterprise Support to expire, migrate now to SAP S\/4HANA! Understand how the deadline can affect you:<\/p>\n      <\/div>\n    <\/header>\n\n    <div class=\"dd-o-section__list\">\n      <ol>\n                  <li data-aos=\"fade-up\" data-aos-delay=\"200\">\n            <div class=\"dd-m-card-timeline\">\n  <h4 class=\"dd-m-card-timeline__title\">\/2025<\/h4>\n  <div class=\"dd-m-card-timeline__separator\"><\/div>\n  <div class=\"dd-m-card-timeline__content\">\n    <p>Support extended to 2027 or 2030.<\/p>\n  <\/div>\n<\/div>          <\/li>\n                  <li data-aos=\"fade-up\" data-aos-delay=\"300\">\n            <div class=\"dd-m-card-timeline\">\n  <h4 class=\"dd-m-card-timeline__title\">\/2027<\/h4>\n  <div class=\"dd-m-card-timeline__separator\"><\/div>\n  <div class=\"dd-m-card-timeline__content\">\n    <p>SAP will provide general maintenance until the end of 2027, for core SAP Business Suite 7 applications, including: SAP ERP 6.0, SAP CRM 7.0, SAP Supply Chain Management 7.0, SAP SRM 7.0 applications, SAP Business Suite powered by SAP HANA.<\/p>\n  <\/div>\n<\/div>          <\/li>\n                  <li data-aos=\"fade-up\" data-aos-delay=\"400\">\n            <div class=\"dd-m-card-timeline\">\n  <h4 class=\"dd-m-card-timeline__title\">\/2030<\/h4>\n  <div class=\"dd-m-card-timeline__separator\"><\/div>\n  <div class=\"dd-m-card-timeline__content\">\n    <p>+ 2% on the maintenance base. It will be available for three years, beginning in 2028 until the end of 2030. This long-term commitment applies to core SAP Business Suite 7 applications that are on the three most recent Enhancement Package (EhPs) SAP NOTE 2881788.<\/p>\n  <\/div>\n<\/div>          <\/li>\n              <\/ol>\n    <\/div>\n  <\/div>\n<\/section>\n\n\n  <section class=\"dd-o-section dd-o-section-analysis\">\n  <div class=\"dd-o-section__wrapper\">\n    <header class=\"dd-o-section__header\" data-aos=\"fade-up\"\n     data-aos-delay=\"200\">\n      <h2 class=\"dd-o-section__header__title\">Scenario analysis:<\/h2>\n    <\/header>\n\n    <div class=\"dd-o-section__content\" data-aos=\"fade-up\"\n     data-aos-delay=\"200\">\n      <ul class=\"dd-o-section-analysis__data\">\n                  <li>\n            <h4 class=\"dd-o-section-analysis__data__title\">40 thousand<\/h4>\n            <div class=\"dd-o-section-analysis__data__content\">\n              <p>SAP ECC customers around the world.<\/p>\n            <\/div>\n          <\/li>\n                  <li>\n            <h4 class=\"dd-o-section-analysis__data__title\">1200<\/h4>\n            <div class=\"dd-o-section-analysis__data__content\">\n              <p>SAP ECC customers in Brazil.<\/p>\n            <\/div>\n          <\/li>\n                  <li>\n            <h4 class=\"dd-o-section-analysis__data__title\">9 years<\/h4>\n            <div class=\"dd-o-section-analysis__data__content\">\n              <p class=\"translation-block\">to migrate the entire base\nfor SAP S\/4HANA<\/p>\n            <\/div>\n          <\/li>\n              <\/ul>\n\n      <div class=\"dd-o-section-analysis__content\">\n        <p>What should happen to make this possible?<\/p>\n<p class=\"translation-block\">12 Go Lives per day around the world<\/p>\n<p class=\"translation-block\">+ 130 go lives per day, only in Brazil<\/p>\n<p class=\"translation-block\">3 Go Lives every week<\/p>\n      <\/div>\n\n      <img decoding=\"async\" class=\"dd-o-section-analysis__image\" src=\"https:\/\/mig-now.com\/wp-content\/uploads\/lupa.png\" alt=\"\">\n    <\/div>\n  <\/div>\n<\/section>\n\n\n  <section class=\"dd-o-section dd-o-section-multipleContent\">\n  <i class=\"icon-separator icon-separator__top\"><\/i>\n\n    <div class=\"dd-o-section__wrapper  default\">\n    <div class=\"dd-o-section-multipleContent__wrapper\">\n      <header class=\"dd-o-section__header\" data-aos=\"fade-up\"\n      data-aos-delay=\"200\">\n        <h2 class=\"dd-o-section__header__title\">How can we solve this problem? <br \/>\r\nCreating a software that automatically converts SAP ECC to SAP S\/4 HANA!<\/h2>\n        <div class=\"dd-o-section__content\" data-aos=\"fade-up\"\n        data-aos-delay=\"200\">\n          <p>Using traditional methods it\u2019s impossible, considering the time that a migration takes to be performed by consultants. Therefore, we decided to create software capable of understanding customer databases, and automate the conversion process using Artificial Intelligence tools<\/p>\n        <\/div>\n              <\/header>\n    <\/div>\n\n    <div class=\"dd-o-section-multipleContent__figure\" data-aos=\"fade-up\"\n     data-aos-delay=\"200\">\n      <picture>\n        <source media=\"(min-width: 768px)\" srcset=\"https:\/\/mig-now.com\/wp-content\/uploads\/cerebro_icones_desktop.png\">\n        <img decoding=\"async\" src=\"https:\/\/mig-now.com\/wp-content\/uploads\/cerebro_icones-1.png\" alt=\"MIGNOW Intelligence - Mig Conversion\">\n      <\/picture>\n    <\/div>\n\n          <div class=\"dd-o-section-multipleContent__tagline\" data-aos=\"fade-up\"\n     data-aos-delay=\"200\">\n        <p class=\"translation-block\">The future begins now!\nMIGNOW is the fastest, cheapest and safest way to migrate to SAP S\/4 HANA.<\/p>\n      <\/div>\n      <\/div>\n    <div class=\"dd-o-section__wrapper align-items-center right\">\n    <div class=\"dd-o-section-multipleContent__wrapper\">\n      <header class=\"dd-o-section__header\" data-aos=\"fade-up\"\n      data-aos-delay=\"200\">\n        <h2 class=\"dd-o-section__header__title\">How do we work?<\/h2>\n        <div class=\"dd-o-section__content\" data-aos=\"fade-up\"\n        data-aos-delay=\"200\">\n          <p>In line with the Agile Design methodology, we developed a completely new form of conversion. Our phases are mirrored and follow all the activities suggested by SAP.<\/p>\n        <\/div>\n              <\/header>\n    <\/div>\n\n    <div class=\"dd-o-section-multipleContent__figure\" data-aos=\"fade-up\"\n     data-aos-delay=\"200\">\n      <picture>\n        <source media=\"(min-width: 768px)\" srcset=\"https:\/\/mig-now.com\/wp-content\/uploads\/mignow_imagem_circulo_desktop.png\">\n        <img decoding=\"async\" src=\"https:\/\/mig-now.com\/wp-content\/uploads\/mignow_imagem_circulo_mobile.png\" alt=\"Design Agil MIGNOW - MIG Conversion work methodology\">\n      <\/picture>\n    <\/div>\n\n      <\/div>\n  \n  <i class=\"icon-separator icon-separator__bottom\"><\/i>\n<\/section>\n\n\n  <section class=\"dd-o-section dd-o-section-icons\">\n  <div class=\"dd-o-section__wrapper\">\n    <header class=\"dd-o-section__header\" data-aos=\"fade-up\"\n     data-aos-delay=\"200\">\n            <h2 class=\"dd-o-section__header__title\">The main benefits of this software<\/h2>\n    <\/header>\n\n    <div class=\"dd-o-section__content\" data-aos=\"fade-up\"\n     data-aos-delay=\"200\">\n      <p>The migration challenge involves skilled labor, time and associated costs.<br \/>\nWith our solution, about 80% of the migration process is no longer manual and becomes automatic.<\/p>\n    <\/div>\n\n    <div class=\"dd-o-section__list\">\n      <ul>\n                  <li data-aos=\"fade-up\" data-aos-delay=\"100\">\n            <div class=\"dd-m-card-icons\">\n  <i class=\"icon-message-check\"><\/i>\n  <div class=\"dd-m-card-icons__content\">\n    <h4 class=\"dd-m-card-icons__title\">Eliminates failures<\/h4>\n    <p class=\"translation-block\">Delivery with 100% accuracy.<\/p>\n  <\/div>\n<\/div>          <\/li>\n                  <li data-aos=\"fade-up\" data-aos-delay=\"150\">\n            <div class=\"dd-m-card-icons\">\n  <i class=\"icon-counter\"><\/i>\n  <div class=\"dd-m-card-icons__content\">\n    <h4 class=\"dd-m-card-icons__title\">Effort reduction<\/h4>\n    <p class=\"translation-block\">Speed running 4-5 times faster.<\/p>\n  <\/div>\n<\/div>          <\/li>\n                  <li data-aos=\"fade-up\" data-aos-delay=\"200\">\n            <div class=\"dd-m-card-icons\">\n  <i class=\"icon-money\"><\/i>\n  <div class=\"dd-m-card-icons__content\">\n    <h4 class=\"dd-m-card-icons__title\">Reduced cost<\/h4>\n    <p>Software performs the work of up to 10 people.<\/p>\n  <\/div>\n<\/div>          <\/li>\n                  <li data-aos=\"fade-up\" data-aos-delay=\"250\">\n            <div class=\"dd-m-card-icons\">\n  <i class=\"icon-speed\"><\/i>\n  <div class=\"dd-m-card-icons__content\">\n    <h4 class=\"dd-m-card-icons__title\">Higher productivity<\/h4>\n    <p>Process runs day and night, every day without breaks.<\/p>\n  <\/div>\n<\/div>          <\/li>\n                  <li data-aos=\"fade-up\" data-aos-delay=\"300\">\n            <div class=\"dd-m-card-icons\">\n  <i class=\"icon-users\"><\/i>\n  <div class=\"dd-m-card-icons__content\">\n    <h4 class=\"dd-m-card-icons__title\">Labor saving<\/h4>\n    <p class=\"translation-block\">Less dependence on specialized labor.<\/p>\n  <\/div>\n<\/div>          <\/li>\n                  <li data-aos=\"fade-up\" data-aos-delay=\"350\">\n            <div class=\"dd-m-card-icons\">\n  <i class=\"icon-cloud\"><\/i>\n  <div class=\"dd-m-card-icons__content\">\n    <h4 class=\"dd-m-card-icons__title\">Flexible deployment options<\/h4>\n    <p>On premise, Cloud and Cloud SAP<\/p>\n  <\/div>\n<\/div>          <\/li>\n              <\/ul>\n    <\/div>\n    \n      <\/div>\n<\/section>\n\n\n<h5 class=\"wp-block-heading has-text-align-center translation-block\">Don't wait for Enterprise Support to expire to migrate to SAP S\/4 HANA.\n\nDiscover how to convert to S\/4 in an automatic, economical and ultra fast way!<\/h5>\n\n\n\n  <section class=\"dd-o-section dd-o-section-form\">\n  <div class=\"dd-o-section__wrapper\">\n    <header class=\"dd-o-section__header\" data-aos=\"fade-up\"\n     data-aos-delay=\"200\">\n            <h2 class=\"dd-o-section__header__title\">Consult our experts.<\/h2>\n    <\/header>\n\n    <div class=\"dd-o-section__content\" data-aos=\"fade-up\"\n     data-aos-delay=\"200\">\n      <p>Through an optimized portfolio of tools, MIGNOW is proven to be the fastest, most economical and safest way to make the transition.<\/p>\n    <\/div>\n\n    <div class=\"dd-o-section__form\">\n      <div data-aos=\"fade-right\" data-aos-delay=\"200\">\n        <script charset=\"utf-8\" type=\"text\/javascript\" src=\"\/\/js.hsforms.net\/forms\/embed\/v2.js\"><\/script>\r\n<script>\r\n  hbspt.forms.create({\r\n    region: \"na1\",\r\n    portalId: \"19942753\",\r\n    formId: \"07a9b2b2-506f-4f4c-92cd-b1f2aa97ed84\"\r\n  });\r\n<\/script>      <\/div>\n\n              <figure class=\"dd-o-section__figure\"  data-aos=\"fade-left\" data-aos-delay=\"200\">\n          <img decoding=\"async\" src=\"https:\/\/mig-now.com\/wp-content\/uploads\/world-desktop.png\" alt=\"Consult our experts.\">\n        <\/figure>\n          <\/div>\n  <\/div>\n<\/section>","protected":false},"excerpt":{"rendered":"<p class=\"translation-block\">Don't wait for Enterprise Support to expire to migrate to SAP S\/4 HANA.\n\nDiscover how to convert to S\/4 in an automatic, economical and ultra fast way!<\/p>","protected":false},"author":20,"featured_media":0,"parent":11,"menu_order":0,"comment_status":"closed","ping_status":"closed","template":"","meta":{"_acf_changed":false,"footnotes":""},"class_list":["post-13","page","type-page","status-publish","hentry"],"acf":[],"yoast_head":"<!-- This site is optimized with the Yoast SEO plugin v27.3 - https:\/\/yoast.com\/product\/yoast-seo-wordpress\/ -->\n<title>MIG Conversion - MIGNOW<\/title>\n<meta name=\"description\" content=\"O 1\u00b0 software capaz de converter automaticamente o SAP ECC para o SAP S\/4HANA. Entenda como isso \u00e9 poss\u00edvel e fa\u00e7a j\u00e1 sua migra\u00e7\u00e3o.\" \/>\n<meta name=\"robots\" content=\"index, follow, max-snippet:-1, max-image-preview:large, max-video-preview:-1\" \/>\n<link rel=\"canonical\" href=\"https:\/\/mig-now.com\/en\/solutions\/mig\/\" \/>\n<meta property=\"og:locale\" content=\"en_US\" \/>\n<meta property=\"og:type\" content=\"article\" \/>\n<meta property=\"og:title\" content=\"MIG Conversion - MIGNOW\" \/>\n<meta property=\"og:description\" content=\"O 1\u00b0 software capaz de converter automaticamente o SAP ECC para o SAP S\/4HANA. Entenda como isso \u00e9 poss\u00edvel e fa\u00e7a j\u00e1 sua migra\u00e7\u00e3o.\" \/>\n<meta property=\"og:url\" content=\"https:\/\/mig-now.com\/en\/solutions\/mig\/\" \/>\n<meta property=\"og:site_name\" content=\"MIGNOW\" \/>\n<meta property=\"article:publisher\" content=\"https:\/\/www.facebook.com\/MIGNOW-115950623606393\" \/>\n<meta property=\"article:modified_time\" content=\"2024-05-09T20:24:07+00:00\" \/>\n<meta property=\"og:image\" content=\"https:\/\/mig-now.com\/wp-content\/uploads\/share.png\" \/>\n\t<meta property=\"og:image:width\" content=\"1200\" \/>\n\t<meta property=\"og:image:height\" content=\"628\" \/>\n\t<meta property=\"og:image:type\" content=\"image\/png\" \/>\n<meta name=\"twitter:card\" content=\"summary_large_image\" \/>\n<meta name=\"twitter:label1\" content=\"Est. reading time\" \/>\n\t<meta name=\"twitter:data1\" content=\"1 minute\" \/>\n<script type=\"application\/ld+json\" class=\"yoast-schema-graph\">{\"@context\":\"https:\\\/\\\/schema.org\",\"@graph\":[{\"@type\":\"WebPage\",\"@id\":\"https:\\\/\\\/mig-now.com\\\/solucoes\\\/mig-conversion\\\/\",\"url\":\"https:\\\/\\\/mig-now.com\\\/solucoes\\\/mig-conversion\\\/\",\"name\":\"MIG Conversion - MIGNOW\",\"isPartOf\":{\"@id\":\"https:\\\/\\\/mig-now.com\\\/#website\"},\"datePublished\":\"2021-01-13T18:30:02+00:00\",\"dateModified\":\"2024-05-09T20:24:07+00:00\",\"description\":\"O 1\u00b0 software capaz de converter automaticamente o SAP ECC para o SAP S\\\/4HANA. Entenda como isso \u00e9 poss\u00edvel e fa\u00e7a j\u00e1 sua migra\u00e7\u00e3o.\",\"breadcrumb\":{\"@id\":\"https:\\\/\\\/mig-now.com\\\/solucoes\\\/mig-conversion\\\/#breadcrumb\"},\"inLanguage\":\"en-US\",\"potentialAction\":[{\"@type\":\"ReadAction\",\"target\":[\"https:\\\/\\\/mig-now.com\\\/solucoes\\\/mig-conversion\\\/\"]}]},{\"@type\":\"BreadcrumbList\",\"@id\":\"https:\\\/\\\/mig-now.com\\\/solucoes\\\/mig-conversion\\\/#breadcrumb\",\"itemListElement\":[{\"@type\":\"ListItem\",\"position\":1,\"name\":\"In\u00edcio\",\"item\":\"https:\\\/\\\/mig-now.com\\\/\"},{\"@type\":\"ListItem\",\"position\":2,\"name\":\"Solu\u00e7\u00f5es\",\"item\":\"https:\\\/\\\/mig-now.com\\\/solucoes\\\/\"},{\"@type\":\"ListItem\",\"position\":3,\"name\":\"MIG Conversion\"}]},{\"@type\":\"WebSite\",\"@id\":\"https:\\\/\\\/mig-now.com\\\/#website\",\"url\":\"https:\\\/\\\/mig-now.com\\\/\",\"name\":\"MIGNOW\",\"description\":\"Convers\u00e3o automatizada do SAP ECC para o SAP S\\\/4HANA.\",\"publisher\":{\"@id\":\"https:\\\/\\\/mig-now.com\\\/#organization\"},\"potentialAction\":[{\"@type\":\"SearchAction\",\"target\":{\"@type\":\"EntryPoint\",\"urlTemplate\":\"https:\\\/\\\/mig-now.com\\\/?s={search_term_string}\"},\"query-input\":{\"@type\":\"PropertyValueSpecification\",\"valueRequired\":true,\"valueName\":\"search_term_string\"}}],\"inLanguage\":\"en-US\"},{\"@type\":\"Organization\",\"@id\":\"https:\\\/\\\/mig-now.com\\\/#organization\",\"name\":\"mignow\",\"url\":\"https:\\\/\\\/mig-now.com\\\/\",\"logo\":{\"@type\":\"ImageObject\",\"inLanguage\":\"en-US\",\"@id\":\"https:\\\/\\\/mig-now.com\\\/#\\\/schema\\\/logo\\\/image\\\/\",\"url\":\"https:\\\/\\\/mig-now.com\\\/wp-content\\\/uploads\\\/Mignow-03.png\",\"contentUrl\":\"https:\\\/\\\/mig-now.com\\\/wp-content\\\/uploads\\\/Mignow-03.png\",\"width\":4728,\"height\":1646,\"caption\":\"mignow\"},\"image\":{\"@id\":\"https:\\\/\\\/mig-now.com\\\/#\\\/schema\\\/logo\\\/image\\\/\"},\"sameAs\":[\"https:\\\/\\\/www.facebook.com\\\/MIGNOW-115950623606393\",\"https:\\\/\\\/www.instagram.com\\\/mig_now\\\/\",\"https:\\\/\\\/www.linkedin.com\\\/company\\\/65868910\\\/admin\\\/\",\"https:\\\/\\\/www.youtube.com\\\/channel\\\/UCh1QRa8dGxBPnqIoy6NReeA\"]}]}<\/script>\n<!-- \/ Yoast SEO plugin. -->","yoast_head_json":{"title":"MIG Conversion - MIGNOW","description":"The first capable software to convert SAP ECC for SAP S\/4HANA automatically. Understand how it's possible and migrate now.","robots":{"index":"index","follow":"follow","max-snippet":"max-snippet:-1","max-image-preview":"max-image-preview:large","max-video-preview":"max-video-preview:-1"},"canonical":"https:\/\/mig-now.com\/en\/solutions\/mig\/","og_locale":"en_US","og_type":"article","og_title":"MIG Conversion - MIGNOW","og_description":"O 1\u00b0 software capaz de converter automaticamente o SAP ECC para o SAP S\/4HANA. Entenda como isso \u00e9 poss\u00edvel e fa\u00e7a j\u00e1 sua migra\u00e7\u00e3o.","og_url":"https:\/\/mig-now.com\/en\/solutions\/mig\/","og_site_name":"MIGNOW","article_publisher":"https:\/\/www.facebook.com\/MIGNOW-115950623606393","article_modified_time":"2024-05-09T20:24:07+00:00","og_image":[{"width":1200,"height":628,"url":"https:\/\/mig-now.com\/wp-content\/uploads\/share.png","type":"image\/png"}],"twitter_card":"summary_large_image","twitter_misc":{"Est. reading time":"1 minute"},"schema":{"@context":"https:\/\/schema.org","@graph":[{"@type":"WebPage","@id":"https:\/\/mig-now.com\/solucoes\/mig-conversion\/","url":"https:\/\/mig-now.com\/solucoes\/mig-conversion\/","name":"MIG Conversion - MIGNOW","isPartOf":{"@id":"https:\/\/mig-now.com\/#website"},"datePublished":"2021-01-13T18:30:02+00:00","dateModified":"2024-05-09T20:24:07+00:00","description":"The first capable software to convert SAP ECC for SAP S\/4HANA automatically. Understand how it's possible and migrate now.","breadcrumb":{"@id":"https:\/\/mig-now.com\/solucoes\/mig-conversion\/#breadcrumb"},"inLanguage":"en-US","potentialAction":[{"@type":"ReadAction","target":["https:\/\/mig-now.com\/solucoes\/mig-conversion\/"]}]},{"@type":"BreadcrumbList","@id":"https:\/\/mig-now.com\/solucoes\/mig-conversion\/#breadcrumb","itemListElement":[{"@type":"ListItem","position":1,"name":"In\u00edcio","item":"https:\/\/mig-now.com\/"},{"@type":"ListItem","position":2,"name":"Solu\u00e7\u00f5es","item":"https:\/\/mig-now.com\/solucoes\/"},{"@type":"ListItem","position":3,"name":"MIG Conversion"}]},{"@type":"WebSite","@id":"https:\/\/mig-now.com\/#website","url":"https:\/\/mig-now.com\/","name":"MIGNOW","description":"Automated conversion from SAP ECC to SAP S\/4HANA.","publisher":{"@id":"https:\/\/mig-now.com\/#organization"},"potentialAction":[{"@type":"SearchAction","target":{"@type":"EntryPoint","urlTemplate":"https:\/\/mig-now.com\/?s={search_term_string}"},"query-input":{"@type":"PropertyValueSpecification","valueRequired":true,"valueName":"search_term_string"}}],"inLanguage":"en-US"},{"@type":"Organization","@id":"https:\/\/mig-now.com\/#organization","name":"mignow","url":"https:\/\/mig-now.com\/","logo":{"@type":"ImageObject","inLanguage":"en-US","@id":"https:\/\/mig-now.com\/#\/schema\/logo\/image\/","url":"https:\/\/mig-now.com\/wp-content\/uploads\/Mignow-03.png","contentUrl":"https:\/\/mig-now.com\/wp-content\/uploads\/Mignow-03.png","width":4728,"height":1646,"caption":"mignow"},"image":{"@id":"https:\/\/mig-now.com\/#\/schema\/logo\/image\/"},"sameAs":["https:\/\/www.facebook.com\/MIGNOW-115950623606393","https:\/\/www.instagram.com\/mig_now\/","https:\/\/www.linkedin.com\/company\/65868910\/admin\/","https:\/\/www.youtube.com\/channel\/UCh1QRa8dGxBPnqIoy6NReeA"]}]}},"_links":{"self":[{"href":"https:\/\/mig-now.com\/en\/wp-json\/wp\/v2\/pages\/13","targetHints":{"allow":["GET"]}}],"collection":[{"href":"https:\/\/mig-now.com\/en\/wp-json\/wp\/v2\/pages"}],"about":[{"href":"https:\/\/mig-now.com\/en\/wp-json\/wp\/v2\/types\/page"}],"author":[{"embeddable":true,"href":"https:\/\/mig-now.com\/en\/wp-json\/wp\/v2\/users\/20"}],"replies":[{"embeddable":true,"href":"https:\/\/mig-now.com\/en\/wp-json\/wp\/v2\/comments?post=13"}],"version-history":[{"count":0,"href":"https:\/\/mig-now.com\/en\/wp-json\/wp\/v2\/pages\/13\/revisions"}],"up":[{"embeddable":true,"href":"https:\/\/mig-now.com\/en\/wp-json\/wp\/v2\/pages\/11"}],"wp:attachment":[{"href":"https:\/\/mig-now.com\/en\/wp-json\/wp\/v2\/media?parent=13"}],"curies":[{"name":"wp","href":"https:\/\/api.w.org\/{rel}","templated":true}]}}