{"id":27,"date":"2021-01-13T16:31:45","date_gmt":"2021-01-13T18:31:45","guid":{"rendered":"https:\/\/mig-now.com\/?page_id=27"},"modified":"2022-03-24T19:41:58","modified_gmt":"2022-03-24T22:41:58","slug":"customer-first","status":"publish","type":"page","link":"https:\/\/mig-now.com\/en\/customer-first\/","title":{"rendered":"Customer First"},"content":{"rendered":"<section class=\"dd-o-carousel dd-o-carousel-full\">\n  <div class=\"dd-o-carousel__wrapper\">\n    <div class=\"dd-o-carousel-full__item\">\n      <figure class=\"dd-o-carousel-full__item__figure\">\n                  <picture>\n            <source media=\"(min-width: 768px)\" srcset=\"https:\/\/mig-now.com\/wp-content\/uploads\/banner_customer-firstpsd-1.png\">\n            <img decoding=\"async\" fetchpriority=\"high\" src=\"https:\/\/mig-now.com\/wp-content\/uploads\/Banner_Customer-first_mobile.png\" alt=\"\">\n          <\/picture>\n            \n        <figcaption class=\"dd-o-carousel-full__item__caption\">\n          \n          <h1 class=\"dd-o-carousel-full__item__caption__title translation-block\">The culture<br>\nfocused on you,<br>\ncustomer.<\/h1>\n          \n                  <\/figcaption>\n      <\/figure>\n    <\/div>\n  <\/div>\n\n  <i class=\"icon-mouse\" data-aos=\"fade-up\" data-offset=\"0\" data-aos-anchor-placement=\"bottom-bottom\"><\/i>\n<\/section>\n\n\n  <section class=\"dd-o-section dd-o-section-multipleContent\">\n  <i class=\"icon-separator icon-separator__top\"><\/i>\n\n    <div class=\"dd-o-section__wrapper  left\">\n    <div class=\"dd-o-section-multipleContent__wrapper\">\n      <header class=\"dd-o-section__header\" data-aos=\"fade-up\"\n      data-aos-delay=\"200\">\n        <h2 class=\"dd-o-section__header__title\">Putting the customer first and providing a unique experience are pillars of our mindset. <\/h2>\n        <div class=\"dd-o-section__content\" data-aos=\"fade-up\"\n        data-aos-delay=\"200\">\n          <p class=\"translation-block\">So, like our customers, technology is our inspiration, motivation and is inherent in our DNA.<\/p>\n<p>Believing that the future is now, we become tireless in the search for innovative solutions that raise the bar for our partners and help to overcome the growth challenges with the use of technology.<\/p>\n        <\/div>\n              <\/header>\n    <\/div>\n\n    <div class=\"dd-o-section-multipleContent__figure\" data-aos=\"fade-up\"\n     data-aos-delay=\"200\">\n      <picture>\n        <source media=\"(min-width: 768px)\" srcset=\"https:\/\/mig-now.com\/wp-content\/uploads\/Customer_first_imagem2-1.png\">\n        <img decoding=\"async\" src=\"https:\/\/mig-now.com\/wp-content\/uploads\/Customer_first_imagem2_mobile.png\" alt=\"\">\n      <\/picture>\n    <\/div>\n\n          <div class=\"dd-o-section-multipleContent__tagline\" data-aos=\"fade-up\"\n     data-aos-delay=\"200\">\n        <p style=\"text-align: left;\" class=\"translation-block\">We want to take you to Digital Transformation and provide a surprisingly bold experience, are you coming?<\/p>\n      <\/div>\n      <\/div>\n    <div class=\"dd-o-section__wrapper dd-o-section__topics center\">\n    <div class=\"dd-o-section-multipleContent__wrapper\">\n      <header class=\"dd-o-section__header\" data-aos=\"fade-up\"\n      data-aos-delay=\"200\">\n        <h2 class=\"dd-o-section__header__title\">You as a priority.<\/h2>\n        <div class=\"dd-o-section__content\" data-aos=\"fade-up\"\n        data-aos-delay=\"200\">\n          <div class=\"dd-o-section__list\">\n<ul>\n<li class=\"translation-block\">Trust\nWe have conquered and cultivated a relationship of trust and partnership with all our customers.<\/li>\n<li><strong>Transparency<\/strong>We prioritize transparency, fair play and empathy to understand each other's journey, along with their challenges and expectations.<\/li>\n<li><strong>Agility<\/strong>Agility\nWe develop fast and secure solutions, because we understand that certain deadlocks need an instant resolution.<\/li>\n<\/ul>\n<\/div>\n        <\/div>\n              <\/header>\n    <\/div>\n\n    <div class=\"dd-o-section-multipleContent__figure\" data-aos=\"fade-up\"\n     data-aos-delay=\"200\">\n      <picture>\n        <source media=\"(min-width: 768px)\" srcset=\"https:\/\/mig-now.com\/wp-content\/uploads\/Customer_first_imagem3-4.jpg\">\n        <img decoding=\"async\" src=\"https:\/\/mig-now.com\/wp-content\/uploads\/Customer_first_imagem3_mobile.png\" alt=\"\">\n      <\/picture>\n    <\/div>\n\n          <div class=\"dd-o-section-multipleContent__tagline\" data-aos=\"fade-up\"\n     data-aos-delay=\"200\">\n        <p class=\"translation-block\">We transformed a process that would take an average of 6 months,\nin a process that can take days.<\/p>\n      <\/div>\n      <\/div>\n    <div class=\"dd-o-section__wrapper  left\">\n    <div class=\"dd-o-section-multipleContent__wrapper\">\n      <header class=\"dd-o-section__header\" data-aos=\"fade-up\"\n      data-aos-delay=\"200\">\n        <h2 class=\"dd-o-section__header__title\">Our core business is to make you focus on your core business with tranquility and fluidity, always updated with 'what's new'!<\/h2>\n        <div class=\"dd-o-section__content\" data-aos=\"fade-up\"\n        data-aos-delay=\"200\">\n          <p>We help our clients to do their best, with a unified experience focused on results. We enable our customers to innovate and create value by accelerating the adoption of solutions to optimize and transform their businesses.<\/p>\n        <\/div>\n              <\/header>\n    <\/div>\n\n    <div class=\"dd-o-section-multipleContent__figure\" data-aos=\"fade-up\"\n     data-aos-delay=\"200\">\n      <picture>\n        <source media=\"(min-width: 768px)\" srcset=\"https:\/\/mig-now.com\/wp-content\/uploads\/Customer_first_imagem4.png\">\n        <img decoding=\"async\" src=\"https:\/\/mig-now.com\/wp-content\/uploads\/Customer_first_imagem4-_mobile.png\" alt=\"\">\n      <\/picture>\n    <\/div>\n\n      <\/div>\n  \n  <i class=\"icon-separator icon-separator__bottom\"><\/i>\n<\/section>\n\n\n  <section class=\"dd-o-section dd-o-section-imageText horizontal\">\n    \n  <div class=\"dd-o-section__wrapper\">\n    <header class=\"dd-o-section__header\" data-aos=\"fade-up\"\n     data-aos-delay=\"200\">\n      <h2 class=\"dd-o-section__header__title\">We look to the future and put the customer first in everything we do to become a reliable innovation partner.<\/h2>\n          <\/header>\n\n    <div class=\"dd-o-section__content\" data-aos=\"fade-up\"\n     data-aos-delay=\"200\">\n      <p>We believe that the only way to cultivate true loyalty is to get each of us, on the MIGNOW team, to focus on the long-term success of our customers.<\/p>\n<p>We understand that when we see the success of our partners as our success and align mechanisms internally, we promote mutual success.<\/p>\n    <\/div>\n  <\/div>\n<\/section>","protected":false},"excerpt":{"rendered":"","protected":false},"author":20,"featured_media":0,"parent":0,"menu_order":0,"comment_status":"closed","ping_status":"closed","template":"","meta":{"_acf_changed":false,"footnotes":""},"class_list":["post-27","page","type-page","status-publish","hentry"],"acf":[],"yoast_head":"<!-- This site is optimized with the Yoast SEO plugin v27.2 - https:\/\/yoast.com\/product\/yoast-seo-wordpress\/ -->\n<title>Customer First - MIGNOW<\/title>\n<meta name=\"description\" content=\"Colocar o cliente em primeiro lugar e proporcionar uma experi\u00eancia \u00fanica de tecnologia s\u00e3o pilares do mindset MIGNOW.\" \/>\n<meta name=\"robots\" content=\"index, follow, max-snippet:-1, max-image-preview:large, max-video-preview:-1\" \/>\n<link rel=\"canonical\" href=\"https:\/\/mig-now.com\/en\/customer-first\/\" \/>\n<meta property=\"og:locale\" content=\"en_US\" \/>\n<meta property=\"og:type\" content=\"article\" \/>\n<meta property=\"og:title\" content=\"Customer First - MIGNOW\" \/>\n<meta property=\"og:description\" content=\"Colocar o cliente em primeiro lugar e proporcionar uma experi\u00eancia \u00fanica de tecnologia s\u00e3o pilares do mindset MIGNOW.\" \/>\n<meta property=\"og:url\" content=\"https:\/\/mig-now.com\/en\/customer-first\/\" \/>\n<meta property=\"og:site_name\" content=\"MIGNOW\" \/>\n<meta property=\"article:publisher\" content=\"https:\/\/www.facebook.com\/MIGNOW-115950623606393\" \/>\n<meta property=\"article:modified_time\" content=\"2022-03-24T22:41:58+00:00\" \/>\n<meta property=\"og:image\" content=\"https:\/\/mig-now.com\/wp-content\/uploads\/share.png\" \/>\n\t<meta property=\"og:image:width\" content=\"1200\" \/>\n\t<meta property=\"og:image:height\" content=\"628\" \/>\n\t<meta property=\"og:image:type\" content=\"image\/png\" \/>\n<meta name=\"twitter:card\" content=\"summary_large_image\" \/>\n<script type=\"application\/ld+json\" class=\"yoast-schema-graph\">{\"@context\":\"https:\/\/schema.org\",\"@graph\":[{\"@type\":\"WebPage\",\"@id\":\"https:\/\/mig-now.com\/customer-first\/\",\"url\":\"https:\/\/mig-now.com\/customer-first\/\",\"name\":\"Customer First - MIGNOW\",\"isPartOf\":{\"@id\":\"https:\/\/mig-now.com\/#website\"},\"datePublished\":\"2021-01-13T18:31:45+00:00\",\"dateModified\":\"2022-03-24T22:41:58+00:00\",\"description\":\"Colocar o cliente em primeiro lugar e proporcionar uma experi\u00eancia \u00fanica de tecnologia s\u00e3o pilares do mindset MIGNOW.\",\"breadcrumb\":{\"@id\":\"https:\/\/mig-now.com\/customer-first\/#breadcrumb\"},\"inLanguage\":\"en-US\",\"potentialAction\":[{\"@type\":\"ReadAction\",\"target\":[\"https:\/\/mig-now.com\/customer-first\/\"]}]},{\"@type\":\"BreadcrumbList\",\"@id\":\"https:\/\/mig-now.com\/customer-first\/#breadcrumb\",\"itemListElement\":[{\"@type\":\"ListItem\",\"position\":1,\"name\":\"In\u00edcio\",\"item\":\"https:\/\/mig-now.com\/\"},{\"@type\":\"ListItem\",\"position\":2,\"name\":\"Customer First\"}]},{\"@type\":\"WebSite\",\"@id\":\"https:\/\/mig-now.com\/#website\",\"url\":\"https:\/\/mig-now.com\/\",\"name\":\"MIGNOW\",\"description\":\"Convers\u00e3o automatizada do SAP ECC para o SAP S\/4HANA.\",\"publisher\":{\"@id\":\"https:\/\/mig-now.com\/#organization\"},\"potentialAction\":[{\"@type\":\"SearchAction\",\"target\":{\"@type\":\"EntryPoint\",\"urlTemplate\":\"https:\/\/mig-now.com\/?s={search_term_string}\"},\"query-input\":{\"@type\":\"PropertyValueSpecification\",\"valueRequired\":true,\"valueName\":\"search_term_string\"}}],\"inLanguage\":\"en-US\"},{\"@type\":\"Organization\",\"@id\":\"https:\/\/mig-now.com\/#organization\",\"name\":\"mignow\",\"url\":\"https:\/\/mig-now.com\/\",\"logo\":{\"@type\":\"ImageObject\",\"inLanguage\":\"en-US\",\"@id\":\"https:\/\/mig-now.com\/#\/schema\/logo\/image\/\",\"url\":\"https:\/\/mig-now.com\/wp-content\/uploads\/Mignow-03.png\",\"contentUrl\":\"https:\/\/mig-now.com\/wp-content\/uploads\/Mignow-03.png\",\"width\":4728,\"height\":1646,\"caption\":\"mignow\"},\"image\":{\"@id\":\"https:\/\/mig-now.com\/#\/schema\/logo\/image\/\"},\"sameAs\":[\"https:\/\/www.facebook.com\/MIGNOW-115950623606393\",\"https:\/\/www.instagram.com\/mig_now\/\",\"https:\/\/www.linkedin.com\/company\/65868910\/admin\/\",\"https:\/\/www.youtube.com\/channel\/UCh1QRa8dGxBPnqIoy6NReeA\"]}]}<\/script>\n<!-- \/ Yoast SEO plugin. -->","yoast_head_json":{"title":"Customer First - MIGNOW","description":"Putting the customer first and providing a unique technology experience are pillars of the MIGNOW mindset.","robots":{"index":"index","follow":"follow","max-snippet":"max-snippet:-1","max-image-preview":"max-image-preview:large","max-video-preview":"max-video-preview:-1"},"canonical":"https:\/\/mig-now.com\/en\/customer-first\/","og_locale":"en_US","og_type":"article","og_title":"Customer First - MIGNOW","og_description":"Colocar o cliente em primeiro lugar e proporcionar uma experi\u00eancia \u00fanica de tecnologia s\u00e3o pilares do mindset MIGNOW.","og_url":"https:\/\/mig-now.com\/en\/customer-first\/","og_site_name":"MIGNOW","article_publisher":"https:\/\/www.facebook.com\/MIGNOW-115950623606393","article_modified_time":"2022-03-24T22:41:58+00:00","og_image":[{"width":1200,"height":628,"url":"https:\/\/mig-now.com\/wp-content\/uploads\/share.png","type":"image\/png"}],"twitter_card":"summary_large_image","schema":{"@context":"https:\/\/schema.org","@graph":[{"@type":"WebPage","@id":"https:\/\/mig-now.com\/customer-first\/","url":"https:\/\/mig-now.com\/customer-first\/","name":"Customer First - MIGNOW","isPartOf":{"@id":"https:\/\/mig-now.com\/#website"},"datePublished":"2021-01-13T18:31:45+00:00","dateModified":"2022-03-24T22:41:58+00:00","description":"Putting the customer first and providing a unique technology experience are pillars of the MIGNOW mindset.","breadcrumb":{"@id":"https:\/\/mig-now.com\/customer-first\/#breadcrumb"},"inLanguage":"en-US","potentialAction":[{"@type":"ReadAction","target":["https:\/\/mig-now.com\/customer-first\/"]}]},{"@type":"BreadcrumbList","@id":"https:\/\/mig-now.com\/customer-first\/#breadcrumb","itemListElement":[{"@type":"ListItem","position":1,"name":"In\u00edcio","item":"https:\/\/mig-now.com\/"},{"@type":"ListItem","position":2,"name":"Customer First"}]},{"@type":"WebSite","@id":"https:\/\/mig-now.com\/#website","url":"https:\/\/mig-now.com\/","name":"MIGNOW","description":"Automated conversion from SAP ECC to SAP S\/4HANA.","publisher":{"@id":"https:\/\/mig-now.com\/#organization"},"potentialAction":[{"@type":"SearchAction","target":{"@type":"EntryPoint","urlTemplate":"https:\/\/mig-now.com\/?s={search_term_string}"},"query-input":{"@type":"PropertyValueSpecification","valueRequired":true,"valueName":"search_term_string"}}],"inLanguage":"en-US"},{"@type":"Organization","@id":"https:\/\/mig-now.com\/#organization","name":"mignow","url":"https:\/\/mig-now.com\/","logo":{"@type":"ImageObject","inLanguage":"en-US","@id":"https:\/\/mig-now.com\/#\/schema\/logo\/image\/","url":"https:\/\/mig-now.com\/wp-content\/uploads\/Mignow-03.png","contentUrl":"https:\/\/mig-now.com\/wp-content\/uploads\/Mignow-03.png","width":4728,"height":1646,"caption":"mignow"},"image":{"@id":"https:\/\/mig-now.com\/#\/schema\/logo\/image\/"},"sameAs":["https:\/\/www.facebook.com\/MIGNOW-115950623606393","https:\/\/www.instagram.com\/mig_now\/","https:\/\/www.linkedin.com\/company\/65868910\/admin\/","https:\/\/www.youtube.com\/channel\/UCh1QRa8dGxBPnqIoy6NReeA"]}]}},"_links":{"self":[{"href":"https:\/\/mig-now.com\/en\/wp-json\/wp\/v2\/pages\/27","targetHints":{"allow":["GET"]}}],"collection":[{"href":"https:\/\/mig-now.com\/en\/wp-json\/wp\/v2\/pages"}],"about":[{"href":"https:\/\/mig-now.com\/en\/wp-json\/wp\/v2\/types\/page"}],"author":[{"embeddable":true,"href":"https:\/\/mig-now.com\/en\/wp-json\/wp\/v2\/users\/20"}],"replies":[{"embeddable":true,"href":"https:\/\/mig-now.com\/en\/wp-json\/wp\/v2\/comments?post=27"}],"version-history":[{"count":0,"href":"https:\/\/mig-now.com\/en\/wp-json\/wp\/v2\/pages\/27\/revisions"}],"wp:attachment":[{"href":"https:\/\/mig-now.com\/en\/wp-json\/wp\/v2\/media?parent=27"}],"curies":[{"name":"wp","href":"https:\/\/api.w.org\/{rel}","templated":true}]}}