{"id":32,"date":"2021-01-13T16:32:14","date_gmt":"2021-01-13T18:32:14","guid":{"rendered":"https:\/\/mig-now.com\/?page_id=32"},"modified":"2024-06-11T11:04:39","modified_gmt":"2024-06-11T14:04:39","slug":"planos","status":"publish","type":"page","link":"https:\/\/mig-now.com\/en\/plans\/","title":{"rendered":"Plans"},"content":{"rendered":"<section class=\"dd-o-carousel dd-o-carousel-full\">\n  <div class=\"dd-o-carousel__wrapper\">\n    <div class=\"dd-o-carousel-full__item\">\n      <figure class=\"dd-o-carousel-full__item__figure\">\n                  <picture>\n            <source media=\"(min-width: 768px)\" srcset=\"https:\/\/mig-now.com\/wp-content\/uploads\/banner_plano-1.png\">\n            <img decoding=\"async\" fetchpriority=\"high\" src=\"https:\/\/mig-now.com\/wp-content\/uploads\/Banner_planos_mobile-copiar.png\" alt=\"\">\n          <\/picture>\n            \n        <figcaption class=\"dd-o-carousel-full__item__caption\">\n          \n          <h1 class=\"dd-o-carousel-full__item__caption__title translation-block\">Pre-established pricing<br>\nvalidated through<br>\nMIG PRECHECK<\/h1>\n          \n                  <\/figcaption>\n      <\/figure>\n    <\/div>\n  <\/div>\n\n  <i class=\"icon-mouse\" data-aos=\"fade-up\" data-offset=\"0\" data-aos-anchor-placement=\"bottom-bottom\"><\/i>\n<\/section>\n\n\n  <section class=\"dd-o-modal dd-o-modal-form\" data-modal=\"modalForm\">\n<div class=\"dd-o-modal__backdrop\" data-toggle=\"modalLogin\"><\/div>\n  <div class=\"dd-o-modal__wrapper\">\n    <button class=\"dd-o-modal__close\" data-toggle=\"modalForm\">\n      <i class=\"icon-close\"><\/i>\n    <\/button>\n\n    <div class=\"dd-o-modal__wrapper__content\">\n              <script>\n          hbspt.forms.create({\n            region: \"na1\",\n            portalId: \"19942753\",\n            formId: \"07a9b2b2-506f-4f4c-92cd-b1f2aa97ed84\"\n          });\n        <\/script>\n          <\/div>\n  <\/div>\n<\/section>\n\n<section class=\"dd-o-section dd-o-table-prices\">\n  <div class=\"dd-o-section__wrapper\">\n    <header class=\"dd-o-section__header\" data-aos=\"fade-up\"\n     data-aos-delay=\"200\">\n      <h2 class=\"dd-o-section__header__subtitle\">.01 PRICE TABLE<\/h2>\n    <\/header>\n    \n          <ul class=\"dd-o-table-prices__list\">\n                  <li>\n            \n<div class=\"dd-m-card-plan dd-error-false\">\n    <div class=\"dd-m-card-plan__header\">\n        <h5 class=\"dd-m-card-plan__header__title\">Plan 1<\/h5>\n        <strong class=\"dd-m-card-plan__header__price\">\n            <p>USD 5,000<\/p>\n        <\/strong>\n        <button class=\"dd-a-button dd-a-button--filled dd-a-button--sm dd-a-button--light\" data-toggle=\"modalForm\"\n                id=\"Plano 1\"\n                data-plan=\"Plano 1\">Talk to a MIGNOW expert\n        <\/button>\n    <\/div>\n    <ol class=\"dd-m-card-plan__list\">\n                    <li>\n                I AM            <\/li>\n                    <li>\n                Activation Fiori up to 20 Apps            <\/li>\n                    <li>\n                Duration up to 6 weeks            <\/li>\n                    <li>\n                1 upgrade per year            <\/li>\n            <\/ol>\n    <\/div>\n          <\/li>\n                  <li>\n            \n<div class=\"dd-m-card-plan dd-error-false\">\n    <div class=\"dd-m-card-plan__header\">\n        <h5 class=\"dd-m-card-plan__header__title\">Plan 2<\/h5>\n        <strong class=\"dd-m-card-plan__header__price\">\n            <p>USD 7,500<\/p>\n        <\/strong>\n        <button class=\"dd-a-button dd-a-button--filled dd-a-button--sm dd-a-button--light\" data-toggle=\"modalForm\"\n                id=\"Plano 2\"\n                data-plan=\"Plano 2\">Talk to a MIGNOW expert\n        <\/button>\n    <\/div>\n    <ol class=\"dd-m-card-plan__list\">\n                    <li>\n                FI, CO + 2 Modules            <\/li>\n                    <li>\n                Fiori activation up to 30 Apps            <\/li>\n                    <li>\n                Duration up to 8 to 10 weeks            <\/li>\n                    <li>\n                1 upgrade per year            <\/li>\n            <\/ol>\n    <\/div>\n          <\/li>\n                  <li>\n            \n<div class=\"dd-m-card-plan dd-error-false\">\n    <div class=\"dd-m-card-plan__header\">\n        <h5 class=\"dd-m-card-plan__header__title\">Plan 3<\/h5>\n        <strong class=\"dd-m-card-plan__header__price\">\n            <p>USD 9,000<\/p>\n        <\/strong>\n        <button class=\"dd-a-button dd-a-button--filled dd-a-button--sm dd-a-button--light\" data-toggle=\"modalForm\"\n                id=\"Plano 3\"\n                data-plan=\"Plano 3\">Talk to a MIGNOW expert\n        <\/button>\n    <\/div>\n    <ol class=\"dd-m-card-plan__list\">\n                    <li>\n                FI, CO + 4 Modules            <\/li>\n                    <li>\n                Fiori activation up to 40 Apps            <\/li>\n                    <li>\n                Duration up to 10 to 12 weeks            <\/li>\n                    <li>\n                1 upgrade per year            <\/li>\n            <\/ol>\n    <\/div>\n          <\/li>\n                  <li>\n            \n<div class=\"dd-m-card-plan dd-error-false\">\n    <div class=\"dd-m-card-plan__header\">\n        <h5 class=\"dd-m-card-plan__header__title\">Plan 4<\/h5>\n        <strong class=\"dd-m-card-plan__header__price\">\n            <p>USD 11,000<\/p>\n        <\/strong>\n        <button class=\"dd-a-button dd-a-button--filled dd-a-button--sm dd-a-button--light\" data-toggle=\"modalForm\"\n                id=\"Plano 4\"\n                data-plan=\"Plano 4\">Talk to a MIGNOW expert\n        <\/button>\n    <\/div>\n    <ol class=\"dd-m-card-plan__list\">\n                    <li>\n                FI, CO + 6 Modules            <\/li>\n                    <li>\n                Fiori activation up to 50 Apps            <\/li>\n                    <li>\n                Duration up to 12 to 16 weeks            <\/li>\n                    <li>\n                1 upgrade per year            <\/li>\n            <\/ol>\n    <\/div>\n          <\/li>\n                  <li>\n            \n<div class=\"dd-m-card-plan dd-error-false\">\n    <div class=\"dd-m-card-plan__header\">\n        <h5 class=\"dd-m-card-plan__header__title\">Additional<\/h5>\n        <strong class=\"dd-m-card-plan__header__price\">\n            <p><strong>TBD<\/strong><\/p>\n        <\/strong>\n        <button class=\"dd-a-button dd-a-button--filled dd-a-button--sm dd-a-button--light\" data-toggle=\"modalForm\"\n                id=\"Adicional\"\n                data-plan=\"Adicional\">Talk to a MIGNOW expert\n        <\/button>\n    <\/div>\n    <ol class=\"dd-m-card-plan__list\">\n                    <li>\n                Any module            <\/li>\n                    <li>\n                Custom objects            <\/li>\n                    <li>\n                Activation Fiori over 50 Apps            <\/li>\n                    <li>\n                Additional weeks            <\/li>\n            <\/ol>\n    <\/div>\n          <\/li>\n              <\/ul>\n      <\/div>\n\n    <div class=\"dd-o-table-prices__infos\">\n    <p>Monthly values<\/p>\n<p>Initial 3-Year Contract<\/p>\n  <\/div>\n  <\/section>\n\n\n  <section class=\"dd-o-section dd-m-cta-box\">\n  <a href=\"https:\/\/mig-now.com\/en\/contact\/\" target=\"_self\" class=\"dd-m-cta-box__wrapper\">\n    <i class=\"dd-m-cta-box__icon icon-calc\"><\/i>\n    <h5 class=\"dd-m-cta-box__title\">Do you want to calculate your project&#039;s TCO? We help you.<\/h5>\n    <span class=\"dd-a-button dd-a-button--sm dd-a-button--outlined dd-a-button-dark\">\n      <span>More info<\/span> \n      <i class=\"icon-longarrow-right\"><\/i>\n    <\/span>\n  <\/a>\n<\/section>","protected":false},"excerpt":{"rendered":"","protected":false},"author":20,"featured_media":0,"parent":0,"menu_order":0,"comment_status":"closed","ping_status":"closed","template":"","meta":{"_acf_changed":false,"footnotes":""},"class_list":["post-32","page","type-page","status-publish","hentry"],"acf":[],"yoast_head":"<!-- This site is optimized with the Yoast SEO plugin v27.3 - https:\/\/yoast.com\/product\/yoast-seo-wordpress\/ -->\n<title>Planos - MIGNOW<\/title>\n<meta name=\"description\" content=\"Conhe\u00e7a os Planos MIGNOW. Pre\u00e7os pr\u00e9-estabelecidos e validados atrav\u00e9s do MIG PRECHECK.\" \/>\n<meta name=\"robots\" content=\"index, follow, max-snippet:-1, max-image-preview:large, max-video-preview:-1\" \/>\n<link rel=\"canonical\" href=\"https:\/\/mig-now.com\/en\/plans\/\" \/>\n<meta property=\"og:locale\" content=\"en_US\" \/>\n<meta property=\"og:type\" content=\"article\" \/>\n<meta property=\"og:title\" content=\"Planos - MIGNOW\" \/>\n<meta property=\"og:description\" content=\"Conhe\u00e7a os Planos MIGNOW. Pre\u00e7os pr\u00e9-estabelecidos e validados atrav\u00e9s do MIG PRECHECK.\" \/>\n<meta property=\"og:url\" content=\"https:\/\/mig-now.com\/en\/plans\/\" \/>\n<meta property=\"og:site_name\" content=\"MIGNOW\" \/>\n<meta property=\"article:publisher\" content=\"https:\/\/www.facebook.com\/MIGNOW-115950623606393\" \/>\n<meta property=\"article:modified_time\" content=\"2024-06-11T14:04:39+00:00\" \/>\n<meta property=\"og:image\" content=\"https:\/\/mig-now.com\/wp-content\/uploads\/share.png\" \/>\n\t<meta property=\"og:image:width\" content=\"1200\" \/>\n\t<meta property=\"og:image:height\" content=\"628\" \/>\n\t<meta property=\"og:image:type\" content=\"image\/png\" \/>\n<meta name=\"twitter:card\" content=\"summary_large_image\" \/>\n<script type=\"application\/ld+json\" class=\"yoast-schema-graph\">{\"@context\":\"https:\\\/\\\/schema.org\",\"@graph\":[{\"@type\":\"WebPage\",\"@id\":\"https:\\\/\\\/mig-now.com\\\/planos\\\/\",\"url\":\"https:\\\/\\\/mig-now.com\\\/planos\\\/\",\"name\":\"Planos - MIGNOW\",\"isPartOf\":{\"@id\":\"https:\\\/\\\/mig-now.com\\\/#website\"},\"datePublished\":\"2021-01-13T18:32:14+00:00\",\"dateModified\":\"2024-06-11T14:04:39+00:00\",\"description\":\"Conhe\u00e7a os Planos MIGNOW. Pre\u00e7os pr\u00e9-estabelecidos e validados atrav\u00e9s do MIG PRECHECK.\",\"breadcrumb\":{\"@id\":\"https:\\\/\\\/mig-now.com\\\/planos\\\/#breadcrumb\"},\"inLanguage\":\"en-US\",\"potentialAction\":[{\"@type\":\"ReadAction\",\"target\":[\"https:\\\/\\\/mig-now.com\\\/planos\\\/\"]}]},{\"@type\":\"BreadcrumbList\",\"@id\":\"https:\\\/\\\/mig-now.com\\\/planos\\\/#breadcrumb\",\"itemListElement\":[{\"@type\":\"ListItem\",\"position\":1,\"name\":\"In\u00edcio\",\"item\":\"https:\\\/\\\/mig-now.com\\\/\"},{\"@type\":\"ListItem\",\"position\":2,\"name\":\"Planos\"}]},{\"@type\":\"WebSite\",\"@id\":\"https:\\\/\\\/mig-now.com\\\/#website\",\"url\":\"https:\\\/\\\/mig-now.com\\\/\",\"name\":\"MIGNOW\",\"description\":\"Convers\u00e3o automatizada do SAP ECC para o SAP S\\\/4HANA.\",\"publisher\":{\"@id\":\"https:\\\/\\\/mig-now.com\\\/#organization\"},\"potentialAction\":[{\"@type\":\"SearchAction\",\"target\":{\"@type\":\"EntryPoint\",\"urlTemplate\":\"https:\\\/\\\/mig-now.com\\\/?s={search_term_string}\"},\"query-input\":{\"@type\":\"PropertyValueSpecification\",\"valueRequired\":true,\"valueName\":\"search_term_string\"}}],\"inLanguage\":\"en-US\"},{\"@type\":\"Organization\",\"@id\":\"https:\\\/\\\/mig-now.com\\\/#organization\",\"name\":\"mignow\",\"url\":\"https:\\\/\\\/mig-now.com\\\/\",\"logo\":{\"@type\":\"ImageObject\",\"inLanguage\":\"en-US\",\"@id\":\"https:\\\/\\\/mig-now.com\\\/#\\\/schema\\\/logo\\\/image\\\/\",\"url\":\"https:\\\/\\\/mig-now.com\\\/wp-content\\\/uploads\\\/Mignow-03.png\",\"contentUrl\":\"https:\\\/\\\/mig-now.com\\\/wp-content\\\/uploads\\\/Mignow-03.png\",\"width\":4728,\"height\":1646,\"caption\":\"mignow\"},\"image\":{\"@id\":\"https:\\\/\\\/mig-now.com\\\/#\\\/schema\\\/logo\\\/image\\\/\"},\"sameAs\":[\"https:\\\/\\\/www.facebook.com\\\/MIGNOW-115950623606393\",\"https:\\\/\\\/www.instagram.com\\\/mig_now\\\/\",\"https:\\\/\\\/www.linkedin.com\\\/company\\\/65868910\\\/admin\\\/\",\"https:\\\/\\\/www.youtube.com\\\/channel\\\/UCh1QRa8dGxBPnqIoy6NReeA\"]}]}<\/script>\n<!-- \/ Yoast SEO plugin. -->","yoast_head_json":{"title":"Plans - MIGNOW","description":"Discover the MIGNOW Plans. Prices pre-established and validated through MIG PRECHECK.","robots":{"index":"index","follow":"follow","max-snippet":"max-snippet:-1","max-image-preview":"max-image-preview:large","max-video-preview":"max-video-preview:-1"},"canonical":"https:\/\/mig-now.com\/en\/plans\/","og_locale":"en_US","og_type":"article","og_title":"Planos - MIGNOW","og_description":"Conhe\u00e7a os Planos MIGNOW. Pre\u00e7os pr\u00e9-estabelecidos e validados atrav\u00e9s do MIG PRECHECK.","og_url":"https:\/\/mig-now.com\/en\/plans\/","og_site_name":"MIGNOW","article_publisher":"https:\/\/www.facebook.com\/MIGNOW-115950623606393","article_modified_time":"2024-06-11T14:04:39+00:00","og_image":[{"width":1200,"height":628,"url":"https:\/\/mig-now.com\/wp-content\/uploads\/share.png","type":"image\/png"}],"twitter_card":"summary_large_image","schema":{"@context":"https:\/\/schema.org","@graph":[{"@type":"WebPage","@id":"https:\/\/mig-now.com\/planos\/","url":"https:\/\/mig-now.com\/planos\/","name":"Plans - MIGNOW","isPartOf":{"@id":"https:\/\/mig-now.com\/#website"},"datePublished":"2021-01-13T18:32:14+00:00","dateModified":"2024-06-11T14:04:39+00:00","description":"Discover the MIGNOW Plans. Prices pre-established and validated through MIG PRECHECK.","breadcrumb":{"@id":"https:\/\/mig-now.com\/planos\/#breadcrumb"},"inLanguage":"en-US","potentialAction":[{"@type":"ReadAction","target":["https:\/\/mig-now.com\/planos\/"]}]},{"@type":"BreadcrumbList","@id":"https:\/\/mig-now.com\/planos\/#breadcrumb","itemListElement":[{"@type":"ListItem","position":1,"name":"In\u00edcio","item":"https:\/\/mig-now.com\/"},{"@type":"ListItem","position":2,"name":"Planos"}]},{"@type":"WebSite","@id":"https:\/\/mig-now.com\/#website","url":"https:\/\/mig-now.com\/","name":"MIGNOW","description":"Automated conversion from SAP ECC to SAP S\/4HANA.","publisher":{"@id":"https:\/\/mig-now.com\/#organization"},"potentialAction":[{"@type":"SearchAction","target":{"@type":"EntryPoint","urlTemplate":"https:\/\/mig-now.com\/?s={search_term_string}"},"query-input":{"@type":"PropertyValueSpecification","valueRequired":true,"valueName":"search_term_string"}}],"inLanguage":"en-US"},{"@type":"Organization","@id":"https:\/\/mig-now.com\/#organization","name":"mignow","url":"https:\/\/mig-now.com\/","logo":{"@type":"ImageObject","inLanguage":"en-US","@id":"https:\/\/mig-now.com\/#\/schema\/logo\/image\/","url":"https:\/\/mig-now.com\/wp-content\/uploads\/Mignow-03.png","contentUrl":"https:\/\/mig-now.com\/wp-content\/uploads\/Mignow-03.png","width":4728,"height":1646,"caption":"mignow"},"image":{"@id":"https:\/\/mig-now.com\/#\/schema\/logo\/image\/"},"sameAs":["https:\/\/www.facebook.com\/MIGNOW-115950623606393","https:\/\/www.instagram.com\/mig_now\/","https:\/\/www.linkedin.com\/company\/65868910\/admin\/","https:\/\/www.youtube.com\/channel\/UCh1QRa8dGxBPnqIoy6NReeA"]}]}},"_links":{"self":[{"href":"https:\/\/mig-now.com\/en\/wp-json\/wp\/v2\/pages\/32","targetHints":{"allow":["GET"]}}],"collection":[{"href":"https:\/\/mig-now.com\/en\/wp-json\/wp\/v2\/pages"}],"about":[{"href":"https:\/\/mig-now.com\/en\/wp-json\/wp\/v2\/types\/page"}],"author":[{"embeddable":true,"href":"https:\/\/mig-now.com\/en\/wp-json\/wp\/v2\/users\/20"}],"replies":[{"embeddable":true,"href":"https:\/\/mig-now.com\/en\/wp-json\/wp\/v2\/comments?post=32"}],"version-history":[{"count":0,"href":"https:\/\/mig-now.com\/en\/wp-json\/wp\/v2\/pages\/32\/revisions"}],"wp:attachment":[{"href":"https:\/\/mig-now.com\/en\/wp-json\/wp\/v2\/media?parent=32"}],"curies":[{"name":"wp","href":"https:\/\/api.w.org\/{rel}","templated":true}]}}