{"id":3835,"date":"2021-04-27T18:28:18","date_gmt":"2021-04-27T21:28:18","guid":{"rendered":"https:\/\/mig-now.com\/lgpd-e-o-mignow-2\/"},"modified":"2023-08-25T13:05:06","modified_gmt":"2023-08-25T16:05:06","slug":"politica-de-cookies","status":"publish","type":"page","link":"https:\/\/mig-now.com\/en\/cookie-policy\/","title":{"rendered":"Cookies Policy"},"content":{"rendered":"<p>Our <strong>Cookies Policy<\/strong> is intended to inform you how we treat any personal data collected through <strong>Cookies<\/strong>, and provide instructions on how to configure the management of these cookies.&nbsp;<\/p>\n\n\n\n<p>Attention! This <strong>Politics <\/strong>should be read in conjunction with our <strong>Privacy Policy<\/strong>.&nbsp;<\/p>\n\n\n\n<p><strong>1. WHAT ARE COOKIES AND WHY DO WE USE THEM?<\/strong>&nbsp;<\/p>\n\n\n\n<p><strong><em>1.1 Definition and functionalities of cookies<\/em><\/strong>&nbsp;<\/p>\n\n\n\n<p>Cookies are files installed and\/or stored on a user's device that allow certain data and information to be collected for various purposes.&nbsp;&nbsp;<\/p>\n\n\n\n<p>Depending on the website visited and the service used, cookies are intended to enable the page or a specific function to work properly, without storing personal data.&nbsp;<\/p>\n\n\n\n<p>In addition, cookies can manage payments or allow the storage of information about your browsing history in your browser, content preferences, preferred language, the durability of your browsing on the pages and even make it possible to register. In these cases, information may be collected.&nbsp;<\/p>\n\n\n\n<p><strong><em>1.2 Our usage purposes<\/em><\/strong>&nbsp;<\/p>\n\n\n\n<p>Now that you have understood what cookies are and what they are used for, we want to explain objectively why we use them:&nbsp;<\/p>\n\n\n\n<ul class=\"wp-block-list\">\n<li>To maintain the operation of our platform and some necessary functionalities;&nbsp;<\/li>\n\n\n\n<li>To provide the best user experience for our users, making our applications easier and more personalized according to their location, language, etc;&nbsp;<\/li>\n\n\n\n<li>To provide more relevant ads according to your behavior on our site.&nbsp;<\/li>\n<\/ul>\n\n\n\n<p><strong>2.<\/strong> <strong>COOKIE CATEGORIES&nbsp;<\/strong>&nbsp;<\/p>\n\n\n\n<p>As we explained above, cookies can have various purposes.&nbsp;<\/p>\n\n\n\n<p>Below, we list the main types of cookies and their definitions:&nbsp;<\/p>\n\n\n\n<figure class=\"wp-block-table\"><table><tbody><tr><td colspan=\"2\"><strong>Types of Cookies<\/strong>&nbsp;<\/td><td><strong>Definitions<\/strong>&nbsp;<\/td><\/tr><tr><td rowspan=\"2\"><strong>Cookie ownership<\/strong>&nbsp;&nbsp;<\/td><td><em>FIRST-PARTY COOKIES<\/em>&nbsp;<\/td><td>Defined by us directly for our platform.  - This includes information such as login credentials, preferred language, etc.\u00a0<\/td><\/tr><tr><td><em>THIRD-PARTY COOKIES<\/em>&nbsp;<\/td><td>Created by a domain other than the one the owner is visiting.   - They derive from the functionalities of other pages incorporated into our platform, such as the display of advertisements and videos.\u00a0<\/td><\/tr><tr><td rowspan=\"2\"><strong>Need<\/strong>&nbsp;<\/td><td><em>NECESSARY COOKIES<\/em>&nbsp;<\/td><td>They allow users to browse our site.  - They do not store information that could be used to communicate our services.\u00a0<\/td><\/tr><tr><td><em>COOKIES NOT REQUIRED<\/em>&nbsp;<\/td><td>They relate to non-essential features of our platform.  - Used to track behavior, measure page performance and display ads, etc.\u00a0<\/td><\/tr><tr><td rowspan=\"2\"><strong>Storage period<\/strong>&nbsp;<\/td><td><em>&nbsp;SESSION AND TEMPORARY COOKIES<\/em>&nbsp;<\/td><td>Configured to collect and store information while the user is accessing a website.   - They are discarded after the session has ended, i.e. after the user closes the browser.   - They store information that is only relevant to the provision of a service requested by users or for a specific temporary purpose.  - Example: list of products in a shopping cart.\u00a0<\/td><\/tr><tr><td><em>PERSISTENT COOKIES<\/em>&nbsp;<\/td><td>- They store data for a period defined by the platform, which can last only while the user is browsing, or configured to store data for a longer time.  - When we use this type of cookie, your data will only be stored to fulfill the purpose for which it was collected.&nbsp;<\/td><\/tr><\/tbody><\/table><\/figure>\n\n\n\n<p><strong>3. COOKIES WE USE<\/strong>&nbsp;<\/p>\n\n\n\n<p><strong><em>3.1 Necessary cookies<\/em><\/strong>&nbsp;<\/p>\n\n\n\n<figure class=\"wp-block-table\"><table><tbody><tr><td><strong>Name\/Ownership<\/strong>&nbsp;<\/td><td><strong>Purpose<\/strong>&nbsp;<\/td><td><strong>Duration<\/strong>&nbsp;<\/td><\/tr><tr><td><strong><em>_GRECAPTCHA \/ GOOGLE<\/em><\/strong>&nbsp;<\/td><td>Cookie used to identify bots to protect the site against malicious spam attacks.&nbsp;<\/td><td>6 months&nbsp;<\/td><\/tr><\/tbody><\/table><\/figure>\n\n\n\n<p><strong><em>3.2 Cookies not required&nbsp;<\/em><\/strong>&nbsp;<\/p>\n\n\n\n<p><strong><em>3.2.1 Functional<\/em><\/strong>&nbsp;<\/p>\n\n\n\n<figure class=\"wp-block-table\"><table><tbody><tr><td><strong>Name\/Ownership<\/strong>&nbsp;<\/td><td><strong>Purpose<\/strong>&nbsp;<\/td><td><strong>Duration<\/strong>&nbsp;<\/td><\/tr><tr><td><strong><em>__CF_BM (.VIMEO.COM)<\/em><\/strong>&nbsp;<strong><\/strong>&nbsp;<\/td><td>It is used to manage and collect tracking information, defining a unique ID for embedding videos on the site.&nbsp;<\/td><td>30 minutes&nbsp;<\/td><\/tr><tr><td><strong><em>TESTE_COOKIE \/&nbsp;<\/em><\/strong>&nbsp;<strong><em>.DOUBLECLICK.NET<\/em><\/strong>&nbsp;<strong><em><\/em><\/strong>&nbsp;<\/td><td>Used to determine whether the user's browser supports cookies.&nbsp;<\/td><td>15 minutes&nbsp;<\/td><\/tr><\/tbody><\/table><\/figure>\n\n\n\n<p><strong><em>3.2.2 Analytics<\/em><\/strong>&nbsp;<\/p>\n\n\n\n<figure class=\"wp-block-table\"><table><tbody><tr><td><strong>Name\/Ownership<\/strong>&nbsp;<\/td><td><strong>Purpose<\/strong>&nbsp;<\/td><td><strong>Duration<\/strong>&nbsp;<\/td><\/tr><tr><td><strong><em>_GA_*<\/em><\/strong><strong><em> \/ GOOGLE ANALYTICS<\/em><\/strong>&nbsp;<\/td><td>Used to store and count page views.&nbsp;<\/td><td>1 year and 4 months&nbsp;&nbsp;<\/td><\/tr><tr><td><strong><em>_GA <\/em><\/strong><strong><em>\/ GOOGLE ANALYTICS<\/em><\/strong>&nbsp;<strong><em><\/em><\/strong>&nbsp;<\/td><td>Used to calculate visitor, session and campaign data and track site usage for analytics reporting.&nbsp;<\/td><td>1 year and 4 months&nbsp;&nbsp;<\/td><\/tr><tr><td><strong><em>_GCL_AU \/&nbsp;<\/em><\/strong>&nbsp;<strong><em>.MIG-NOW.COM<\/em><\/strong>&nbsp;<strong><em><\/em><\/strong>&nbsp;<\/td><td>Used to test the advertising efficiency of sites that use our services.&nbsp;<\/td><td>3 months&nbsp;<\/td><\/tr><\/tbody><\/table><\/figure>\n\n\n\n<p><strong><em>3.3 Third-party cookies<\/em><\/strong>&nbsp;<\/p>\n\n\n\n<figure class=\"wp-block-table\"><table><tbody><tr><td><strong>Name\/Ownership<\/strong>&nbsp;<\/td><td><strong>Purpose<\/strong>&nbsp;<\/td><td><strong>Duration<\/strong>&nbsp;<\/td><\/tr><tr><td><strong><em>VISITOR_INFO1_LIVE\/ <\/em><\/strong><strong><em>YOUTUBE<\/em><\/strong>&nbsp;<strong><em><\/em><\/strong>&nbsp;<\/td><td>Used to measure user interaction with content.&nbsp;<\/td><td>6 months&nbsp;<\/td><\/tr><tr><td><strong><em>YSC \/ <\/em><\/strong><strong><em>YOUTUBE<\/em><\/strong>&nbsp;<\/td><td>Used to track and count the views of videos embedded in YouTube pages.&nbsp;<\/td><td>session&nbsp;<\/td><\/tr><tr><td><strong><em>YT-REMOTE-CONNECTED-DEVICES \/ <\/em><\/strong><strong><em>YOUTUBE<\/em><\/strong>&nbsp;<\/td><td>Used to store the user's video preferences.&nbsp;<\/td><td>session&nbsp;<\/td><\/tr><tr><td><strong><em>YT.INNERTUBE::NEXTID\/ <\/em><\/strong><strong><em>YOUTUBE<\/em><\/strong>&nbsp;<strong><em><\/em><\/strong>&nbsp;<\/td><td>&nbsp;Used to register a unique ID to store data on which YouTube videos the user has viewed.&nbsp;<\/td><td>session&nbsp;<\/td><\/tr><tr><td><strong><em>YT.INNERTUBE::REQUESTS\/ <\/em><\/strong><strong><em>YOUTUBE<\/em><\/strong>&nbsp;<strong><em><\/em><\/strong>&nbsp;<\/td><td>Used to register a unique ID to store data on which YouTube videos the user has viewed.&nbsp;<\/td><td>session&nbsp;<\/td><\/tr><tr><td><strong><em>YT-REMOTE-DEVICE-ID\/ <\/em><\/strong><strong><em>YOUTUBE<\/em><\/strong>&nbsp;<strong><em><\/em><\/strong>&nbsp;<\/td><td>Used to store the user's video preferences.&nbsp;<\/td><td>session&nbsp;<\/td><\/tr><tr><td><strong><em>CONSENT \/ <\/em><\/strong><strong><em>YOUTUBE<\/em><\/strong>&nbsp;<strong><em><\/em><\/strong>&nbsp;<\/td><td>Used to record anonymous statistical data.&nbsp;<\/td><td>2 years&nbsp;&nbsp;<\/td><\/tr><\/tbody><\/table><\/figure>\n\n\n\n<p>It is important for you to know that these third parties may collect and use browsing data for their own purposes, so if you want to know how your data and information will be used, go to the third party's Privacy Policy.&nbsp;<\/p>\n\n\n\n<p>You can disable these cookies by following the steps in the next section.&nbsp;<\/p>\n\n\n\n<p><strong>4. MANAGING AND DELETING COOKIES<\/strong>&nbsp;<\/p>\n\n\n\n<p>You can visit our website freely without activating the use of <strong>cookies not required<\/strong>, however, we would just like to point out that, in this case, you may not be able to make full use of all the features of our platform.&nbsp;<\/p>\n\n\n\n<p>Please note that you can change permissions, block or refuse <strong>Cookies <\/strong>\u2013 <em>which are based exclusively on your consent<\/em> - in your browser via the options available in the <strong>cookie banner<\/strong>with the exception of the strictly <strong>necessary<\/strong>.&nbsp;<\/p>\n\n\n\n<p>But it is important that you know that by authorizing these cookies, you are helping us to get to know you and understand you better. <strong>After all, our goal will always be to provide you with a unique experience!<\/strong>&nbsp;<\/p>\n\n\n\n<p>If cookies were installed when you entered our website and you subsequently choose to deactivate them, please note that:&nbsp;<\/p>\n\n\n\n<p><strong>You can also delete cookies that have already been installed via your browser settings!<\/strong>&nbsp;<\/p>\n\n\n\n<p>Below, we explain how this happens depending on the browser used:&nbsp;<\/p>\n\n\n\n<figure class=\"wp-block-table\"><table><tbody><tr><td><strong>Browser<\/strong>&nbsp;<\/td><td><strong>Related links<\/strong>&nbsp;<\/td><\/tr><tr><td><strong><em>Internet Explorer<\/em><\/strong>&nbsp;<\/td><td><a href=\"https:\/\/support.microsoft.com\/pt-br\/help\/17442\/windows-internet-explorer-delete-manage-cookies\" target=\"_blank\" rel=\"noreferrer noopener\">https:\/\/support.microsoft.com\/pt-br\/help\/17442\/windows-internet-explorer-delete-manage-cookies<\/a>&nbsp;&nbsp;<\/td><\/tr><tr><td><strong><em>Firefox<\/em><\/strong>&nbsp;<\/td><td><a href=\"https:\/\/support.mozilla.org\/pt-BR\/kb\/gerencie-configuracoes-de-armazenamento-local-de-s\" target=\"_blank\" rel=\"noreferrer noopener\">https:\/\/support.mozilla.org\/pt-BR\/kb\/gerencie-configuracoes-de-armazenamento-local-de-s<\/a>&nbsp;&nbsp;<\/td><\/tr><tr><td><strong><em>Safari<\/em><\/strong>&nbsp;<\/td><td><a href=\"https:\/\/support.apple.com\/pt-br\/guide\/safari\/sfri11471\/mac\" target=\"_blank\" rel=\"noreferrer noopener\">https:\/\/support.apple.com\/pt-br\/guide\/safari\/sfri11471\/mac<\/a>&nbsp;<\/td><\/tr><tr><td><strong><em>Google Chrome<\/em><\/strong>&nbsp;<\/td><td><a href=\"https:\/\/support.google.com\/chrome\/answer\/95647?co=GENIE.Platform%3DDesktop&amp;oco=1&amp;hl=pt-BR\" target=\"_blank\" rel=\"noreferrer noopener\">https:\/\/support.google.com\/chrome\/answer\/95647?co=GENIE.Platform%3DDesktop&amp;oco=1&amp;hl=pt-BR<\/a>&nbsp;<\/td><\/tr><tr><td><strong><em>Microsoft Edge<\/em><\/strong>&nbsp;<\/td><td><a href=\"https:\/\/support.microsoft.com\/pt-br\/help\/4027947\/microsoft-edge-delete-cookies\" target=\"_blank\" rel=\"noreferrer noopener\">https:\/\/support.microsoft.com\/pt-br\/help\/4027947\/microsoft-edge-delete-cookies<\/a>&nbsp;<\/td><\/tr><tr><td><strong><em>Opera<\/em><\/strong>&nbsp;<\/td><td><a href=\"https:\/\/help.opera.com\/en\/latest\/web-preferences\/#cookies\" target=\"_blank\" rel=\"noreferrer noopener\">https:\/\/help.opera.com\/en\/latest\/web-preferences\/#cookies<\/a>&nbsp;<\/td><\/tr><\/tbody><\/table><\/figure>\n\n\n\n<p><strong>5. FINAL NOTICES<\/strong>&nbsp;<\/p>\n\n\n\n<p>We reiterate that this site is intended for users who are interested in our services or products.&nbsp;&nbsp;<\/p>\n\n\n\n<p>And what does that mean?&nbsp;&nbsp;<\/p>\n\n\n\n<p><strong>It is your full responsibility, as a user and\/or customer, to read, understand and accept the contents of this document before registering for any of the resources available on our site.<\/strong>&nbsp;<\/p>\n\n\n\n<p>We recommend that you consult our Policies <strong>regularly<\/strong> to check that you still agree to its terms before proceeding with browsing, registering or subscribing to any resource.&nbsp;<\/p>\n\n\n\n<p>If you still have questions about this, even after reading this Policy and our Privacy Policy, please contact our <strong>Data Protection Officer (DPO)<\/strong>by e-mail:&lt;<a href=\"mailto:privacidade@mig-now.com\" target=\"_blank\" rel=\"noreferrer noopener\">privacidade@mig-now.com<\/a>&gt;.&nbsp;&nbsp;<\/p>\n\n\n\n<p><strong><em>Last updated: August 2023.<\/em><\/strong>&nbsp;<\/p>\n\n\n\n<p><\/p>","protected":false},"excerpt":{"rendered":"<p>A nossa Pol\u00edtica de Cookies tem como objetivo informar como tratamos os dados pessoais eventualmente coletados por meio de cookies, bem como disponibilizar instru\u00e7\u00f5es sobre a configura\u00e7\u00e3o de gest\u00e3o destes cookies.&nbsp; Aten\u00e7\u00e3o! Essa Pol\u00edtica deve ser lida em conjunto com a nossa Pol\u00edtica de Privacidade.&nbsp; 1. O QUE S\u00c3O COOKIES E POR QUE UTILIZAMOS?&nbsp; 1.1. [&hellip;]<\/p>\n","protected":false},"author":20,"featured_media":0,"parent":0,"menu_order":0,"comment_status":"closed","ping_status":"closed","template":"template-institucional.php","meta":{"_acf_changed":false,"footnotes":""},"class_list":["post-3835","page","type-page","status-publish","hentry"],"acf":[],"yoast_head":"<!-- This site is optimized with the Yoast SEO plugin v27.3 - https:\/\/yoast.com\/product\/yoast-seo-wordpress\/ -->\n<title>Pol\u00edtica de Cookies - MIGNOW<\/title>\n<meta name=\"robots\" content=\"index, follow, max-snippet:-1, max-image-preview:large, max-video-preview:-1\" \/>\n<link rel=\"canonical\" href=\"https:\/\/mig-now.com\/en\/cookie-policy\/\" \/>\n<meta property=\"og:locale\" content=\"en_US\" \/>\n<meta property=\"og:type\" content=\"article\" \/>\n<meta property=\"og:title\" content=\"Pol\u00edtica de Cookies - MIGNOW\" \/>\n<meta property=\"og:description\" content=\"A nossa Pol\u00edtica de Cookies tem como objetivo informar como tratamos os dados pessoais eventualmente coletados por meio de cookies, bem como disponibilizar instru\u00e7\u00f5es sobre a configura\u00e7\u00e3o de gest\u00e3o destes cookies.&nbsp; Aten\u00e7\u00e3o! Essa Pol\u00edtica deve ser lida em conjunto com a nossa Pol\u00edtica de Privacidade.&nbsp; 1. O QUE S\u00c3O COOKIES E POR QUE UTILIZAMOS?&nbsp; 1.1. [&hellip;]\" \/>\n<meta property=\"og:url\" content=\"https:\/\/mig-now.com\/en\/cookie-policy\/\" \/>\n<meta property=\"og:site_name\" content=\"MIGNOW\" \/>\n<meta property=\"article:publisher\" content=\"https:\/\/www.facebook.com\/MIGNOW-115950623606393\" \/>\n<meta property=\"article:modified_time\" content=\"2023-08-25T16:05:06+00:00\" \/>\n<meta property=\"og:image\" content=\"https:\/\/mig-now.com\/wp-content\/uploads\/share.png\" \/>\n\t<meta property=\"og:image:width\" content=\"1200\" \/>\n\t<meta property=\"og:image:height\" content=\"628\" \/>\n\t<meta property=\"og:image:type\" content=\"image\/png\" \/>\n<meta name=\"twitter:card\" content=\"summary_large_image\" \/>\n<meta name=\"twitter:label1\" content=\"Est. reading time\" \/>\n\t<meta name=\"twitter:data1\" content=\"2 minutes\" \/>\n<script type=\"application\/ld+json\" class=\"yoast-schema-graph\">{\"@context\":\"https:\\\/\\\/schema.org\",\"@graph\":[{\"@type\":\"WebPage\",\"@id\":\"https:\\\/\\\/mig-now.com\\\/politica-de-cookies\\\/\",\"url\":\"https:\\\/\\\/mig-now.com\\\/politica-de-cookies\\\/\",\"name\":\"Pol\u00edtica de Cookies - MIGNOW\",\"isPartOf\":{\"@id\":\"https:\\\/\\\/mig-now.com\\\/#website\"},\"datePublished\":\"2021-04-27T21:28:18+00:00\",\"dateModified\":\"2023-08-25T16:05:06+00:00\",\"breadcrumb\":{\"@id\":\"https:\\\/\\\/mig-now.com\\\/politica-de-cookies\\\/#breadcrumb\"},\"inLanguage\":\"en-US\",\"potentialAction\":[{\"@type\":\"ReadAction\",\"target\":[\"https:\\\/\\\/mig-now.com\\\/politica-de-cookies\\\/\"]}]},{\"@type\":\"BreadcrumbList\",\"@id\":\"https:\\\/\\\/mig-now.com\\\/politica-de-cookies\\\/#breadcrumb\",\"itemListElement\":[{\"@type\":\"ListItem\",\"position\":1,\"name\":\"In\u00edcio\",\"item\":\"https:\\\/\\\/mig-now.com\\\/\"},{\"@type\":\"ListItem\",\"position\":2,\"name\":\"Pol\u00edtica de Cookies\"}]},{\"@type\":\"WebSite\",\"@id\":\"https:\\\/\\\/mig-now.com\\\/#website\",\"url\":\"https:\\\/\\\/mig-now.com\\\/\",\"name\":\"MIGNOW\",\"description\":\"Convers\u00e3o automatizada do SAP ECC para o SAP S\\\/4HANA.\",\"publisher\":{\"@id\":\"https:\\\/\\\/mig-now.com\\\/#organization\"},\"potentialAction\":[{\"@type\":\"SearchAction\",\"target\":{\"@type\":\"EntryPoint\",\"urlTemplate\":\"https:\\\/\\\/mig-now.com\\\/?s={search_term_string}\"},\"query-input\":{\"@type\":\"PropertyValueSpecification\",\"valueRequired\":true,\"valueName\":\"search_term_string\"}}],\"inLanguage\":\"en-US\"},{\"@type\":\"Organization\",\"@id\":\"https:\\\/\\\/mig-now.com\\\/#organization\",\"name\":\"mignow\",\"url\":\"https:\\\/\\\/mig-now.com\\\/\",\"logo\":{\"@type\":\"ImageObject\",\"inLanguage\":\"en-US\",\"@id\":\"https:\\\/\\\/mig-now.com\\\/#\\\/schema\\\/logo\\\/image\\\/\",\"url\":\"https:\\\/\\\/mig-now.com\\\/wp-content\\\/uploads\\\/Mignow-03.png\",\"contentUrl\":\"https:\\\/\\\/mig-now.com\\\/wp-content\\\/uploads\\\/Mignow-03.png\",\"width\":4728,\"height\":1646,\"caption\":\"mignow\"},\"image\":{\"@id\":\"https:\\\/\\\/mig-now.com\\\/#\\\/schema\\\/logo\\\/image\\\/\"},\"sameAs\":[\"https:\\\/\\\/www.facebook.com\\\/MIGNOW-115950623606393\",\"https:\\\/\\\/www.instagram.com\\\/mig_now\\\/\",\"https:\\\/\\\/www.linkedin.com\\\/company\\\/65868910\\\/admin\\\/\",\"https:\\\/\\\/www.youtube.com\\\/channel\\\/UCh1QRa8dGxBPnqIoy6NReeA\"]}]}<\/script>\n<!-- \/ Yoast SEO plugin. -->","yoast_head_json":{"title":"Cookies Policy - MIGNOW","robots":{"index":"index","follow":"follow","max-snippet":"max-snippet:-1","max-image-preview":"max-image-preview:large","max-video-preview":"max-video-preview:-1"},"canonical":"https:\/\/mig-now.com\/en\/cookie-policy\/","og_locale":"en_US","og_type":"article","og_title":"Pol\u00edtica de Cookies - MIGNOW","og_description":"A nossa Pol\u00edtica de Cookies tem como objetivo informar como tratamos os dados pessoais eventualmente coletados por meio de cookies, bem como disponibilizar instru\u00e7\u00f5es sobre a configura\u00e7\u00e3o de gest\u00e3o destes cookies.&nbsp; Aten\u00e7\u00e3o! Essa Pol\u00edtica deve ser lida em conjunto com a nossa Pol\u00edtica de Privacidade.&nbsp; 1. O QUE S\u00c3O COOKIES E POR QUE UTILIZAMOS?&nbsp; 1.1. [&hellip;]","og_url":"https:\/\/mig-now.com\/en\/cookie-policy\/","og_site_name":"MIGNOW","article_publisher":"https:\/\/www.facebook.com\/MIGNOW-115950623606393","article_modified_time":"2023-08-25T16:05:06+00:00","og_image":[{"width":1200,"height":628,"url":"https:\/\/mig-now.com\/wp-content\/uploads\/share.png","type":"image\/png"}],"twitter_card":"summary_large_image","twitter_misc":{"Est. reading time":"2 minutes"},"schema":{"@context":"https:\/\/schema.org","@graph":[{"@type":"WebPage","@id":"https:\/\/mig-now.com\/politica-de-cookies\/","url":"https:\/\/mig-now.com\/politica-de-cookies\/","name":"Cookies Policy - MIGNOW","isPartOf":{"@id":"https:\/\/mig-now.com\/#website"},"datePublished":"2021-04-27T21:28:18+00:00","dateModified":"2023-08-25T16:05:06+00:00","breadcrumb":{"@id":"https:\/\/mig-now.com\/politica-de-cookies\/#breadcrumb"},"inLanguage":"en-US","potentialAction":[{"@type":"ReadAction","target":["https:\/\/mig-now.com\/politica-de-cookies\/"]}]},{"@type":"BreadcrumbList","@id":"https:\/\/mig-now.com\/politica-de-cookies\/#breadcrumb","itemListElement":[{"@type":"ListItem","position":1,"name":"In\u00edcio","item":"https:\/\/mig-now.com\/"},{"@type":"ListItem","position":2,"name":"Pol\u00edtica de Cookies"}]},{"@type":"WebSite","@id":"https:\/\/mig-now.com\/#website","url":"https:\/\/mig-now.com\/","name":"MIGNOW","description":"Automated conversion from SAP ECC to SAP S\/4HANA.","publisher":{"@id":"https:\/\/mig-now.com\/#organization"},"potentialAction":[{"@type":"SearchAction","target":{"@type":"EntryPoint","urlTemplate":"https:\/\/mig-now.com\/?s={search_term_string}"},"query-input":{"@type":"PropertyValueSpecification","valueRequired":true,"valueName":"search_term_string"}}],"inLanguage":"en-US"},{"@type":"Organization","@id":"https:\/\/mig-now.com\/#organization","name":"mignow","url":"https:\/\/mig-now.com\/","logo":{"@type":"ImageObject","inLanguage":"en-US","@id":"https:\/\/mig-now.com\/#\/schema\/logo\/image\/","url":"https:\/\/mig-now.com\/wp-content\/uploads\/Mignow-03.png","contentUrl":"https:\/\/mig-now.com\/wp-content\/uploads\/Mignow-03.png","width":4728,"height":1646,"caption":"mignow"},"image":{"@id":"https:\/\/mig-now.com\/#\/schema\/logo\/image\/"},"sameAs":["https:\/\/www.facebook.com\/MIGNOW-115950623606393","https:\/\/www.instagram.com\/mig_now\/","https:\/\/www.linkedin.com\/company\/65868910\/admin\/","https:\/\/www.youtube.com\/channel\/UCh1QRa8dGxBPnqIoy6NReeA"]}]}},"_links":{"self":[{"href":"https:\/\/mig-now.com\/en\/wp-json\/wp\/v2\/pages\/3835","targetHints":{"allow":["GET"]}}],"collection":[{"href":"https:\/\/mig-now.com\/en\/wp-json\/wp\/v2\/pages"}],"about":[{"href":"https:\/\/mig-now.com\/en\/wp-json\/wp\/v2\/types\/page"}],"author":[{"embeddable":true,"href":"https:\/\/mig-now.com\/en\/wp-json\/wp\/v2\/users\/20"}],"replies":[{"embeddable":true,"href":"https:\/\/mig-now.com\/en\/wp-json\/wp\/v2\/comments?post=3835"}],"version-history":[{"count":0,"href":"https:\/\/mig-now.com\/en\/wp-json\/wp\/v2\/pages\/3835\/revisions"}],"wp:attachment":[{"href":"https:\/\/mig-now.com\/en\/wp-json\/wp\/v2\/media?parent=3835"}],"curies":[{"name":"wp","href":"https:\/\/api.w.org\/{rel}","templated":true}]}}