{"id":40,"date":"2021-01-13T16:32:55","date_gmt":"2021-01-13T18:32:55","guid":{"rendered":"https:\/\/mig-now.com\/?page_id=40"},"modified":"2023-11-08T10:13:24","modified_gmt":"2023-11-08T13:13:24","slug":"conteudos","status":"publish","type":"page","link":"https:\/\/mig-now.com\/en\/contents\/","title":{"rendered":"Contents"},"content":{"rendered":"<section class=\"dd-o-carousel dd-o-carousel-full\">\n  <div class=\"dd-o-carousel__wrapper\">\n    <div class=\"dd-o-carousel-full__item\">\n      <figure class=\"dd-o-carousel-full__item__figure\">\n                  <picture>\n            <source media=\"(min-width: 768px)\" srcset=\"https:\/\/mig-now.com\/wp-content\/uploads\/banner_conteudos.png\">\n            <img decoding=\"async\" fetchpriority=\"high\" src=\"https:\/\/mig-now.com\/wp-content\/uploads\/Banner_Conteudos_mobile.png\" alt=\"\">\n          <\/picture>\n            \n        <figcaption class=\"dd-o-carousel-full__item__caption\">\n          \n          <h1 class=\"dd-o-carousel-full__item__caption__title\">See our<br \/>\r\nlast<br \/>\r\ncontents.<\/h1>\n          \n                  <\/figcaption>\n      <\/figure>\n    <\/div>\n  <\/div>\n\n  <i class=\"icon-mouse\" data-aos=\"fade-up\" data-offset=\"0\" data-aos-anchor-placement=\"bottom-bottom\"><\/i>\n<\/section>\n\n\n  \n<nav class=\"dd-o-nav dd-o-nav-children\">\n  <div class=\"dd-o-nav__wrapper\">\n          <a href=\"https:\/\/mig-now.com\/en\/contents\/blog\/#vamosla\" class=\"dd-o-nav-children__item\">\n        <i class=\"icon-pencil\"><\/i>\n        Blog      <\/a>\n          <a href=\"https:\/\/mig-now.com\/en\/contents\/press\/#vamosla\" class=\"dd-o-nav-children__item\">\n        <i class=\"icon-message\"><\/i>\n        Press      <\/a>\n          <a href=\"https:\/\/mig-now.com\/en\/contents\/news\/#vamosla\" class=\"dd-o-nav-children__item\">\n        <i class=\"icon-news\"><\/i>\n        News      <\/a>\n    \n    <a href=\"https:\/\/mig-now.com\/en\/contents\/#vamosla\" class=\"dd-o-nav-children__item is-current\">\n      All contents    <\/a>\n  <\/div>\n<\/nav>\n\n\n  \n<section class=\"dd-o-section dd-o-list dd-o-list-posts vertical\">\n  <div class=\"dd-o-section__wrapper\">\n    <ul class=\"response\">\n                        <li data-aos=\"fade-up\" data-aos-delay=\"0\">\n  <a href=\"https:\/\/mig-now.com\/en\/conteudos\/blog\/biggest-secrets-sap-migration-to-the-cloud\/\" class=\"dd-m-card-posts vertical\">\n    <figure class=\"dd-m-card-posts__figure\">\n      <img decoding=\"async\" src=\"https:\/\/mig-now.com\/wp-content\/uploads\/MIGNOW-whitepaper_miniatura.png\" alt=\"\">\n    <\/figure>\n\n    <div class=\"dd-m-card-posts__wrapper\">\n      <i class=\"icon-pencil\"><\/i>\n\n      <div class=\"dd-m-card-posts__content\">\n        <div class=\"dd-m-card-posts__infos\">\n          <h5 class=\"dd-m-card-posts__title\">\n            <span>SAP Cloud and the Transition to RISE with SAP<\/span>\n          <\/h5>\n\n                      If you've come this far, it means you're interested in SAP migration to the cloud, right? But do you already know what it takes to turn your cloud conversion process into a successful project?                  <\/div>\n\n        <span class=\"dd-m-card-posts__button dd-a-button dd-a-button--dark\" role=\"button\">\n          <i class=\"icon-longarrow-right\"><\/i>\n        <\/span>\n      <\/div>\n    <\/div>\n  <\/a>\n<\/li>\n                  <li data-aos=\"fade-up\" data-aos-delay=\"0\">\n  <a href=\"https:\/\/mig-now.com\/en\/conteudos\/blog\/joule-the-ai-revolution-for-businesses-2\/\" class=\"dd-m-card-posts vertical\">\n    <figure class=\"dd-m-card-posts__figure\">\n      <img decoding=\"async\" src=\"https:\/\/mig-now.com\/wp-content\/uploads\/Joule_miniatura-1.png\" alt=\"\">\n    <\/figure>\n\n    <div class=\"dd-m-card-posts__wrapper\">\n      <i class=\"icon-pencil\"><\/i>\n\n      <div class=\"dd-m-card-posts__content\">\n        <div class=\"dd-m-card-posts__infos\">\n          <h5 class=\"dd-m-card-posts__title\">\n            <span>SAP AI: Joule and the Future of ERP Technology<\/span>\n          <\/h5>\n\n                      Do you know how SAP AI, Joule is going to bring the future of ERP experience. In this post we talk about how this is already happening.                  <\/div>\n\n        <span class=\"dd-m-card-posts__button dd-a-button dd-a-button--dark\" role=\"button\">\n          <i class=\"icon-longarrow-right\"><\/i>\n        <\/span>\n      <\/div>\n    <\/div>\n  <\/a>\n<\/li>\n                  <li data-aos=\"fade-up\" data-aos-delay=\"0\">\n  <a href=\"https:\/\/mig-now.com\/en\/conteudos\/press\/technological-innovation-and-efficient-solutions-shape-the-technology-consultancy-market\/\" class=\"dd-m-card-posts vertical\">\n    <figure class=\"dd-m-card-posts__figure\">\n      <img decoding=\"async\" src=\"https:\/\/mig-now.com\/wp-content\/uploads\/INOCAV2.png\" alt=\"\">\n    <\/figure>\n\n    <div class=\"dd-m-card-posts__wrapper\">\n      <i class=\"icon-news\"><\/i>\n\n      <div class=\"dd-m-card-posts__content\">\n        <div class=\"dd-m-card-posts__infos\">\n          <h5 class=\"dd-m-card-posts__title\">\n            <span>Technological Innovation: AI and \u201cfuture proofing\u201d SAP processes\u00a0<\/span>\n          <\/h5>\n\n                      In response to this need, Mignow appears as an agent of change in Brazil, specializing in SAP modernization.                   <\/div>\n\n        <span class=\"dd-m-card-posts__button dd-a-button dd-a-button--dark\" role=\"button\">\n          <i class=\"icon-longarrow-right\"><\/i>\n        <\/span>\n      <\/div>\n    <\/div>\n  <\/a>\n<\/li>\n                  <li data-aos=\"fade-up\" data-aos-delay=\"0\">\n  <a href=\"https:\/\/mig-now.com\/en\/conteudos\/press\/software-subscriptions-and-the-evolution-of-business-models\/\" class=\"dd-m-card-posts vertical\">\n    <figure class=\"dd-m-card-posts__figure\">\n      <img decoding=\"async\" src=\"https:\/\/mig-now.com\/wp-content\/uploads\/Prancheta_1_copia_201.png\" alt=\"\">\n    <\/figure>\n\n    <div class=\"dd-m-card-posts__wrapper\">\n      <i class=\"icon-news\"><\/i>\n\n      <div class=\"dd-m-card-posts__content\">\n        <div class=\"dd-m-card-posts__infos\">\n          <h5 class=\"dd-m-card-posts__title\">\n            <span>Mignow launches Trainee Program 2025 to train talent in the SAP sector and reinforces pillars of innovation and organizational culture<\/span>\n          <\/h5>\n\n                      Mignow, a pioneer in SAP system automation and migration solutions, has announced its Trainee Program for 2025.                  <\/div>\n\n        <span class=\"dd-m-card-posts__button dd-a-button dd-a-button--dark\" role=\"button\">\n          <i class=\"icon-longarrow-right\"><\/i>\n        <\/span>\n      <\/div>\n    <\/div>\n  <\/a>\n<\/li>\n                  <li data-aos=\"fade-up\" data-aos-delay=\"0\">\n  <a href=\"https:\/\/mig-now.com\/en\/conteudos\/blog\/tecnologia\/traditional-conversion-vs-software-conversion-differences\/\" class=\"dd-m-card-posts vertical\">\n    <figure class=\"dd-m-card-posts__figure\">\n      <img decoding=\"async\" src=\"https:\/\/mig-now.com\/wp-content\/uploads\/Tradicional-vs-software_miniatura.png\" alt=\"\">\n    <\/figure>\n\n    <div class=\"dd-m-card-posts__wrapper\">\n      <i class=\"icon-pencil\"><\/i>\n\n      <div class=\"dd-m-card-posts__content\">\n        <div class=\"dd-m-card-posts__infos\">\n          <h5 class=\"dd-m-card-posts__title\">\n            <span>Traditional Conversion vs. Conversion Software: Key Differences\u00a0<\/span>\n          <\/h5>\n\n                      When starting the migration journey to SAP S\/4HANA, companies face a fundamental choice: whether to follow the traditional conversion path or adopt automated conversion software. This decision can have a significant impact on the time, cost, and quality of the project.\u00a0                  <\/div>\n\n        <span class=\"dd-m-card-posts__button dd-a-button dd-a-button--dark\" role=\"button\">\n          <i class=\"icon-longarrow-right\"><\/i>\n        <\/span>\n      <\/div>\n    <\/div>\n  <\/a>\n<\/li>\n                  <li data-aos=\"fade-up\" data-aos-delay=\"0\">\n  <a href=\"https:\/\/mig-now.com\/en\/conteudos\/press\/software-subscriptions-and-the-evolution-of-business-models\/\" class=\"dd-m-card-posts vertical\">\n    <figure class=\"dd-m-card-posts__figure\">\n      <img decoding=\"async\" src=\"https:\/\/mig-now.com\/wp-content\/uploads\/Prancheta_1_copia_81-1.png\" alt=\"\">\n    <\/figure>\n\n    <div class=\"dd-m-card-posts__wrapper\">\n      <i class=\"icon-news\"><\/i>\n\n      <div class=\"dd-m-card-posts__content\">\n        <div class=\"dd-m-card-posts__infos\">\n          <h5 class=\"dd-m-card-posts__title\">\n            <span>Power Lunch in S\u00e3o Paulo Celebrates First Edition of Forbes Small Giants<\/span>\n          <\/h5>\n\n                      Antonio Camarotti, CEO and publisher of Forbes Brazil, received personalities and those chosen by the new list at Casa Manioca, in S\u00e3o Paulo                  <\/div>\n\n        <span class=\"dd-m-card-posts__button dd-a-button dd-a-button--dark\" role=\"button\">\n          <i class=\"icon-longarrow-right\"><\/i>\n        <\/span>\n      <\/div>\n    <\/div>\n  <\/a>\n<\/li>\n                  <li data-aos=\"fade-up\" data-aos-delay=\"0\">\n  <a href=\"https:\/\/mig-now.com\/en\/conteudos\/press\/software-subscriptions-and-the-evolution-of-business-models\/\" class=\"dd-m-card-posts vertical\">\n    <figure class=\"dd-m-card-posts__figure\">\n      <img decoding=\"async\" src=\"https:\/\/mig-now.com\/wp-content\/uploads\/Prancheta_1_copia_171.png\" alt=\"\">\n    <\/figure>\n\n    <div class=\"dd-m-card-posts__wrapper\">\n      <i class=\"icon-news\"><\/i>\n\n      <div class=\"dd-m-card-posts__content\">\n        <div class=\"dd-m-card-posts__infos\">\n          <h5 class=\"dd-m-card-posts__title\">\n            <span>Mignow opens new office in the US and appoints executives for international operations<\/span>\n          <\/h5>\n\n                      International expansion of Brazilian company that works with Artificial Intelligence for SAP migration gains momentum with new unit in Miami                  <\/div>\n\n        <span class=\"dd-m-card-posts__button dd-a-button dd-a-button--dark\" role=\"button\">\n          <i class=\"icon-longarrow-right\"><\/i>\n        <\/span>\n      <\/div>\n    <\/div>\n  <\/a>\n<\/li>\n                  <li data-aos=\"fade-up\" data-aos-delay=\"0\">\n  <a href=\"https:\/\/mig-now.com\/en\/conteudos\/press\/software-subscriptions-and-the-evolution-of-business-models\/\" class=\"dd-m-card-posts vertical\">\n    <figure class=\"dd-m-card-posts__figure\">\n      <img decoding=\"async\" src=\"https:\/\/mig-now.com\/wp-content\/uploads\/Prancheta_1_copia_261.png\" alt=\"\">\n    <\/figure>\n\n    <div class=\"dd-m-card-posts__wrapper\">\n      <i class=\"icon-news\"><\/i>\n\n      <div class=\"dd-m-card-posts__content\">\n        <div class=\"dd-m-card-posts__infos\">\n          <h5 class=\"dd-m-card-posts__title\">\n            <span>The impact of Mignow on the S4\/HANA universe \u2013 Paulo Secco, CEO of MIGNOW \u2013 ERP Summit Podcast #39<\/span>\n          <\/h5>\n\n                      innovation in the migration of ERP systems and the importance of constant updating for companies.\n                  <\/div>\n\n        <span class=\"dd-m-card-posts__button dd-a-button dd-a-button--dark\" role=\"button\">\n          <i class=\"icon-longarrow-right\"><\/i>\n        <\/span>\n      <\/div>\n    <\/div>\n  <\/a>\n<\/li>\n                  <li data-aos=\"fade-up\" data-aos-delay=\"0\">\n  <a href=\"https:\/\/mig-now.com\/en\/conteudos\/press\/software-subscriptions-and-the-evolution-of-business-models\/\" class=\"dd-m-card-posts vertical\">\n    <figure class=\"dd-m-card-posts__figure\">\n      <img decoding=\"async\" src=\"https:\/\/mig-now.com\/wp-content\/uploads\/Prancheta_1_copia_111-1.png\" alt=\"\">\n    <\/figure>\n\n    <div class=\"dd-m-card-posts__wrapper\">\n      <i class=\"icon-news\"><\/i>\n\n      <div class=\"dd-m-card-posts__content\">\n        <div class=\"dd-m-card-posts__infos\">\n          <h5 class=\"dd-m-card-posts__title\">\n            <span>Pague Menos Drugstore advances with support from Mignow<\/span>\n          <\/h5>\n\n                      Strategic partnership with Mignow enables migration to SAP S\/4 HANA, improving operational efficiency and reducing costs.                  <\/div>\n\n        <span class=\"dd-m-card-posts__button dd-a-button dd-a-button--dark\" role=\"button\">\n          <i class=\"icon-longarrow-right\"><\/i>\n        <\/span>\n      <\/div>\n    <\/div>\n  <\/a>\n<\/li>\n                  <\/ul>\n\n        <button class=\"dd-a-button-load\" data-loading type=\"button\" data-perpage=\"9\" data-category=\"8,6,7\" data-page=\"1\" data-action=\"more_post_ajax\">\n      <i class=\"icon-refresh\"><\/i>\n    <\/button>\n      <\/div>\n<\/section>","protected":false},"excerpt":{"rendered":"","protected":false},"author":20,"featured_media":0,"parent":0,"menu_order":0,"comment_status":"closed","ping_status":"closed","template":"","meta":{"_acf_changed":false,"footnotes":""},"class_list":["post-40","page","type-page","status-publish","hentry"],"acf":[],"yoast_head":"<!-- This site is optimized with the Yoast SEO plugin v27.3 - https:\/\/yoast.com\/product\/yoast-seo-wordpress\/ -->\n<title>Conte\u00fados - MIGNOW<\/title>\n<meta name=\"description\" content=\"Quer entender sobre SAP S\/4HANA? Conhe\u00e7a diversos conte\u00fados de A a Z sobre o tema e fique informado atrav\u00e9s do MIGNOW\" \/>\n<meta name=\"robots\" content=\"index, follow, max-snippet:-1, max-image-preview:large, max-video-preview:-1\" \/>\n<link rel=\"canonical\" href=\"https:\/\/mig-now.com\/en\/contents\/\" \/>\n<meta property=\"og:locale\" content=\"en_US\" \/>\n<meta property=\"og:type\" content=\"article\" \/>\n<meta property=\"og:title\" content=\"Conte\u00fados - MIGNOW\" \/>\n<meta property=\"og:description\" content=\"Quer entender sobre SAP S\/4HANA? Conhe\u00e7a diversos conte\u00fados de A a Z sobre o tema e fique informado atrav\u00e9s do MIGNOW\" \/>\n<meta property=\"og:url\" content=\"https:\/\/mig-now.com\/en\/contents\/\" \/>\n<meta property=\"og:site_name\" content=\"MIGNOW\" \/>\n<meta property=\"article:publisher\" content=\"https:\/\/www.facebook.com\/MIGNOW-115950623606393\" \/>\n<meta property=\"article:modified_time\" content=\"2023-11-08T13:13:24+00:00\" \/>\n<meta property=\"og:image\" content=\"https:\/\/mig-now.com\/wp-content\/uploads\/share.png\" \/>\n\t<meta property=\"og:image:width\" content=\"1200\" \/>\n\t<meta property=\"og:image:height\" content=\"628\" \/>\n\t<meta property=\"og:image:type\" content=\"image\/png\" \/>\n<meta name=\"twitter:card\" content=\"summary_large_image\" \/>\n<meta name=\"twitter:label1\" content=\"Est. reading time\" \/>\n\t<meta name=\"twitter:data1\" content=\"1 minute\" \/>\n<script type=\"application\/ld+json\" class=\"yoast-schema-graph\">{\"@context\":\"https:\\\/\\\/schema.org\",\"@graph\":[{\"@type\":\"WebPage\",\"@id\":\"https:\\\/\\\/mig-now.com\\\/conteudos\\\/\",\"url\":\"https:\\\/\\\/mig-now.com\\\/conteudos\\\/\",\"name\":\"Conte\u00fados - MIGNOW\",\"isPartOf\":{\"@id\":\"https:\\\/\\\/mig-now.com\\\/#website\"},\"datePublished\":\"2021-01-13T18:32:55+00:00\",\"dateModified\":\"2023-11-08T13:13:24+00:00\",\"description\":\"Quer entender sobre SAP S\\\/4HANA? Conhe\u00e7a diversos conte\u00fados de A a Z sobre o tema e fique informado atrav\u00e9s do MIGNOW\",\"breadcrumb\":{\"@id\":\"https:\\\/\\\/mig-now.com\\\/conteudos\\\/#breadcrumb\"},\"inLanguage\":\"en-US\",\"potentialAction\":[{\"@type\":\"ReadAction\",\"target\":[\"https:\\\/\\\/mig-now.com\\\/conteudos\\\/\"]}]},{\"@type\":\"BreadcrumbList\",\"@id\":\"https:\\\/\\\/mig-now.com\\\/conteudos\\\/#breadcrumb\",\"itemListElement\":[{\"@type\":\"ListItem\",\"position\":1,\"name\":\"In\u00edcio\",\"item\":\"https:\\\/\\\/mig-now.com\\\/\"},{\"@type\":\"ListItem\",\"position\":2,\"name\":\"Conte\u00fados\"}]},{\"@type\":\"WebSite\",\"@id\":\"https:\\\/\\\/mig-now.com\\\/#website\",\"url\":\"https:\\\/\\\/mig-now.com\\\/\",\"name\":\"MIGNOW\",\"description\":\"Convers\u00e3o automatizada do SAP ECC para o SAP S\\\/4HANA.\",\"publisher\":{\"@id\":\"https:\\\/\\\/mig-now.com\\\/#organization\"},\"potentialAction\":[{\"@type\":\"SearchAction\",\"target\":{\"@type\":\"EntryPoint\",\"urlTemplate\":\"https:\\\/\\\/mig-now.com\\\/?s={search_term_string}\"},\"query-input\":{\"@type\":\"PropertyValueSpecification\",\"valueRequired\":true,\"valueName\":\"search_term_string\"}}],\"inLanguage\":\"en-US\"},{\"@type\":\"Organization\",\"@id\":\"https:\\\/\\\/mig-now.com\\\/#organization\",\"name\":\"mignow\",\"url\":\"https:\\\/\\\/mig-now.com\\\/\",\"logo\":{\"@type\":\"ImageObject\",\"inLanguage\":\"en-US\",\"@id\":\"https:\\\/\\\/mig-now.com\\\/#\\\/schema\\\/logo\\\/image\\\/\",\"url\":\"https:\\\/\\\/mig-now.com\\\/wp-content\\\/uploads\\\/Mignow-03.png\",\"contentUrl\":\"https:\\\/\\\/mig-now.com\\\/wp-content\\\/uploads\\\/Mignow-03.png\",\"width\":4728,\"height\":1646,\"caption\":\"mignow\"},\"image\":{\"@id\":\"https:\\\/\\\/mig-now.com\\\/#\\\/schema\\\/logo\\\/image\\\/\"},\"sameAs\":[\"https:\\\/\\\/www.facebook.com\\\/MIGNOW-115950623606393\",\"https:\\\/\\\/www.instagram.com\\\/mig_now\\\/\",\"https:\\\/\\\/www.linkedin.com\\\/company\\\/65868910\\\/admin\\\/\",\"https:\\\/\\\/www.youtube.com\\\/channel\\\/UCh1QRa8dGxBPnqIoy6NReeA\"]}]}<\/script>\n<!-- \/ Yoast SEO plugin. -->","yoast_head_json":{"title":"Contents - MIGNOW","description":"Want to understand about SAP S\/4HANA? Discover various contents from A to Z on the subject and stay informed through MIGNOW","robots":{"index":"index","follow":"follow","max-snippet":"max-snippet:-1","max-image-preview":"max-image-preview:large","max-video-preview":"max-video-preview:-1"},"canonical":"https:\/\/mig-now.com\/en\/contents\/","og_locale":"en_US","og_type":"article","og_title":"Conte\u00fados - MIGNOW","og_description":"Quer entender sobre SAP S\/4HANA? Conhe\u00e7a diversos conte\u00fados de A a Z sobre o tema e fique informado atrav\u00e9s do MIGNOW","og_url":"https:\/\/mig-now.com\/en\/contents\/","og_site_name":"MIGNOW","article_publisher":"https:\/\/www.facebook.com\/MIGNOW-115950623606393","article_modified_time":"2023-11-08T13:13:24+00:00","og_image":[{"width":1200,"height":628,"url":"https:\/\/mig-now.com\/wp-content\/uploads\/share.png","type":"image\/png"}],"twitter_card":"summary_large_image","twitter_misc":{"Est. reading time":"1 minute"},"schema":{"@context":"https:\/\/schema.org","@graph":[{"@type":"WebPage","@id":"https:\/\/mig-now.com\/conteudos\/","url":"https:\/\/mig-now.com\/conteudos\/","name":"Contents - MIGNOW","isPartOf":{"@id":"https:\/\/mig-now.com\/#website"},"datePublished":"2021-01-13T18:32:55+00:00","dateModified":"2023-11-08T13:13:24+00:00","description":"Want to understand about SAP S\/4HANA? Discover various contents from A to Z on the subject and stay informed through MIGNOW","breadcrumb":{"@id":"https:\/\/mig-now.com\/conteudos\/#breadcrumb"},"inLanguage":"en-US","potentialAction":[{"@type":"ReadAction","target":["https:\/\/mig-now.com\/conteudos\/"]}]},{"@type":"BreadcrumbList","@id":"https:\/\/mig-now.com\/conteudos\/#breadcrumb","itemListElement":[{"@type":"ListItem","position":1,"name":"In\u00edcio","item":"https:\/\/mig-now.com\/"},{"@type":"ListItem","position":2,"name":"Conte\u00fados"}]},{"@type":"WebSite","@id":"https:\/\/mig-now.com\/#website","url":"https:\/\/mig-now.com\/","name":"MIGNOW","description":"Automated conversion from SAP ECC to SAP S\/4HANA.","publisher":{"@id":"https:\/\/mig-now.com\/#organization"},"potentialAction":[{"@type":"SearchAction","target":{"@type":"EntryPoint","urlTemplate":"https:\/\/mig-now.com\/?s={search_term_string}"},"query-input":{"@type":"PropertyValueSpecification","valueRequired":true,"valueName":"search_term_string"}}],"inLanguage":"en-US"},{"@type":"Organization","@id":"https:\/\/mig-now.com\/#organization","name":"mignow","url":"https:\/\/mig-now.com\/","logo":{"@type":"ImageObject","inLanguage":"en-US","@id":"https:\/\/mig-now.com\/#\/schema\/logo\/image\/","url":"https:\/\/mig-now.com\/wp-content\/uploads\/Mignow-03.png","contentUrl":"https:\/\/mig-now.com\/wp-content\/uploads\/Mignow-03.png","width":4728,"height":1646,"caption":"mignow"},"image":{"@id":"https:\/\/mig-now.com\/#\/schema\/logo\/image\/"},"sameAs":["https:\/\/www.facebook.com\/MIGNOW-115950623606393","https:\/\/www.instagram.com\/mig_now\/","https:\/\/www.linkedin.com\/company\/65868910\/admin\/","https:\/\/www.youtube.com\/channel\/UCh1QRa8dGxBPnqIoy6NReeA"]}]}},"_links":{"self":[{"href":"https:\/\/mig-now.com\/en\/wp-json\/wp\/v2\/pages\/40","targetHints":{"allow":["GET"]}}],"collection":[{"href":"https:\/\/mig-now.com\/en\/wp-json\/wp\/v2\/pages"}],"about":[{"href":"https:\/\/mig-now.com\/en\/wp-json\/wp\/v2\/types\/page"}],"author":[{"embeddable":true,"href":"https:\/\/mig-now.com\/en\/wp-json\/wp\/v2\/users\/20"}],"replies":[{"embeddable":true,"href":"https:\/\/mig-now.com\/en\/wp-json\/wp\/v2\/comments?post=40"}],"version-history":[{"count":0,"href":"https:\/\/mig-now.com\/en\/wp-json\/wp\/v2\/pages\/40\/revisions"}],"wp:attachment":[{"href":"https:\/\/mig-now.com\/en\/wp-json\/wp\/v2\/media?parent=40"}],"curies":[{"name":"wp","href":"https:\/\/api.w.org\/{rel}","templated":true}]}}