{"id":525,"date":"2021-02-15T11:16:35","date_gmt":"2021-02-15T13:16:35","guid":{"rendered":"https:\/\/mig-now.com\/?page_id=525"},"modified":"2022-07-07T16:33:18","modified_gmt":"2022-07-07T19:33:18","slug":"press","status":"publish","type":"page","link":"https:\/\/mig-now.com\/en\/contents\/press\/","title":{"rendered":"Press"},"content":{"rendered":"\n  <section class=\"dd-o-carousel dd-o-carousel-full\">\n  <div class=\"dd-o-carousel__wrapper\">\n    <div class=\"dd-o-carousel-full__item\">\n      <figure class=\"dd-o-carousel-full__item__figure\">\n                  <picture>\n            <source media=\"(min-width: 768px)\" srcset=\"https:\/\/mig-now.com\/wp-content\/uploads\/banner_conteudos.png\">\n            <img decoding=\"async\" fetchpriority=\"high\" src=\"https:\/\/mig-now.com\/wp-content\/uploads\/Banner_Conteudos_mobile.png\" alt=\"\">\n          <\/picture>\n            \n        <figcaption class=\"dd-o-carousel-full__item__caption\">\n          \n          <h1 class=\"dd-o-carousel-full__item__caption__title\">Veja nossos<br \/>\r\n\u00faltimos<br \/>\r\nconte\u00fados.<\/h1>\n          \n                      <a href=\"#vamosla\" class=\"dd-a-button dd-a-button--lg dd-a-button--outlined dd-a-button--light\">\n              <span>Vamos l\u00e1<\/span>\n              <i class=\"icon-longarrow-right\"><\/i>\n            <\/a>\n                  <\/figcaption>\n      <\/figure>\n    <\/div>\n  <\/div>\n\n  <i class=\"icon-mouse\" data-aos=\"fade-up\" data-offset=\"0\" data-aos-anchor-placement=\"bottom-bottom\"><\/i>\n<\/section>\n\n\n<h4 class=\"has-text-align-center wp-block-heading\" id=\"vamosla\">Aqui \u00e9 o lugar onde compartilhamos conte\u00fados<br>pensando na evolu\u00e7\u00e3o das suas estrat\u00e9gias.<\/h4>\n\n\n\n  \n<nav class=\"dd-o-nav dd-o-nav-children\">\n  <div class=\"dd-o-nav__wrapper\">\n          <a href=\"https:\/\/mig-now.com\/en\/contents\/blog\/#vamosla\" class=\"dd-o-nav-children__item \">\n        <i class=\"icon-pencil\"><\/i>\n        Blog      <\/a>\n          <a href=\"https:\/\/mig-now.com\/en\/contents\/press\/#vamosla\" class=\"dd-o-nav-children__item is-current\">\n        <i class=\"icon-message\"><\/i>\n        Press      <\/a>\n          <a href=\"https:\/\/mig-now.com\/en\/contents\/news\/#vamosla\" class=\"dd-o-nav-children__item \">\n        <i class=\"icon-news\"><\/i>\n        News      <\/a>\n    \n    <a href=\"https:\/\/mig-now.com\/en\/contents\/#vamosla\" class=\"dd-o-nav-children__item \">\n      Todos os conte\u00fados    <\/a>\n  <\/div>\n<\/nav>\n\n\n  \n<section class=\"dd-o-section dd-o-list dd-o-list-posts vertical\">\n  <div class=\"dd-o-section__wrapper\">\n    <ul class=\"response\">\n                        <li data-aos=\"fade-up\" data-aos-delay=\"0\">\n  <a href=\"https:\/\/mig-now.com\/en\/conteudos\/press\/technological-innovation-and-efficient-solutions-shape-the-technology-consultancy-market\/\" class=\"dd-m-card-posts vertical\">\n    <figure class=\"dd-m-card-posts__figure\">\n      <img decoding=\"async\" src=\"https:\/\/mig-now.com\/wp-content\/uploads\/INOCAV2.png\" alt=\"\">\n    <\/figure>\n\n    <div class=\"dd-m-card-posts__wrapper\">\n      <i class=\"icon-news\"><\/i>\n\n      <div class=\"dd-m-card-posts__content\">\n        <div class=\"dd-m-card-posts__infos\">\n          <h5 class=\"dd-m-card-posts__title\">\n            <span>Inova\u00e7\u00e3o Tecnol\u00f3gica: I.A. e &#8220;future proofing\u201d os processos SAP\u00a0<\/span>\n          <\/h5>\n\n                      Em resposta a essa necessidade, a\u00a0Mignow\u00a0aparece como um agente de mudan\u00e7a no Brasil, especializando-se na moderniza\u00e7\u00e3o do SAP.                   <\/div>\n\n        <span class=\"dd-m-card-posts__button dd-a-button dd-a-button--dark\" role=\"button\">\n          <i class=\"icon-longarrow-right\"><\/i>\n        <\/span>\n      <\/div>\n    <\/div>\n  <\/a>\n<\/li>\n                  <li data-aos=\"fade-up\" data-aos-delay=\"0\">\n  <a href=\"https:\/\/mig-now.com\/en\/conteudos\/press\/software-subscriptions-and-the-evolution-of-business-models\/\" class=\"dd-m-card-posts vertical\">\n    <figure class=\"dd-m-card-posts__figure\">\n      <img decoding=\"async\" src=\"https:\/\/mig-now.com\/wp-content\/uploads\/Prancheta_1_copia_201.png\" alt=\"\">\n    <\/figure>\n\n    <div class=\"dd-m-card-posts__wrapper\">\n      <i class=\"icon-news\"><\/i>\n\n      <div class=\"dd-m-card-posts__content\">\n        <div class=\"dd-m-card-posts__infos\">\n          <h5 class=\"dd-m-card-posts__title\">\n            <span>Mignow lan\u00e7a Programa de Trainee 2025 para formar talentos no setor SAP e refor\u00e7a pilares de inova\u00e7\u00e3o e cultura organizacional<\/span>\n          <\/h5>\n\n                      A Mignow, empresa pioneira em solu\u00e7\u00f5es de automa\u00e7\u00e3o e migra\u00e7\u00e3o de sistemas\u00a0SAP, anunciou o seu Programa de Trainee para 2025.                  <\/div>\n\n        <span class=\"dd-m-card-posts__button dd-a-button dd-a-button--dark\" role=\"button\">\n          <i class=\"icon-longarrow-right\"><\/i>\n        <\/span>\n      <\/div>\n    <\/div>\n  <\/a>\n<\/li>\n                  <li data-aos=\"fade-up\" data-aos-delay=\"0\">\n  <a href=\"https:\/\/mig-now.com\/en\/conteudos\/press\/software-subscriptions-and-the-evolution-of-business-models\/\" class=\"dd-m-card-posts vertical\">\n    <figure class=\"dd-m-card-posts__figure\">\n      <img decoding=\"async\" src=\"https:\/\/mig-now.com\/wp-content\/uploads\/Prancheta_1_copia_81-1.png\" alt=\"\">\n    <\/figure>\n\n    <div class=\"dd-m-card-posts__wrapper\">\n      <i class=\"icon-news\"><\/i>\n\n      <div class=\"dd-m-card-posts__content\">\n        <div class=\"dd-m-card-posts__infos\">\n          <h5 class=\"dd-m-card-posts__title\">\n            <span>Power Lunch em S\u00e3o Paulo Celebra Primeira Edi\u00e7\u00e3o da Forbes Pequenas Gigantes<\/span>\n          <\/h5>\n\n                      Antonio Camarotti, CEO e publisher da Forbes Brasil, recebeu personalidades e os escolhidos pela nova lista na Casa Manioca, em S\u00e3o Paulo                  <\/div>\n\n        <span class=\"dd-m-card-posts__button dd-a-button dd-a-button--dark\" role=\"button\">\n          <i class=\"icon-longarrow-right\"><\/i>\n        <\/span>\n      <\/div>\n    <\/div>\n  <\/a>\n<\/li>\n                  <li data-aos=\"fade-up\" data-aos-delay=\"0\">\n  <a href=\"https:\/\/mig-now.com\/en\/conteudos\/press\/software-subscriptions-and-the-evolution-of-business-models\/\" class=\"dd-m-card-posts vertical\">\n    <figure class=\"dd-m-card-posts__figure\">\n      <img decoding=\"async\" src=\"https:\/\/mig-now.com\/wp-content\/uploads\/Prancheta_1_copia_171.png\" alt=\"\">\n    <\/figure>\n\n    <div class=\"dd-m-card-posts__wrapper\">\n      <i class=\"icon-news\"><\/i>\n\n      <div class=\"dd-m-card-posts__content\">\n        <div class=\"dd-m-card-posts__infos\">\n          <h5 class=\"dd-m-card-posts__title\">\n            <span>Mignow abre novo escrit\u00f3rio nos EUA e designa executivos para atua\u00e7\u00e3o internacional<\/span>\n          <\/h5>\n\n                      Expans\u00e3o internacional da empresa brasileira que atua com Intelig\u00eancia Artificial para migra\u00e7\u00e3o SAP ganha for\u00e7a com nova unidade em Miami                  <\/div>\n\n        <span class=\"dd-m-card-posts__button dd-a-button dd-a-button--dark\" role=\"button\">\n          <i class=\"icon-longarrow-right\"><\/i>\n        <\/span>\n      <\/div>\n    <\/div>\n  <\/a>\n<\/li>\n                  <li data-aos=\"fade-up\" data-aos-delay=\"0\">\n  <a href=\"https:\/\/mig-now.com\/en\/conteudos\/press\/software-subscriptions-and-the-evolution-of-business-models\/\" class=\"dd-m-card-posts vertical\">\n    <figure class=\"dd-m-card-posts__figure\">\n      <img decoding=\"async\" src=\"https:\/\/mig-now.com\/wp-content\/uploads\/Prancheta_1_copia_261.png\" alt=\"\">\n    <\/figure>\n\n    <div class=\"dd-m-card-posts__wrapper\">\n      <i class=\"icon-news\"><\/i>\n\n      <div class=\"dd-m-card-posts__content\">\n        <div class=\"dd-m-card-posts__infos\">\n          <h5 class=\"dd-m-card-posts__title\">\n            <span>O impacto do Mignow no universo S4\/HANA &#8211; Paulo Secco, CEO da MIGNOW &#8211; ERP Summit Podcast #39<\/span>\n          <\/h5>\n\n                      a inova\u00e7\u00e3o na migra\u00e7\u00e3o de sistemas ERP e a import\u00e2ncia da atualiza\u00e7\u00e3o constante para as empresas.\n                  <\/div>\n\n        <span class=\"dd-m-card-posts__button dd-a-button dd-a-button--dark\" role=\"button\">\n          <i class=\"icon-longarrow-right\"><\/i>\n        <\/span>\n      <\/div>\n    <\/div>\n  <\/a>\n<\/li>\n                  <li data-aos=\"fade-up\" data-aos-delay=\"0\">\n  <a href=\"https:\/\/mig-now.com\/en\/conteudos\/press\/software-subscriptions-and-the-evolution-of-business-models\/\" class=\"dd-m-card-posts vertical\">\n    <figure class=\"dd-m-card-posts__figure\">\n      <img decoding=\"async\" src=\"https:\/\/mig-now.com\/wp-content\/uploads\/Prancheta_1_copia_111-1.png\" alt=\"\">\n    <\/figure>\n\n    <div class=\"dd-m-card-posts__wrapper\">\n      <i class=\"icon-news\"><\/i>\n\n      <div class=\"dd-m-card-posts__content\">\n        <div class=\"dd-m-card-posts__infos\">\n          <h5 class=\"dd-m-card-posts__title\">\n            <span>Drogaria Pague Menos avan\u00e7a com apoio da Mignow<\/span>\n          <\/h5>\n\n                      Parceria estrat\u00e9gica com a Mignow viabiliza a migra\u00e7\u00e3o para o SAP S\/4 HANA, aprimorando a efici\u00eancia operacional e reduzindo custos.                  <\/div>\n\n        <span class=\"dd-m-card-posts__button dd-a-button dd-a-button--dark\" role=\"button\">\n          <i class=\"icon-longarrow-right\"><\/i>\n        <\/span>\n      <\/div>\n    <\/div>\n  <\/a>\n<\/li>\n                  <li data-aos=\"fade-up\" data-aos-delay=\"0\">\n  <a href=\"https:\/\/mig-now.com\/en\/conteudos\/press\/software-subscriptions-and-the-evolution-of-business-models\/\" class=\"dd-m-card-posts vertical\">\n    <figure class=\"dd-m-card-posts__figure\">\n      <img decoding=\"async\" src=\"https:\/\/mig-now.com\/wp-content\/uploads\/Prancheta_1_copia_141-1.png\" alt=\"\">\n    <\/figure>\n\n    <div class=\"dd-m-card-posts__wrapper\">\n      <i class=\"icon-news\"><\/i>\n\n      <div class=\"dd-m-card-posts__content\">\n        <div class=\"dd-m-card-posts__infos\">\n          <h5 class=\"dd-m-card-posts__title\">\n            <span>Entendendo o SAP: Descubra as camadas e a estrutura do sistema operacional l\u00edder<\/span>\n          <\/h5>\n\n                      O S\/4HANA \u00e9 a evolu\u00e7\u00e3o natural do sistema de gest\u00e3o empresarial ERP da\u00a0SAP, substituindo a vers\u00e3o anterior, o ECC, que ser\u00e1 descontinuado                  <\/div>\n\n        <span class=\"dd-m-card-posts__button dd-a-button dd-a-button--dark\" role=\"button\">\n          <i class=\"icon-longarrow-right\"><\/i>\n        <\/span>\n      <\/div>\n    <\/div>\n  <\/a>\n<\/li>\n                  <li data-aos=\"fade-up\" data-aos-delay=\"0\">\n  <a href=\"https:\/\/mig-now.com\/en\/conteudos\/press\/software-subscriptions-and-the-evolution-of-business-models\/\" class=\"dd-m-card-posts vertical\">\n    <figure class=\"dd-m-card-posts__figure\">\n      <img decoding=\"async\" src=\"https:\/\/mig-now.com\/wp-content\/uploads\/Prancheta_1_copia_51-1.png\" alt=\"\">\n    <\/figure>\n\n    <div class=\"dd-m-card-posts__wrapper\">\n      <i class=\"icon-news\"><\/i>\n\n      <div class=\"dd-m-card-posts__content\">\n        <div class=\"dd-m-card-posts__infos\">\n          <h5 class=\"dd-m-card-posts__title\">\n            <span>Por que a migra\u00e7\u00e3o do SAP \u00e9 crucial para o futuro das empresas?<\/span>\n          <\/h5>\n\n                      Com o fim do SAP ECC em 2027 se aproximando, empresas de todos os tamanhos precisam agir rapidamente para atualizar seus sistemas e garantir competitividade no mercado. Esperar pode significar ficar para tr\u00e1s em rela\u00e7\u00e3o aos concorrentes.                  <\/div>\n\n        <span class=\"dd-m-card-posts__button dd-a-button dd-a-button--dark\" role=\"button\">\n          <i class=\"icon-longarrow-right\"><\/i>\n        <\/span>\n      <\/div>\n    <\/div>\n  <\/a>\n<\/li>\n                  <li data-aos=\"fade-up\" data-aos-delay=\"0\">\n  <a href=\"https:\/\/mig-now.com\/en\/conteudos\/press\/sca-mignow-aws-sap\/\" class=\"dd-m-card-posts vertical\">\n    <figure class=\"dd-m-card-posts__figure\">\n      <img decoding=\"async\" src=\"https:\/\/mig-now.com\/wp-content\/uploads\/Adesa\u0303o-ao-SAP-Fiori-e-SAP-BTP-com-IASimplifica-Processos-Empresariais_miniatura-235x300-1.png\" alt=\"\">\n    <\/figure>\n\n    <div class=\"dd-m-card-posts__wrapper\">\n      <i class=\"icon-message\"><\/i>\n\n      <div class=\"dd-m-card-posts__content\">\n        <div class=\"dd-m-card-posts__infos\">\n          <h5 class=\"dd-m-card-posts__title\">\n            <span>MIGNOW anuncia acordo de colabora\u00e7\u00e3o estrat\u00e9gica com a AWS para revolucionar as atualiza\u00e7\u00f5es de software SAP por meio de IA<\/span>\n          <\/h5>\n\n                      MIGNOW anuncia acordo de colabora\u00e7\u00e3o estrat\u00e9gica com a AWS para revolucionar as atualiza\u00e7\u00f5es de software SAP por meio de IAS\u00e3o Paulo, SP &#8211; 25 de junho de 2024 \u2013 A MIGNOW, fornecedora l\u00edder de solu\u00e7\u00f5es de migra\u00e7\u00e3o de software orientadas por IA, anunciou em junho a assinatura de um Acordo de Colabora\u00e7\u00e3o Estrat\u00e9gica (SCA) com [&hellip;]                  <\/div>\n\n        <span class=\"dd-m-card-posts__button dd-a-button dd-a-button--dark\" role=\"button\">\n          <i class=\"icon-longarrow-right\"><\/i>\n        <\/span>\n      <\/div>\n    <\/div>\n  <\/a>\n<\/li>\n                  <\/ul>\n\n        <button class=\"dd-a-button-load\" data-loading type=\"button\" data-perpage=\"9\" data-category=\"7\" data-page=\"1\" data-action=\"more_post_ajax\">\n      <i class=\"icon-refresh\"><\/i>\n    <\/button>\n      <\/div>\n<\/section>\n","protected":false},"excerpt":{"rendered":"<p>Here is the place where we share content thinking about the evolution of their strategies.<\/p>","protected":false},"author":20,"featured_media":0,"parent":40,"menu_order":0,"comment_status":"closed","ping_status":"closed","template":"","meta":{"_acf_changed":false,"footnotes":""},"class_list":["post-525","page","type-page","status-publish","hentry"],"acf":[],"yoast_head":"<!-- This site is optimized with the Yoast SEO plugin v27.2 - https:\/\/yoast.com\/product\/yoast-seo-wordpress\/ -->\n<title>Press - MIGNOW<\/title>\n<meta name=\"robots\" content=\"index, follow, max-snippet:-1, max-image-preview:large, max-video-preview:-1\" \/>\n<link rel=\"canonical\" href=\"https:\/\/mig-now.com\/en\/contents\/press\/\" \/>\n<meta property=\"og:locale\" content=\"en_US\" \/>\n<meta property=\"og:type\" content=\"article\" \/>\n<meta property=\"og:title\" content=\"Press - MIGNOW\" \/>\n<meta property=\"og:description\" content=\"Aqui \u00e9 o lugar onde compartilhamos conte\u00fadospensando na evolu\u00e7\u00e3o das suas estrat\u00e9gias.\" \/>\n<meta property=\"og:url\" content=\"https:\/\/mig-now.com\/en\/contents\/press\/\" \/>\n<meta property=\"og:site_name\" content=\"MIGNOW\" \/>\n<meta property=\"article:publisher\" content=\"https:\/\/www.facebook.com\/MIGNOW-115950623606393\" \/>\n<meta property=\"article:modified_time\" content=\"2022-07-07T19:33:18+00:00\" \/>\n<meta property=\"og:image\" content=\"https:\/\/mig-now.com\/wp-content\/uploads\/share.png\" \/>\n\t<meta property=\"og:image:width\" content=\"1200\" \/>\n\t<meta property=\"og:image:height\" content=\"628\" \/>\n\t<meta property=\"og:image:type\" content=\"image\/png\" \/>\n<meta name=\"twitter:card\" content=\"summary_large_image\" \/>\n<meta name=\"twitter:label1\" content=\"Est. reading time\" \/>\n\t<meta name=\"twitter:data1\" content=\"1 minute\" \/>\n<script type=\"application\/ld+json\" class=\"yoast-schema-graph\">{\"@context\":\"https:\/\/schema.org\",\"@graph\":[{\"@type\":\"WebPage\",\"@id\":\"https:\/\/mig-now.com\/conteudos\/press\/\",\"url\":\"https:\/\/mig-now.com\/conteudos\/press\/\",\"name\":\"Press - MIGNOW\",\"isPartOf\":{\"@id\":\"https:\/\/mig-now.com\/#website\"},\"datePublished\":\"2021-02-15T13:16:35+00:00\",\"dateModified\":\"2022-07-07T19:33:18+00:00\",\"breadcrumb\":{\"@id\":\"https:\/\/mig-now.com\/conteudos\/press\/#breadcrumb\"},\"inLanguage\":\"en-US\",\"potentialAction\":[{\"@type\":\"ReadAction\",\"target\":[\"https:\/\/mig-now.com\/conteudos\/press\/\"]}]},{\"@type\":\"BreadcrumbList\",\"@id\":\"https:\/\/mig-now.com\/conteudos\/press\/#breadcrumb\",\"itemListElement\":[{\"@type\":\"ListItem\",\"position\":1,\"name\":\"In\u00edcio\",\"item\":\"https:\/\/mig-now.com\/\"},{\"@type\":\"ListItem\",\"position\":2,\"name\":\"Conte\u00fados\",\"item\":\"https:\/\/mig-now.com\/conteudos\/\"},{\"@type\":\"ListItem\",\"position\":3,\"name\":\"Press\"}]},{\"@type\":\"WebSite\",\"@id\":\"https:\/\/mig-now.com\/#website\",\"url\":\"https:\/\/mig-now.com\/\",\"name\":\"MIGNOW\",\"description\":\"Convers\u00e3o automatizada do SAP ECC para o SAP S\/4HANA.\",\"publisher\":{\"@id\":\"https:\/\/mig-now.com\/#organization\"},\"potentialAction\":[{\"@type\":\"SearchAction\",\"target\":{\"@type\":\"EntryPoint\",\"urlTemplate\":\"https:\/\/mig-now.com\/?s={search_term_string}\"},\"query-input\":{\"@type\":\"PropertyValueSpecification\",\"valueRequired\":true,\"valueName\":\"search_term_string\"}}],\"inLanguage\":\"en-US\"},{\"@type\":\"Organization\",\"@id\":\"https:\/\/mig-now.com\/#organization\",\"name\":\"mignow\",\"url\":\"https:\/\/mig-now.com\/\",\"logo\":{\"@type\":\"ImageObject\",\"inLanguage\":\"en-US\",\"@id\":\"https:\/\/mig-now.com\/#\/schema\/logo\/image\/\",\"url\":\"https:\/\/mig-now.com\/wp-content\/uploads\/Mignow-03.png\",\"contentUrl\":\"https:\/\/mig-now.com\/wp-content\/uploads\/Mignow-03.png\",\"width\":4728,\"height\":1646,\"caption\":\"mignow\"},\"image\":{\"@id\":\"https:\/\/mig-now.com\/#\/schema\/logo\/image\/\"},\"sameAs\":[\"https:\/\/www.facebook.com\/MIGNOW-115950623606393\",\"https:\/\/www.instagram.com\/mig_now\/\",\"https:\/\/www.linkedin.com\/company\/65868910\/admin\/\",\"https:\/\/www.youtube.com\/channel\/UCh1QRa8dGxBPnqIoy6NReeA\"]}]}<\/script>\n<!-- \/ Yoast SEO plugin. -->","yoast_head_json":{"title":"Press - MIGNOW","robots":{"index":"index","follow":"follow","max-snippet":"max-snippet:-1","max-image-preview":"max-image-preview:large","max-video-preview":"max-video-preview:-1"},"canonical":"https:\/\/mig-now.com\/en\/contents\/press\/","og_locale":"en_US","og_type":"article","og_title":"Press - MIGNOW","og_description":"Aqui \u00e9 o lugar onde compartilhamos conte\u00fadospensando na evolu\u00e7\u00e3o das suas estrat\u00e9gias.","og_url":"https:\/\/mig-now.com\/en\/contents\/press\/","og_site_name":"MIGNOW","article_publisher":"https:\/\/www.facebook.com\/MIGNOW-115950623606393","article_modified_time":"2022-07-07T19:33:18+00:00","og_image":[{"width":1200,"height":628,"url":"https:\/\/mig-now.com\/wp-content\/uploads\/share.png","type":"image\/png"}],"twitter_card":"summary_large_image","twitter_misc":{"Est. reading time":"1 minute"},"schema":{"@context":"https:\/\/schema.org","@graph":[{"@type":"WebPage","@id":"https:\/\/mig-now.com\/conteudos\/press\/","url":"https:\/\/mig-now.com\/conteudos\/press\/","name":"Press - MIGNOW","isPartOf":{"@id":"https:\/\/mig-now.com\/#website"},"datePublished":"2021-02-15T13:16:35+00:00","dateModified":"2022-07-07T19:33:18+00:00","breadcrumb":{"@id":"https:\/\/mig-now.com\/conteudos\/press\/#breadcrumb"},"inLanguage":"en-US","potentialAction":[{"@type":"ReadAction","target":["https:\/\/mig-now.com\/conteudos\/press\/"]}]},{"@type":"BreadcrumbList","@id":"https:\/\/mig-now.com\/conteudos\/press\/#breadcrumb","itemListElement":[{"@type":"ListItem","position":1,"name":"In\u00edcio","item":"https:\/\/mig-now.com\/"},{"@type":"ListItem","position":2,"name":"Conte\u00fados","item":"https:\/\/mig-now.com\/conteudos\/"},{"@type":"ListItem","position":3,"name":"Press"}]},{"@type":"WebSite","@id":"https:\/\/mig-now.com\/#website","url":"https:\/\/mig-now.com\/","name":"MIGNOW","description":"Automated conversion from SAP ECC to SAP S\/4HANA.","publisher":{"@id":"https:\/\/mig-now.com\/#organization"},"potentialAction":[{"@type":"SearchAction","target":{"@type":"EntryPoint","urlTemplate":"https:\/\/mig-now.com\/?s={search_term_string}"},"query-input":{"@type":"PropertyValueSpecification","valueRequired":true,"valueName":"search_term_string"}}],"inLanguage":"en-US"},{"@type":"Organization","@id":"https:\/\/mig-now.com\/#organization","name":"mignow","url":"https:\/\/mig-now.com\/","logo":{"@type":"ImageObject","inLanguage":"en-US","@id":"https:\/\/mig-now.com\/#\/schema\/logo\/image\/","url":"https:\/\/mig-now.com\/wp-content\/uploads\/Mignow-03.png","contentUrl":"https:\/\/mig-now.com\/wp-content\/uploads\/Mignow-03.png","width":4728,"height":1646,"caption":"mignow"},"image":{"@id":"https:\/\/mig-now.com\/#\/schema\/logo\/image\/"},"sameAs":["https:\/\/www.facebook.com\/MIGNOW-115950623606393","https:\/\/www.instagram.com\/mig_now\/","https:\/\/www.linkedin.com\/company\/65868910\/admin\/","https:\/\/www.youtube.com\/channel\/UCh1QRa8dGxBPnqIoy6NReeA"]}]}},"_links":{"self":[{"href":"https:\/\/mig-now.com\/en\/wp-json\/wp\/v2\/pages\/525","targetHints":{"allow":["GET"]}}],"collection":[{"href":"https:\/\/mig-now.com\/en\/wp-json\/wp\/v2\/pages"}],"about":[{"href":"https:\/\/mig-now.com\/en\/wp-json\/wp\/v2\/types\/page"}],"author":[{"embeddable":true,"href":"https:\/\/mig-now.com\/en\/wp-json\/wp\/v2\/users\/20"}],"replies":[{"embeddable":true,"href":"https:\/\/mig-now.com\/en\/wp-json\/wp\/v2\/comments?post=525"}],"version-history":[{"count":0,"href":"https:\/\/mig-now.com\/en\/wp-json\/wp\/v2\/pages\/525\/revisions"}],"up":[{"embeddable":true,"href":"https:\/\/mig-now.com\/en\/wp-json\/wp\/v2\/pages\/40"}],"wp:attachment":[{"href":"https:\/\/mig-now.com\/en\/wp-json\/wp\/v2\/media?parent=525"}],"curies":[{"name":"wp","href":"https:\/\/api.w.org\/{rel}","templated":true}]}}