{"id":528,"date":"2021-02-15T11:21:36","date_gmt":"2021-02-15T13:21:36","guid":{"rendered":"https:\/\/mig-now.com\/?page_id=528"},"modified":"2022-07-07T16:19:39","modified_gmt":"2022-07-07T19:19:39","slug":"blog","status":"publish","type":"page","link":"https:\/\/mig-now.com\/en\/contents\/blog\/","title":{"rendered":"Blog"},"content":{"rendered":"<section class=\"dd-o-carousel dd-o-carousel-full\">\n  <div class=\"dd-o-carousel__wrapper\">\n    <div class=\"dd-o-carousel-full__item\">\n      <figure class=\"dd-o-carousel-full__item__figure\">\n                  <picture>\n            <source media=\"(min-width: 768px)\" srcset=\"https:\/\/mig-now.com\/wp-content\/uploads\/banner_conteudos.png\">\n            <img decoding=\"async\" fetchpriority=\"high\" src=\"https:\/\/mig-now.com\/wp-content\/uploads\/Banner_Conteudos_mobile.png\" alt=\"\">\n          <\/picture>\n            \n        <figcaption class=\"dd-o-carousel-full__item__caption\">\n          \n          <h1 class=\"dd-o-carousel-full__item__caption__title\">See our<br \/>\r\nlast<br \/>\r\ncontents.<\/h1>\n          \n                      <a href=\"#vamosla\" class=\"dd-a-button dd-a-button--lg dd-a-button--outlined dd-a-button--light\">\n              <span>Come on<\/span>\n              <i class=\"icon-longarrow-right\"><\/i>\n            <\/a>\n                  <\/figcaption>\n      <\/figure>\n    <\/div>\n  <\/div>\n\n  <i class=\"icon-mouse\" data-aos=\"fade-up\" data-offset=\"0\" data-aos-anchor-placement=\"bottom-bottom\"><\/i>\n<\/section>\n\n\n<h4 class=\"has-text-align-center wp-block-heading\" id=\"vamosla\">This is where we share content<br>thinking about the evolution of your strategies.<\/h4>\n\n\n\n  \n<nav class=\"dd-o-nav dd-o-nav-children\">\n  <div class=\"dd-o-nav__wrapper\">\n          <a href=\"https:\/\/mig-now.com\/en\/contents\/blog\/#vamosla\" class=\"dd-o-nav-children__item is-current\">\n        <i class=\"icon-pencil\"><\/i>\n        Blog      <\/a>\n          <a href=\"https:\/\/mig-now.com\/en\/contents\/press\/#vamosla\" class=\"dd-o-nav-children__item\">\n        <i class=\"icon-message\"><\/i>\n        Press      <\/a>\n          <a href=\"https:\/\/mig-now.com\/en\/contents\/news\/#vamosla\" class=\"dd-o-nav-children__item\">\n        <i class=\"icon-news\"><\/i>\n        News      <\/a>\n    \n    <a href=\"https:\/\/mig-now.com\/en\/contents\/#vamosla\" class=\"dd-o-nav-children__item\">\n      All contents    <\/a>\n  <\/div>\n<\/nav>\n\n\n  \n<section class=\"dd-o-section dd-o-list dd-o-list-posts vertical\">\n  <div class=\"dd-o-section__wrapper\">\n    <ul class=\"response\">\n                        <li data-aos=\"fade-up\" data-aos-delay=\"0\">\n  <a href=\"https:\/\/mig-now.com\/en\/conteudos\/blog\/biggest-secrets-sap-migration-to-the-cloud\/\" class=\"dd-m-card-posts vertical\">\n    <figure class=\"dd-m-card-posts__figure\">\n      <img decoding=\"async\" src=\"https:\/\/mig-now.com\/wp-content\/uploads\/MIGNOW-whitepaper_miniatura.png\" alt=\"\">\n    <\/figure>\n\n    <div class=\"dd-m-card-posts__wrapper\">\n      <i class=\"icon-pencil\"><\/i>\n\n      <div class=\"dd-m-card-posts__content\">\n        <div class=\"dd-m-card-posts__infos\">\n          <h5 class=\"dd-m-card-posts__title\">\n            <span>SAP Cloud and the Transition to RISE with SAP<\/span>\n          <\/h5>\n\n                      If you've come this far, it means you're interested in SAP migration to the cloud, right? But do you already know what it takes to turn your cloud conversion process into a successful project?                  <\/div>\n\n        <span class=\"dd-m-card-posts__button dd-a-button dd-a-button--dark\" role=\"button\">\n          <i class=\"icon-longarrow-right\"><\/i>\n        <\/span>\n      <\/div>\n    <\/div>\n  <\/a>\n<\/li>\n                  <li data-aos=\"fade-up\" data-aos-delay=\"0\">\n  <a href=\"https:\/\/mig-now.com\/en\/conteudos\/blog\/joule-the-ai-revolution-for-businesses-2\/\" class=\"dd-m-card-posts vertical\">\n    <figure class=\"dd-m-card-posts__figure\">\n      <img decoding=\"async\" src=\"https:\/\/mig-now.com\/wp-content\/uploads\/Joule_miniatura-1.png\" alt=\"\">\n    <\/figure>\n\n    <div class=\"dd-m-card-posts__wrapper\">\n      <i class=\"icon-pencil\"><\/i>\n\n      <div class=\"dd-m-card-posts__content\">\n        <div class=\"dd-m-card-posts__infos\">\n          <h5 class=\"dd-m-card-posts__title\">\n            <span>SAP AI: Joule and the Future of ERP Technology<\/span>\n          <\/h5>\n\n                      Do you know how SAP AI, Joule is going to bring the future of ERP experience. In this post we talk about how this is already happening.                  <\/div>\n\n        <span class=\"dd-m-card-posts__button dd-a-button dd-a-button--dark\" role=\"button\">\n          <i class=\"icon-longarrow-right\"><\/i>\n        <\/span>\n      <\/div>\n    <\/div>\n  <\/a>\n<\/li>\n                  <li data-aos=\"fade-up\" data-aos-delay=\"0\">\n  <a href=\"https:\/\/mig-now.com\/en\/conteudos\/blog\/tecnologia\/traditional-conversion-vs-software-conversion-differences\/\" class=\"dd-m-card-posts vertical\">\n    <figure class=\"dd-m-card-posts__figure\">\n      <img decoding=\"async\" src=\"https:\/\/mig-now.com\/wp-content\/uploads\/Tradicional-vs-software_miniatura.png\" alt=\"\">\n    <\/figure>\n\n    <div class=\"dd-m-card-posts__wrapper\">\n      <i class=\"icon-pencil\"><\/i>\n\n      <div class=\"dd-m-card-posts__content\">\n        <div class=\"dd-m-card-posts__infos\">\n          <h5 class=\"dd-m-card-posts__title\">\n            <span>Traditional Conversion vs. Conversion Software: Key Differences\u00a0<\/span>\n          <\/h5>\n\n                      When starting the migration journey to SAP S\/4HANA, companies face a fundamental choice: whether to follow the traditional conversion path or adopt automated conversion software. This decision can have a significant impact on the time, cost, and quality of the project.\u00a0                  <\/div>\n\n        <span class=\"dd-m-card-posts__button dd-a-button dd-a-button--dark\" role=\"button\">\n          <i class=\"icon-longarrow-right\"><\/i>\n        <\/span>\n      <\/div>\n    <\/div>\n  <\/a>\n<\/li>\n                  <li data-aos=\"fade-up\" data-aos-delay=\"0\">\n  <a href=\"https:\/\/mig-now.com\/en\/conteudos\/uncategorized\/new-frontier-marked-by-sap-ia-and-the-game-of-the-present\/\" class=\"dd-m-card-posts vertical\">\n    <figure class=\"dd-m-card-posts__figure\">\n      <img decoding=\"async\" src=\"https:\/\/mig-now.com\/wp-content\/uploads\/nova-fronteira_miniatura-1.png\" alt=\"\">\n    <\/figure>\n\n    <div class=\"dd-m-card-posts__wrapper\">\n      <i class=\"icon-pencil\"><\/i>\n\n      <div class=\"dd-m-card-posts__content\">\n        <div class=\"dd-m-card-posts__infos\">\n          <h5 class=\"dd-m-card-posts__title\">\n            <span>SAP Marks New Frontier: AI is the Game of the Present\u00a0<\/span>\n          <\/h5>\n\n                      Artificial Intelligence (AI) is no longer a futuristic vision. Today, it is the frontier that is transforming the present and shaping the future of business, especially when combined with the power of SAP S\/4HANA. Large corporations are already achieving amazing results by integrating AI into their processes, reaching new levels of efficiency, innovation and competitiveness.                  <\/div>\n\n        <span class=\"dd-m-card-posts__button dd-a-button dd-a-button--dark\" role=\"button\">\n          <i class=\"icon-longarrow-right\"><\/i>\n        <\/span>\n      <\/div>\n    <\/div>\n  <\/a>\n<\/li>\n                  <li data-aos=\"fade-up\" data-aos-delay=\"0\">\n  <a href=\"https:\/\/mig-now.com\/en\/conteudos\/uncategorized\/reasons_to_migrate\/\" class=\"dd-m-card-posts vertical\">\n    <figure class=\"dd-m-card-posts__figure\">\n      <img decoding=\"async\" src=\"https:\/\/mig-now.com\/wp-content\/uploads\/10-razoes-para-migrar_miniatura.png\" alt=\"\">\n    <\/figure>\n\n    <div class=\"dd-m-card-posts__wrapper\">\n      <i class=\"icon-pencil\"><\/i>\n\n      <div class=\"dd-m-card-posts__content\">\n        <div class=\"dd-m-card-posts__infos\">\n          <h5 class=\"dd-m-card-posts__title\">\n            <span>SAP\u2019s Quantum Leap: 10 Reasons to Migrate to S\/4HANA Now\u00a0<\/span>\n          <\/h5>\n\n                      SAP S\/4HANA is revolutionizing businesses by offering a transformative leap forward. With SAP ECC support ending in 2027, migration is essential to ensure operations remain secure and efficient. Let\u2019s explore the key reasons for making this shift and how it can positively impact your business.\u00a0\u00a0                  <\/div>\n\n        <span class=\"dd-m-card-posts__button dd-a-button dd-a-button--dark\" role=\"button\">\n          <i class=\"icon-longarrow-right\"><\/i>\n        <\/span>\n      <\/div>\n    <\/div>\n  <\/a>\n<\/li>\n                  <li data-aos=\"fade-up\" data-aos-delay=\"0\">\n  <a href=\"https:\/\/mig-now.com\/en\/conteudos\/blog\/new-big-bang-was-redefining-sap-s-4hana\/\" class=\"dd-m-card-posts vertical\">\n    <figure class=\"dd-m-card-posts__figure\">\n      <img decoding=\"async\" src=\"https:\/\/mig-now.com\/wp-content\/uploads\/Group-9.png\" alt=\"\">\n    <\/figure>\n\n    <div class=\"dd-m-card-posts__wrapper\">\n      <i class=\"icon-pencil\"><\/i>\n\n      <div class=\"dd-m-card-posts__content\">\n        <div class=\"dd-m-card-posts__infos\">\n          <h5 class=\"dd-m-card-posts__title\">\n            <span>A New Big Bang: AI is Redefining SAP S\/4HANA<\/span>\n          <\/h5>\n\n                      The combination of Artificial Intelligence (AI) and SAP S\/4HANA is bringing about a revolutionary transformation in business. Just as the Big Bang gave birth to the universe, this integration marks the beginning of a new era in business management. SAP, widely adopted by the world\u2019s largest companies, now uses AI to power operations, optimize processes, and provide real-time insights. Companies that adapt to this revolution will be at the forefront of the global innovation landscape.                  <\/div>\n\n        <span class=\"dd-m-card-posts__button dd-a-button dd-a-button--dark\" role=\"button\">\n          <i class=\"icon-longarrow-right\"><\/i>\n        <\/span>\n      <\/div>\n    <\/div>\n  <\/a>\n<\/li>\n                  <li data-aos=\"fade-up\" data-aos-delay=\"0\">\n  <a href=\"https:\/\/mig-now.com\/en\/conteudos\/blog\/end-sap-enterprise-support\/\" class=\"dd-m-card-posts vertical\">\n    <figure class=\"dd-m-card-posts__figure\">\n      <img decoding=\"async\" src=\"https:\/\/mig-now.com\/wp-content\/uploads\/End-of-SAP-Enterprise-Support-for-ECC_miniatura.png\" alt=\"\">\n    <\/figure>\n\n    <div class=\"dd-m-card-posts__wrapper\">\n      <i class=\"icon-pencil\"><\/i>\n\n      <div class=\"dd-m-card-posts__content\">\n        <div class=\"dd-m-card-posts__infos\">\n          <h5 class=\"dd-m-card-posts__title\">\n            <span>The end of SAP Enterprise Support for ECC affects your company more than you can imagine<\/span>\n          <\/h5>\n\n                      Learn more about the end of SAP Enterprise Support for ECC, its importance, and the opportunities SAP offers through it.                  <\/div>\n\n        <span class=\"dd-m-card-posts__button dd-a-button dd-a-button--dark\" role=\"button\">\n          <i class=\"icon-longarrow-right\"><\/i>\n        <\/span>\n      <\/div>\n    <\/div>\n  <\/a>\n<\/li>\n                  <li data-aos=\"fade-up\" data-aos-delay=\"0\">\n  <a href=\"https:\/\/mig-now.com\/en\/conteudos\/blog\/sap-s4hana-with-artificial-intelligence\/\" class=\"dd-m-card-posts vertical\">\n    <figure class=\"dd-m-card-posts__figure\">\n      <img decoding=\"async\" src=\"https:\/\/mig-now.com\/wp-content\/uploads\/News_MIG-nas-midias_miniatura_3.png\" alt=\"\">\n    <\/figure>\n\n    <div class=\"dd-m-card-posts__wrapper\">\n      <i class=\"icon-news\"><\/i>\n\n      <div class=\"dd-m-card-posts__content\">\n        <div class=\"dd-m-card-posts__infos\">\n          <h5 class=\"dd-m-card-posts__title\">\n            <span>Discover the Software that is revolutionizing the migration from SAP ECC to SAP S\/4HANA with Artificial Intelligence<\/span>\n          <\/h5>\n\n                      Global leader in conversions and upgrades to SAP S\/4HANA with Artificial Intelligence, offering simplified and agile solutions for the digital transformation of companies.                  <\/div>\n\n        <span class=\"dd-m-card-posts__button dd-a-button dd-a-button--dark\" role=\"button\">\n          <i class=\"icon-longarrow-right\"><\/i>\n        <\/span>\n      <\/div>\n    <\/div>\n  <\/a>\n<\/li>\n                  <li data-aos=\"fade-up\" data-aos-delay=\"0\">\n  <a href=\"https:\/\/mig-now.com\/en\/conteudos\/blog\/o-s4hana-is-responsible-for-applying-latest-technologies\/\" class=\"dd-m-card-posts vertical\">\n    <figure class=\"dd-m-card-posts__figure\">\n      <img decoding=\"async\" src=\"https:\/\/mig-now.com\/wp-content\/uploads\/Como-o-S4HANA-e-responsavel_miniatura.png\" alt=\"\">\n    <\/figure>\n\n    <div class=\"dd-m-card-posts__wrapper\">\n      <i class=\"icon-news\"><\/i>\n\n      <div class=\"dd-m-card-posts__content\">\n        <div class=\"dd-m-card-posts__infos\">\n          <h5 class=\"dd-m-card-posts__title\">\n            <span>Discover S\/4HANA opportunities for companies in the Retail sector\u00a0<\/span>\n          <\/h5>\n\n                      Technology is playing a key role in transforming the retail industry, driving operational efficiency, improving the customer experience and providing valuable insights for strategic decision-making.                  <\/div>\n\n        <span class=\"dd-m-card-posts__button dd-a-button dd-a-button--dark\" role=\"button\">\n          <i class=\"icon-longarrow-right\"><\/i>\n        <\/span>\n      <\/div>\n    <\/div>\n  <\/a>\n<\/li>\n                  <\/ul>\n\n        <button class=\"dd-a-button-load\" data-loading type=\"button\" data-perpage=\"9\" data-category=\"8\" data-page=\"1\" data-action=\"more_post_ajax\">\n      <i class=\"icon-refresh\"><\/i>\n    <\/button>\n      <\/div>\n<\/section>","protected":false},"excerpt":{"rendered":"<p>Here is the place where we share content thinking about the evolution of their strategies.<\/p>","protected":false},"author":20,"featured_media":0,"parent":40,"menu_order":0,"comment_status":"closed","ping_status":"closed","template":"","meta":{"_acf_changed":false,"footnotes":""},"class_list":["post-528","page","type-page","status-publish","hentry"],"acf":[],"yoast_head":"<!-- This site is optimized with the Yoast SEO plugin v27.4 - https:\/\/yoast.com\/product\/yoast-seo-wordpress\/ -->\n<title>Blog - MIGNOW<\/title>\n<meta name=\"robots\" content=\"index, follow, max-snippet:-1, max-image-preview:large, max-video-preview:-1\" \/>\n<link rel=\"canonical\" href=\"https:\/\/mig-now.com\/en\/contents\/blog\/\" \/>\n<meta property=\"og:locale\" content=\"en_US\" \/>\n<meta property=\"og:type\" content=\"article\" \/>\n<meta property=\"og:title\" content=\"Blog - MIGNOW\" \/>\n<meta property=\"og:description\" content=\"Aqui \u00e9 o lugar onde compartilhamos conte\u00fadospensando na evolu\u00e7\u00e3o das suas estrat\u00e9gias.\" \/>\n<meta property=\"og:url\" content=\"https:\/\/mig-now.com\/en\/contents\/blog\/\" \/>\n<meta property=\"og:site_name\" content=\"MIGNOW\" \/>\n<meta property=\"article:publisher\" content=\"https:\/\/www.facebook.com\/MIGNOW-115950623606393\" \/>\n<meta property=\"article:modified_time\" content=\"2022-07-07T19:19:39+00:00\" \/>\n<meta property=\"og:image\" content=\"https:\/\/mig-now.com\/wp-content\/uploads\/share.png\" \/>\n\t<meta property=\"og:image:width\" content=\"1200\" \/>\n\t<meta property=\"og:image:height\" content=\"628\" \/>\n\t<meta property=\"og:image:type\" content=\"image\/png\" \/>\n<meta name=\"twitter:card\" content=\"summary_large_image\" \/>\n<meta name=\"twitter:label1\" content=\"Est. reading time\" \/>\n\t<meta name=\"twitter:data1\" content=\"1 minute\" \/>\n<script type=\"application\/ld+json\" class=\"yoast-schema-graph\">{\"@context\":\"https:\\\/\\\/schema.org\",\"@graph\":[{\"@type\":\"WebPage\",\"@id\":\"https:\\\/\\\/mig-now.com\\\/conteudos\\\/blog\\\/\",\"url\":\"https:\\\/\\\/mig-now.com\\\/conteudos\\\/blog\\\/\",\"name\":\"Blog - MIGNOW\",\"isPartOf\":{\"@id\":\"https:\\\/\\\/mig-now.com\\\/#website\"},\"datePublished\":\"2021-02-15T13:21:36+00:00\",\"dateModified\":\"2022-07-07T19:19:39+00:00\",\"breadcrumb\":{\"@id\":\"https:\\\/\\\/mig-now.com\\\/conteudos\\\/blog\\\/#breadcrumb\"},\"inLanguage\":\"en-US\",\"potentialAction\":[{\"@type\":\"ReadAction\",\"target\":[\"https:\\\/\\\/mig-now.com\\\/conteudos\\\/blog\\\/\"]}]},{\"@type\":\"BreadcrumbList\",\"@id\":\"https:\\\/\\\/mig-now.com\\\/conteudos\\\/blog\\\/#breadcrumb\",\"itemListElement\":[{\"@type\":\"ListItem\",\"position\":1,\"name\":\"In\u00edcio\",\"item\":\"https:\\\/\\\/mig-now.com\\\/\"},{\"@type\":\"ListItem\",\"position\":2,\"name\":\"Conte\u00fados\",\"item\":\"https:\\\/\\\/mig-now.com\\\/conteudos\\\/\"},{\"@type\":\"ListItem\",\"position\":3,\"name\":\"Blog\"}]},{\"@type\":\"WebSite\",\"@id\":\"https:\\\/\\\/mig-now.com\\\/#website\",\"url\":\"https:\\\/\\\/mig-now.com\\\/\",\"name\":\"MIGNOW\",\"description\":\"Convers\u00e3o automatizada do SAP ECC para o SAP S\\\/4HANA.\",\"publisher\":{\"@id\":\"https:\\\/\\\/mig-now.com\\\/#organization\"},\"potentialAction\":[{\"@type\":\"SearchAction\",\"target\":{\"@type\":\"EntryPoint\",\"urlTemplate\":\"https:\\\/\\\/mig-now.com\\\/?s={search_term_string}\"},\"query-input\":{\"@type\":\"PropertyValueSpecification\",\"valueRequired\":true,\"valueName\":\"search_term_string\"}}],\"inLanguage\":\"en-US\"},{\"@type\":\"Organization\",\"@id\":\"https:\\\/\\\/mig-now.com\\\/#organization\",\"name\":\"mignow\",\"url\":\"https:\\\/\\\/mig-now.com\\\/\",\"logo\":{\"@type\":\"ImageObject\",\"inLanguage\":\"en-US\",\"@id\":\"https:\\\/\\\/mig-now.com\\\/#\\\/schema\\\/logo\\\/image\\\/\",\"url\":\"https:\\\/\\\/mig-now.com\\\/wp-content\\\/uploads\\\/Mignow-03.png\",\"contentUrl\":\"https:\\\/\\\/mig-now.com\\\/wp-content\\\/uploads\\\/Mignow-03.png\",\"width\":4728,\"height\":1646,\"caption\":\"mignow\"},\"image\":{\"@id\":\"https:\\\/\\\/mig-now.com\\\/#\\\/schema\\\/logo\\\/image\\\/\"},\"sameAs\":[\"https:\\\/\\\/www.facebook.com\\\/MIGNOW-115950623606393\",\"https:\\\/\\\/www.instagram.com\\\/mig_now\\\/\",\"https:\\\/\\\/www.linkedin.com\\\/company\\\/65868910\\\/admin\\\/\",\"https:\\\/\\\/www.youtube.com\\\/channel\\\/UCh1QRa8dGxBPnqIoy6NReeA\"]}]}<\/script>\n<!-- \/ Yoast SEO plugin. -->","yoast_head_json":{"title":"Blog - MIGNOW","robots":{"index":"index","follow":"follow","max-snippet":"max-snippet:-1","max-image-preview":"max-image-preview:large","max-video-preview":"max-video-preview:-1"},"canonical":"https:\/\/mig-now.com\/en\/contents\/blog\/","og_locale":"en_US","og_type":"article","og_title":"Blog - MIGNOW","og_description":"Aqui \u00e9 o lugar onde compartilhamos conte\u00fadospensando na evolu\u00e7\u00e3o das suas estrat\u00e9gias.","og_url":"https:\/\/mig-now.com\/en\/contents\/blog\/","og_site_name":"MIGNOW","article_publisher":"https:\/\/www.facebook.com\/MIGNOW-115950623606393","article_modified_time":"2022-07-07T19:19:39+00:00","og_image":[{"width":1200,"height":628,"url":"https:\/\/mig-now.com\/wp-content\/uploads\/share.png","type":"image\/png"}],"twitter_card":"summary_large_image","twitter_misc":{"Est. reading time":"1 minute"},"schema":{"@context":"https:\/\/schema.org","@graph":[{"@type":"WebPage","@id":"https:\/\/mig-now.com\/conteudos\/blog\/","url":"https:\/\/mig-now.com\/conteudos\/blog\/","name":"Blog - MIGNOW","isPartOf":{"@id":"https:\/\/mig-now.com\/#website"},"datePublished":"2021-02-15T13:21:36+00:00","dateModified":"2022-07-07T19:19:39+00:00","breadcrumb":{"@id":"https:\/\/mig-now.com\/conteudos\/blog\/#breadcrumb"},"inLanguage":"en-US","potentialAction":[{"@type":"ReadAction","target":["https:\/\/mig-now.com\/conteudos\/blog\/"]}]},{"@type":"BreadcrumbList","@id":"https:\/\/mig-now.com\/conteudos\/blog\/#breadcrumb","itemListElement":[{"@type":"ListItem","position":1,"name":"In\u00edcio","item":"https:\/\/mig-now.com\/"},{"@type":"ListItem","position":2,"name":"Conte\u00fados","item":"https:\/\/mig-now.com\/conteudos\/"},{"@type":"ListItem","position":3,"name":"Blog"}]},{"@type":"WebSite","@id":"https:\/\/mig-now.com\/#website","url":"https:\/\/mig-now.com\/","name":"MIGNOW","description":"Automated conversion from SAP ECC to SAP S\/4HANA.","publisher":{"@id":"https:\/\/mig-now.com\/#organization"},"potentialAction":[{"@type":"SearchAction","target":{"@type":"EntryPoint","urlTemplate":"https:\/\/mig-now.com\/?s={search_term_string}"},"query-input":{"@type":"PropertyValueSpecification","valueRequired":true,"valueName":"search_term_string"}}],"inLanguage":"en-US"},{"@type":"Organization","@id":"https:\/\/mig-now.com\/#organization","name":"mignow","url":"https:\/\/mig-now.com\/","logo":{"@type":"ImageObject","inLanguage":"en-US","@id":"https:\/\/mig-now.com\/#\/schema\/logo\/image\/","url":"https:\/\/mig-now.com\/wp-content\/uploads\/Mignow-03.png","contentUrl":"https:\/\/mig-now.com\/wp-content\/uploads\/Mignow-03.png","width":4728,"height":1646,"caption":"mignow"},"image":{"@id":"https:\/\/mig-now.com\/#\/schema\/logo\/image\/"},"sameAs":["https:\/\/www.facebook.com\/MIGNOW-115950623606393","https:\/\/www.instagram.com\/mig_now\/","https:\/\/www.linkedin.com\/company\/65868910\/admin\/","https:\/\/www.youtube.com\/channel\/UCh1QRa8dGxBPnqIoy6NReeA"]}]}},"_links":{"self":[{"href":"https:\/\/mig-now.com\/en\/wp-json\/wp\/v2\/pages\/528","targetHints":{"allow":["GET"]}}],"collection":[{"href":"https:\/\/mig-now.com\/en\/wp-json\/wp\/v2\/pages"}],"about":[{"href":"https:\/\/mig-now.com\/en\/wp-json\/wp\/v2\/types\/page"}],"author":[{"embeddable":true,"href":"https:\/\/mig-now.com\/en\/wp-json\/wp\/v2\/users\/20"}],"replies":[{"embeddable":true,"href":"https:\/\/mig-now.com\/en\/wp-json\/wp\/v2\/comments?post=528"}],"version-history":[{"count":0,"href":"https:\/\/mig-now.com\/en\/wp-json\/wp\/v2\/pages\/528\/revisions"}],"up":[{"embeddable":true,"href":"https:\/\/mig-now.com\/en\/wp-json\/wp\/v2\/pages\/40"}],"wp:attachment":[{"href":"https:\/\/mig-now.com\/en\/wp-json\/wp\/v2\/media?parent=528"}],"curies":[{"name":"wp","href":"https:\/\/api.w.org\/{rel}","templated":true}]}}