{"id":13,"date":"2021-01-13T16:30:02","date_gmt":"2021-01-13T18:30:02","guid":{"rendered":"https:\/\/mig-now.com\/?page_id=13"},"modified":"2024-05-09T17:24:07","modified_gmt":"2024-05-09T20:24:07","slug":"mig-conversion","status":"publish","type":"page","link":"https:\/\/mig-now.com\/es\/soluciones\/mig\/","title":{"rendered":"MIG Conversion"},"content":{"rendered":"<section class=\"dd-o-carousel dd-o-carousel-full\">\n  <div class=\"dd-o-carousel__wrapper\">\n    <div class=\"dd-o-carousel-full__item\">\n      <figure class=\"dd-o-carousel-full__item__figure\">\n                  <picture>\n            <source media=\"(min-width: 768px)\" srcset=\"https:\/\/mig-now.com\/wp-content\/uploads\/banner_mig-conversion.png\">\n            <img decoding=\"async\" fetchpriority=\"high\" src=\"https:\/\/mig-now.com\/wp-content\/uploads\/Banner_mig-conversion_mobile.png\" alt=\"Conversi\u00f3n MIG\">\n          <\/picture>\n            \n        <figcaption class=\"dd-o-carousel-full__item__caption\">\n          \n          <h1 class=\"dd-o-carousel-full__item__caption__title translation-block\">El primer software capaz<br> para convertir<br> autom\u00e1ticamente el<br> SAP ECC para<br> SAP S\/4HANA.<\/h1>\n          \n                  <\/figcaption>\n      <\/figure>\n    <\/div>\n  <\/div>\n\n  <i class=\"icon-mouse\" data-aos=\"fade-up\" data-offset=\"0\" data-aos-anchor-placement=\"bottom-bottom\"><\/i>\n<\/section>\n\n\n  <section class=\"dd-o-section dd-o-section-timeline\">\n  <figure class=\"dd-o-section__background\">\n    <picture>\n      <source media=\"(min-width: 768px)\" srcset=\"https:\/\/mig-now.com\/wp-content\/uploads\/mignow_imagem_1_desktop.png\">\n      <img decoding=\"async\" src=\"https:\/\/mig-now.com\/wp-content\/uploads\/mignow_imagem_1_mobile.png\" alt=\"\">\n    <\/picture>\n  <\/figure>\n  \n  <div class=\"dd-o-section__wrapper\">\n    <header class=\"dd-o-section__header\" data-aos=\"fade-up\"\n     data-aos-delay=\"200\">\n      <h2 class=\"dd-o-section__header__title\">Migra ahora.<\/h2>\n      <div class=\"dd-o-section__content\" data-aos=\"fade-up\"\n       data-aos-delay=\"200\">\n        <p class=\"translation-block\">No espere a que llegue la fecha l\u00edmite de soporte empresarial para migrar a<br> SAP S\/4HANA. Entiende c\u00f3mo puede afectarte el fin del plazo:<\/p>\n      <\/div>\n    <\/header>\n\n    <div class=\"dd-o-section__list\">\n      <ol>\n                  <li data-aos=\"fade-up\" data-aos-delay=\"200\">\n            <div class=\"dd-m-card-timeline\">\n  <h4 class=\"dd-m-card-timeline__title\">\/2025<\/h4>\n  <div class=\"dd-m-card-timeline__separator\"><\/div>\n  <div class=\"dd-m-card-timeline__content\">\n    <p>Soporte extendido hasta 2027 o 2030.<\/p>\n  <\/div>\n<\/div>          <\/li>\n                  <li data-aos=\"fade-up\" data-aos-delay=\"300\">\n            <div class=\"dd-m-card-timeline\">\n  <h4 class=\"dd-m-card-timeline__title\">\/2027<\/h4>\n  <div class=\"dd-m-card-timeline__separator\"><\/div>\n  <div class=\"dd-m-card-timeline__content\">\n    <p>SAP proporcionar\u00e1 mantenimiento general hasta finales de 2027 para las aplicaciones principales de SAP Business Suite 7, que incluyen: SAP ERP 6.0, SAP CRM 7.0, SAP Supply Chain Management 7.0, aplicaciones SAP SRM 7.0 y SAP Business Suite con tecnolog\u00eda de SAP HANA.<\/p>\n  <\/div>\n<\/div>          <\/li>\n                  <li data-aos=\"fade-up\" data-aos-delay=\"400\">\n            <div class=\"dd-m-card-timeline\">\n  <h4 class=\"dd-m-card-timeline__title\">\/2030<\/h4>\n  <div class=\"dd-m-card-timeline__separator\"><\/div>\n  <div class=\"dd-m-card-timeline__content\">\n    <p>+ 2% en r\u00e9gimen de mantenimiento. Estar\u00e1 disponible durante tres a\u00f1os, desde principios de 2028 hasta finales de 2030. Este compromiso a largo plazo se aplica a las aplicaciones principales de SAP Business Suite 7 que se encuentran en los tres \u00faltimos paquetes de mejora (EhP) SAP NOTA 2881788.<\/p>\n  <\/div>\n<\/div>          <\/li>\n              <\/ol>\n    <\/div>\n  <\/div>\n<\/section>\n\n\n  <section class=\"dd-o-section dd-o-section-analysis\">\n  <div class=\"dd-o-section__wrapper\">\n    <header class=\"dd-o-section__header\" data-aos=\"fade-up\"\n     data-aos-delay=\"200\">\n      <h2 class=\"dd-o-section__header__title\">Analizando el escenario<\/h2>\n    <\/header>\n\n    <div class=\"dd-o-section__content\" data-aos=\"fade-up\"\n     data-aos-delay=\"200\">\n      <ul class=\"dd-o-section-analysis__data\">\n                  <li>\n            <h4 class=\"dd-o-section-analysis__data__title\">40 mil<\/h4>\n            <div class=\"dd-o-section-analysis__data__content\">\n              <p>Clientes de SAP ECC en todo el mundo.<\/p>\n            <\/div>\n          <\/li>\n                  <li>\n            <h4 class=\"dd-o-section-analysis__data__title\">1200<\/h4>\n            <div class=\"dd-o-section-analysis__data__content\">\n              <p>Clientes de SAP ECC en Brasil.<\/p>\n            <\/div>\n          <\/li>\n                  <li>\n            <h4 class=\"dd-o-section-analysis__data__title\">9 a\u00f1os<\/h4>\n            <div class=\"dd-o-section-analysis__data__content\">\n              <p class=\"translation-block\">para migrar toda la base<br> para SAP S\/4HANA.<\/p>\n            <\/div>\n          <\/li>\n              <\/ul>\n\n      <div class=\"dd-o-section-analysis__content\">\n        <p>\u201c\u00bfQu\u00e9 deber\u00eda pasar para cumplir con este plazo?\u201d<\/p>\n<p class=\"translation-block\"><strong>12 Go Lives<\/strong> todos los d\u00edas en el mundo<\/p>\n<p class=\"translation-block\"><strong>+ de 130 Conversiones<\/strong> por a\u00f1o solo en Brasil<\/p>\n<p class=\"translation-block\"><strong>3 Go Lives<\/strong> cada semana<\/p>\n      <\/div>\n\n      <img decoding=\"async\" class=\"dd-o-section-analysis__image\" src=\"https:\/\/mig-now.com\/wp-content\/uploads\/lupa.png\" alt=\"\">\n    <\/div>\n  <\/div>\n<\/section>\n\n\n  <section class=\"dd-o-section dd-o-section-multipleContent\">\n  <i class=\"icon-separator icon-separator__top\"><\/i>\n\n    <div class=\"dd-o-section__wrapper  default\">\n    <div class=\"dd-o-section-multipleContent__wrapper\">\n      <header class=\"dd-o-section__header\" data-aos=\"fade-up\"\n      data-aos-delay=\"200\">\n        <h2 class=\"dd-o-section__header__title\">\u00bfC\u00f3mo resolver este problema? <br \/>\r\n\u00a1Creando software que convierte autom\u00e1ticamente SAP ECC a SAP S\/4HANA!<\/h2>\n        <div class=\"dd-o-section__content\" data-aos=\"fade-up\"\n        data-aos-delay=\"200\">\n          <p>Utilizar m\u00e9todos de conversi\u00f3n tradicionales ser\u00eda imposible, teniendo en cuenta el tiempo que tardan los consultores en realizar una migraci\u00f3n. Por ello, creamos un software capaz de analizar la base de datos de cada cliente y automatizar los pasos de conversi\u00f3n utilizando herramientas de Inteligencia Artificial.<\/p>\n        <\/div>\n              <\/header>\n    <\/div>\n\n    <div class=\"dd-o-section-multipleContent__figure\" data-aos=\"fade-up\"\n     data-aos-delay=\"200\">\n      <picture>\n        <source media=\"(min-width: 768px)\" srcset=\"https:\/\/mig-now.com\/wp-content\/uploads\/cerebro_icones_desktop.png\">\n        <img decoding=\"async\" src=\"https:\/\/mig-now.com\/wp-content\/uploads\/cerebro_icones-1.png\" alt=\"Inteligencia MIGNOW - Conversi\u00f3n Mig\">\n      <\/picture>\n    <\/div>\n\n          <div class=\"dd-o-section-multipleContent__tagline\" data-aos=\"fade-up\"\n     data-aos-delay=\"200\">\n        <p class=\"translation-block\">\u00a1El futuro es ahora! MIGNOW es la forma <strong>m\u00e1s r\u00e1pida, rentable y segura<\/strong> de migrar a SAP S\/4HANA.<\/p>\n      <\/div>\n      <\/div>\n    <div class=\"dd-o-section__wrapper align-items-center right\">\n    <div class=\"dd-o-section-multipleContent__wrapper\">\n      <header class=\"dd-o-section__header\" data-aos=\"fade-up\"\n      data-aos-delay=\"200\">\n        <h2 class=\"dd-o-section__header__title\">C\u00f3mo trabajamos<\/h2>\n        <div class=\"dd-o-section__content\" data-aos=\"fade-up\"\n        data-aos-delay=\"200\">\n          <p>Alineados con la metodolog\u00eda Agile Design, desarrollamos una forma de conversi\u00f3n completamente nueva. Nuestras fases se reflejan entre s\u00ed y siguen todas las actividades sugeridas por SAP.<\/p>\n        <\/div>\n              <\/header>\n    <\/div>\n\n    <div class=\"dd-o-section-multipleContent__figure\" data-aos=\"fade-up\"\n     data-aos-delay=\"200\">\n      <picture>\n        <source media=\"(min-width: 768px)\" srcset=\"https:\/\/mig-now.com\/wp-content\/uploads\/mignow_imagem_circulo_desktop.png\">\n        <img decoding=\"async\" src=\"https:\/\/mig-now.com\/wp-content\/uploads\/mignow_imagem_circulo_mobile.png\" alt=\"Dise\u00f1o Agil MIGNOW - Metodolog\u00eda de trabajo Conversi\u00f3n MIG\">\n      <\/picture>\n    <\/div>\n\n      <\/div>\n  \n  <i class=\"icon-separator icon-separator__bottom\"><\/i>\n<\/section>\n\n\n  <section class=\"dd-o-section dd-o-section-icons\">\n  <div class=\"dd-o-section__wrapper\">\n    <header class=\"dd-o-section__header\" data-aos=\"fade-up\"\n     data-aos-delay=\"200\">\n            <h2 class=\"dd-o-section__header__title\">Principales beneficios del software<\/h2>\n    <\/header>\n\n    <div class=\"dd-o-section__content\" data-aos=\"fade-up\"\n     data-aos-delay=\"200\">\n      <p>El desaf\u00edo de la migraci\u00f3n implica mano de obra especializada, tiempo y costos asociados.<br \/>\nCon nuestra soluci\u00f3n, alrededor del 80% del proceso de migraci\u00f3n deja de ser manual y pasa a ser autom\u00e1tico.<\/p>\n    <\/div>\n\n    <div class=\"dd-o-section__list\">\n      <ul>\n                  <li data-aos=\"fade-up\" data-aos-delay=\"100\">\n            <div class=\"dd-m-card-icons\">\n  <i class=\"icon-message-check\"><\/i>\n  <div class=\"dd-m-card-icons__content\">\n    <h4 class=\"dd-m-card-icons__title\">Soluci\u00f3n de problemas<\/h4>\n    <p class=\"translation-block\">Entrega con 100%<br> de exactitud.<\/p>\n  <\/div>\n<\/div>          <\/li>\n                  <li data-aos=\"fade-up\" data-aos-delay=\"150\">\n            <div class=\"dd-m-card-icons\">\n  <i class=\"icon-counter\"><\/i>\n  <div class=\"dd-m-card-icons__content\">\n    <h4 class=\"dd-m-card-icons__title\">Reducci\u00f3n de esfuerzos<\/h4>\n    <p class=\"translation-block\">Velocidad de<br> ejecuci\u00f3n 4-5 veces<br> M\u00e1s R\u00e1pido.<\/p>\n  <\/div>\n<\/div>          <\/li>\n                  <li data-aos=\"fade-up\" data-aos-delay=\"200\">\n            <div class=\"dd-m-card-icons\">\n  <i class=\"icon-money\"><\/i>\n  <div class=\"dd-m-card-icons__content\">\n    <h4 class=\"dd-m-card-icons__title\">Reducci\u00f3n de costos<\/h4>\n    <p>El software realiza el trabajo de hasta 10 personas.<\/p>\n  <\/div>\n<\/div>          <\/li>\n                  <li data-aos=\"fade-up\" data-aos-delay=\"250\">\n            <div class=\"dd-m-card-icons\">\n  <i class=\"icon-speed\"><\/i>\n  <div class=\"dd-m-card-icons__content\">\n    <h4 class=\"dd-m-card-icons__title\">Mayor productividad<\/h4>\n    <p>El proceso se desarrolla d\u00eda y noche, todos los d\u00edas sin interrupci\u00f3n.<\/p>\n  <\/div>\n<\/div>          <\/li>\n                  <li data-aos=\"fade-up\" data-aos-delay=\"300\">\n            <div class=\"dd-m-card-icons\">\n  <i class=\"icon-users\"><\/i>\n  <div class=\"dd-m-card-icons__content\">\n    <h4 class=\"dd-m-card-icons__title\">Ahorro de mano de obra<\/h4>\n    <p class=\"translation-block\">Menos dependencia<br> de trabajo<br> especializado.<\/p>\n  <\/div>\n<\/div>          <\/li>\n                  <li data-aos=\"fade-up\" data-aos-delay=\"350\">\n            <div class=\"dd-m-card-icons\">\n  <i class=\"icon-cloud\"><\/i>\n  <div class=\"dd-m-card-icons__content\">\n    <h4 class=\"dd-m-card-icons__title\">Opciones de implementaci\u00f3n flexibles<\/h4>\n    <p>On Premise, Cloud y Cloud SAP<\/p>\n  <\/div>\n<\/div>          <\/li>\n              <\/ul>\n    <\/div>\n    \n      <\/div>\n<\/section>\n\n\n<h5 class=\"wp-block-heading has-text-align-center translation-block\">No espere hasta la fecha l\u00edmite de Enterprise Support para migrar a SAP S\/4HANA.<br> Descubra c\u00f3mo convertir a OS\/4 de forma autom\u00e1tica, econ\u00f3mica y ultrarr\u00e1pida.<\/h5>\n\n\n\n  <section class=\"dd-o-section dd-o-section-form\">\n  <div class=\"dd-o-section__wrapper\">\n    <header class=\"dd-o-section__header\" data-aos=\"fade-up\"\n     data-aos-delay=\"200\">\n            <h2 class=\"dd-o-section__header__title\">Consulta a nuestros expertos<\/h2>\n    <\/header>\n\n    <div class=\"dd-o-section__content\" data-aos=\"fade-up\"\n     data-aos-delay=\"200\">\n      <p>A trav\u00e9s de una cartera optimizada de herramientas, MIGNOW ha demostrado ser la forma m\u00e1s r\u00e1pida, econ\u00f3mica y segura de realizar conversiones.<\/p>\n    <\/div>\n\n    <div class=\"dd-o-section__form\">\n      <div data-aos=\"fade-right\" data-aos-delay=\"200\">\n        <script charset=\"utf-8\" type=\"text\/javascript\" src=\"\/\/js.hsforms.net\/forms\/embed\/v2.js\"><\/script>\r\n<script>\r\n  hbspt.forms.create({\r\n    region: \"na1\",\r\n    portalId: \"19942753\",\r\n    formId: \"42e8cedb-b400-4bd4-a921-dd5fe60856b6\"\r\n  });\r\n<\/script>      <\/div>\n\n              <figure class=\"dd-o-section__figure\"  data-aos=\"fade-left\" data-aos-delay=\"200\">\n          <img decoding=\"async\" src=\"https:\/\/mig-now.com\/wp-content\/uploads\/world-desktop.png\" alt=\"Consulta a nuestros expertos\">\n        <\/figure>\n          <\/div>\n  <\/div>\n<\/section>","protected":false},"excerpt":{"rendered":"<p class=\"translation-block\">No espere hasta la fecha l\u00edmite de Enterprise Support para migrar a SAP S\/4HANA.<br> Descubra c\u00f3mo convertir a OS\/4 de forma autom\u00e1tica, econ\u00f3mica y ultrarr\u00e1pida.<\/p>","protected":false},"author":20,"featured_media":0,"parent":11,"menu_order":0,"comment_status":"closed","ping_status":"closed","template":"","meta":{"_acf_changed":false,"footnotes":""},"class_list":["post-13","page","type-page","status-publish","hentry"],"acf":[],"yoast_head":"<!-- This site is optimized with the Yoast SEO plugin v27.3 - https:\/\/yoast.com\/product\/yoast-seo-wordpress\/ -->\n<title>MIG Conversion - MIGNOW<\/title>\n<meta name=\"description\" content=\"O 1\u00b0 software capaz de converter automaticamente o SAP ECC para o SAP S\/4HANA. Entenda como isso \u00e9 poss\u00edvel e fa\u00e7a j\u00e1 sua migra\u00e7\u00e3o.\" \/>\n<meta name=\"robots\" content=\"index, follow, max-snippet:-1, max-image-preview:large, max-video-preview:-1\" \/>\n<link rel=\"canonical\" href=\"https:\/\/mig-now.com\/es\/soluciones\/mig\/\" \/>\n<meta property=\"og:locale\" content=\"es_ES\" \/>\n<meta property=\"og:type\" content=\"article\" \/>\n<meta property=\"og:title\" content=\"MIG Conversion - MIGNOW\" \/>\n<meta property=\"og:description\" content=\"O 1\u00b0 software capaz de converter automaticamente o SAP ECC para o SAP S\/4HANA. Entenda como isso \u00e9 poss\u00edvel e fa\u00e7a j\u00e1 sua migra\u00e7\u00e3o.\" \/>\n<meta property=\"og:url\" content=\"https:\/\/mig-now.com\/es\/soluciones\/mig\/\" \/>\n<meta property=\"og:site_name\" content=\"MIGNOW\" \/>\n<meta property=\"article:publisher\" content=\"https:\/\/www.facebook.com\/MIGNOW-115950623606393\" \/>\n<meta property=\"article:modified_time\" content=\"2024-05-09T20:24:07+00:00\" \/>\n<meta property=\"og:image\" content=\"https:\/\/mig-now.com\/wp-content\/uploads\/share.png\" \/>\n\t<meta property=\"og:image:width\" content=\"1200\" \/>\n\t<meta property=\"og:image:height\" content=\"628\" \/>\n\t<meta property=\"og:image:type\" content=\"image\/png\" \/>\n<meta name=\"twitter:card\" content=\"summary_large_image\" \/>\n<meta name=\"twitter:label1\" content=\"Tiempo de lectura\" \/>\n\t<meta name=\"twitter:data1\" content=\"1 minuto\" \/>\n<script type=\"application\/ld+json\" class=\"yoast-schema-graph\">{\"@context\":\"https:\\\/\\\/schema.org\",\"@graph\":[{\"@type\":\"WebPage\",\"@id\":\"https:\\\/\\\/mig-now.com\\\/solucoes\\\/mig-conversion\\\/\",\"url\":\"https:\\\/\\\/mig-now.com\\\/solucoes\\\/mig-conversion\\\/\",\"name\":\"MIG Conversion - MIGNOW\",\"isPartOf\":{\"@id\":\"https:\\\/\\\/mig-now.com\\\/#website\"},\"datePublished\":\"2021-01-13T18:30:02+00:00\",\"dateModified\":\"2024-05-09T20:24:07+00:00\",\"description\":\"O 1\u00b0 software capaz de converter automaticamente o SAP ECC para o SAP S\\\/4HANA. Entenda como isso \u00e9 poss\u00edvel e fa\u00e7a j\u00e1 sua migra\u00e7\u00e3o.\",\"breadcrumb\":{\"@id\":\"https:\\\/\\\/mig-now.com\\\/solucoes\\\/mig-conversion\\\/#breadcrumb\"},\"inLanguage\":\"es\",\"potentialAction\":[{\"@type\":\"ReadAction\",\"target\":[\"https:\\\/\\\/mig-now.com\\\/solucoes\\\/mig-conversion\\\/\"]}]},{\"@type\":\"BreadcrumbList\",\"@id\":\"https:\\\/\\\/mig-now.com\\\/solucoes\\\/mig-conversion\\\/#breadcrumb\",\"itemListElement\":[{\"@type\":\"ListItem\",\"position\":1,\"name\":\"In\u00edcio\",\"item\":\"https:\\\/\\\/mig-now.com\\\/\"},{\"@type\":\"ListItem\",\"position\":2,\"name\":\"Solu\u00e7\u00f5es\",\"item\":\"https:\\\/\\\/mig-now.com\\\/solucoes\\\/\"},{\"@type\":\"ListItem\",\"position\":3,\"name\":\"MIG Conversion\"}]},{\"@type\":\"WebSite\",\"@id\":\"https:\\\/\\\/mig-now.com\\\/#website\",\"url\":\"https:\\\/\\\/mig-now.com\\\/\",\"name\":\"MIGNOW\",\"description\":\"Convers\u00e3o automatizada do SAP ECC para o SAP S\\\/4HANA.\",\"publisher\":{\"@id\":\"https:\\\/\\\/mig-now.com\\\/#organization\"},\"potentialAction\":[{\"@type\":\"SearchAction\",\"target\":{\"@type\":\"EntryPoint\",\"urlTemplate\":\"https:\\\/\\\/mig-now.com\\\/?s={search_term_string}\"},\"query-input\":{\"@type\":\"PropertyValueSpecification\",\"valueRequired\":true,\"valueName\":\"search_term_string\"}}],\"inLanguage\":\"es\"},{\"@type\":\"Organization\",\"@id\":\"https:\\\/\\\/mig-now.com\\\/#organization\",\"name\":\"mignow\",\"url\":\"https:\\\/\\\/mig-now.com\\\/\",\"logo\":{\"@type\":\"ImageObject\",\"inLanguage\":\"es\",\"@id\":\"https:\\\/\\\/mig-now.com\\\/#\\\/schema\\\/logo\\\/image\\\/\",\"url\":\"https:\\\/\\\/mig-now.com\\\/wp-content\\\/uploads\\\/Mignow-03.png\",\"contentUrl\":\"https:\\\/\\\/mig-now.com\\\/wp-content\\\/uploads\\\/Mignow-03.png\",\"width\":4728,\"height\":1646,\"caption\":\"mignow\"},\"image\":{\"@id\":\"https:\\\/\\\/mig-now.com\\\/#\\\/schema\\\/logo\\\/image\\\/\"},\"sameAs\":[\"https:\\\/\\\/www.facebook.com\\\/MIGNOW-115950623606393\",\"https:\\\/\\\/www.instagram.com\\\/mig_now\\\/\",\"https:\\\/\\\/www.linkedin.com\\\/company\\\/65868910\\\/admin\\\/\",\"https:\\\/\\\/www.youtube.com\\\/channel\\\/UCh1QRa8dGxBPnqIoy6NReeA\"]}]}<\/script>\n<!-- \/ Yoast SEO plugin. -->","yoast_head_json":{"title":"Conversi\u00f3n MIG - MIGNOW","description":"El 1er software capaz de convertir autom\u00e1ticamente SAP ECC a SAP S\/4HANA. Comprenda c\u00f3mo esto es posible y realice su migraci\u00f3n ahora.","robots":{"index":"index","follow":"follow","max-snippet":"max-snippet:-1","max-image-preview":"max-image-preview:large","max-video-preview":"max-video-preview:-1"},"canonical":"https:\/\/mig-now.com\/es\/soluciones\/mig\/","og_locale":"es_ES","og_type":"article","og_title":"MIG Conversion - MIGNOW","og_description":"O 1\u00b0 software capaz de converter automaticamente o SAP ECC para o SAP S\/4HANA. Entenda como isso \u00e9 poss\u00edvel e fa\u00e7a j\u00e1 sua migra\u00e7\u00e3o.","og_url":"https:\/\/mig-now.com\/es\/soluciones\/mig\/","og_site_name":"MIGNOW","article_publisher":"https:\/\/www.facebook.com\/MIGNOW-115950623606393","article_modified_time":"2024-05-09T20:24:07+00:00","og_image":[{"width":1200,"height":628,"url":"https:\/\/mig-now.com\/wp-content\/uploads\/share.png","type":"image\/png"}],"twitter_card":"summary_large_image","twitter_misc":{"Tiempo de lectura":"1 minuto"},"schema":{"@context":"https:\/\/schema.org","@graph":[{"@type":"WebPage","@id":"https:\/\/mig-now.com\/solucoes\/mig-conversion\/","url":"https:\/\/mig-now.com\/solucoes\/mig-conversion\/","name":"Conversi\u00f3n MIG - MIGNOW","isPartOf":{"@id":"https:\/\/mig-now.com\/#website"},"datePublished":"2021-01-13T18:30:02+00:00","dateModified":"2024-05-09T20:24:07+00:00","description":"El 1er software capaz de convertir autom\u00e1ticamente SAP ECC a SAP S\/4HANA. Comprenda c\u00f3mo esto es posible y realice su migraci\u00f3n ahora.","breadcrumb":{"@id":"https:\/\/mig-now.com\/solucoes\/mig-conversion\/#breadcrumb"},"inLanguage":"es","potentialAction":[{"@type":"ReadAction","target":["https:\/\/mig-now.com\/solucoes\/mig-conversion\/"]}]},{"@type":"BreadcrumbList","@id":"https:\/\/mig-now.com\/solucoes\/mig-conversion\/#breadcrumb","itemListElement":[{"@type":"ListItem","position":1,"name":"In\u00edcio","item":"https:\/\/mig-now.com\/"},{"@type":"ListItem","position":2,"name":"Solu\u00e7\u00f5es","item":"https:\/\/mig-now.com\/solucoes\/"},{"@type":"ListItem","position":3,"name":"MIG Conversion"}]},{"@type":"WebSite","@id":"https:\/\/mig-now.com\/#website","url":"https:\/\/mig-now.com\/","name":"MIGNOW","description":"Conversi\u00f3n automatizada de SAP ECC a SAP S\/4HANA.","publisher":{"@id":"https:\/\/mig-now.com\/#organization"},"potentialAction":[{"@type":"SearchAction","target":{"@type":"EntryPoint","urlTemplate":"https:\/\/mig-now.com\/?s={search_term_string}"},"query-input":{"@type":"PropertyValueSpecification","valueRequired":true,"valueName":"search_term_string"}}],"inLanguage":"es"},{"@type":"Organization","@id":"https:\/\/mig-now.com\/#organization","name":"mignow","url":"https:\/\/mig-now.com\/","logo":{"@type":"ImageObject","inLanguage":"es","@id":"https:\/\/mig-now.com\/#\/schema\/logo\/image\/","url":"https:\/\/mig-now.com\/wp-content\/uploads\/Mignow-03.png","contentUrl":"https:\/\/mig-now.com\/wp-content\/uploads\/Mignow-03.png","width":4728,"height":1646,"caption":"mignow"},"image":{"@id":"https:\/\/mig-now.com\/#\/schema\/logo\/image\/"},"sameAs":["https:\/\/www.facebook.com\/MIGNOW-115950623606393","https:\/\/www.instagram.com\/mig_now\/","https:\/\/www.linkedin.com\/company\/65868910\/admin\/","https:\/\/www.youtube.com\/channel\/UCh1QRa8dGxBPnqIoy6NReeA"]}]}},"_links":{"self":[{"href":"https:\/\/mig-now.com\/es\/wp-json\/wp\/v2\/pages\/13","targetHints":{"allow":["GET"]}}],"collection":[{"href":"https:\/\/mig-now.com\/es\/wp-json\/wp\/v2\/pages"}],"about":[{"href":"https:\/\/mig-now.com\/es\/wp-json\/wp\/v2\/types\/page"}],"author":[{"embeddable":true,"href":"https:\/\/mig-now.com\/es\/wp-json\/wp\/v2\/users\/20"}],"replies":[{"embeddable":true,"href":"https:\/\/mig-now.com\/es\/wp-json\/wp\/v2\/comments?post=13"}],"version-history":[{"count":0,"href":"https:\/\/mig-now.com\/es\/wp-json\/wp\/v2\/pages\/13\/revisions"}],"up":[{"embeddable":true,"href":"https:\/\/mig-now.com\/es\/wp-json\/wp\/v2\/pages\/11"}],"wp:attachment":[{"href":"https:\/\/mig-now.com\/es\/wp-json\/wp\/v2\/media?parent=13"}],"curies":[{"name":"wp","href":"https:\/\/api.w.org\/{rel}","templated":true}]}}