{"id":15,"date":"2021-01-13T16:30:15","date_gmt":"2021-01-13T18:30:15","guid":{"rendered":"https:\/\/mig-now.com\/?page_id=15"},"modified":"2024-05-09T17:23:52","modified_gmt":"2024-05-09T20:23:52","slug":"mig-update","status":"publish","type":"page","link":"https:\/\/mig-now.com\/es\/soluciones\/mig-update\/","title":{"rendered":"MIG Update"},"content":{"rendered":"<section class=\"dd-o-carousel dd-o-carousel-full\">\n  <div class=\"dd-o-carousel__wrapper\">\n    <div class=\"dd-o-carousel-full__item\">\n      <figure class=\"dd-o-carousel-full__item__figure\">\n                  <picture>\n            <source media=\"(min-width: 768px)\" srcset=\"https:\/\/mig-now.com\/wp-content\/uploads\/banner_conversao.png\">\n            <img decoding=\"async\" fetchpriority=\"high\" src=\"https:\/\/mig-now.com\/wp-content\/uploads\/Banner_conversao_mobile.png\" alt=\"\">\n          <\/picture>\n            \n        <figcaption class=\"dd-o-carousel-full__item__caption\">\n          \n          <h1 class=\"dd-o-carousel-full__item__caption__title translation-block\">Mantener su<br> SAP S\/4HANA<br> actualizado<br> sin complicaciones.<\/h1>\n          \n                  <\/figcaption>\n      <\/figure>\n    <\/div>\n  <\/div>\n\n  <i class=\"icon-mouse\" data-aos=\"fade-up\" data-offset=\"0\" data-aos-anchor-placement=\"bottom-bottom\"><\/i>\n<\/section>\n\n\n  <section class=\"dd-o-section dd-o-section-simple\">\n  <figure class=\"dd-o-section__background\">\n    <picture>\n      <source media=\"(min-width: 768px)\" srcset=\"https:\/\/mig-now.com\/wp-content\/uploads\/imagem_1_update-5.png\">\n      <img decoding=\"async\" src=\"https:\/\/mig-now.com\/wp-content\/uploads\/imagem_1_update_mobile.png\" alt=\"\">\n    <\/picture>\n  <\/figure>\n  \n  <div class=\"dd-o-section__wrapper\">\n    <header class=\"dd-o-section__header\" data-aos=\"fade-up\"\n     data-aos-delay=\"200\">\n      <h2 class=\"dd-o-section__header__title\">Adem\u00e1s de las migraciones autom\u00e1ticas, tambi\u00e9n existe MIG UPDATE.<\/h2>\n      <div class=\"dd-o-section__content\">\n        <p>Es muy importante que las empresas sean capaces de extraer el m\u00e1ximo valor de sus inversiones y, por tanto, mantenerse constantemente actualizadas sobre sus ahorros en productos digitales. \u00c9sta es la mejor manera de garantizar la competitividad y mantenerse por delante de sus competidores en el mercado.<\/p>\n      <\/div>\n    <\/header>\n  <\/div>\n<\/section>\n\n\n  <section class=\"dd-o-section dd-o-section-multipleContent\">\n  <i class=\"icon-separator icon-separator__top\"><\/i>\n\n    <div class=\"dd-o-section__wrapper  right\">\n    <div class=\"dd-o-section-multipleContent__wrapper\">\n      <header class=\"dd-o-section__header\" data-aos=\"fade-up\"\n      data-aos-delay=\"200\">\n        <h2 class=\"dd-o-section__header__title translation-block\">La actualizaci\u00f3n del MIG<br> es la tecnologia<br> transformador<br> de h\u00e1bitos.<\/h2>\n        <div class=\"dd-o-section__content\" data-aos=\"fade-up\"\n        data-aos-delay=\"200\">\n          <blockquote><p><strong>Mantenemos tu SAP S\/4HANA siempre actualizado a la \u00faltima versi\u00f3n de forma autom\u00e1tica, permiti\u00e9ndote continuar ejecutando aplicaciones sin interrupciones.<\/strong><\/p><\/blockquote>\n<p class=\"translation-block\">Cada a\u00f1o, SAP lanza importantes mejoras en<br> tus plataformas y MIG UPDATE te mantiene 100%<br> dentro de los cambios y evoluciones de SAP.<\/p>\n<p>Haga que cada centavo de su soporte empresarial cuente.<\/p>\n        <\/div>\n              <\/header>\n    <\/div>\n\n    <div class=\"dd-o-section-multipleContent__figure\" data-aos=\"fade-up\"\n     data-aos-delay=\"200\">\n      <picture>\n        <source media=\"(min-width: 768px)\" srcset=\"https:\/\/mig-now.com\/wp-content\/uploads\/imagem_2_update_desktop-1.png\">\n        <img decoding=\"async\" src=\"https:\/\/mig-now.com\/wp-content\/uploads\/imagem_2_update_mobile-1.png\" alt=\"\">\n      <\/picture>\n    <\/div>\n\n      <\/div>\n  \n  <i class=\"icon-separator icon-separator__bottom\"><\/i>\n<\/section>\n\n\n  <section class=\"dd-o-section dd-o-section-imageList\">\n  \n  <div class=\"dd-o-section__wrapper\">\n    <header class=\"dd-o-section__header\" data-aos=\"fade-up\"\n     data-aos-delay=\"200\">\n      <h2 class=\"dd-o-section__header__title\">Con la Actualizaci\u00f3n MIGNOW obtienes:<\/h2>\n    <\/header>\n\n    <div class=\"dd-o-section__content\">\n      <figure class=\"dd-o-section__figure\" data-aos=\"fade-up\"\n     data-aos-delay=\"200\">\n        <picture>\n          <source media=\"(min-width: 768px)\" srcset=\"https:\/\/mig-now.com\/wp-content\/uploads\/imagem_3_update_desktop-1.png\">\n          <img decoding=\"async\" src=\"https:\/\/mig-now.com\/wp-content\/uploads\/imagem_3_update.png\" alt=\"\">\n        <\/picture>\n      <\/figure>\n\n      <div class=\"dd-o-section__list\">\n        <ul>\n                      <li data-aos=\"fade-up\" data-aos-delay=\"100\">\n              <i class=\"icon-refresh\"><\/i>\n              <span>Agilidad en la actualizaci\u00f3n de sus versiones de SAP<\/span>\n            <\/li>\n                      <li data-aos=\"fade-up\" data-aos-delay=\"150\">\n              <i class=\"icon-stats\"><\/i>\n              <span>Mejoras en la ejecuci\u00f3n de procesos<\/span>\n            <\/li>\n                      <li data-aos=\"fade-up\" data-aos-delay=\"200\">\n              <i class=\"icon-coin\"><\/i>\n              <span>Reducci\u00f3n de costes en mantenimiento de software.<\/span>\n            <\/li>\n                      <li data-aos=\"fade-up\" data-aos-delay=\"250\">\n              <i class=\"icon-speed\"><\/i>\n              <span>Adopci\u00f3n r\u00e1pida de nuevas tecnolog\u00edas disponibles.<\/span>\n            <\/li>\n                      <li data-aos=\"fade-up\" data-aos-delay=\"300\">\n              <i class=\"icon-infinity\"><\/i>\n              <span>Ser capaz de utilizar las nuevas tecnolog\u00edas y poder innovar ilimitadamente.<\/span>\n            <\/li>\n                      <li data-aos=\"fade-up\" data-aos-delay=\"350\">\n              <i class=\"icon-roadmap\"><\/i>\n              <span>Alcance digital ampliado de sus sistemas SAP para permitir mejoras en productos y servicios<\/span>\n            <\/li>\n                  <\/ul>\n      <\/div>\n    <\/div>\n  <\/div>\n<\/section>\n\n\n  <section class=\"dd-o-section dd-o-section-form\">\n  <div class=\"dd-o-section__wrapper\">\n    <header class=\"dd-o-section__header\" data-aos=\"fade-up\"\n     data-aos-delay=\"200\">\n            <h2 class=\"dd-o-section__header__title\">Consulta a nuestros expertos<\/h2>\n    <\/header>\n\n    <div class=\"dd-o-section__content\" data-aos=\"fade-up\"\n     data-aos-delay=\"200\">\n      <p>A trav\u00e9s de una cartera optimizada de herramientas, MIGNOW ha demostrado ser la forma m\u00e1s r\u00e1pida, econ\u00f3mica y segura de realizar conversiones.<\/p>\n    <\/div>\n\n    <div class=\"dd-o-section__form\">\n      <div data-aos=\"fade-right\" data-aos-delay=\"200\">\n        <script charset=\"utf-8\" type=\"text\/javascript\" src=\"\/\/js.hsforms.net\/forms\/embed\/v2.js\"><\/script>\r\n<script>\r\n  hbspt.forms.create({\r\n    region: \"na1\",\r\n    portalId: \"19942753\",\r\n    formId: \"42e8cedb-b400-4bd4-a921-dd5fe60856b6\"\r\n  });\r\n<\/script>      <\/div>\n\n              <figure class=\"dd-o-section__figure\"  data-aos=\"fade-left\" data-aos-delay=\"200\">\n          <img decoding=\"async\" src=\"https:\/\/mig-now.com\/wp-content\/uploads\/world-desktop.png\" alt=\"Consulta a nuestros expertos\">\n        <\/figure>\n          <\/div>\n  <\/div>\n<\/section>\n\n\n\n<p><\/p>","protected":false},"excerpt":{"rendered":"","protected":false},"author":20,"featured_media":0,"parent":11,"menu_order":0,"comment_status":"closed","ping_status":"closed","template":"","meta":{"_acf_changed":false,"footnotes":""},"class_list":["post-15","page","type-page","status-publish","hentry"],"acf":[],"yoast_head":"<!-- This site is optimized with the Yoast SEO plugin v27.3 - https:\/\/yoast.com\/product\/yoast-seo-wordpress\/ -->\n<title>MIG Update - MIGNOW<\/title>\n<meta name=\"description\" content=\"O MIG Update mant\u00e9m o seu SAP S\/4HANA atualizado nas \u00faltimas vers\u00f5es sem complica\u00e7\u00f5es, t\u00e3o simples quanto apertar um bot\u00e3o.\" \/>\n<meta name=\"robots\" content=\"index, follow, max-snippet:-1, max-image-preview:large, max-video-preview:-1\" \/>\n<link rel=\"canonical\" href=\"https:\/\/mig-now.com\/es\/soluciones\/mig-update\/\" \/>\n<meta property=\"og:locale\" content=\"es_ES\" \/>\n<meta property=\"og:type\" content=\"article\" \/>\n<meta property=\"og:title\" content=\"MIG Update - MIGNOW\" \/>\n<meta property=\"og:description\" content=\"O MIG Update mant\u00e9m o seu SAP S\/4HANA atualizado nas \u00faltimas vers\u00f5es sem complica\u00e7\u00f5es, t\u00e3o simples quanto apertar um bot\u00e3o.\" \/>\n<meta property=\"og:url\" content=\"https:\/\/mig-now.com\/es\/soluciones\/mig-update\/\" \/>\n<meta property=\"og:site_name\" content=\"MIGNOW\" \/>\n<meta property=\"article:publisher\" content=\"https:\/\/www.facebook.com\/MIGNOW-115950623606393\" \/>\n<meta property=\"article:modified_time\" content=\"2024-05-09T20:23:52+00:00\" \/>\n<meta property=\"og:image\" content=\"https:\/\/mig-now.com\/wp-content\/uploads\/share.png\" \/>\n\t<meta property=\"og:image:width\" content=\"1200\" \/>\n\t<meta property=\"og:image:height\" content=\"628\" \/>\n\t<meta property=\"og:image:type\" content=\"image\/png\" \/>\n<meta name=\"twitter:card\" content=\"summary_large_image\" \/>\n<script type=\"application\/ld+json\" class=\"yoast-schema-graph\">{\"@context\":\"https:\\\/\\\/schema.org\",\"@graph\":[{\"@type\":\"WebPage\",\"@id\":\"https:\\\/\\\/mig-now.com\\\/solucoes\\\/mig-update\\\/\",\"url\":\"https:\\\/\\\/mig-now.com\\\/solucoes\\\/mig-update\\\/\",\"name\":\"MIG Update - MIGNOW\",\"isPartOf\":{\"@id\":\"https:\\\/\\\/mig-now.com\\\/#website\"},\"datePublished\":\"2021-01-13T18:30:15+00:00\",\"dateModified\":\"2024-05-09T20:23:52+00:00\",\"description\":\"O MIG Update mant\u00e9m o seu SAP S\\\/4HANA atualizado nas \u00faltimas vers\u00f5es sem complica\u00e7\u00f5es, t\u00e3o simples quanto apertar um bot\u00e3o.\",\"breadcrumb\":{\"@id\":\"https:\\\/\\\/mig-now.com\\\/solucoes\\\/mig-update\\\/#breadcrumb\"},\"inLanguage\":\"es\",\"potentialAction\":[{\"@type\":\"ReadAction\",\"target\":[\"https:\\\/\\\/mig-now.com\\\/solucoes\\\/mig-update\\\/\"]}]},{\"@type\":\"BreadcrumbList\",\"@id\":\"https:\\\/\\\/mig-now.com\\\/solucoes\\\/mig-update\\\/#breadcrumb\",\"itemListElement\":[{\"@type\":\"ListItem\",\"position\":1,\"name\":\"In\u00edcio\",\"item\":\"https:\\\/\\\/mig-now.com\\\/\"},{\"@type\":\"ListItem\",\"position\":2,\"name\":\"Solu\u00e7\u00f5es\",\"item\":\"https:\\\/\\\/mig-now.com\\\/solucoes\\\/\"},{\"@type\":\"ListItem\",\"position\":3,\"name\":\"MIG Update\"}]},{\"@type\":\"WebSite\",\"@id\":\"https:\\\/\\\/mig-now.com\\\/#website\",\"url\":\"https:\\\/\\\/mig-now.com\\\/\",\"name\":\"MIGNOW\",\"description\":\"Convers\u00e3o automatizada do SAP ECC para o SAP S\\\/4HANA.\",\"publisher\":{\"@id\":\"https:\\\/\\\/mig-now.com\\\/#organization\"},\"potentialAction\":[{\"@type\":\"SearchAction\",\"target\":{\"@type\":\"EntryPoint\",\"urlTemplate\":\"https:\\\/\\\/mig-now.com\\\/?s={search_term_string}\"},\"query-input\":{\"@type\":\"PropertyValueSpecification\",\"valueRequired\":true,\"valueName\":\"search_term_string\"}}],\"inLanguage\":\"es\"},{\"@type\":\"Organization\",\"@id\":\"https:\\\/\\\/mig-now.com\\\/#organization\",\"name\":\"mignow\",\"url\":\"https:\\\/\\\/mig-now.com\\\/\",\"logo\":{\"@type\":\"ImageObject\",\"inLanguage\":\"es\",\"@id\":\"https:\\\/\\\/mig-now.com\\\/#\\\/schema\\\/logo\\\/image\\\/\",\"url\":\"https:\\\/\\\/mig-now.com\\\/wp-content\\\/uploads\\\/Mignow-03.png\",\"contentUrl\":\"https:\\\/\\\/mig-now.com\\\/wp-content\\\/uploads\\\/Mignow-03.png\",\"width\":4728,\"height\":1646,\"caption\":\"mignow\"},\"image\":{\"@id\":\"https:\\\/\\\/mig-now.com\\\/#\\\/schema\\\/logo\\\/image\\\/\"},\"sameAs\":[\"https:\\\/\\\/www.facebook.com\\\/MIGNOW-115950623606393\",\"https:\\\/\\\/www.instagram.com\\\/mig_now\\\/\",\"https:\\\/\\\/www.linkedin.com\\\/company\\\/65868910\\\/admin\\\/\",\"https:\\\/\\\/www.youtube.com\\\/channel\\\/UCh1QRa8dGxBPnqIoy6NReeA\"]}]}<\/script>\n<!-- \/ Yoast SEO plugin. -->","yoast_head_json":{"title":"Actualizaci\u00f3n MIG - MIGNOW","description":"MIG Update mantiene tu SAP S\/4HANA actualizado a las \u00faltimas versiones sin complicaciones, tan simple como presionar un bot\u00f3n.","robots":{"index":"index","follow":"follow","max-snippet":"max-snippet:-1","max-image-preview":"max-image-preview:large","max-video-preview":"max-video-preview:-1"},"canonical":"https:\/\/mig-now.com\/es\/soluciones\/mig-update\/","og_locale":"es_ES","og_type":"article","og_title":"MIG Update - MIGNOW","og_description":"O MIG Update mant\u00e9m o seu SAP S\/4HANA atualizado nas \u00faltimas vers\u00f5es sem complica\u00e7\u00f5es, t\u00e3o simples quanto apertar um bot\u00e3o.","og_url":"https:\/\/mig-now.com\/es\/soluciones\/mig-update\/","og_site_name":"MIGNOW","article_publisher":"https:\/\/www.facebook.com\/MIGNOW-115950623606393","article_modified_time":"2024-05-09T20:23:52+00:00","og_image":[{"width":1200,"height":628,"url":"https:\/\/mig-now.com\/wp-content\/uploads\/share.png","type":"image\/png"}],"twitter_card":"summary_large_image","schema":{"@context":"https:\/\/schema.org","@graph":[{"@type":"WebPage","@id":"https:\/\/mig-now.com\/solucoes\/mig-update\/","url":"https:\/\/mig-now.com\/solucoes\/mig-update\/","name":"Actualizaci\u00f3n MIG - MIGNOW","isPartOf":{"@id":"https:\/\/mig-now.com\/#website"},"datePublished":"2021-01-13T18:30:15+00:00","dateModified":"2024-05-09T20:23:52+00:00","description":"MIG Update mantiene tu SAP S\/4HANA actualizado a las \u00faltimas versiones sin complicaciones, tan simple como presionar un bot\u00f3n.","breadcrumb":{"@id":"https:\/\/mig-now.com\/solucoes\/mig-update\/#breadcrumb"},"inLanguage":"es","potentialAction":[{"@type":"ReadAction","target":["https:\/\/mig-now.com\/solucoes\/mig-update\/"]}]},{"@type":"BreadcrumbList","@id":"https:\/\/mig-now.com\/solucoes\/mig-update\/#breadcrumb","itemListElement":[{"@type":"ListItem","position":1,"name":"In\u00edcio","item":"https:\/\/mig-now.com\/"},{"@type":"ListItem","position":2,"name":"Solu\u00e7\u00f5es","item":"https:\/\/mig-now.com\/solucoes\/"},{"@type":"ListItem","position":3,"name":"MIG Update"}]},{"@type":"WebSite","@id":"https:\/\/mig-now.com\/#website","url":"https:\/\/mig-now.com\/","name":"MIGNOW","description":"Conversi\u00f3n automatizada de SAP ECC a SAP S\/4HANA.","publisher":{"@id":"https:\/\/mig-now.com\/#organization"},"potentialAction":[{"@type":"SearchAction","target":{"@type":"EntryPoint","urlTemplate":"https:\/\/mig-now.com\/?s={search_term_string}"},"query-input":{"@type":"PropertyValueSpecification","valueRequired":true,"valueName":"search_term_string"}}],"inLanguage":"es"},{"@type":"Organization","@id":"https:\/\/mig-now.com\/#organization","name":"mignow","url":"https:\/\/mig-now.com\/","logo":{"@type":"ImageObject","inLanguage":"es","@id":"https:\/\/mig-now.com\/#\/schema\/logo\/image\/","url":"https:\/\/mig-now.com\/wp-content\/uploads\/Mignow-03.png","contentUrl":"https:\/\/mig-now.com\/wp-content\/uploads\/Mignow-03.png","width":4728,"height":1646,"caption":"mignow"},"image":{"@id":"https:\/\/mig-now.com\/#\/schema\/logo\/image\/"},"sameAs":["https:\/\/www.facebook.com\/MIGNOW-115950623606393","https:\/\/www.instagram.com\/mig_now\/","https:\/\/www.linkedin.com\/company\/65868910\/admin\/","https:\/\/www.youtube.com\/channel\/UCh1QRa8dGxBPnqIoy6NReeA"]}]}},"_links":{"self":[{"href":"https:\/\/mig-now.com\/es\/wp-json\/wp\/v2\/pages\/15","targetHints":{"allow":["GET"]}}],"collection":[{"href":"https:\/\/mig-now.com\/es\/wp-json\/wp\/v2\/pages"}],"about":[{"href":"https:\/\/mig-now.com\/es\/wp-json\/wp\/v2\/types\/page"}],"author":[{"embeddable":true,"href":"https:\/\/mig-now.com\/es\/wp-json\/wp\/v2\/users\/20"}],"replies":[{"embeddable":true,"href":"https:\/\/mig-now.com\/es\/wp-json\/wp\/v2\/comments?post=15"}],"version-history":[{"count":0,"href":"https:\/\/mig-now.com\/es\/wp-json\/wp\/v2\/pages\/15\/revisions"}],"up":[{"embeddable":true,"href":"https:\/\/mig-now.com\/es\/wp-json\/wp\/v2\/pages\/11"}],"wp:attachment":[{"href":"https:\/\/mig-now.com\/es\/wp-json\/wp\/v2\/media?parent=15"}],"curies":[{"name":"wp","href":"https:\/\/api.w.org\/{rel}","templated":true}]}}