{"id":17,"date":"2021-01-13T16:30:34","date_gmt":"2021-01-13T18:30:34","guid":{"rendered":"https:\/\/mig-now.com\/?page_id=17"},"modified":"2024-05-09T17:23:56","modified_gmt":"2024-05-09T20:23:56","slug":"mig-precheck","status":"publish","type":"page","link":"https:\/\/mig-now.com\/es\/soluciones\/mig-precheck\/","title":{"rendered":"MIG PreCheck"},"content":{"rendered":"<section class=\"dd-o-carousel dd-o-carousel-full\">\n  <div class=\"dd-o-carousel__wrapper\">\n    <div class=\"dd-o-carousel-full__item\">\n      <figure class=\"dd-o-carousel-full__item__figure\">\n                  <picture>\n            <source media=\"(min-width: 768px)\" srcset=\"https:\/\/mig-now.com\/wp-content\/uploads\/banner_precheck-2.png\">\n            <img decoding=\"async\" fetchpriority=\"high\" src=\"https:\/\/mig-now.com\/wp-content\/uploads\/Banner_precheck_mobile-copiar.png\" alt=\"\">\n          <\/picture>\n            \n        <figcaption class=\"dd-o-carousel-full__item__caption\">\n          \n          <h1 class=\"dd-o-carousel-full__item__caption__title translation-block\">An\u00e1lisis y<br> preparaci\u00f3n de<br> ambiente para<br> la conversi\u00f3n.<\/h1>\n          \n                  <\/figcaption>\n      <\/figure>\n    <\/div>\n  <\/div>\n\n  <i class=\"icon-mouse\" data-aos=\"fade-up\" data-offset=\"0\" data-aos-anchor-placement=\"bottom-bottom\"><\/i>\n<\/section>\n\n\n  <section class=\"dd-o-section dd-o-section-check\">\n  <figure class=\"dd-o-section__background\">\n    <picture>\n      <source media=\"(min-width: 768px)\" srcset=\"https:\/\/mig-now.com\/wp-content\/uploads\/bg_precheck.png\">\n      <img decoding=\"async\" src=\"https:\/\/mig-now.com\/wp-content\/uploads\/bg_precheck_mobile.png\" alt=\"\">\n    <\/picture>\n  <\/figure>\n  \n  <div class=\"dd-o-section__wrapper\">\n    <header class=\"dd-o-section__header\" data-aos=\"fade-up\"\n     data-aos-delay=\"200\">\n      <h2 class=\"dd-o-section__header__title\">Tenga seguridad 100% al planificar su migraci\u00f3n a SAP S\/4HANA.<\/h2>\n\n              <img decoding=\"async\" src=\"https:\/\/mig-now.com\/wp-content\/uploads\/imagem_1_check-2.png\" alt=\"Tenga seguridad 100% al planificar su migraci\u00f3n a SAP S\/4HANA.\">\n          <\/header>\n\n    <div class=\"dd-o-section__content\" data-aos=\"fade-up\"\n     data-aos-delay=\"200\">\n      <div class=\"dd-o-section__content__text\">\n        <p>Adem\u00e1s de Readiness Check, creamos MIG PRECHECK. Esta herramienta aporta el conocimiento de varias conversiones ya realizadas, anticipando posibles problemas y garantizando una mayor seguridad durante todo el proceso.<\/p>\n      <\/div>\n      \n      <div class=\"dd-o-section__list\">\n        <ul>\n                      <li data-aos=\"fade-up\" data-aos-delay=\"200\">\n              <i class=\"icon-check-outlined\"><\/i>\n              Automatizaci\u00f3n de procesos            <\/li>\n                      <li data-aos=\"fade-up\" data-aos-delay=\"300\">\n              <i class=\"icon-check-outlined\"><\/i>\n              Predicci\u00f3n de problemas            <\/li>\n                      <li data-aos=\"fade-up\" data-aos-delay=\"400\">\n              <i class=\"icon-check-outlined\"><\/i>\n              Mitigaci\u00f3n de riesgos             <\/li>\n                      <li data-aos=\"fade-up\" data-aos-delay=\"500\">\n              <i class=\"icon-check-outlined\"><\/i>\n              Reducci\u00f3n de tiempo            <\/li>\n                  <\/ul>\n      <\/div>\n    <\/div>\n  <\/div>\n<\/section>\n\n\n  <section class=\"dd-o-section dd-o-section-multipleContent\">\n  <i class=\"icon-separator icon-separator__top\"><\/i>\n\n    <div class=\"dd-o-section__wrapper  center\">\n    <div class=\"dd-o-section-multipleContent__wrapper\">\n      <header class=\"dd-o-section__header\" data-aos=\"fade-up\"\n      data-aos-delay=\"200\">\n        <h2 class=\"dd-o-section__header__title\">Remoto y autom\u00e1tico<\/h2>\n        <div class=\"dd-o-section__content\" data-aos=\"fade-up\"\n        data-aos-delay=\"200\">\n          <p>MIG PRECHECK combinado con SAP RADINESS CHECK proporcionar\u00e1 informaci\u00f3n sobre el estado actual del sistema SAP ECC existente y el diagn\u00f3stico de las necesidades de conversi\u00f3n a S\/4HANA.<\/p>\n<ul class=\"dd-o-section__icons\">\n<li class=\"dd-o-section__icons__item\"><img loading=\"lazy\" decoding=\"async\" class=\"icon\" src=\"https:\/\/mig-now.com\/wp-content\/uploads\/bx-scan.png\" alt=\"\" width=\"44\" height=\"40\" \/>\n<div class=\"dd-o-section__icons__content\"><strong>01<\/strong><br \/>\nEjecuci\u00f3n de la herramienta de an\u00e1lisis predictivo.<\/div>\n<\/li>\n<li class=\"dd-o-section__icons__item\"><img loading=\"lazy\" decoding=\"async\" class=\"alignnone size-full wp-image-619\" src=\"https:\/\/mig-now.com\/wp-content\/uploads\/bx-zoom-in.png\" alt=\"\" width=\"39\" height=\"39\" \/>\n<div class=\"dd-o-section__icons__content\"><strong>02<\/strong><br \/>\nIdentificaci\u00f3n de problemas y actividades que se deben realizar en el proyecto.<\/div>\n<\/li>\n<\/ul>\n        <\/div>\n              <\/header>\n    <\/div>\n\n    <div class=\"dd-o-section-multipleContent__figure\" data-aos=\"fade-up\"\n     data-aos-delay=\"200\">\n      <picture>\n        <source media=\"(min-width: 768px)\" srcset=\"https:\/\/mig-now.com\/wp-content\/uploads\/imagem_2_check_desktop.png\">\n        <img decoding=\"async\" src=\"https:\/\/mig-now.com\/wp-content\/uploads\/imagem_2_check_mobile.png\" alt=\"\">\n      <\/picture>\n    <\/div>\n\n      <\/div>\n    <div class=\"dd-o-section__wrapper blockquote-center right\">\n    <div class=\"dd-o-section-multipleContent__wrapper\">\n      <header class=\"dd-o-section__header\" data-aos=\"fade-up\"\n      data-aos-delay=\"200\">\n        <h2 class=\"dd-o-section__header__title\">\u00bfEs realmente posible?<\/h2>\n        <div class=\"dd-o-section__content\" data-aos=\"fade-up\"\n        data-aos-delay=\"200\">\n          <blockquote><p><strong>Con tecnolog\u00eda y ganas de hacerlo realidad, \u00a1todo es posible!<\/strong><\/p>\n<p>MIG PRECHECK realiza una serie de validaciones en el entorno SAP ECC. Estas validaciones son una recopilaci\u00f3n de aprendizajes de IA de proyectos y pruebas ejecutados previamente.<\/p><\/blockquote>\n        <\/div>\n              <\/header>\n    <\/div>\n\n    <div class=\"dd-o-section-multipleContent__figure\" data-aos=\"fade-up\"\n     data-aos-delay=\"200\">\n      <picture>\n        <source media=\"(min-width: 768px)\" srcset=\"https:\/\/mig-now.com\/wp-content\/uploads\/imagem_3_check-1-3.jpg\">\n        <img decoding=\"async\" src=\"https:\/\/mig-now.com\/wp-content\/uploads\/imagem_3_check_mobile.png\" alt=\"\">\n      <\/picture>\n    <\/div>\n\n      <\/div>\n  \n  <i class=\"icon-separator icon-separator__bottom\"><\/i>\n<\/section>\n\n\n  <section class=\"dd-o-section dd-o-section-form\">\n  <div class=\"dd-o-section__wrapper\">\n    <header class=\"dd-o-section__header\" data-aos=\"fade-up\"\n     data-aos-delay=\"200\">\n            <h2 class=\"dd-o-section__header__title\">Consulta a nuestros expertos<\/h2>\n    <\/header>\n\n    <div class=\"dd-o-section__content\" data-aos=\"fade-up\"\n     data-aos-delay=\"200\">\n      <p>A trav\u00e9s de una cartera optimizada de herramientas, MIGNOW ha demostrado ser la forma m\u00e1s r\u00e1pida, econ\u00f3mica y segura de realizar conversiones.<\/p>\n    <\/div>\n\n    <div class=\"dd-o-section__form\">\n      <div data-aos=\"fade-right\" data-aos-delay=\"200\">\n        <script charset=\"utf-8\" type=\"text\/javascript\" src=\"\/\/js.hsforms.net\/forms\/embed\/v2.js\"><\/script>\r\n<script>\r\n  hbspt.forms.create({\r\n    region: \"na1\",\r\n    portalId: \"19942753\",\r\n    formId: \"42e8cedb-b400-4bd4-a921-dd5fe60856b6\"\r\n  });\r\n<\/script>      <\/div>\n\n              <figure class=\"dd-o-section__figure\"  data-aos=\"fade-left\" data-aos-delay=\"200\">\n          <img decoding=\"async\" src=\"https:\/\/mig-now.com\/wp-content\/uploads\/world-desktop.png\" alt=\"Consulta a nuestros expertos\">\n        <\/figure>\n          <\/div>\n  <\/div>\n<\/section>","protected":false},"excerpt":{"rendered":"","protected":false},"author":20,"featured_media":0,"parent":11,"menu_order":0,"comment_status":"closed","ping_status":"closed","template":"","meta":{"_acf_changed":false,"footnotes":""},"class_list":["post-17","page","type-page","status-publish","hentry"],"acf":[],"yoast_head":"<!-- This site is optimized with the Yoast SEO plugin v27.2 - https:\/\/yoast.com\/product\/yoast-seo-wordpress\/ -->\n<title>MIG PreCheck - MIGNOW<\/title>\n<meta name=\"description\" content=\"O MIG PreCheck faz a an\u00e1lise, entendimento das necessidades e prepara\u00e7\u00e3o do ambiente para a convers\u00e3o do SAP ECC para o SAP S\/4HANA.\" \/>\n<meta name=\"robots\" content=\"index, follow, max-snippet:-1, max-image-preview:large, max-video-preview:-1\" \/>\n<link rel=\"canonical\" href=\"https:\/\/mig-now.com\/es\/soluciones\/mig-precheck\/\" \/>\n<meta property=\"og:locale\" content=\"es_ES\" \/>\n<meta property=\"og:type\" content=\"article\" \/>\n<meta property=\"og:title\" content=\"MIG PreCheck - MIGNOW\" \/>\n<meta property=\"og:description\" content=\"O MIG PreCheck faz a an\u00e1lise, entendimento das necessidades e prepara\u00e7\u00e3o do ambiente para a convers\u00e3o do SAP ECC para o SAP S\/4HANA.\" \/>\n<meta property=\"og:url\" content=\"https:\/\/mig-now.com\/es\/soluciones\/mig-precheck\/\" \/>\n<meta property=\"og:site_name\" content=\"MIGNOW\" \/>\n<meta property=\"article:publisher\" content=\"https:\/\/www.facebook.com\/MIGNOW-115950623606393\" \/>\n<meta property=\"article:modified_time\" content=\"2024-05-09T20:23:56+00:00\" \/>\n<meta property=\"og:image\" content=\"https:\/\/mig-now.com\/wp-content\/uploads\/share.png\" \/>\n\t<meta property=\"og:image:width\" content=\"1200\" \/>\n\t<meta property=\"og:image:height\" content=\"628\" \/>\n\t<meta property=\"og:image:type\" content=\"image\/png\" \/>\n<meta name=\"twitter:card\" content=\"summary_large_image\" \/>\n<script type=\"application\/ld+json\" class=\"yoast-schema-graph\">{\"@context\":\"https:\/\/schema.org\",\"@graph\":[{\"@type\":\"WebPage\",\"@id\":\"https:\/\/mig-now.com\/solucoes\/mig-precheck\/\",\"url\":\"https:\/\/mig-now.com\/solucoes\/mig-precheck\/\",\"name\":\"MIG PreCheck - MIGNOW\",\"isPartOf\":{\"@id\":\"https:\/\/mig-now.com\/#website\"},\"datePublished\":\"2021-01-13T18:30:34+00:00\",\"dateModified\":\"2024-05-09T20:23:56+00:00\",\"description\":\"O MIG PreCheck faz a an\u00e1lise, entendimento das necessidades e prepara\u00e7\u00e3o do ambiente para a convers\u00e3o do SAP ECC para o SAP S\/4HANA.\",\"breadcrumb\":{\"@id\":\"https:\/\/mig-now.com\/solucoes\/mig-precheck\/#breadcrumb\"},\"inLanguage\":\"es\",\"potentialAction\":[{\"@type\":\"ReadAction\",\"target\":[\"https:\/\/mig-now.com\/solucoes\/mig-precheck\/\"]}]},{\"@type\":\"BreadcrumbList\",\"@id\":\"https:\/\/mig-now.com\/solucoes\/mig-precheck\/#breadcrumb\",\"itemListElement\":[{\"@type\":\"ListItem\",\"position\":1,\"name\":\"In\u00edcio\",\"item\":\"https:\/\/mig-now.com\/\"},{\"@type\":\"ListItem\",\"position\":2,\"name\":\"Solu\u00e7\u00f5es\",\"item\":\"https:\/\/mig-now.com\/solucoes\/\"},{\"@type\":\"ListItem\",\"position\":3,\"name\":\"MIG PreCheck\"}]},{\"@type\":\"WebSite\",\"@id\":\"https:\/\/mig-now.com\/#website\",\"url\":\"https:\/\/mig-now.com\/\",\"name\":\"MIGNOW\",\"description\":\"Convers\u00e3o automatizada do SAP ECC para o SAP S\/4HANA.\",\"publisher\":{\"@id\":\"https:\/\/mig-now.com\/#organization\"},\"potentialAction\":[{\"@type\":\"SearchAction\",\"target\":{\"@type\":\"EntryPoint\",\"urlTemplate\":\"https:\/\/mig-now.com\/?s={search_term_string}\"},\"query-input\":{\"@type\":\"PropertyValueSpecification\",\"valueRequired\":true,\"valueName\":\"search_term_string\"}}],\"inLanguage\":\"es\"},{\"@type\":\"Organization\",\"@id\":\"https:\/\/mig-now.com\/#organization\",\"name\":\"mignow\",\"url\":\"https:\/\/mig-now.com\/\",\"logo\":{\"@type\":\"ImageObject\",\"inLanguage\":\"es\",\"@id\":\"https:\/\/mig-now.com\/#\/schema\/logo\/image\/\",\"url\":\"https:\/\/mig-now.com\/wp-content\/uploads\/Mignow-03.png\",\"contentUrl\":\"https:\/\/mig-now.com\/wp-content\/uploads\/Mignow-03.png\",\"width\":4728,\"height\":1646,\"caption\":\"mignow\"},\"image\":{\"@id\":\"https:\/\/mig-now.com\/#\/schema\/logo\/image\/\"},\"sameAs\":[\"https:\/\/www.facebook.com\/MIGNOW-115950623606393\",\"https:\/\/www.instagram.com\/mig_now\/\",\"https:\/\/www.linkedin.com\/company\/65868910\/admin\/\",\"https:\/\/www.youtube.com\/channel\/UCh1QRa8dGxBPnqIoy6NReeA\"]}]}<\/script>\n<!-- \/ Yoast SEO plugin. -->","yoast_head_json":{"title":"PreCheck MIG - MIGNOW","description":"MIG PreCheck analiza, comprende las necesidades y prepara el entorno para la conversi\u00f3n de SAP ECC a SAP S\/4HANA.","robots":{"index":"index","follow":"follow","max-snippet":"max-snippet:-1","max-image-preview":"max-image-preview:large","max-video-preview":"max-video-preview:-1"},"canonical":"https:\/\/mig-now.com\/es\/soluciones\/mig-precheck\/","og_locale":"es_ES","og_type":"article","og_title":"MIG PreCheck - MIGNOW","og_description":"O MIG PreCheck faz a an\u00e1lise, entendimento das necessidades e prepara\u00e7\u00e3o do ambiente para a convers\u00e3o do SAP ECC para o SAP S\/4HANA.","og_url":"https:\/\/mig-now.com\/es\/soluciones\/mig-precheck\/","og_site_name":"MIGNOW","article_publisher":"https:\/\/www.facebook.com\/MIGNOW-115950623606393","article_modified_time":"2024-05-09T20:23:56+00:00","og_image":[{"width":1200,"height":628,"url":"https:\/\/mig-now.com\/wp-content\/uploads\/share.png","type":"image\/png"}],"twitter_card":"summary_large_image","schema":{"@context":"https:\/\/schema.org","@graph":[{"@type":"WebPage","@id":"https:\/\/mig-now.com\/solucoes\/mig-precheck\/","url":"https:\/\/mig-now.com\/solucoes\/mig-precheck\/","name":"PreCheck MIG - MIGNOW","isPartOf":{"@id":"https:\/\/mig-now.com\/#website"},"datePublished":"2021-01-13T18:30:34+00:00","dateModified":"2024-05-09T20:23:56+00:00","description":"MIG PreCheck analiza, comprende las necesidades y prepara el entorno para la conversi\u00f3n de SAP ECC a SAP S\/4HANA.","breadcrumb":{"@id":"https:\/\/mig-now.com\/solucoes\/mig-precheck\/#breadcrumb"},"inLanguage":"es","potentialAction":[{"@type":"ReadAction","target":["https:\/\/mig-now.com\/solucoes\/mig-precheck\/"]}]},{"@type":"BreadcrumbList","@id":"https:\/\/mig-now.com\/solucoes\/mig-precheck\/#breadcrumb","itemListElement":[{"@type":"ListItem","position":1,"name":"In\u00edcio","item":"https:\/\/mig-now.com\/"},{"@type":"ListItem","position":2,"name":"Solu\u00e7\u00f5es","item":"https:\/\/mig-now.com\/solucoes\/"},{"@type":"ListItem","position":3,"name":"MIG PreCheck"}]},{"@type":"WebSite","@id":"https:\/\/mig-now.com\/#website","url":"https:\/\/mig-now.com\/","name":"MIGNOW","description":"Conversi\u00f3n automatizada de SAP ECC a SAP S\/4HANA.","publisher":{"@id":"https:\/\/mig-now.com\/#organization"},"potentialAction":[{"@type":"SearchAction","target":{"@type":"EntryPoint","urlTemplate":"https:\/\/mig-now.com\/?s={search_term_string}"},"query-input":{"@type":"PropertyValueSpecification","valueRequired":true,"valueName":"search_term_string"}}],"inLanguage":"es"},{"@type":"Organization","@id":"https:\/\/mig-now.com\/#organization","name":"mignow","url":"https:\/\/mig-now.com\/","logo":{"@type":"ImageObject","inLanguage":"es","@id":"https:\/\/mig-now.com\/#\/schema\/logo\/image\/","url":"https:\/\/mig-now.com\/wp-content\/uploads\/Mignow-03.png","contentUrl":"https:\/\/mig-now.com\/wp-content\/uploads\/Mignow-03.png","width":4728,"height":1646,"caption":"mignow"},"image":{"@id":"https:\/\/mig-now.com\/#\/schema\/logo\/image\/"},"sameAs":["https:\/\/www.facebook.com\/MIGNOW-115950623606393","https:\/\/www.instagram.com\/mig_now\/","https:\/\/www.linkedin.com\/company\/65868910\/admin\/","https:\/\/www.youtube.com\/channel\/UCh1QRa8dGxBPnqIoy6NReeA"]}]}},"_links":{"self":[{"href":"https:\/\/mig-now.com\/es\/wp-json\/wp\/v2\/pages\/17","targetHints":{"allow":["GET"]}}],"collection":[{"href":"https:\/\/mig-now.com\/es\/wp-json\/wp\/v2\/pages"}],"about":[{"href":"https:\/\/mig-now.com\/es\/wp-json\/wp\/v2\/types\/page"}],"author":[{"embeddable":true,"href":"https:\/\/mig-now.com\/es\/wp-json\/wp\/v2\/users\/20"}],"replies":[{"embeddable":true,"href":"https:\/\/mig-now.com\/es\/wp-json\/wp\/v2\/comments?post=17"}],"version-history":[{"count":0,"href":"https:\/\/mig-now.com\/es\/wp-json\/wp\/v2\/pages\/17\/revisions"}],"up":[{"embeddable":true,"href":"https:\/\/mig-now.com\/es\/wp-json\/wp\/v2\/pages\/11"}],"wp:attachment":[{"href":"https:\/\/mig-now.com\/es\/wp-json\/wp\/v2\/media?parent=17"}],"curies":[{"name":"wp","href":"https:\/\/api.w.org\/{rel}","templated":true}]}}