{"id":3835,"date":"2021-04-27T18:28:18","date_gmt":"2021-04-27T21:28:18","guid":{"rendered":"https:\/\/mig-now.com\/lgpd-e-o-mignow-2\/"},"modified":"2023-08-25T13:05:06","modified_gmt":"2023-08-25T16:05:06","slug":"politica-de-cookies","status":"publish","type":"page","link":"https:\/\/mig-now.com\/es\/politica-de-cookies\/","title":{"rendered":"Pol\u00edtica de cookies"},"content":{"rendered":"<p>La nuestra <strong>Pol\u00edtica de cookies<\/strong> tiene como objetivo informar c\u00f3mo tratamos los datos personales eventualmente recopilados a trav\u00e9s de <strong>Galletas<\/strong>, as\u00ed como proporcionarle instrucciones sobre c\u00f3mo configurar estas cookies.&nbsp;<\/p>\n\n\n\n<p>\u00a1Atenci\u00f3n! Eso <strong>Pol\u00edtica <\/strong>debe leerse junto con nuestro <strong>Pol\u00edtica de privacidad<\/strong>.&nbsp;<\/p>\n\n\n\n<p><strong>1. \u00bfQU\u00c9 SON LAS COOKIES Y POR QU\u00c9 LAS UTILIZAMOS?<\/strong>&nbsp;<\/p>\n\n\n\n<p><strong><em>1.1. Definici\u00f3n y funcionalidades de cookies<\/em><\/strong>&nbsp;<\/p>\n\n\n\n<p>Las cookies son ficheros instalados y\/o almacenados en el dispositivo del usuario que permiten recoger determinados datos e informaci\u00f3n con distintas finalidades.&nbsp;&nbsp;<\/p>\n\n\n\n<p>Seg\u00fan el sitio web visitado y el servicio utilizado, las cookies tienen como finalidad garantizar el correcto funcionamiento de la p\u00e1gina o de una funci\u00f3n concreta, sin almacenar datos de car\u00e1cter personal.&nbsp;<\/p>\n\n\n\n<p>Adem\u00e1s, las cookies pueden gestionar pagos o permitir el almacenamiento de informaci\u00f3n sobre su historial de navegaci\u00f3n en su navegador, preferencias de contenido, idioma preferido, duraci\u00f3n de su navegaci\u00f3n en las p\u00e1ginas y tambi\u00e9n permitirle registrarse. En estos casos, entonces, se puede recopilar informaci\u00f3n.&nbsp;<\/p>\n\n\n\n<p><strong><em>1.2. Nuestros fines de uso<\/em><\/strong>&nbsp;<\/p>\n\n\n\n<p>Ahora que ya sabes qu\u00e9 son las cookies y para qu\u00e9 se utilizan, queremos explicarte objetivamente por qu\u00e9 las utilizamos:&nbsp;<\/p>\n\n\n\n<ul class=\"wp-block-list\">\n<li>Para mantener el funcionamiento de nuestra plataforma y algunas funcionalidades necesarias;&nbsp;<\/li>\n\n\n\n<li>Proporcionar la mejor experiencia de usuario a nuestros usuarios, haciendo que nuestras aplicaciones sean m\u00e1s f\u00e1ciles y personalizadas, seg\u00fan su ubicaci\u00f3n, idioma, etc.;&nbsp;<\/li>\n\n\n\n<li>Proporcionar anuncios m\u00e1s relevantes en funci\u00f3n de su comportamiento en nuestro sitio web.&nbsp;<\/li>\n<\/ul>\n\n\n\n<p><strong>2.<\/strong> <strong>CATEGOR\u00cdAS DE COOKIES&nbsp;<\/strong>&nbsp;<\/p>\n\n\n\n<p>Como explicamos anteriormente, las cookies pueden tener diferentes finalidades.&nbsp;<\/p>\n\n\n\n<p>A continuaci\u00f3n, enumeramos los principales tipos de cookies y sus definiciones:&nbsp;<\/p>\n\n\n\n<figure class=\"wp-block-table\"><table><tbody><tr><td colspan=\"2\"><strong>Tipos de galletas<\/strong>&nbsp;<\/td><td><strong>Definiciones<\/strong>&nbsp;<\/td><\/tr><tr><td rowspan=\"2\"><strong>Propiedad de las cookies<\/strong>&nbsp;&nbsp;<\/td><td><em>COOKIES PROPIAS O PRINCIPALES<\/em>&nbsp;<\/td><td>Definido por nosotros directamente en nuestra plataforma. \u2013 Incluir informaci\u00f3n como credenciales de inicio de sesi\u00f3n, idioma preferido, etc.\u00a0<\/td><\/tr><tr><td><em>COOKIES DE TERCEROS<\/em>&nbsp;<\/td><td>Creado por un dominio distinto al que est\u00e1 visitando el titular. \u2013 Surjan de funcionalidades de otras p\u00e1ginas incorporadas a nuestra plataforma, como la visualizaci\u00f3n de anuncios y v\u00eddeos.\u00a0<\/td><\/tr><tr><td rowspan=\"2\"><strong>Necesidad<\/strong>&nbsp;<\/td><td><em>COOKIES NECESARIAS<\/em>&nbsp;<\/td><td>Permiten a los usuarios navegar a trav\u00e9s de nuestro sitio web. \u2013 No almacenan informaci\u00f3n que pueda ser utilizada en acciones de comunicaci\u00f3n sobre nuestros servicios.\u00a0<\/td><\/tr><tr><td><em>COOKIES NO NECESARIAS<\/em>&nbsp;<\/td><td>Se relacionan con funcionalidades no esenciales de nuestra plataforma. \u2013 Se utiliza para rastrear comportamientos, medir el rendimiento de la p\u00e1gina y mostrar anuncios, etc.\u00a0<\/td><\/tr><tr><td rowspan=\"2\"><strong>Periodo de almacenamiento<\/strong>&nbsp;<\/td><td><em>&nbsp;COOKIES DE SESI\u00d3N O TEMPORALES<\/em>&nbsp;<\/td><td>Configurado para recopilar y almacenar informaci\u00f3n mientras los interesados acceden a un sitio web. \u2013 Se descartan tras cerrar la sesi\u00f3n, es decir, despu\u00e9s de que el usuario cierra el navegador. \u2013 Almacenar informaci\u00f3n que \u00fanicamente sea relevante para la prestaci\u00f3n de un servicio solicitado por los usuarios o para una finalidad temporal espec\u00edfica. \u2013 Ejemplo: lista de productos en el carrito en un sitio web de compras.\u00a0<\/td><\/tr><tr><td><em>COOKIES PERSISTENTES<\/em>&nbsp;<\/td><td>\u2013 Almacenan datos por un per\u00edodo definido por la plataforma, que s\u00f3lo puede durar mientras el usuario navega, o configurados para almacenar datos por un per\u00edodo de tiempo mayor. \u2013 Cuando utilizamos este tipo de cookies, tus datos \u00fanicamente se almacenar\u00e1n para cumplir con la finalidad para la que fueron recogidos.&nbsp;<\/td><\/tr><\/tbody><\/table><\/figure>\n\n\n\n<p><strong>3. COOKIES QUE UTILIZAMOS<\/strong>&nbsp;<\/p>\n\n\n\n<p><strong><em>3.1 Cookies necesarias<\/em><\/strong>&nbsp;<\/p>\n\n\n\n<figure class=\"wp-block-table\"><table><tbody><tr><td><strong>Nombre\/Propiedad<\/strong>&nbsp;<\/td><td><strong>Meta<\/strong>&nbsp;<\/td><td><strong>Duraci\u00f3n<\/strong>&nbsp;<\/td><\/tr><tr><td><strong><em>_GRECAPTCHA\/GOOGLE<\/em><\/strong>&nbsp;<\/td><td>Cookie utilizada para identificar bots para proteger el sitio web contra ataques de spam maliciosos.&nbsp;<\/td><td>6 meses&nbsp;<\/td><\/tr><\/tbody><\/table><\/figure>\n\n\n\n<p><strong><em>3.2 Cookies no necesarias&nbsp;<\/em><\/strong>&nbsp;<\/p>\n\n\n\n<p><strong><em>3.2.1 Funcional<\/em><\/strong>&nbsp;<\/p>\n\n\n\n<figure class=\"wp-block-table\"><table><tbody><tr><td><strong>Nombre\/Propiedad<\/strong>&nbsp;<\/td><td><strong>Meta<\/strong>&nbsp;<\/td><td><strong>Duraci\u00f3n<\/strong>&nbsp;<\/td><\/tr><tr><td><strong><em>__CF_BM (.VIMEO.COM)<\/em><\/strong>&nbsp;<strong><\/strong>&nbsp;<\/td><td>Se utiliza para administrar y recopilar informaci\u00f3n de seguimiento estableciendo una identificaci\u00f3n \u00fanica para insertar videos en el sitio web.&nbsp;<\/td><td>30 minutos&nbsp;<\/td><\/tr><tr><td><strong><em>PRUEBA_COOKIE \/&nbsp;<\/em><\/strong>&nbsp;<strong><em>.DOBLECLIC.NET<\/em><\/strong>&nbsp;<strong><em><\/em><\/strong>&nbsp;<\/td><td>Se utiliza para determinar si el navegador del usuario admite cookies.&nbsp;<\/td><td>15 minutos&nbsp;<\/td><\/tr><\/tbody><\/table><\/figure>\n\n\n\n<p><strong><em>3.2.2 An\u00e1lisis<\/em><\/strong>&nbsp;<\/p>\n\n\n\n<figure class=\"wp-block-table\"><table><tbody><tr><td><strong>Nombre\/Propiedad<\/strong>&nbsp;<\/td><td><strong>Meta<\/strong>&nbsp;<\/td><td><strong>Duraci\u00f3n<\/strong>&nbsp;<\/td><\/tr><tr><td><strong><em>_GEORGIA_*<\/em><\/strong><strong><em> \/ GOOGLE ANALITICO<\/em><\/strong>&nbsp;<\/td><td>Se utiliza para almacenar y contar visitas a p\u00e1ginas.&nbsp;<\/td><td>1 a\u00f1o y 4 meses&nbsp;&nbsp;<\/td><\/tr><tr><td><strong><em>_GEORGIA <\/em><\/strong><strong><em>\/ GOOGLE ANALITICO<\/em><\/strong>&nbsp;<strong><em><\/em><\/strong>&nbsp;<\/td><td>Se utiliza para calcular datos de visitantes, sesiones y campa\u00f1as y realizar un seguimiento del uso del sitio para generar informes anal\u00edticos.&nbsp;<\/td><td>1 a\u00f1o y 4 meses&nbsp;&nbsp;<\/td><\/tr><tr><td><strong><em>_GCL_AU \/&nbsp;<\/em><\/strong>&nbsp;<strong><em>.MIG-NOW.COM<\/em><\/strong>&nbsp;<strong><em><\/em><\/strong>&nbsp;<\/td><td>Se utiliza para experimentar con la eficacia publicitaria de los sitios web que utilizan nuestros servicios.&nbsp;<\/td><td>3 meses&nbsp;<\/td><\/tr><\/tbody><\/table><\/figure>\n\n\n\n<p><strong><em>3.3 Cookies de terceros<\/em><\/strong>&nbsp;<\/p>\n\n\n\n<figure class=\"wp-block-table\"><table><tbody><tr><td><strong>Nombre\/Propiedad<\/strong>&nbsp;<\/td><td><strong>Meta<\/strong>&nbsp;<\/td><td><strong>Duraci\u00f3n<\/strong>&nbsp;<\/td><\/tr><tr><td><strong><em>VISITANTE_INFO1_LIVE\/ <\/em><\/strong><strong><em>YOUTUBE<\/em><\/strong>&nbsp;<strong><em><\/em><\/strong>&nbsp;<\/td><td>Se utiliza para medir la interacci\u00f3n del usuario con el contenido.&nbsp;<\/td><td>6 meses&nbsp;<\/td><\/tr><tr><td><strong><em>YSC \/ <\/em><\/strong><strong><em>YOUTUBE<\/em><\/strong>&nbsp;<\/td><td>Se utiliza para rastrear y contar vistas de videos incrustados en p\u00e1ginas de YouTube.&nbsp;<\/td><td>sesi\u00f3n&nbsp;<\/td><\/tr><tr><td><strong><em>YT-DISPOSITIVOS-CONECTADOS-REMOTOMENTE \/ <\/em><\/strong><strong><em>YOUTUBE<\/em><\/strong>&nbsp;<\/td><td>Se utiliza para almacenar las preferencias de v\u00eddeo del usuario.&nbsp;<\/td><td>sesi\u00f3n&nbsp;<\/td><\/tr><tr><td><strong><em>YT.INNERTUBE::NEXTID\/ <\/em><\/strong><strong><em>YOUTUBE<\/em><\/strong>&nbsp;<strong><em><\/em><\/strong>&nbsp;<\/td><td>&nbsp;Se utiliza para registrar una identificaci\u00f3n \u00fanica para almacenar datos sobre qu\u00e9 videos de YouTube ha visto el usuario.&nbsp;<\/td><td>sesi\u00f3n&nbsp;<\/td><\/tr><tr><td><strong><em>YT.INNERTUBE::SOLICITUDES\/ <\/em><\/strong><strong><em>YOUTUBE<\/em><\/strong>&nbsp;<strong><em><\/em><\/strong>&nbsp;<\/td><td>Se utiliza para registrar una identificaci\u00f3n \u00fanica para almacenar datos sobre qu\u00e9 videos de YouTube ha visto el usuario.&nbsp;<\/td><td>sesi\u00f3n&nbsp;<\/td><\/tr><tr><td><strong><em>YT-REMOTE-DEVICE-ID\/ <\/em><\/strong><strong><em>YOUTUBE<\/em><\/strong>&nbsp;<strong><em><\/em><\/strong>&nbsp;<\/td><td>Se utiliza para almacenar las preferencias de v\u00eddeo del usuario.&nbsp;<\/td><td>sesi\u00f3n&nbsp;<\/td><\/tr><tr><td><strong><em>CONSENTIR \/ <\/em><\/strong><strong><em>YOUTUBE<\/em><\/strong>&nbsp;<strong><em><\/em><\/strong>&nbsp;<\/td><td>Se utiliza para registrar datos estad\u00edsticos an\u00f3nimos.&nbsp;<\/td><td>2 a\u00f1os&nbsp;&nbsp;<\/td><\/tr><\/tbody><\/table><\/figure>\n\n\n\n<p>Es importante que sepas que estos terceros pueden recopilar y utilizar datos de navegaci\u00f3n para sus propios fines, por lo que si quieres saber c\u00f3mo se utilizar\u00e1n tus datos e informaci\u00f3n accede a la Pol\u00edtica de Privacidad del tercero.&nbsp;<\/p>\n\n\n\n<p>Puede desactivar dichas cookies siguiendo los pasos indicados en el siguiente tema.&nbsp;<\/p>\n\n\n\n<p><strong>4. GESTI\u00d3N Y ELIMINACI\u00d3N DE COOKIES<\/strong>&nbsp;<\/p>\n\n\n\n<p>Puedes visitar nuestro sitio web libremente sin activar el uso de <strong>cookies no necesarias<\/strong>, sin embargo, solo aclaramos que, en este caso, es posible que no puedas hacer uso completo de todas las funcionalidades de nuestra plataforma.&nbsp;<\/p>\n\n\n\n<p>Tenga en cuenta que puede cambiar permisos, bloquear o denegar <strong>Galletas <\/strong>\u2013 <em>que se basan exclusivamente en su consentimiento<\/em> \u2013 en su navegador a trav\u00e9s de las opciones disponibles en <strong>pancarta de galletas<\/strong>, con excepci\u00f3n de aquellos estrictamente <strong>necesario<\/strong>.&nbsp;<\/p>\n\n\n\n<p>Pero es importante que sepas que, al autorizar estas cookies, nos ayudar\u00e1s a conocerte y comprenderte mejor. <strong>Despu\u00e9s de todo, \u00a1nuestro objetivo siempre ser\u00e1 brindarle una experiencia \u00fanica!<\/strong>&nbsp;<\/p>\n\n\n\n<p>Si se instalaron cookies cuando ingres\u00f3 a nuestro sitio web y luego decide desactivarlas, tenga en cuenta que:&nbsp;<\/p>\n\n\n\n<p><strong>\u00a1Tambi\u00e9n tienes la opci\u00f3n de eliminar las cookies ya instaladas a trav\u00e9s de la configuraci\u00f3n de tu navegador!<\/strong>&nbsp;<\/p>\n\n\n\n<p>A continuaci\u00f3n te explicamos c\u00f3mo ocurre esto dependiendo del navegador utilizado:&nbsp;<\/p>\n\n\n\n<figure class=\"wp-block-table\"><table><tbody><tr><td><strong>Navegador<\/strong>&nbsp;<\/td><td><strong>enlaces relacionados<\/strong>&nbsp;<\/td><\/tr><tr><td><strong><em>explorador de Internet<\/em><\/strong>&nbsp;<\/td><td><a href=\"https:\/\/support.microsoft.com\/pt-br\/help\/17442\/windows-internet-explorer-delete-manage-cookies\" target=\"_blank\" rel=\"noreferrer noopener\">https:\/\/support.microsoft.com\/pt-br\/help\/17442\/windows-internet-explorer-delete-manage-cookies<\/a>&nbsp;&nbsp;<\/td><\/tr><tr><td><strong><em>Firefox<\/em><\/strong>&nbsp;<\/td><td><a href=\"https:\/\/support.mozilla.org\/pt-BR\/kb\/gerencie-configuracoes-de-armazenamento-local-de-s\" target=\"_blank\" rel=\"noreferrer noopener\">https:\/\/support.mozilla.org\/pt-BR\/kb\/gerencie-configuracoes-de-armazenamento-local-de-s<\/a>&nbsp;&nbsp;<\/td><\/tr><tr><td><strong><em>Safari<\/em><\/strong>&nbsp;<\/td><td><a href=\"https:\/\/support.apple.com\/pt-br\/guide\/safari\/sfri11471\/mac\" target=\"_blank\" rel=\"noreferrer noopener\">https:\/\/support.apple.com\/pt-br\/guide\/safari\/sfri11471\/mac<\/a>&nbsp;<\/td><\/tr><tr><td><strong><em>Google Chrome<\/em><\/strong>&nbsp;<\/td><td><a href=\"https:\/\/support.google.com\/chrome\/answer\/95647?co=GENIE.Platform%3DDesktop&amp;oco=1&amp;hl=pt-BR\" target=\"_blank\" rel=\"noreferrer noopener\">https:\/\/support.google.com\/chrome\/answer\/95647?co=GENIE.Platform%3DDesktop&amp;oco=1&amp;hl=pt-BR<\/a>&nbsp;<\/td><\/tr><tr><td><strong><em>Borde de Microsoft<\/em><\/strong>&nbsp;<\/td><td><a href=\"https:\/\/support.microsoft.com\/pt-br\/help\/4027947\/microsoft-edge-delete-cookies\" target=\"_blank\" rel=\"noreferrer noopener\">https:\/\/support.microsoft.com\/pt-br\/help\/4027947\/microsoft-edge-delete-cookies<\/a>&nbsp;<\/td><\/tr><tr><td><strong><em>\u00d3pera<\/em><\/strong>&nbsp;<\/td><td><a href=\"https:\/\/help.opera.com\/en\/latest\/web-preferences\/#cookies\" target=\"_blank\" rel=\"noreferrer noopener\">https:\/\/help.opera.com\/en\/latest\/web-preferences\/#cookies<\/a>&nbsp;<\/td><\/tr><\/tbody><\/table><\/figure>\n\n\n\n<p><strong>5. AVISOS FINALES<\/strong>&nbsp;<\/p>\n\n\n\n<p>Reiteramos que este sitio web est\u00e1 destinado a usuarios que est\u00e9n interesados en nuestros servicios o productos.&nbsp;&nbsp;<\/p>\n\n\n\n<p>\u00bfY que significa?&nbsp;&nbsp;<\/p>\n\n\n\n<p><strong>Es su exclusiva responsabilidad, como usuario y\/o cliente, antes de registrarse o registrarse en cualquiera de los recursos disponibles en nuestro sitio web, leer, comprender y aceptar el contenido de este documento.<\/strong>&nbsp;<\/p>\n\n\n\n<p>Le recomendamos que consulte nuestras Pol\u00edticas <strong>regularmente<\/strong> para verificar que contin\u00faa aceptando sus t\u00e9rminos antes de continuar con la navegaci\u00f3n, registrarse o suscribirse a cualquier recurso.&nbsp;<\/p>\n\n\n\n<p>Si a\u00fan tiene preguntas sobre el tema, incluso despu\u00e9s de leer esta Pol\u00edtica y nuestra Pol\u00edtica de Privacidad, comun\u00edquese con nuestro <strong>Delegado de Protecci\u00f3n de Datos (DPO)<\/strong>, v\u00eda correo electr\u00f3nico:<a href=\"mailto:privacidade@mig-now.com\" target=\"_blank\" rel=\"noreferrer noopener\">privacidade@mig-now.com<\/a>&gt;.&nbsp;&nbsp;<\/p>\n\n\n\n<p><strong><em>\u00daltima actualizaci\u00f3n: agosto de 2023.<\/em><\/strong>&nbsp;<\/p>\n\n\n\n<p><\/p>","protected":false},"excerpt":{"rendered":"<p>A nossa Pol\u00edtica de Cookies tem como objetivo informar como tratamos os dados pessoais eventualmente coletados por meio de cookies, bem como disponibilizar instru\u00e7\u00f5es sobre a configura\u00e7\u00e3o de gest\u00e3o destes cookies.&nbsp; Aten\u00e7\u00e3o! Essa Pol\u00edtica deve ser lida em conjunto com a nossa Pol\u00edtica de Privacidade.&nbsp; 1. O QUE S\u00c3O COOKIES E POR QUE UTILIZAMOS?&nbsp; 1.1. [&hellip;]<\/p>\n","protected":false},"author":20,"featured_media":0,"parent":0,"menu_order":0,"comment_status":"closed","ping_status":"closed","template":"template-institucional.php","meta":{"_acf_changed":false,"footnotes":""},"class_list":["post-3835","page","type-page","status-publish","hentry"],"acf":[],"yoast_head":"<!-- This site is optimized with the Yoast SEO plugin v27.4 - https:\/\/yoast.com\/product\/yoast-seo-wordpress\/ -->\n<title>Pol\u00edtica de Cookies - MIGNOW<\/title>\n<meta name=\"robots\" content=\"index, follow, max-snippet:-1, max-image-preview:large, max-video-preview:-1\" \/>\n<link rel=\"canonical\" href=\"https:\/\/mig-now.com\/es\/politica-de-cookies\/\" \/>\n<meta property=\"og:locale\" content=\"es_ES\" \/>\n<meta property=\"og:type\" content=\"article\" \/>\n<meta property=\"og:title\" content=\"Pol\u00edtica de Cookies - MIGNOW\" \/>\n<meta property=\"og:description\" content=\"A nossa Pol\u00edtica de Cookies tem como objetivo informar como tratamos os dados pessoais eventualmente coletados por meio de cookies, bem como disponibilizar instru\u00e7\u00f5es sobre a configura\u00e7\u00e3o de gest\u00e3o destes cookies.&nbsp; Aten\u00e7\u00e3o! Essa Pol\u00edtica deve ser lida em conjunto com a nossa Pol\u00edtica de Privacidade.&nbsp; 1. O QUE S\u00c3O COOKIES E POR QUE UTILIZAMOS?&nbsp; 1.1. [&hellip;]\" \/>\n<meta property=\"og:url\" content=\"https:\/\/mig-now.com\/es\/politica-de-cookies\/\" \/>\n<meta property=\"og:site_name\" content=\"MIGNOW\" \/>\n<meta property=\"article:publisher\" content=\"https:\/\/www.facebook.com\/MIGNOW-115950623606393\" \/>\n<meta property=\"article:modified_time\" content=\"2023-08-25T16:05:06+00:00\" \/>\n<meta property=\"og:image\" content=\"https:\/\/mig-now.com\/wp-content\/uploads\/share.png\" \/>\n\t<meta property=\"og:image:width\" content=\"1200\" \/>\n\t<meta property=\"og:image:height\" content=\"628\" \/>\n\t<meta property=\"og:image:type\" content=\"image\/png\" \/>\n<meta name=\"twitter:card\" content=\"summary_large_image\" \/>\n<meta name=\"twitter:label1\" content=\"Tiempo de lectura\" \/>\n\t<meta name=\"twitter:data1\" content=\"2 minutos\" \/>\n<script type=\"application\/ld+json\" class=\"yoast-schema-graph\">{\"@context\":\"https:\\\/\\\/schema.org\",\"@graph\":[{\"@type\":\"WebPage\",\"@id\":\"https:\\\/\\\/mig-now.com\\\/politica-de-cookies\\\/\",\"url\":\"https:\\\/\\\/mig-now.com\\\/politica-de-cookies\\\/\",\"name\":\"Pol\u00edtica de Cookies - MIGNOW\",\"isPartOf\":{\"@id\":\"https:\\\/\\\/mig-now.com\\\/#website\"},\"datePublished\":\"2021-04-27T21:28:18+00:00\",\"dateModified\":\"2023-08-25T16:05:06+00:00\",\"breadcrumb\":{\"@id\":\"https:\\\/\\\/mig-now.com\\\/politica-de-cookies\\\/#breadcrumb\"},\"inLanguage\":\"es\",\"potentialAction\":[{\"@type\":\"ReadAction\",\"target\":[\"https:\\\/\\\/mig-now.com\\\/politica-de-cookies\\\/\"]}]},{\"@type\":\"BreadcrumbList\",\"@id\":\"https:\\\/\\\/mig-now.com\\\/politica-de-cookies\\\/#breadcrumb\",\"itemListElement\":[{\"@type\":\"ListItem\",\"position\":1,\"name\":\"In\u00edcio\",\"item\":\"https:\\\/\\\/mig-now.com\\\/\"},{\"@type\":\"ListItem\",\"position\":2,\"name\":\"Pol\u00edtica de Cookies\"}]},{\"@type\":\"WebSite\",\"@id\":\"https:\\\/\\\/mig-now.com\\\/#website\",\"url\":\"https:\\\/\\\/mig-now.com\\\/\",\"name\":\"MIGNOW\",\"description\":\"Convers\u00e3o automatizada do SAP ECC para o SAP S\\\/4HANA.\",\"publisher\":{\"@id\":\"https:\\\/\\\/mig-now.com\\\/#organization\"},\"potentialAction\":[{\"@type\":\"SearchAction\",\"target\":{\"@type\":\"EntryPoint\",\"urlTemplate\":\"https:\\\/\\\/mig-now.com\\\/?s={search_term_string}\"},\"query-input\":{\"@type\":\"PropertyValueSpecification\",\"valueRequired\":true,\"valueName\":\"search_term_string\"}}],\"inLanguage\":\"es\"},{\"@type\":\"Organization\",\"@id\":\"https:\\\/\\\/mig-now.com\\\/#organization\",\"name\":\"mignow\",\"url\":\"https:\\\/\\\/mig-now.com\\\/\",\"logo\":{\"@type\":\"ImageObject\",\"inLanguage\":\"es\",\"@id\":\"https:\\\/\\\/mig-now.com\\\/#\\\/schema\\\/logo\\\/image\\\/\",\"url\":\"https:\\\/\\\/mig-now.com\\\/wp-content\\\/uploads\\\/Mignow-03.png\",\"contentUrl\":\"https:\\\/\\\/mig-now.com\\\/wp-content\\\/uploads\\\/Mignow-03.png\",\"width\":4728,\"height\":1646,\"caption\":\"mignow\"},\"image\":{\"@id\":\"https:\\\/\\\/mig-now.com\\\/#\\\/schema\\\/logo\\\/image\\\/\"},\"sameAs\":[\"https:\\\/\\\/www.facebook.com\\\/MIGNOW-115950623606393\",\"https:\\\/\\\/www.instagram.com\\\/mig_now\\\/\",\"https:\\\/\\\/www.linkedin.com\\\/company\\\/65868910\\\/admin\\\/\",\"https:\\\/\\\/www.youtube.com\\\/channel\\\/UCh1QRa8dGxBPnqIoy6NReeA\"]}]}<\/script>\n<!-- \/ Yoast SEO plugin. -->","yoast_head_json":{"title":"Pol\u00edtica de Cookies - MIGNOW","robots":{"index":"index","follow":"follow","max-snippet":"max-snippet:-1","max-image-preview":"max-image-preview:large","max-video-preview":"max-video-preview:-1"},"canonical":"https:\/\/mig-now.com\/es\/politica-de-cookies\/","og_locale":"es_ES","og_type":"article","og_title":"Pol\u00edtica de Cookies - MIGNOW","og_description":"A nossa Pol\u00edtica de Cookies tem como objetivo informar como tratamos os dados pessoais eventualmente coletados por meio de cookies, bem como disponibilizar instru\u00e7\u00f5es sobre a configura\u00e7\u00e3o de gest\u00e3o destes cookies.&nbsp; Aten\u00e7\u00e3o! Essa Pol\u00edtica deve ser lida em conjunto com a nossa Pol\u00edtica de Privacidade.&nbsp; 1. O QUE S\u00c3O COOKIES E POR QUE UTILIZAMOS?&nbsp; 1.1. [&hellip;]","og_url":"https:\/\/mig-now.com\/es\/politica-de-cookies\/","og_site_name":"MIGNOW","article_publisher":"https:\/\/www.facebook.com\/MIGNOW-115950623606393","article_modified_time":"2023-08-25T16:05:06+00:00","og_image":[{"width":1200,"height":628,"url":"https:\/\/mig-now.com\/wp-content\/uploads\/share.png","type":"image\/png"}],"twitter_card":"summary_large_image","twitter_misc":{"Tiempo de lectura":"2 minutos"},"schema":{"@context":"https:\/\/schema.org","@graph":[{"@type":"WebPage","@id":"https:\/\/mig-now.com\/politica-de-cookies\/","url":"https:\/\/mig-now.com\/politica-de-cookies\/","name":"Pol\u00edtica de Cookies - MIGNOW","isPartOf":{"@id":"https:\/\/mig-now.com\/#website"},"datePublished":"2021-04-27T21:28:18+00:00","dateModified":"2023-08-25T16:05:06+00:00","breadcrumb":{"@id":"https:\/\/mig-now.com\/politica-de-cookies\/#breadcrumb"},"inLanguage":"es","potentialAction":[{"@type":"ReadAction","target":["https:\/\/mig-now.com\/politica-de-cookies\/"]}]},{"@type":"BreadcrumbList","@id":"https:\/\/mig-now.com\/politica-de-cookies\/#breadcrumb","itemListElement":[{"@type":"ListItem","position":1,"name":"In\u00edcio","item":"https:\/\/mig-now.com\/"},{"@type":"ListItem","position":2,"name":"Pol\u00edtica de Cookies"}]},{"@type":"WebSite","@id":"https:\/\/mig-now.com\/#website","url":"https:\/\/mig-now.com\/","name":"MIGNOW","description":"Conversi\u00f3n automatizada de SAP ECC a SAP S\/4HANA.","publisher":{"@id":"https:\/\/mig-now.com\/#organization"},"potentialAction":[{"@type":"SearchAction","target":{"@type":"EntryPoint","urlTemplate":"https:\/\/mig-now.com\/?s={search_term_string}"},"query-input":{"@type":"PropertyValueSpecification","valueRequired":true,"valueName":"search_term_string"}}],"inLanguage":"es"},{"@type":"Organization","@id":"https:\/\/mig-now.com\/#organization","name":"mignow","url":"https:\/\/mig-now.com\/","logo":{"@type":"ImageObject","inLanguage":"es","@id":"https:\/\/mig-now.com\/#\/schema\/logo\/image\/","url":"https:\/\/mig-now.com\/wp-content\/uploads\/Mignow-03.png","contentUrl":"https:\/\/mig-now.com\/wp-content\/uploads\/Mignow-03.png","width":4728,"height":1646,"caption":"mignow"},"image":{"@id":"https:\/\/mig-now.com\/#\/schema\/logo\/image\/"},"sameAs":["https:\/\/www.facebook.com\/MIGNOW-115950623606393","https:\/\/www.instagram.com\/mig_now\/","https:\/\/www.linkedin.com\/company\/65868910\/admin\/","https:\/\/www.youtube.com\/channel\/UCh1QRa8dGxBPnqIoy6NReeA"]}]}},"_links":{"self":[{"href":"https:\/\/mig-now.com\/es\/wp-json\/wp\/v2\/pages\/3835","targetHints":{"allow":["GET"]}}],"collection":[{"href":"https:\/\/mig-now.com\/es\/wp-json\/wp\/v2\/pages"}],"about":[{"href":"https:\/\/mig-now.com\/es\/wp-json\/wp\/v2\/types\/page"}],"author":[{"embeddable":true,"href":"https:\/\/mig-now.com\/es\/wp-json\/wp\/v2\/users\/20"}],"replies":[{"embeddable":true,"href":"https:\/\/mig-now.com\/es\/wp-json\/wp\/v2\/comments?post=3835"}],"version-history":[{"count":0,"href":"https:\/\/mig-now.com\/es\/wp-json\/wp\/v2\/pages\/3835\/revisions"}],"wp:attachment":[{"href":"https:\/\/mig-now.com\/es\/wp-json\/wp\/v2\/media?parent=3835"}],"curies":[{"name":"wp","href":"https:\/\/api.w.org\/{rel}","templated":true}]}}