{"id":40,"date":"2021-01-13T16:32:55","date_gmt":"2021-01-13T18:32:55","guid":{"rendered":"https:\/\/mig-now.com\/?page_id=40"},"modified":"2023-11-08T10:13:24","modified_gmt":"2023-11-08T13:13:24","slug":"conteudos","status":"publish","type":"page","link":"https:\/\/mig-now.com\/es\/contenido\/","title":{"rendered":"Contenido"},"content":{"rendered":"<section class=\"dd-o-carousel dd-o-carousel-full\">\n  <div class=\"dd-o-carousel__wrapper\">\n    <div class=\"dd-o-carousel-full__item\">\n      <figure class=\"dd-o-carousel-full__item__figure\">\n                  <picture>\n            <source media=\"(min-width: 768px)\" srcset=\"https:\/\/mig-now.com\/wp-content\/uploads\/banner_conteudos.png\">\n            <img decoding=\"async\" fetchpriority=\"high\" src=\"https:\/\/mig-now.com\/wp-content\/uploads\/Banner_Conteudos_mobile.png\" alt=\"\">\n          <\/picture>\n            \n        <figcaption class=\"dd-o-carousel-full__item__caption\">\n          \n          <h1 class=\"dd-o-carousel-full__item__caption__title\">Vea nuestro<br \/>\r\n\u00faltimo<br \/>\r\ncontenido.<\/h1>\n          \n                  <\/figcaption>\n      <\/figure>\n    <\/div>\n  <\/div>\n\n  <i class=\"icon-mouse\" data-aos=\"fade-up\" data-offset=\"0\" data-aos-anchor-placement=\"bottom-bottom\"><\/i>\n<\/section>\n\n\n  \n<nav class=\"dd-o-nav dd-o-nav-children\">\n  <div class=\"dd-o-nav__wrapper\">\n          <a href=\"https:\/\/mig-now.com\/es\/contenido\/blog\/#vamosla\" class=\"dd-o-nav-children__item\">\n        <i class=\"icon-pencil\"><\/i>\n        Blog      <\/a>\n          <a href=\"https:\/\/mig-now.com\/es\/contenido\/prensa\/#vamosla\" class=\"dd-o-nav-children__item\">\n        <i class=\"icon-message\"><\/i>\n        Press      <\/a>\n          <a href=\"https:\/\/mig-now.com\/es\/contenido\/noticias\/#vamosla\" class=\"dd-o-nav-children__item\">\n        <i class=\"icon-news\"><\/i>\n        News      <\/a>\n    \n    <a href=\"https:\/\/mig-now.com\/es\/contenido\/#vamosla\" class=\"dd-o-nav-children__item is-current\">\n      Todos los contenidos    <\/a>\n  <\/div>\n<\/nav>\n\n\n  \n<section class=\"dd-o-section dd-o-list dd-o-list-posts vertical\">\n  <div class=\"dd-o-section__wrapper\">\n    <ul class=\"response\">\n                        <li data-aos=\"fade-up\" data-aos-delay=\"0\">\n  <a href=\"https:\/\/mig-now.com\/es\/conteudos\/blog\/los-mayores-secretos-de-la-migracion-de-sap-a-la-nube\/\" class=\"dd-m-card-posts vertical\">\n    <figure class=\"dd-m-card-posts__figure\">\n      <img decoding=\"async\" src=\"https:\/\/mig-now.com\/wp-content\/uploads\/MIGNOW-whitepaper_miniatura.png\" alt=\"\">\n    <\/figure>\n\n    <div class=\"dd-m-card-posts__wrapper\">\n      <i class=\"icon-pencil\"><\/i>\n\n      <div class=\"dd-m-card-posts__content\">\n        <div class=\"dd-m-card-posts__infos\">\n          <h5 class=\"dd-m-card-posts__title\">\n            <span>SAP Cloud y la transici\u00f3n a RISE con SAP<\/span>\n          <\/h5>\n\n                      Si has llegado hasta aqu\u00ed significa que est\u00e1s interesado en el tema de la migraci\u00f3n de SAP a la nube, \u00bfverdad? Pero, \u00bfsabe ya lo que se necesita para convertir su proceso de conversi\u00f3n a la nube en un proyecto exitoso?                  <\/div>\n\n        <span class=\"dd-m-card-posts__button dd-a-button dd-a-button--dark\" role=\"button\">\n          <i class=\"icon-longarrow-right\"><\/i>\n        <\/span>\n      <\/div>\n    <\/div>\n  <\/a>\n<\/li>\n                  <li data-aos=\"fade-up\" data-aos-delay=\"0\">\n  <a href=\"https:\/\/mig-now.com\/es\/conteudos\/blog\/joule-la-revolucion-de-la-ia-para-empresas-2\/\" class=\"dd-m-card-posts vertical\">\n    <figure class=\"dd-m-card-posts__figure\">\n      <img decoding=\"async\" src=\"https:\/\/mig-now.com\/wp-content\/uploads\/Joule_miniatura-1.png\" alt=\"\">\n    <\/figure>\n\n    <div class=\"dd-m-card-posts__wrapper\">\n      <i class=\"icon-pencil\"><\/i>\n\n      <div class=\"dd-m-card-posts__content\">\n        <div class=\"dd-m-card-posts__infos\">\n          <h5 class=\"dd-m-card-posts__title\">\n            <span>SAP AI: Joule y el futuro de la tecnolog\u00eda ERP<\/span>\n          <\/h5>\n\n                      \u00bfSabes c\u00f3mo SAP AI, Joule va a aportar el futuro a la experiencia ERP? En este post hablamos de c\u00f3mo esto ya est\u00e1 sucediendo.                  <\/div>\n\n        <span class=\"dd-m-card-posts__button dd-a-button dd-a-button--dark\" role=\"button\">\n          <i class=\"icon-longarrow-right\"><\/i>\n        <\/span>\n      <\/div>\n    <\/div>\n  <\/a>\n<\/li>\n                  <li data-aos=\"fade-up\" data-aos-delay=\"0\">\n  <a href=\"https:\/\/mig-now.com\/es\/conteudos\/press\/la-innovacion-tecnologica-y-las-soluciones-eficientes-marcan-el-mercado-de-la-consultoria-tecnologica\/\" class=\"dd-m-card-posts vertical\">\n    <figure class=\"dd-m-card-posts__figure\">\n      <img decoding=\"async\" src=\"https:\/\/mig-now.com\/wp-content\/uploads\/INOCAV2.png\" alt=\"\">\n    <\/figure>\n\n    <div class=\"dd-m-card-posts__wrapper\">\n      <i class=\"icon-news\"><\/i>\n\n      <div class=\"dd-m-card-posts__content\">\n        <div class=\"dd-m-card-posts__infos\">\n          <h5 class=\"dd-m-card-posts__title\">\n            <span>Innovaci\u00f3n tecnol\u00f3gica: IA y procesos SAP \u201ca prueba de futuro\u201d\u00a0<\/span>\n          <\/h5>\n\n                      En respuesta a esta necesidad, Mignow aparece como un agente de cambio en Brasil, especializ\u00e1ndose en la modernizaci\u00f3n de SAP.                   <\/div>\n\n        <span class=\"dd-m-card-posts__button dd-a-button dd-a-button--dark\" role=\"button\">\n          <i class=\"icon-longarrow-right\"><\/i>\n        <\/span>\n      <\/div>\n    <\/div>\n  <\/a>\n<\/li>\n                  <li data-aos=\"fade-up\" data-aos-delay=\"0\">\n  <a href=\"https:\/\/mig-now.com\/es\/conteudos\/press\/las-suscripciones-de-software-y-la-evolucion-de-los-modelos-de-negocio\/\" class=\"dd-m-card-posts vertical\">\n    <figure class=\"dd-m-card-posts__figure\">\n      <img decoding=\"async\" src=\"https:\/\/mig-now.com\/wp-content\/uploads\/Prancheta_1_copia_201.png\" alt=\"\">\n    <\/figure>\n\n    <div class=\"dd-m-card-posts__wrapper\">\n      <i class=\"icon-news\"><\/i>\n\n      <div class=\"dd-m-card-posts__content\">\n        <div class=\"dd-m-card-posts__infos\">\n          <h5 class=\"dd-m-card-posts__title\">\n            <span>Mignow lanza Programa Trainee 2025 para formar talentos en el sector SAP y refuerza pilares de innovaci\u00f3n y cultura organizacional<\/span>\n          <\/h5>\n\n                      Mignow, empresa pionera en soluciones de migraci\u00f3n y automatizaci\u00f3n de sistemas SAP, anunci\u00f3 su Programa Trainee para 2025.                  <\/div>\n\n        <span class=\"dd-m-card-posts__button dd-a-button dd-a-button--dark\" role=\"button\">\n          <i class=\"icon-longarrow-right\"><\/i>\n        <\/span>\n      <\/div>\n    <\/div>\n  <\/a>\n<\/li>\n                  <li data-aos=\"fade-up\" data-aos-delay=\"0\">\n  <a href=\"https:\/\/mig-now.com\/es\/conteudos\/blog\/tecnologia\/diferenciales-entre-conversion-tradicional-y-software-de-conversion\/\" class=\"dd-m-card-posts vertical\">\n    <figure class=\"dd-m-card-posts__figure\">\n      <img decoding=\"async\" src=\"https:\/\/mig-now.com\/wp-content\/uploads\/Tradicional-vs-software_miniatura.png\" alt=\"\">\n    <\/figure>\n\n    <div class=\"dd-m-card-posts__wrapper\">\n      <i class=\"icon-pencil\"><\/i>\n\n      <div class=\"dd-m-card-posts__content\">\n        <div class=\"dd-m-card-posts__infos\">\n          <h5 class=\"dd-m-card-posts__title\">\n            <span>Conversi\u00f3n tradicional versus tradicional Software de conversi\u00f3n: principales diferenciadores\u00a0<\/span>\n          <\/h5>\n\n                      Al iniciar el viaje de migraci\u00f3n a SAP S\/4HANA, las empresas se enfrentan a una elecci\u00f3n fundamental: seguir el camino de conversi\u00f3n tradicional o adoptar un software de conversi\u00f3n automatizado. Esta decisi\u00f3n puede tener un impacto significativo en el tiempo, el costo y la calidad del proyecto.\u00a0                  <\/div>\n\n        <span class=\"dd-m-card-posts__button dd-a-button dd-a-button--dark\" role=\"button\">\n          <i class=\"icon-longarrow-right\"><\/i>\n        <\/span>\n      <\/div>\n    <\/div>\n  <\/a>\n<\/li>\n                  <li data-aos=\"fade-up\" data-aos-delay=\"0\">\n  <a href=\"https:\/\/mig-now.com\/es\/conteudos\/press\/las-suscripciones-de-software-y-la-evolucion-de-los-modelos-de-negocio\/\" class=\"dd-m-card-posts vertical\">\n    <figure class=\"dd-m-card-posts__figure\">\n      <img decoding=\"async\" src=\"https:\/\/mig-now.com\/wp-content\/uploads\/Prancheta_1_copia_81-1.png\" alt=\"\">\n    <\/figure>\n\n    <div class=\"dd-m-card-posts__wrapper\">\n      <i class=\"icon-news\"><\/i>\n\n      <div class=\"dd-m-card-posts__content\">\n        <div class=\"dd-m-card-posts__infos\">\n          <h5 class=\"dd-m-card-posts__title\">\n            <span>Power Lunch en S\u00e3o Paulo celebra la primera edici\u00f3n de Forbes Peque\u00f1as Gigantes<\/span>\n          <\/h5>\n\n                      Antonio Camarotti, director general y editor de Forbes Brasil, recibi\u00f3 a personalidades y elegidos para la nueva lista en Casa Manioca, en S\u00e3o Paulo                  <\/div>\n\n        <span class=\"dd-m-card-posts__button dd-a-button dd-a-button--dark\" role=\"button\">\n          <i class=\"icon-longarrow-right\"><\/i>\n        <\/span>\n      <\/div>\n    <\/div>\n  <\/a>\n<\/li>\n                  <li data-aos=\"fade-up\" data-aos-delay=\"0\">\n  <a href=\"https:\/\/mig-now.com\/es\/conteudos\/press\/las-suscripciones-de-software-y-la-evolucion-de-los-modelos-de-negocio\/\" class=\"dd-m-card-posts vertical\">\n    <figure class=\"dd-m-card-posts__figure\">\n      <img decoding=\"async\" src=\"https:\/\/mig-now.com\/wp-content\/uploads\/Prancheta_1_copia_171.png\" alt=\"\">\n    <\/figure>\n\n    <div class=\"dd-m-card-posts__wrapper\">\n      <i class=\"icon-news\"><\/i>\n\n      <div class=\"dd-m-card-posts__content\">\n        <div class=\"dd-m-card-posts__infos\">\n          <h5 class=\"dd-m-card-posts__title\">\n            <span>Mignow abre nueva oficina en USA y asigna ejecutivos para operaciones internacionales<\/span>\n          <\/h5>\n\n                      La expansi\u00f3n internacional de la empresa brasile\u00f1a que trabaja con Inteligencia Artificial para la migraci\u00f3n a SAP cobra fuerza con nueva unidad en Miami                  <\/div>\n\n        <span class=\"dd-m-card-posts__button dd-a-button dd-a-button--dark\" role=\"button\">\n          <i class=\"icon-longarrow-right\"><\/i>\n        <\/span>\n      <\/div>\n    <\/div>\n  <\/a>\n<\/li>\n                  <li data-aos=\"fade-up\" data-aos-delay=\"0\">\n  <a href=\"https:\/\/mig-now.com\/es\/conteudos\/press\/las-suscripciones-de-software-y-la-evolucion-de-los-modelos-de-negocio\/\" class=\"dd-m-card-posts vertical\">\n    <figure class=\"dd-m-card-posts__figure\">\n      <img decoding=\"async\" src=\"https:\/\/mig-now.com\/wp-content\/uploads\/Prancheta_1_copia_261.png\" alt=\"\">\n    <\/figure>\n\n    <div class=\"dd-m-card-posts__wrapper\">\n      <i class=\"icon-news\"><\/i>\n\n      <div class=\"dd-m-card-posts__content\">\n        <div class=\"dd-m-card-posts__infos\">\n          <h5 class=\"dd-m-card-posts__title\">\n            <span>El impacto de Mignow en el universo S4\/HANA \u2013 Paulo Secco, CEO de MIGNOW \u2013 ERP Summit Podcast #39<\/span>\n          <\/h5>\n\n                      la innovaci\u00f3n en la migraci\u00f3n de sistemas ERP y la importancia de la actualizaci\u00f3n constante para las empresas.\n                  <\/div>\n\n        <span class=\"dd-m-card-posts__button dd-a-button dd-a-button--dark\" role=\"button\">\n          <i class=\"icon-longarrow-right\"><\/i>\n        <\/span>\n      <\/div>\n    <\/div>\n  <\/a>\n<\/li>\n                  <li data-aos=\"fade-up\" data-aos-delay=\"0\">\n  <a href=\"https:\/\/mig-now.com\/es\/conteudos\/press\/las-suscripciones-de-software-y-la-evolucion-de-los-modelos-de-negocio\/\" class=\"dd-m-card-posts vertical\">\n    <figure class=\"dd-m-card-posts__figure\">\n      <img decoding=\"async\" src=\"https:\/\/mig-now.com\/wp-content\/uploads\/Prancheta_1_copia_111-1.png\" alt=\"\">\n    <\/figure>\n\n    <div class=\"dd-m-card-posts__wrapper\">\n      <i class=\"icon-news\"><\/i>\n\n      <div class=\"dd-m-card-posts__content\">\n        <div class=\"dd-m-card-posts__infos\">\n          <h5 class=\"dd-m-card-posts__title\">\n            <span>Drogaria Pague Menos avanza con apoyo de Mignow<\/span>\n          <\/h5>\n\n                      La asociaci\u00f3n estrat\u00e9gica con Mignow permite la migraci\u00f3n a SAP S\/4 HANA, mejorando la eficiencia operativa y reduciendo costos.                  <\/div>\n\n        <span class=\"dd-m-card-posts__button dd-a-button dd-a-button--dark\" role=\"button\">\n          <i class=\"icon-longarrow-right\"><\/i>\n        <\/span>\n      <\/div>\n    <\/div>\n  <\/a>\n<\/li>\n                  <\/ul>\n\n        <button class=\"dd-a-button-load\" data-loading type=\"button\" data-perpage=\"9\" data-category=\"8,6,7\" data-page=\"1\" data-action=\"more_post_ajax\">\n      <i class=\"icon-refresh\"><\/i>\n    <\/button>\n      <\/div>\n<\/section>","protected":false},"excerpt":{"rendered":"","protected":false},"author":20,"featured_media":0,"parent":0,"menu_order":0,"comment_status":"closed","ping_status":"closed","template":"","meta":{"_acf_changed":false,"footnotes":""},"class_list":["post-40","page","type-page","status-publish","hentry"],"acf":[],"yoast_head":"<!-- This site is optimized with the Yoast SEO plugin v27.2 - https:\/\/yoast.com\/product\/yoast-seo-wordpress\/ -->\n<title>Conte\u00fados - MIGNOW<\/title>\n<meta name=\"description\" content=\"Quer entender sobre SAP S\/4HANA? Conhe\u00e7a diversos conte\u00fados de A a Z sobre o tema e fique informado atrav\u00e9s do MIGNOW\" \/>\n<meta name=\"robots\" content=\"index, follow, max-snippet:-1, max-image-preview:large, max-video-preview:-1\" \/>\n<link rel=\"canonical\" href=\"https:\/\/mig-now.com\/es\/contenido\/\" \/>\n<meta property=\"og:locale\" content=\"es_ES\" \/>\n<meta property=\"og:type\" content=\"article\" \/>\n<meta property=\"og:title\" content=\"Conte\u00fados - MIGNOW\" \/>\n<meta property=\"og:description\" content=\"Quer entender sobre SAP S\/4HANA? Conhe\u00e7a diversos conte\u00fados de A a Z sobre o tema e fique informado atrav\u00e9s do MIGNOW\" \/>\n<meta property=\"og:url\" content=\"https:\/\/mig-now.com\/es\/contenido\/\" \/>\n<meta property=\"og:site_name\" content=\"MIGNOW\" \/>\n<meta property=\"article:publisher\" content=\"https:\/\/www.facebook.com\/MIGNOW-115950623606393\" \/>\n<meta property=\"article:modified_time\" content=\"2023-11-08T13:13:24+00:00\" \/>\n<meta property=\"og:image\" content=\"https:\/\/mig-now.com\/wp-content\/uploads\/share.png\" \/>\n\t<meta property=\"og:image:width\" content=\"1200\" \/>\n\t<meta property=\"og:image:height\" content=\"628\" \/>\n\t<meta property=\"og:image:type\" content=\"image\/png\" \/>\n<meta name=\"twitter:card\" content=\"summary_large_image\" \/>\n<meta name=\"twitter:label1\" content=\"Tiempo de lectura\" \/>\n\t<meta name=\"twitter:data1\" content=\"1 minuto\" \/>\n<script type=\"application\/ld+json\" class=\"yoast-schema-graph\">{\"@context\":\"https:\/\/schema.org\",\"@graph\":[{\"@type\":\"WebPage\",\"@id\":\"https:\/\/mig-now.com\/conteudos\/\",\"url\":\"https:\/\/mig-now.com\/conteudos\/\",\"name\":\"Conte\u00fados - MIGNOW\",\"isPartOf\":{\"@id\":\"https:\/\/mig-now.com\/#website\"},\"datePublished\":\"2021-01-13T18:32:55+00:00\",\"dateModified\":\"2023-11-08T13:13:24+00:00\",\"description\":\"Quer entender sobre SAP S\/4HANA? Conhe\u00e7a diversos conte\u00fados de A a Z sobre o tema e fique informado atrav\u00e9s do MIGNOW\",\"breadcrumb\":{\"@id\":\"https:\/\/mig-now.com\/conteudos\/#breadcrumb\"},\"inLanguage\":\"es\",\"potentialAction\":[{\"@type\":\"ReadAction\",\"target\":[\"https:\/\/mig-now.com\/conteudos\/\"]}]},{\"@type\":\"BreadcrumbList\",\"@id\":\"https:\/\/mig-now.com\/conteudos\/#breadcrumb\",\"itemListElement\":[{\"@type\":\"ListItem\",\"position\":1,\"name\":\"In\u00edcio\",\"item\":\"https:\/\/mig-now.com\/\"},{\"@type\":\"ListItem\",\"position\":2,\"name\":\"Conte\u00fados\"}]},{\"@type\":\"WebSite\",\"@id\":\"https:\/\/mig-now.com\/#website\",\"url\":\"https:\/\/mig-now.com\/\",\"name\":\"MIGNOW\",\"description\":\"Convers\u00e3o automatizada do SAP ECC para o SAP S\/4HANA.\",\"publisher\":{\"@id\":\"https:\/\/mig-now.com\/#organization\"},\"potentialAction\":[{\"@type\":\"SearchAction\",\"target\":{\"@type\":\"EntryPoint\",\"urlTemplate\":\"https:\/\/mig-now.com\/?s={search_term_string}\"},\"query-input\":{\"@type\":\"PropertyValueSpecification\",\"valueRequired\":true,\"valueName\":\"search_term_string\"}}],\"inLanguage\":\"es\"},{\"@type\":\"Organization\",\"@id\":\"https:\/\/mig-now.com\/#organization\",\"name\":\"mignow\",\"url\":\"https:\/\/mig-now.com\/\",\"logo\":{\"@type\":\"ImageObject\",\"inLanguage\":\"es\",\"@id\":\"https:\/\/mig-now.com\/#\/schema\/logo\/image\/\",\"url\":\"https:\/\/mig-now.com\/wp-content\/uploads\/Mignow-03.png\",\"contentUrl\":\"https:\/\/mig-now.com\/wp-content\/uploads\/Mignow-03.png\",\"width\":4728,\"height\":1646,\"caption\":\"mignow\"},\"image\":{\"@id\":\"https:\/\/mig-now.com\/#\/schema\/logo\/image\/\"},\"sameAs\":[\"https:\/\/www.facebook.com\/MIGNOW-115950623606393\",\"https:\/\/www.instagram.com\/mig_now\/\",\"https:\/\/www.linkedin.com\/company\/65868910\/admin\/\",\"https:\/\/www.youtube.com\/channel\/UCh1QRa8dGxBPnqIoy6NReeA\"]}]}<\/script>\n<!-- \/ Yoast SEO plugin. -->","yoast_head_json":{"title":"Contenidos - MIGNOW","description":"\u00bfQuieres entender SAP S\/4HANA? Descubra contenido diverso de la A a la Z sobre el tema y mant\u00e9ngase informado a trav\u00e9s de MIGNOW","robots":{"index":"index","follow":"follow","max-snippet":"max-snippet:-1","max-image-preview":"max-image-preview:large","max-video-preview":"max-video-preview:-1"},"canonical":"https:\/\/mig-now.com\/es\/contenido\/","og_locale":"es_ES","og_type":"article","og_title":"Conte\u00fados - MIGNOW","og_description":"Quer entender sobre SAP S\/4HANA? Conhe\u00e7a diversos conte\u00fados de A a Z sobre o tema e fique informado atrav\u00e9s do MIGNOW","og_url":"https:\/\/mig-now.com\/es\/contenido\/","og_site_name":"MIGNOW","article_publisher":"https:\/\/www.facebook.com\/MIGNOW-115950623606393","article_modified_time":"2023-11-08T13:13:24+00:00","og_image":[{"width":1200,"height":628,"url":"https:\/\/mig-now.com\/wp-content\/uploads\/share.png","type":"image\/png"}],"twitter_card":"summary_large_image","twitter_misc":{"Tiempo de lectura":"1 minuto"},"schema":{"@context":"https:\/\/schema.org","@graph":[{"@type":"WebPage","@id":"https:\/\/mig-now.com\/conteudos\/","url":"https:\/\/mig-now.com\/conteudos\/","name":"Contenidos - MIGNOW","isPartOf":{"@id":"https:\/\/mig-now.com\/#website"},"datePublished":"2021-01-13T18:32:55+00:00","dateModified":"2023-11-08T13:13:24+00:00","description":"\u00bfQuieres entender SAP S\/4HANA? Descubra contenido diverso de la A a la Z sobre el tema y mant\u00e9ngase informado a trav\u00e9s de MIGNOW","breadcrumb":{"@id":"https:\/\/mig-now.com\/conteudos\/#breadcrumb"},"inLanguage":"es","potentialAction":[{"@type":"ReadAction","target":["https:\/\/mig-now.com\/conteudos\/"]}]},{"@type":"BreadcrumbList","@id":"https:\/\/mig-now.com\/conteudos\/#breadcrumb","itemListElement":[{"@type":"ListItem","position":1,"name":"In\u00edcio","item":"https:\/\/mig-now.com\/"},{"@type":"ListItem","position":2,"name":"Conte\u00fados"}]},{"@type":"WebSite","@id":"https:\/\/mig-now.com\/#website","url":"https:\/\/mig-now.com\/","name":"MIGNOW","description":"Conversi\u00f3n automatizada de SAP ECC a SAP S\/4HANA.","publisher":{"@id":"https:\/\/mig-now.com\/#organization"},"potentialAction":[{"@type":"SearchAction","target":{"@type":"EntryPoint","urlTemplate":"https:\/\/mig-now.com\/?s={search_term_string}"},"query-input":{"@type":"PropertyValueSpecification","valueRequired":true,"valueName":"search_term_string"}}],"inLanguage":"es"},{"@type":"Organization","@id":"https:\/\/mig-now.com\/#organization","name":"mignow","url":"https:\/\/mig-now.com\/","logo":{"@type":"ImageObject","inLanguage":"es","@id":"https:\/\/mig-now.com\/#\/schema\/logo\/image\/","url":"https:\/\/mig-now.com\/wp-content\/uploads\/Mignow-03.png","contentUrl":"https:\/\/mig-now.com\/wp-content\/uploads\/Mignow-03.png","width":4728,"height":1646,"caption":"mignow"},"image":{"@id":"https:\/\/mig-now.com\/#\/schema\/logo\/image\/"},"sameAs":["https:\/\/www.facebook.com\/MIGNOW-115950623606393","https:\/\/www.instagram.com\/mig_now\/","https:\/\/www.linkedin.com\/company\/65868910\/admin\/","https:\/\/www.youtube.com\/channel\/UCh1QRa8dGxBPnqIoy6NReeA"]}]}},"_links":{"self":[{"href":"https:\/\/mig-now.com\/es\/wp-json\/wp\/v2\/pages\/40","targetHints":{"allow":["GET"]}}],"collection":[{"href":"https:\/\/mig-now.com\/es\/wp-json\/wp\/v2\/pages"}],"about":[{"href":"https:\/\/mig-now.com\/es\/wp-json\/wp\/v2\/types\/page"}],"author":[{"embeddable":true,"href":"https:\/\/mig-now.com\/es\/wp-json\/wp\/v2\/users\/20"}],"replies":[{"embeddable":true,"href":"https:\/\/mig-now.com\/es\/wp-json\/wp\/v2\/comments?post=40"}],"version-history":[{"count":0,"href":"https:\/\/mig-now.com\/es\/wp-json\/wp\/v2\/pages\/40\/revisions"}],"wp:attachment":[{"href":"https:\/\/mig-now.com\/es\/wp-json\/wp\/v2\/media?parent=40"}],"curies":[{"name":"wp","href":"https:\/\/api.w.org\/{rel}","templated":true}]}}