{"id":522,"date":"2021-02-15T11:16:15","date_gmt":"2021-02-15T13:16:15","guid":{"rendered":"https:\/\/mig-now.com\/?page_id=522"},"modified":"2022-07-07T16:24:25","modified_gmt":"2022-07-07T19:24:25","slug":"news","status":"publish","type":"page","link":"https:\/\/mig-now.com\/es\/contenido\/noticias\/","title":{"rendered":"News"},"content":{"rendered":"<section class=\"dd-o-carousel dd-o-carousel-full\">\n  <div class=\"dd-o-carousel__wrapper\">\n    <div class=\"dd-o-carousel-full__item\">\n      <figure class=\"dd-o-carousel-full__item__figure\">\n                  <picture>\n            <source media=\"(min-width: 768px)\" srcset=\"https:\/\/mig-now.com\/wp-content\/uploads\/banner_conteudos.png\">\n            <img decoding=\"async\" fetchpriority=\"high\" src=\"https:\/\/mig-now.com\/wp-content\/uploads\/Banner_Conteudos_mobile.png\" alt=\"\">\n          <\/picture>\n            \n        <figcaption class=\"dd-o-carousel-full__item__caption\">\n          \n          <h1 class=\"dd-o-carousel-full__item__caption__title\">Vea nuestro<br \/>\r\n\u00faltimo<br \/>\r\ncontenido.<\/h1>\n          \n                      <a href=\"#vamosla\" class=\"dd-a-button dd-a-button--lg dd-a-button--outlined dd-a-button--light\">\n              <span>Vamos all\u00e1<\/span>\n              <i class=\"icon-longarrow-right\"><\/i>\n            <\/a>\n                  <\/figcaption>\n      <\/figure>\n    <\/div>\n  <\/div>\n\n  <i class=\"icon-mouse\" data-aos=\"fade-up\" data-offset=\"0\" data-aos-anchor-placement=\"bottom-bottom\"><\/i>\n<\/section>\n\n\n<h4 class=\"has-text-align-center wp-block-heading\" id=\"vamosla\">Aqu\u00ed es donde compartimos contenido.<br>pensando en la evoluci\u00f3n de tus estrategias.<\/h4>\n\n\n\n  \n<nav class=\"dd-o-nav dd-o-nav-children\">\n  <div class=\"dd-o-nav__wrapper\">\n          <a href=\"https:\/\/mig-now.com\/es\/contenido\/blog\/#vamosla\" class=\"dd-o-nav-children__item\">\n        <i class=\"icon-pencil\"><\/i>\n        Blog      <\/a>\n          <a href=\"https:\/\/mig-now.com\/es\/contenido\/prensa\/#vamosla\" class=\"dd-o-nav-children__item\">\n        <i class=\"icon-message\"><\/i>\n        Press      <\/a>\n          <a href=\"https:\/\/mig-now.com\/es\/contenido\/noticias\/#vamosla\" class=\"dd-o-nav-children__item is-current\">\n        <i class=\"icon-news\"><\/i>\n        News      <\/a>\n    \n    <a href=\"https:\/\/mig-now.com\/es\/contenido\/#vamosla\" class=\"dd-o-nav-children__item\">\n      Todos los contenidos    <\/a>\n  <\/div>\n<\/nav>\n\n\n  \n<section class=\"dd-o-section dd-o-list dd-o-list-posts vertical\">\n  <div class=\"dd-o-section__wrapper\">\n    <ul class=\"response\">\n                        <li data-aos=\"fade-up\" data-aos-delay=\"0\">\n  <a href=\"https:\/\/mig-now.com\/es\/conteudos\/news\/modelos-de-conversion-de-shell-sap-brownfield-greenfield\/\" class=\"dd-m-card-posts vertical\">\n    <figure class=\"dd-m-card-posts__figure\">\n      <img decoding=\"async\" src=\"https:\/\/mig-now.com\/wp-content\/uploads\/Modelos-de-Conversao-SAP-Brownfield-Greenfield-e-Shell-conversion-qual-e-a-diferenca-miniatura.png\" alt=\"\">\n    <\/figure>\n\n    <div class=\"dd-m-card-posts__wrapper\">\n      <i class=\"icon-news\"><\/i>\n\n      <div class=\"dd-m-card-posts__content\">\n        <div class=\"dd-m-card-posts__infos\">\n          <h5 class=\"dd-m-card-posts__title\">\n            <span>Modelos de conversi\u00f3n de SAP: conversi\u00f3n Brownfield, Greenfield y Shell<\/span>\n          <\/h5>\n\n                      Modelos de Conversi\u00f3n SAP S\/4HANA: Nueva Implementaci\u00f3n, Conversi\u00f3n Completa o Migraci\u00f3n Selectiva. Elija la estrategia adecuada para su negocio.                  <\/div>\n\n        <span class=\"dd-m-card-posts__button dd-a-button dd-a-button--dark\" role=\"button\">\n          <i class=\"icon-longarrow-right\"><\/i>\n        <\/span>\n      <\/div>\n    <\/div>\n  <\/a>\n<\/li>\n                  <li data-aos=\"fade-up\" data-aos-delay=\"0\">\n  <a href=\"https:\/\/mig-now.com\/es\/conteudos\/news\/investigacion-de-mercado-sobre-s4hana\/\" class=\"dd-m-card-posts vertical\">\n    <figure class=\"dd-m-card-posts__figure\">\n      <img decoding=\"async\" src=\"https:\/\/mig-now.com\/wp-content\/uploads\/MIGNOW-Revela-resultados-da-Primeira-Pesquisa-de-Mercado-sobre-S4HANA-realizada-no-Brasil-miniatura.png\" alt=\"\">\n    <\/figure>\n\n    <div class=\"dd-m-card-posts__wrapper\">\n      <i class=\"icon-news\"><\/i>\n\n      <div class=\"dd-m-card-posts__content\">\n        <div class=\"dd-m-card-posts__infos\">\n          <h5 class=\"dd-m-card-posts__title\">\n            <span>MIGNOW revela resultados de la primera investigaci\u00f3n de mercado sobre S\/4HANA realizada en Brasil<\/span>\n          <\/h5>\n\n                      Descubra cu\u00e1l es la posici\u00f3n de mercado de S\/4HANA en esta encuesta in\u00e9dita realizada a empresas brasile\u00f1as.                  <\/div>\n\n        <span class=\"dd-m-card-posts__button dd-a-button dd-a-button--dark\" role=\"button\">\n          <i class=\"icon-longarrow-right\"><\/i>\n        <\/span>\n      <\/div>\n    <\/div>\n  <\/a>\n<\/li>\n                  <li data-aos=\"fade-up\" data-aos-delay=\"0\">\n  <a href=\"https:\/\/mig-now.com\/es\/conteudos\/news\/entrevista-la-migracion-automatizada-de-sap-s-4hana-con-soapeople-y-mignow\/\" class=\"dd-m-card-posts vertical\">\n    <figure class=\"dd-m-card-posts__figure\">\n      <img decoding=\"async\" src=\"https:\/\/mig-now.com\/wp-content\/uploads\/News_ERP-4-Students_miniatura.png\" alt=\"\">\n    <\/figure>\n\n    <div class=\"dd-m-card-posts__wrapper\">\n      <i class=\"icon-news\"><\/i>\n\n      <div class=\"dd-m-card-posts__content\">\n        <div class=\"dd-m-card-posts__infos\">\n          <h5 class=\"dd-m-card-posts__title\">\n            <span>Entrevista: Migraci\u00f3n automatizada de SAP S\/4HANA con SOA People y MIGNOW<\/span>\n          <\/h5>\n\n                      Erp4students ha invitado a MIGNOW para que pueda brindar a su gran comunidad los conocimientos m\u00e1s recientes sobre el tema de la migraci\u00f3n a S\/4HANA.                  <\/div>\n\n        <span class=\"dd-m-card-posts__button dd-a-button dd-a-button--dark\" role=\"button\">\n          <i class=\"icon-longarrow-right\"><\/i>\n        <\/span>\n      <\/div>\n    <\/div>\n  <\/a>\n<\/li>\n                  <li data-aos=\"fade-up\" data-aos-delay=\"0\">\n  <a href=\"https:\/\/mig-now.com\/es\/conteudos\/news\/mignow-soapeople-por-que-mignow\/\" class=\"dd-m-card-posts vertical\">\n    <figure class=\"dd-m-card-posts__figure\">\n      <img decoding=\"async\" src=\"https:\/\/mig-now.com\/wp-content\/uploads\/MIGNOW-SOA-PEOPLE_miniatura.jpg\" alt=\"\">\n    <\/figure>\n\n    <div class=\"dd-m-card-posts__wrapper\">\n      <i class=\"icon-news\"><\/i>\n\n      <div class=\"dd-m-card-posts__content\">\n        <div class=\"dd-m-card-posts__infos\">\n          <h5 class=\"dd-m-card-posts__title\">\n            <span>Mignow + Gente SOA<\/span>\n          <\/h5>\n\n                      Conozca a los fundadores de Mignow y aprenda c\u00f3mo puede automatizar su migraci\u00f3n a SAP S\/4HANA en esta entrevista con el Dr. Tamas Szirtes, Director de Innovaci\u00f3n del Grupo en SOA People.                  <\/div>\n\n        <span class=\"dd-m-card-posts__button dd-a-button dd-a-button--dark\" role=\"button\">\n          <i class=\"icon-longarrow-right\"><\/i>\n        <\/span>\n      <\/div>\n    <\/div>\n  <\/a>\n<\/li>\n                  <li data-aos=\"fade-up\" data-aos-delay=\"0\">\n  <a href=\"https:\/\/mig-now.com\/es\/conteudos\/news\/ya-que-se-acerca-la-cuarta-semana-de-2022\/\" class=\"dd-m-card-posts vertical\">\n    <figure class=\"dd-m-card-posts__figure\">\n      <img decoding=\"async\" src=\"https:\/\/mig-now.com\/wp-content\/uploads\/S4Week_miniatura.png\" alt=\"\">\n    <\/figure>\n\n    <div class=\"dd-m-card-posts__wrapper\">\n      <i class=\"icon-news\"><\/i>\n\n      <div class=\"dd-m-card-posts__content\">\n        <div class=\"dd-m-card-posts__infos\">\n          <h5 class=\"dd-m-card-posts__title\">\n            <span>Se acerca AS\/4WEEK 2022\ud83d\udd25<\/span>\n          <\/h5>\n\n                      Mignow estuvo presente en SAP SAPPHIRE 2022. Uno de los mayores eventos de tecnolog\u00eda y negocios del a\u00f1o.                  <\/div>\n\n        <span class=\"dd-m-card-posts__button dd-a-button dd-a-button--dark\" role=\"button\">\n          <i class=\"icon-longarrow-right\"><\/i>\n        <\/span>\n      <\/div>\n    <\/div>\n  <\/a>\n<\/li>\n                  <li data-aos=\"fade-up\" data-aos-delay=\"0\">\n  <a href=\"https:\/\/mig-now.com\/es\/conteudos\/news\/sap-sapphire-2022\/\" class=\"dd-m-card-posts vertical\">\n    <figure class=\"dd-m-card-posts__figure\">\n      <img decoding=\"async\" src=\"https:\/\/mig-now.com\/wp-content\/uploads\/News_sap-saphire-2022_miniatura.png\" alt=\"\">\n    <\/figure>\n\n    <div class=\"dd-m-card-posts__wrapper\">\n      <i class=\"icon-\"><\/i>\n\n      <div class=\"dd-m-card-posts__content\">\n        <div class=\"dd-m-card-posts__infos\">\n          <h5 class=\"dd-m-card-posts__title\">\n            <span>MIGNOW EN SAP ZAFIRO 2022<\/span>\n          <\/h5>\n\n                      Mignow estuvo presente en SAP SAPPHIRE 2022. Uno de los mayores eventos de tecnolog\u00eda y negocios del a\u00f1o.                  <\/div>\n\n        <span class=\"dd-m-card-posts__button dd-a-button dd-a-button--dark\" role=\"button\">\n          <i class=\"icon-longarrow-right\"><\/i>\n        <\/span>\n      <\/div>\n    <\/div>\n  <\/a>\n<\/li>\n                  <li data-aos=\"fade-up\" data-aos-delay=\"0\">\n  <a href=\"https:\/\/mig-now.com\/es\/conteudos\/news\/primer-lugar-en-los-premios-sap-innovacion-2022\/\" class=\"dd-m-card-posts vertical\">\n    <figure class=\"dd-m-card-posts__figure\">\n      <img decoding=\"async\" src=\"https:\/\/mig-now.com\/wp-content\/uploads\/MIGNOW-CONQUISTA-O-PRIMEIRO-LUGAR-NO-SAP-INNOVATION-AWARDS_miniatura-min.png\" alt=\"\">\n    <\/figure>\n\n    <div class=\"dd-m-card-posts__wrapper\">\n      <i class=\"icon-\"><\/i>\n\n      <div class=\"dd-m-card-posts__content\">\n        <div class=\"dd-m-card-posts__infos\">\n          <h5 class=\"dd-m-card-posts__title\">\n            <span>Mignow gana el primer lugar en los SAP INNOVATION AWARDS 2022 con el caso Carrefour<\/span>\n          <\/h5>\n\n                      Los premios globales SAP Innovation Awards 2022 revelaron a MIGNOW como el primer lugar en \u201cDigital Transformation on Rise with SAP\u201d a trav\u00e9s del caso Carrefour.                   <\/div>\n\n        <span class=\"dd-m-card-posts__button dd-a-button dd-a-button--dark\" role=\"button\">\n          <i class=\"icon-longarrow-right\"><\/i>\n        <\/span>\n      <\/div>\n    <\/div>\n  <\/a>\n<\/li>\n                  <li data-aos=\"fade-up\" data-aos-delay=\"0\">\n  <a href=\"https:\/\/mig-now.com\/es\/conteudos\/news\/asug-sig-s4hana-2021\/\" class=\"dd-m-card-posts vertical\">\n    <figure class=\"dd-m-card-posts__figure\">\n      <img decoding=\"async\" src=\"https:\/\/mig-now.com\/wp-content\/uploads\/ASUG_SIG_S_4HANA_miniatura.png\" alt=\"\">\n    <\/figure>\n\n    <div class=\"dd-m-card-posts__wrapper\">\n      <i class=\"icon-\"><\/i>\n\n      <div class=\"dd-m-card-posts__content\">\n        <div class=\"dd-m-card-posts__infos\">\n          <h5 class=\"dd-m-card-posts__title\">\n            <span>MIGNOW estuvo presente en SIG S\/4HANA, evento realizado por ASUG Brasil.<\/span>\n          <\/h5>\n\n                      Guilherme Joventino, COO de MIGNOW estuvo presente en SIG S\/4HANA para hablar sobre los puntos de atenci\u00f3n en una migraci\u00f3n a SAP S\/4HANA.                  <\/div>\n\n        <span class=\"dd-m-card-posts__button dd-a-button dd-a-button--dark\" role=\"button\">\n          <i class=\"icon-longarrow-right\"><\/i>\n        <\/span>\n      <\/div>\n    <\/div>\n  <\/a>\n<\/li>\n                  <li data-aos=\"fade-up\" data-aos-delay=\"0\">\n  <a href=\"https:\/\/mig-now.com\/es\/conteudos\/news\/lideres-del-cuadrante-isg\/\" class=\"dd-m-card-posts vertical\">\n    <figure class=\"dd-m-card-posts__figure\">\n      <img decoding=\"async\" src=\"https:\/\/mig-now.com\/wp-content\/uploads\/News_ISG_miniatura.png\" alt=\"\">\n    <\/figure>\n\n    <div class=\"dd-m-card-posts__wrapper\">\n      <i class=\"icon-news\"><\/i>\n\n      <div class=\"dd-m-card-posts__content\">\n        <div class=\"dd-m-card-posts__infos\">\n          <h5 class=\"dd-m-card-posts__title\">\n            <span>\u00a1Essence y Mignow son l\u00edderes en 3 cuadrantes de ISG!<\/span>\n          <\/h5>\n\n                      Essence a trav\u00e9s de Mignow recibe la calificaci\u00f3n de L\u00cdDER en tres cuadrantes de ISG adem\u00e1s de la posici\u00f3n de CONTENDER en un cuadrante adicional.                  <\/div>\n\n        <span class=\"dd-m-card-posts__button dd-a-button dd-a-button--dark\" role=\"button\">\n          <i class=\"icon-longarrow-right\"><\/i>\n        <\/span>\n      <\/div>\n    <\/div>\n  <\/a>\n<\/li>\n                  <\/ul>\n\n        <button class=\"dd-a-button-load\" data-loading type=\"button\" data-perpage=\"9\" data-category=\"6\" data-page=\"1\" data-action=\"more_post_ajax\">\n      <i class=\"icon-refresh\"><\/i>\n    <\/button>\n      <\/div>\n<\/section>","protected":false},"excerpt":{"rendered":"<p>Este es el lugar donde compartimos contenidos pensando en la evoluci\u00f3n de tus estrategias.<\/p>","protected":false},"author":20,"featured_media":0,"parent":40,"menu_order":0,"comment_status":"closed","ping_status":"closed","template":"","meta":{"_acf_changed":false,"footnotes":""},"class_list":["post-522","page","type-page","status-publish","hentry"],"acf":[],"yoast_head":"<!-- This site is optimized with the Yoast SEO plugin v27.4 - https:\/\/yoast.com\/product\/yoast-seo-wordpress\/ -->\n<title>News - MIGNOW<\/title>\n<meta name=\"robots\" content=\"index, follow, max-snippet:-1, max-image-preview:large, max-video-preview:-1\" \/>\n<link rel=\"canonical\" href=\"https:\/\/mig-now.com\/es\/contenido\/noticias\/\" \/>\n<meta property=\"og:locale\" content=\"es_ES\" \/>\n<meta property=\"og:type\" content=\"article\" \/>\n<meta property=\"og:title\" content=\"News - MIGNOW\" \/>\n<meta property=\"og:description\" content=\"Aqui \u00e9 o lugar onde compartilhamos conte\u00fadospensando na evolu\u00e7\u00e3o das suas estrat\u00e9gias.\" \/>\n<meta property=\"og:url\" content=\"https:\/\/mig-now.com\/es\/contenido\/noticias\/\" \/>\n<meta property=\"og:site_name\" content=\"MIGNOW\" \/>\n<meta property=\"article:publisher\" content=\"https:\/\/www.facebook.com\/MIGNOW-115950623606393\" \/>\n<meta property=\"article:modified_time\" content=\"2022-07-07T19:24:25+00:00\" \/>\n<meta property=\"og:image\" content=\"https:\/\/mig-now.com\/wp-content\/uploads\/share.png\" \/>\n\t<meta property=\"og:image:width\" content=\"1200\" \/>\n\t<meta property=\"og:image:height\" content=\"628\" \/>\n\t<meta property=\"og:image:type\" content=\"image\/png\" \/>\n<meta name=\"twitter:card\" content=\"summary_large_image\" \/>\n<meta name=\"twitter:label1\" content=\"Tiempo de lectura\" \/>\n\t<meta name=\"twitter:data1\" content=\"1 minuto\" \/>\n<script type=\"application\/ld+json\" class=\"yoast-schema-graph\">{\"@context\":\"https:\\\/\\\/schema.org\",\"@graph\":[{\"@type\":\"WebPage\",\"@id\":\"https:\\\/\\\/mig-now.com\\\/conteudos\\\/news\\\/\",\"url\":\"https:\\\/\\\/mig-now.com\\\/conteudos\\\/news\\\/\",\"name\":\"News - MIGNOW\",\"isPartOf\":{\"@id\":\"https:\\\/\\\/mig-now.com\\\/#website\"},\"datePublished\":\"2021-02-15T13:16:15+00:00\",\"dateModified\":\"2022-07-07T19:24:25+00:00\",\"breadcrumb\":{\"@id\":\"https:\\\/\\\/mig-now.com\\\/conteudos\\\/news\\\/#breadcrumb\"},\"inLanguage\":\"es\",\"potentialAction\":[{\"@type\":\"ReadAction\",\"target\":[\"https:\\\/\\\/mig-now.com\\\/conteudos\\\/news\\\/\"]}]},{\"@type\":\"BreadcrumbList\",\"@id\":\"https:\\\/\\\/mig-now.com\\\/conteudos\\\/news\\\/#breadcrumb\",\"itemListElement\":[{\"@type\":\"ListItem\",\"position\":1,\"name\":\"In\u00edcio\",\"item\":\"https:\\\/\\\/mig-now.com\\\/\"},{\"@type\":\"ListItem\",\"position\":2,\"name\":\"Conte\u00fados\",\"item\":\"https:\\\/\\\/mig-now.com\\\/conteudos\\\/\"},{\"@type\":\"ListItem\",\"position\":3,\"name\":\"News\"}]},{\"@type\":\"WebSite\",\"@id\":\"https:\\\/\\\/mig-now.com\\\/#website\",\"url\":\"https:\\\/\\\/mig-now.com\\\/\",\"name\":\"MIGNOW\",\"description\":\"Convers\u00e3o automatizada do SAP ECC para o SAP S\\\/4HANA.\",\"publisher\":{\"@id\":\"https:\\\/\\\/mig-now.com\\\/#organization\"},\"potentialAction\":[{\"@type\":\"SearchAction\",\"target\":{\"@type\":\"EntryPoint\",\"urlTemplate\":\"https:\\\/\\\/mig-now.com\\\/?s={search_term_string}\"},\"query-input\":{\"@type\":\"PropertyValueSpecification\",\"valueRequired\":true,\"valueName\":\"search_term_string\"}}],\"inLanguage\":\"es\"},{\"@type\":\"Organization\",\"@id\":\"https:\\\/\\\/mig-now.com\\\/#organization\",\"name\":\"mignow\",\"url\":\"https:\\\/\\\/mig-now.com\\\/\",\"logo\":{\"@type\":\"ImageObject\",\"inLanguage\":\"es\",\"@id\":\"https:\\\/\\\/mig-now.com\\\/#\\\/schema\\\/logo\\\/image\\\/\",\"url\":\"https:\\\/\\\/mig-now.com\\\/wp-content\\\/uploads\\\/Mignow-03.png\",\"contentUrl\":\"https:\\\/\\\/mig-now.com\\\/wp-content\\\/uploads\\\/Mignow-03.png\",\"width\":4728,\"height\":1646,\"caption\":\"mignow\"},\"image\":{\"@id\":\"https:\\\/\\\/mig-now.com\\\/#\\\/schema\\\/logo\\\/image\\\/\"},\"sameAs\":[\"https:\\\/\\\/www.facebook.com\\\/MIGNOW-115950623606393\",\"https:\\\/\\\/www.instagram.com\\\/mig_now\\\/\",\"https:\\\/\\\/www.linkedin.com\\\/company\\\/65868910\\\/admin\\\/\",\"https:\\\/\\\/www.youtube.com\\\/channel\\\/UCh1QRa8dGxBPnqIoy6NReeA\"]}]}<\/script>\n<!-- \/ Yoast SEO plugin. -->","yoast_head_json":{"title":"Noticias - MIGNOW","robots":{"index":"index","follow":"follow","max-snippet":"max-snippet:-1","max-image-preview":"max-image-preview:large","max-video-preview":"max-video-preview:-1"},"canonical":"https:\/\/mig-now.com\/es\/contenido\/noticias\/","og_locale":"es_ES","og_type":"article","og_title":"News - MIGNOW","og_description":"Aqui \u00e9 o lugar onde compartilhamos conte\u00fadospensando na evolu\u00e7\u00e3o das suas estrat\u00e9gias.","og_url":"https:\/\/mig-now.com\/es\/contenido\/noticias\/","og_site_name":"MIGNOW","article_publisher":"https:\/\/www.facebook.com\/MIGNOW-115950623606393","article_modified_time":"2022-07-07T19:24:25+00:00","og_image":[{"width":1200,"height":628,"url":"https:\/\/mig-now.com\/wp-content\/uploads\/share.png","type":"image\/png"}],"twitter_card":"summary_large_image","twitter_misc":{"Tiempo de lectura":"1 minuto"},"schema":{"@context":"https:\/\/schema.org","@graph":[{"@type":"WebPage","@id":"https:\/\/mig-now.com\/conteudos\/news\/","url":"https:\/\/mig-now.com\/conteudos\/news\/","name":"Noticias - MIGNOW","isPartOf":{"@id":"https:\/\/mig-now.com\/#website"},"datePublished":"2021-02-15T13:16:15+00:00","dateModified":"2022-07-07T19:24:25+00:00","breadcrumb":{"@id":"https:\/\/mig-now.com\/conteudos\/news\/#breadcrumb"},"inLanguage":"es","potentialAction":[{"@type":"ReadAction","target":["https:\/\/mig-now.com\/conteudos\/news\/"]}]},{"@type":"BreadcrumbList","@id":"https:\/\/mig-now.com\/conteudos\/news\/#breadcrumb","itemListElement":[{"@type":"ListItem","position":1,"name":"In\u00edcio","item":"https:\/\/mig-now.com\/"},{"@type":"ListItem","position":2,"name":"Conte\u00fados","item":"https:\/\/mig-now.com\/conteudos\/"},{"@type":"ListItem","position":3,"name":"News"}]},{"@type":"WebSite","@id":"https:\/\/mig-now.com\/#website","url":"https:\/\/mig-now.com\/","name":"MIGNOW","description":"Conversi\u00f3n automatizada de SAP ECC a SAP S\/4HANA.","publisher":{"@id":"https:\/\/mig-now.com\/#organization"},"potentialAction":[{"@type":"SearchAction","target":{"@type":"EntryPoint","urlTemplate":"https:\/\/mig-now.com\/?s={search_term_string}"},"query-input":{"@type":"PropertyValueSpecification","valueRequired":true,"valueName":"search_term_string"}}],"inLanguage":"es"},{"@type":"Organization","@id":"https:\/\/mig-now.com\/#organization","name":"mignow","url":"https:\/\/mig-now.com\/","logo":{"@type":"ImageObject","inLanguage":"es","@id":"https:\/\/mig-now.com\/#\/schema\/logo\/image\/","url":"https:\/\/mig-now.com\/wp-content\/uploads\/Mignow-03.png","contentUrl":"https:\/\/mig-now.com\/wp-content\/uploads\/Mignow-03.png","width":4728,"height":1646,"caption":"mignow"},"image":{"@id":"https:\/\/mig-now.com\/#\/schema\/logo\/image\/"},"sameAs":["https:\/\/www.facebook.com\/MIGNOW-115950623606393","https:\/\/www.instagram.com\/mig_now\/","https:\/\/www.linkedin.com\/company\/65868910\/admin\/","https:\/\/www.youtube.com\/channel\/UCh1QRa8dGxBPnqIoy6NReeA"]}]}},"_links":{"self":[{"href":"https:\/\/mig-now.com\/es\/wp-json\/wp\/v2\/pages\/522","targetHints":{"allow":["GET"]}}],"collection":[{"href":"https:\/\/mig-now.com\/es\/wp-json\/wp\/v2\/pages"}],"about":[{"href":"https:\/\/mig-now.com\/es\/wp-json\/wp\/v2\/types\/page"}],"author":[{"embeddable":true,"href":"https:\/\/mig-now.com\/es\/wp-json\/wp\/v2\/users\/20"}],"replies":[{"embeddable":true,"href":"https:\/\/mig-now.com\/es\/wp-json\/wp\/v2\/comments?post=522"}],"version-history":[{"count":0,"href":"https:\/\/mig-now.com\/es\/wp-json\/wp\/v2\/pages\/522\/revisions"}],"up":[{"embeddable":true,"href":"https:\/\/mig-now.com\/es\/wp-json\/wp\/v2\/pages\/40"}],"wp:attachment":[{"href":"https:\/\/mig-now.com\/es\/wp-json\/wp\/v2\/media?parent=522"}],"curies":[{"name":"wp","href":"https:\/\/api.w.org\/{rel}","templated":true}]}}