{"id":528,"date":"2021-02-15T11:21:36","date_gmt":"2021-02-15T13:21:36","guid":{"rendered":"https:\/\/mig-now.com\/?page_id=528"},"modified":"2022-07-07T16:19:39","modified_gmt":"2022-07-07T19:19:39","slug":"blog","status":"publish","type":"page","link":"https:\/\/mig-now.com\/es\/contenido\/blog\/","title":{"rendered":"Blog"},"content":{"rendered":"<section class=\"dd-o-carousel dd-o-carousel-full\">\n  <div class=\"dd-o-carousel__wrapper\">\n    <div class=\"dd-o-carousel-full__item\">\n      <figure class=\"dd-o-carousel-full__item__figure\">\n                  <picture>\n            <source media=\"(min-width: 768px)\" srcset=\"https:\/\/mig-now.com\/wp-content\/uploads\/banner_conteudos.png\">\n            <img decoding=\"async\" fetchpriority=\"high\" src=\"https:\/\/mig-now.com\/wp-content\/uploads\/Banner_Conteudos_mobile.png\" alt=\"\">\n          <\/picture>\n            \n        <figcaption class=\"dd-o-carousel-full__item__caption\">\n          \n          <h1 class=\"dd-o-carousel-full__item__caption__title\">Vea nuestro<br \/>\r\n\u00faltimo<br \/>\r\ncontenido.<\/h1>\n          \n                      <a href=\"#vamosla\" class=\"dd-a-button dd-a-button--lg dd-a-button--outlined dd-a-button--light\">\n              <span>Vamos all\u00e1<\/span>\n              <i class=\"icon-longarrow-right\"><\/i>\n            <\/a>\n                  <\/figcaption>\n      <\/figure>\n    <\/div>\n  <\/div>\n\n  <i class=\"icon-mouse\" data-aos=\"fade-up\" data-offset=\"0\" data-aos-anchor-placement=\"bottom-bottom\"><\/i>\n<\/section>\n\n\n<h4 class=\"has-text-align-center wp-block-heading\" id=\"vamosla\">Aqu\u00ed es donde compartimos contenido.<br>pensando en la evoluci\u00f3n de tus estrategias.<\/h4>\n\n\n\n  \n<nav class=\"dd-o-nav dd-o-nav-children\">\n  <div class=\"dd-o-nav__wrapper\">\n          <a href=\"https:\/\/mig-now.com\/es\/contenido\/blog\/#vamosla\" class=\"dd-o-nav-children__item is-current\">\n        <i class=\"icon-pencil\"><\/i>\n        Blog      <\/a>\n          <a href=\"https:\/\/mig-now.com\/es\/contenido\/prensa\/#vamosla\" class=\"dd-o-nav-children__item\">\n        <i class=\"icon-message\"><\/i>\n        Press      <\/a>\n          <a href=\"https:\/\/mig-now.com\/es\/contenido\/noticias\/#vamosla\" class=\"dd-o-nav-children__item\">\n        <i class=\"icon-news\"><\/i>\n        News      <\/a>\n    \n    <a href=\"https:\/\/mig-now.com\/es\/contenido\/#vamosla\" class=\"dd-o-nav-children__item\">\n      Todos los contenidos    <\/a>\n  <\/div>\n<\/nav>\n\n\n  \n<section class=\"dd-o-section dd-o-list dd-o-list-posts vertical\">\n  <div class=\"dd-o-section__wrapper\">\n    <ul class=\"response\">\n                        <li data-aos=\"fade-up\" data-aos-delay=\"0\">\n  <a href=\"https:\/\/mig-now.com\/es\/conteudos\/blog\/los-mayores-secretos-de-la-migracion-de-sap-a-la-nube\/\" class=\"dd-m-card-posts vertical\">\n    <figure class=\"dd-m-card-posts__figure\">\n      <img decoding=\"async\" src=\"https:\/\/mig-now.com\/wp-content\/uploads\/MIGNOW-whitepaper_miniatura.png\" alt=\"\">\n    <\/figure>\n\n    <div class=\"dd-m-card-posts__wrapper\">\n      <i class=\"icon-pencil\"><\/i>\n\n      <div class=\"dd-m-card-posts__content\">\n        <div class=\"dd-m-card-posts__infos\">\n          <h5 class=\"dd-m-card-posts__title\">\n            <span>SAP Cloud y la transici\u00f3n a RISE con SAP<\/span>\n          <\/h5>\n\n                      Si has llegado hasta aqu\u00ed significa que est\u00e1s interesado en el tema de la migraci\u00f3n de SAP a la nube, \u00bfverdad? Pero, \u00bfsabe ya lo que se necesita para convertir su proceso de conversi\u00f3n a la nube en un proyecto exitoso?                  <\/div>\n\n        <span class=\"dd-m-card-posts__button dd-a-button dd-a-button--dark\" role=\"button\">\n          <i class=\"icon-longarrow-right\"><\/i>\n        <\/span>\n      <\/div>\n    <\/div>\n  <\/a>\n<\/li>\n                  <li data-aos=\"fade-up\" data-aos-delay=\"0\">\n  <a href=\"https:\/\/mig-now.com\/es\/conteudos\/blog\/joule-la-revolucion-de-la-ia-para-empresas-2\/\" class=\"dd-m-card-posts vertical\">\n    <figure class=\"dd-m-card-posts__figure\">\n      <img decoding=\"async\" src=\"https:\/\/mig-now.com\/wp-content\/uploads\/Joule_miniatura-1.png\" alt=\"\">\n    <\/figure>\n\n    <div class=\"dd-m-card-posts__wrapper\">\n      <i class=\"icon-pencil\"><\/i>\n\n      <div class=\"dd-m-card-posts__content\">\n        <div class=\"dd-m-card-posts__infos\">\n          <h5 class=\"dd-m-card-posts__title\">\n            <span>SAP AI: Joule y el futuro de la tecnolog\u00eda ERP<\/span>\n          <\/h5>\n\n                      \u00bfSabes c\u00f3mo SAP AI, Joule va a aportar el futuro a la experiencia ERP? En este post hablamos de c\u00f3mo esto ya est\u00e1 sucediendo.                  <\/div>\n\n        <span class=\"dd-m-card-posts__button dd-a-button dd-a-button--dark\" role=\"button\">\n          <i class=\"icon-longarrow-right\"><\/i>\n        <\/span>\n      <\/div>\n    <\/div>\n  <\/a>\n<\/li>\n                  <li data-aos=\"fade-up\" data-aos-delay=\"0\">\n  <a href=\"https:\/\/mig-now.com\/es\/conteudos\/blog\/tecnologia\/diferenciales-entre-conversion-tradicional-y-software-de-conversion\/\" class=\"dd-m-card-posts vertical\">\n    <figure class=\"dd-m-card-posts__figure\">\n      <img decoding=\"async\" src=\"https:\/\/mig-now.com\/wp-content\/uploads\/Tradicional-vs-software_miniatura.png\" alt=\"\">\n    <\/figure>\n\n    <div class=\"dd-m-card-posts__wrapper\">\n      <i class=\"icon-pencil\"><\/i>\n\n      <div class=\"dd-m-card-posts__content\">\n        <div class=\"dd-m-card-posts__infos\">\n          <h5 class=\"dd-m-card-posts__title\">\n            <span>Conversi\u00f3n tradicional versus tradicional Software de conversi\u00f3n: principales diferenciadores\u00a0<\/span>\n          <\/h5>\n\n                      Al iniciar el viaje de migraci\u00f3n a SAP S\/4HANA, las empresas se enfrentan a una elecci\u00f3n fundamental: seguir el camino de conversi\u00f3n tradicional o adoptar un software de conversi\u00f3n automatizado. Esta decisi\u00f3n puede tener un impacto significativo en el tiempo, el costo y la calidad del proyecto.\u00a0                  <\/div>\n\n        <span class=\"dd-m-card-posts__button dd-a-button dd-a-button--dark\" role=\"button\">\n          <i class=\"icon-longarrow-right\"><\/i>\n        <\/span>\n      <\/div>\n    <\/div>\n  <\/a>\n<\/li>\n                  <li data-aos=\"fade-up\" data-aos-delay=\"0\">\n  <a href=\"https:\/\/mig-now.com\/es\/conteudos\/sin-categorizar\/nueva-frontera-marcada-por-sap-ia-y-el-juego-del-presente\/\" class=\"dd-m-card-posts vertical\">\n    <figure class=\"dd-m-card-posts__figure\">\n      <img decoding=\"async\" src=\"https:\/\/mig-now.com\/wp-content\/uploads\/nova-fronteira_miniatura-1.png\" alt=\"\">\n    <\/figure>\n\n    <div class=\"dd-m-card-posts__wrapper\">\n      <i class=\"icon-pencil\"><\/i>\n\n      <div class=\"dd-m-card-posts__content\">\n        <div class=\"dd-m-card-posts__infos\">\n          <h5 class=\"dd-m-card-posts__title\">\n            <span>Nueva frontera marcada por SAP: la IA es el juego del presente\u00a0<\/span>\n          <\/h5>\n\n                      La Inteligencia Artificial (IA) ya no es una visi\u00f3n futurista. Hoy, es la frontera que est\u00e1 transformando el presente y dando forma al futuro de los negocios, especialmente cuando se combina con el poder de SAP S\/4HANA. Las grandes corporaciones ya est\u00e1n logrando resultados sorprendentes al integrar la IA en sus procesos, alcanzando nuevos niveles de eficiencia, innovaci\u00f3n y competitividad.                  <\/div>\n\n        <span class=\"dd-m-card-posts__button dd-a-button dd-a-button--dark\" role=\"button\">\n          <i class=\"icon-longarrow-right\"><\/i>\n        <\/span>\n      <\/div>\n    <\/div>\n  <\/a>\n<\/li>\n                  <li data-aos=\"fade-up\" data-aos-delay=\"0\">\n  <a href=\"https:\/\/mig-now.com\/es\/conteudos\/sin-categorizar\/razones_para-migrar\/\" class=\"dd-m-card-posts vertical\">\n    <figure class=\"dd-m-card-posts__figure\">\n      <img decoding=\"async\" src=\"https:\/\/mig-now.com\/wp-content\/uploads\/10-razoes-para-migrar_miniatura.png\" alt=\"\">\n    <\/figure>\n\n    <div class=\"dd-m-card-posts__wrapper\">\n      <i class=\"icon-pencil\"><\/i>\n\n      <div class=\"dd-m-card-posts__content\">\n        <div class=\"dd-m-card-posts__infos\">\n          <h5 class=\"dd-m-card-posts__title\">\n            <span>El salto cu\u00e1ntico de SAP: 10 razones para migrar a S\/4HANA ahora\u00a0<\/span>\n          <\/h5>\n\n                      SAP S\/4HANA est\u00e1 trayendo una revoluci\u00f3n a las empresas, ofreciendo un avance transformador. Dado que el soporte para SAP ECC finalizar\u00e1 en 2027, la migraci\u00f3n es esencial para garantizar que las operaciones sigan siendo seguras y eficientes. Exploremos las razones principales para realizar este cambio y c\u00f3mo puede impactar positivamente en su negocio.\u00a0\u00a0                  <\/div>\n\n        <span class=\"dd-m-card-posts__button dd-a-button dd-a-button--dark\" role=\"button\">\n          <i class=\"icon-longarrow-right\"><\/i>\n        <\/span>\n      <\/div>\n    <\/div>\n  <\/a>\n<\/li>\n                  <li data-aos=\"fade-up\" data-aos-delay=\"0\">\n  <a href=\"https:\/\/mig-now.com\/es\/conteudos\/blog\/el-nuevo-big-bang-estaba-redefiniendo-sap-s-4hana\/\" class=\"dd-m-card-posts vertical\">\n    <figure class=\"dd-m-card-posts__figure\">\n      <img decoding=\"async\" src=\"https:\/\/mig-now.com\/wp-content\/uploads\/Group-9.png\" alt=\"\">\n    <\/figure>\n\n    <div class=\"dd-m-card-posts__wrapper\">\n      <i class=\"icon-pencil\"><\/i>\n\n      <div class=\"dd-m-card-posts__content\">\n        <div class=\"dd-m-card-posts__infos\">\n          <h5 class=\"dd-m-card-posts__title\">\n            <span>Un nuevo big bang: la IA est\u00e1 redefiniendo SAP S\/4HANA<\/span>\n          <\/h5>\n\n                      La combinaci\u00f3n de la Inteligencia Artificial (IA) con SAP S\/4HANA est\u00e1 provocando una transformaci\u00f3n revolucionaria en las empresas. As\u00ed como el Big Bang dio origen al universo, esta integraci\u00f3n marca el inicio de una nueva era para la gesti\u00f3n empresarial. SAP, ampliamente adoptado por las empresas m\u00e1s grandes del mundo, ahora utiliza IA para impulsar operaciones, optimizar procesos y proporcionar informaci\u00f3n en tiempo real. Las empresas que se adapten a esta revoluci\u00f3n estar\u00e1n a la cabeza en la escena global de la innovaci\u00f3n                  <\/div>\n\n        <span class=\"dd-m-card-posts__button dd-a-button dd-a-button--dark\" role=\"button\">\n          <i class=\"icon-longarrow-right\"><\/i>\n        <\/span>\n      <\/div>\n    <\/div>\n  <\/a>\n<\/li>\n                  <li data-aos=\"fade-up\" data-aos-delay=\"0\">\n  <a href=\"https:\/\/mig-now.com\/es\/conteudos\/blog\/fin-del-soporte-empresarial-de-sap\/\" class=\"dd-m-card-posts vertical\">\n    <figure class=\"dd-m-card-posts__figure\">\n      <img decoding=\"async\" src=\"https:\/\/mig-now.com\/wp-content\/uploads\/End-of-SAP-Enterprise-Support-for-ECC_miniatura.png\" alt=\"\">\n    <\/figure>\n\n    <div class=\"dd-m-card-posts__wrapper\">\n      <i class=\"icon-pencil\"><\/i>\n\n      <div class=\"dd-m-card-posts__content\">\n        <div class=\"dd-m-card-posts__infos\">\n          <h5 class=\"dd-m-card-posts__title\">\n            <span>El fin de SAP Enterprise Support para ECC afecta a su negocio m\u00e1s de lo que imagina<\/span>\n          <\/h5>\n\n                      Conozca m\u00e1s sobre el fin de SAP Enterprise Support para ECC, su importancia y qu\u00e9 oportunidades ofrece SAP a trav\u00e9s de \u00e9l.                  <\/div>\n\n        <span class=\"dd-m-card-posts__button dd-a-button dd-a-button--dark\" role=\"button\">\n          <i class=\"icon-longarrow-right\"><\/i>\n        <\/span>\n      <\/div>\n    <\/div>\n  <\/a>\n<\/li>\n                  <li data-aos=\"fade-up\" data-aos-delay=\"0\">\n  <a href=\"https:\/\/mig-now.com\/es\/conteudos\/blog\/sap-s4hana-con-inteligencia-artificial\/\" class=\"dd-m-card-posts vertical\">\n    <figure class=\"dd-m-card-posts__figure\">\n      <img decoding=\"async\" src=\"https:\/\/mig-now.com\/wp-content\/uploads\/News_MIG-nas-midias_miniatura_3.png\" alt=\"\">\n    <\/figure>\n\n    <div class=\"dd-m-card-posts__wrapper\">\n      <i class=\"icon-news\"><\/i>\n\n      <div class=\"dd-m-card-posts__content\">\n        <div class=\"dd-m-card-posts__infos\">\n          <h5 class=\"dd-m-card-posts__title\">\n            <span>Descubre el Software que est\u00e1 revolucionando la migraci\u00f3n de SAP ECC a SAP S\/4HANA con Inteligencia Artificial<\/span>\n          <\/h5>\n\n                      L\u00edder global en conversiones y actualizaciones a SAP S\/4HANA con Inteligencia Artificial, ofreciendo soluciones simplificadas y \u00e1giles para la transformaci\u00f3n digital de las empresas.                  <\/div>\n\n        <span class=\"dd-m-card-posts__button dd-a-button dd-a-button--dark\" role=\"button\">\n          <i class=\"icon-longarrow-right\"><\/i>\n        <\/span>\n      <\/div>\n    <\/div>\n  <\/a>\n<\/li>\n                  <li data-aos=\"fade-up\" data-aos-delay=\"0\">\n  <a href=\"https:\/\/mig-now.com\/es\/conteudos\/blog\/descubre-las-4-oportunidades-de-hana-para-las-empresas-del-sector-retail\/\" class=\"dd-m-card-posts vertical\">\n    <figure class=\"dd-m-card-posts__figure\">\n      <img decoding=\"async\" src=\"https:\/\/mig-now.com\/wp-content\/uploads\/Como-o-S4HANA-e-responsavel_miniatura.png\" alt=\"\">\n    <\/figure>\n\n    <div class=\"dd-m-card-posts__wrapper\">\n      <i class=\"icon-news\"><\/i>\n\n      <div class=\"dd-m-card-posts__content\">\n        <div class=\"dd-m-card-posts__infos\">\n          <h5 class=\"dd-m-card-posts__title\">\n            <span>Descubre las oportunidades de S\/4HANA para empresas del sector Retail\u00a0<\/span>\n          <\/h5>\n\n                      La tecnolog\u00eda est\u00e1 desempe\u00f1ando un papel clave en la transformaci\u00f3n del sector minorista, impulsando la eficiencia operativa, mejorando la experiencia del cliente y proporcionando informaci\u00f3n valiosa para la toma de decisiones estrat\u00e9gicas.                  <\/div>\n\n        <span class=\"dd-m-card-posts__button dd-a-button dd-a-button--dark\" role=\"button\">\n          <i class=\"icon-longarrow-right\"><\/i>\n        <\/span>\n      <\/div>\n    <\/div>\n  <\/a>\n<\/li>\n                  <\/ul>\n\n        <button class=\"dd-a-button-load\" data-loading type=\"button\" data-perpage=\"9\" data-category=\"8\" data-page=\"1\" data-action=\"more_post_ajax\">\n      <i class=\"icon-refresh\"><\/i>\n    <\/button>\n      <\/div>\n<\/section>","protected":false},"excerpt":{"rendered":"<p>Este es el lugar donde compartimos contenidos pensando en la evoluci\u00f3n de tus estrategias.<\/p>","protected":false},"author":20,"featured_media":0,"parent":40,"menu_order":0,"comment_status":"closed","ping_status":"closed","template":"","meta":{"_acf_changed":false,"footnotes":""},"class_list":["post-528","page","type-page","status-publish","hentry"],"acf":[],"yoast_head":"<!-- This site is optimized with the Yoast SEO plugin v27.2 - https:\/\/yoast.com\/product\/yoast-seo-wordpress\/ -->\n<title>Blog - MIGNOW<\/title>\n<meta name=\"robots\" content=\"index, follow, max-snippet:-1, max-image-preview:large, max-video-preview:-1\" \/>\n<link rel=\"canonical\" href=\"https:\/\/mig-now.com\/es\/contenido\/blog\/\" \/>\n<meta property=\"og:locale\" content=\"es_ES\" \/>\n<meta property=\"og:type\" content=\"article\" \/>\n<meta property=\"og:title\" content=\"Blog - MIGNOW\" \/>\n<meta property=\"og:description\" content=\"Aqui \u00e9 o lugar onde compartilhamos conte\u00fadospensando na evolu\u00e7\u00e3o das suas estrat\u00e9gias.\" \/>\n<meta property=\"og:url\" content=\"https:\/\/mig-now.com\/es\/contenido\/blog\/\" \/>\n<meta property=\"og:site_name\" content=\"MIGNOW\" \/>\n<meta property=\"article:publisher\" content=\"https:\/\/www.facebook.com\/MIGNOW-115950623606393\" \/>\n<meta property=\"article:modified_time\" content=\"2022-07-07T19:19:39+00:00\" \/>\n<meta property=\"og:image\" content=\"https:\/\/mig-now.com\/wp-content\/uploads\/share.png\" \/>\n\t<meta property=\"og:image:width\" content=\"1200\" \/>\n\t<meta property=\"og:image:height\" content=\"628\" \/>\n\t<meta property=\"og:image:type\" content=\"image\/png\" \/>\n<meta name=\"twitter:card\" content=\"summary_large_image\" \/>\n<meta name=\"twitter:label1\" content=\"Tiempo de lectura\" \/>\n\t<meta name=\"twitter:data1\" content=\"1 minuto\" \/>\n<script type=\"application\/ld+json\" class=\"yoast-schema-graph\">{\"@context\":\"https:\/\/schema.org\",\"@graph\":[{\"@type\":\"WebPage\",\"@id\":\"https:\/\/mig-now.com\/conteudos\/blog\/\",\"url\":\"https:\/\/mig-now.com\/conteudos\/blog\/\",\"name\":\"Blog - MIGNOW\",\"isPartOf\":{\"@id\":\"https:\/\/mig-now.com\/#website\"},\"datePublished\":\"2021-02-15T13:21:36+00:00\",\"dateModified\":\"2022-07-07T19:19:39+00:00\",\"breadcrumb\":{\"@id\":\"https:\/\/mig-now.com\/conteudos\/blog\/#breadcrumb\"},\"inLanguage\":\"es\",\"potentialAction\":[{\"@type\":\"ReadAction\",\"target\":[\"https:\/\/mig-now.com\/conteudos\/blog\/\"]}]},{\"@type\":\"BreadcrumbList\",\"@id\":\"https:\/\/mig-now.com\/conteudos\/blog\/#breadcrumb\",\"itemListElement\":[{\"@type\":\"ListItem\",\"position\":1,\"name\":\"In\u00edcio\",\"item\":\"https:\/\/mig-now.com\/\"},{\"@type\":\"ListItem\",\"position\":2,\"name\":\"Conte\u00fados\",\"item\":\"https:\/\/mig-now.com\/conteudos\/\"},{\"@type\":\"ListItem\",\"position\":3,\"name\":\"Blog\"}]},{\"@type\":\"WebSite\",\"@id\":\"https:\/\/mig-now.com\/#website\",\"url\":\"https:\/\/mig-now.com\/\",\"name\":\"MIGNOW\",\"description\":\"Convers\u00e3o automatizada do SAP ECC para o SAP S\/4HANA.\",\"publisher\":{\"@id\":\"https:\/\/mig-now.com\/#organization\"},\"potentialAction\":[{\"@type\":\"SearchAction\",\"target\":{\"@type\":\"EntryPoint\",\"urlTemplate\":\"https:\/\/mig-now.com\/?s={search_term_string}\"},\"query-input\":{\"@type\":\"PropertyValueSpecification\",\"valueRequired\":true,\"valueName\":\"search_term_string\"}}],\"inLanguage\":\"es\"},{\"@type\":\"Organization\",\"@id\":\"https:\/\/mig-now.com\/#organization\",\"name\":\"mignow\",\"url\":\"https:\/\/mig-now.com\/\",\"logo\":{\"@type\":\"ImageObject\",\"inLanguage\":\"es\",\"@id\":\"https:\/\/mig-now.com\/#\/schema\/logo\/image\/\",\"url\":\"https:\/\/mig-now.com\/wp-content\/uploads\/Mignow-03.png\",\"contentUrl\":\"https:\/\/mig-now.com\/wp-content\/uploads\/Mignow-03.png\",\"width\":4728,\"height\":1646,\"caption\":\"mignow\"},\"image\":{\"@id\":\"https:\/\/mig-now.com\/#\/schema\/logo\/image\/\"},\"sameAs\":[\"https:\/\/www.facebook.com\/MIGNOW-115950623606393\",\"https:\/\/www.instagram.com\/mig_now\/\",\"https:\/\/www.linkedin.com\/company\/65868910\/admin\/\",\"https:\/\/www.youtube.com\/channel\/UCh1QRa8dGxBPnqIoy6NReeA\"]}]}<\/script>\n<!-- \/ Yoast SEO plugin. -->","yoast_head_json":{"title":"Blog - MIGNOW","robots":{"index":"index","follow":"follow","max-snippet":"max-snippet:-1","max-image-preview":"max-image-preview:large","max-video-preview":"max-video-preview:-1"},"canonical":"https:\/\/mig-now.com\/es\/contenido\/blog\/","og_locale":"es_ES","og_type":"article","og_title":"Blog - MIGNOW","og_description":"Aqui \u00e9 o lugar onde compartilhamos conte\u00fadospensando na evolu\u00e7\u00e3o das suas estrat\u00e9gias.","og_url":"https:\/\/mig-now.com\/es\/contenido\/blog\/","og_site_name":"MIGNOW","article_publisher":"https:\/\/www.facebook.com\/MIGNOW-115950623606393","article_modified_time":"2022-07-07T19:19:39+00:00","og_image":[{"width":1200,"height":628,"url":"https:\/\/mig-now.com\/wp-content\/uploads\/share.png","type":"image\/png"}],"twitter_card":"summary_large_image","twitter_misc":{"Tiempo de lectura":"1 minuto"},"schema":{"@context":"https:\/\/schema.org","@graph":[{"@type":"WebPage","@id":"https:\/\/mig-now.com\/conteudos\/blog\/","url":"https:\/\/mig-now.com\/conteudos\/blog\/","name":"Blog - MIGNOW","isPartOf":{"@id":"https:\/\/mig-now.com\/#website"},"datePublished":"2021-02-15T13:21:36+00:00","dateModified":"2022-07-07T19:19:39+00:00","breadcrumb":{"@id":"https:\/\/mig-now.com\/conteudos\/blog\/#breadcrumb"},"inLanguage":"es","potentialAction":[{"@type":"ReadAction","target":["https:\/\/mig-now.com\/conteudos\/blog\/"]}]},{"@type":"BreadcrumbList","@id":"https:\/\/mig-now.com\/conteudos\/blog\/#breadcrumb","itemListElement":[{"@type":"ListItem","position":1,"name":"In\u00edcio","item":"https:\/\/mig-now.com\/"},{"@type":"ListItem","position":2,"name":"Conte\u00fados","item":"https:\/\/mig-now.com\/conteudos\/"},{"@type":"ListItem","position":3,"name":"Blog"}]},{"@type":"WebSite","@id":"https:\/\/mig-now.com\/#website","url":"https:\/\/mig-now.com\/","name":"MIGNOW","description":"Conversi\u00f3n automatizada de SAP ECC a SAP S\/4HANA.","publisher":{"@id":"https:\/\/mig-now.com\/#organization"},"potentialAction":[{"@type":"SearchAction","target":{"@type":"EntryPoint","urlTemplate":"https:\/\/mig-now.com\/?s={search_term_string}"},"query-input":{"@type":"PropertyValueSpecification","valueRequired":true,"valueName":"search_term_string"}}],"inLanguage":"es"},{"@type":"Organization","@id":"https:\/\/mig-now.com\/#organization","name":"mignow","url":"https:\/\/mig-now.com\/","logo":{"@type":"ImageObject","inLanguage":"es","@id":"https:\/\/mig-now.com\/#\/schema\/logo\/image\/","url":"https:\/\/mig-now.com\/wp-content\/uploads\/Mignow-03.png","contentUrl":"https:\/\/mig-now.com\/wp-content\/uploads\/Mignow-03.png","width":4728,"height":1646,"caption":"mignow"},"image":{"@id":"https:\/\/mig-now.com\/#\/schema\/logo\/image\/"},"sameAs":["https:\/\/www.facebook.com\/MIGNOW-115950623606393","https:\/\/www.instagram.com\/mig_now\/","https:\/\/www.linkedin.com\/company\/65868910\/admin\/","https:\/\/www.youtube.com\/channel\/UCh1QRa8dGxBPnqIoy6NReeA"]}]}},"_links":{"self":[{"href":"https:\/\/mig-now.com\/es\/wp-json\/wp\/v2\/pages\/528","targetHints":{"allow":["GET"]}}],"collection":[{"href":"https:\/\/mig-now.com\/es\/wp-json\/wp\/v2\/pages"}],"about":[{"href":"https:\/\/mig-now.com\/es\/wp-json\/wp\/v2\/types\/page"}],"author":[{"embeddable":true,"href":"https:\/\/mig-now.com\/es\/wp-json\/wp\/v2\/users\/20"}],"replies":[{"embeddable":true,"href":"https:\/\/mig-now.com\/es\/wp-json\/wp\/v2\/comments?post=528"}],"version-history":[{"count":0,"href":"https:\/\/mig-now.com\/es\/wp-json\/wp\/v2\/pages\/528\/revisions"}],"up":[{"embeddable":true,"href":"https:\/\/mig-now.com\/es\/wp-json\/wp\/v2\/pages\/40"}],"wp:attachment":[{"href":"https:\/\/mig-now.com\/es\/wp-json\/wp\/v2\/media?parent=528"}],"curies":[{"name":"wp","href":"https:\/\/api.w.org\/{rel}","templated":true}]}}