{"id":5500,"date":"2026-04-22T11:34:24","date_gmt":"2026-04-22T14:34:24","guid":{"rendered":"https:\/\/mig-now.com\/?page_id=5500"},"modified":"2026-04-22T11:34:36","modified_gmt":"2026-04-22T14:34:36","slug":"sap-migracao-2027","status":"publish","type":"page","link":"https:\/\/mig-now.com\/es\/migracion-de-sap-2027\/","title":{"rendered":""},"content":{"rendered":"<p><\/p>\n\n\n\n<pre class=\"wp-block-code\"><code><\/code><\/pre>\n\n\n\n<p><\/p>","protected":false},"excerpt":{"rendered":"","protected":false},"author":29,"featured_media":0,"parent":0,"menu_order":0,"comment_status":"closed","ping_status":"closed","template":"","meta":{"_acf_changed":false,"footnotes":""},"class_list":["post-5500","page","type-page","status-publish","hentry"],"acf":[],"yoast_head":"<!-- This site is optimized with the Yoast SEO plugin v27.4 - https:\/\/yoast.com\/product\/yoast-seo-wordpress\/ -->\n<title>- MIGNOW<\/title>\n<meta name=\"description\" content=\"Sua migra\u00e7\u00e3o SAP vai estourar o prazo de 2027? A MIGNOW industrializa o diagn\u00f3stico que as Big Four levam meses para entregar \u2014 em dias. 85% de automa\u00e7\u00e3o, 5x mais r\u00e1pido, custo previs\u00edvel. Solicite seu diagn\u00f3stico gratuito.\" \/>\n<meta name=\"robots\" content=\"index, follow, max-snippet:-1, max-image-preview:large, max-video-preview:-1\" \/>\n<link rel=\"canonical\" href=\"https:\/\/mig-now.com\/es\/migracion-de-sap-2027\/\" \/>\n<meta property=\"og:locale\" content=\"es_ES\" \/>\n<meta property=\"og:type\" content=\"article\" \/>\n<meta property=\"og:title\" content=\"- MIGNOW\" \/>\n<meta property=\"og:description\" content=\"Sua migra\u00e7\u00e3o SAP vai estourar o prazo de 2027? A MIGNOW industrializa o diagn\u00f3stico que as Big Four levam meses para entregar \u2014 em dias. 85% de automa\u00e7\u00e3o, 5x mais r\u00e1pido, custo previs\u00edvel. Solicite seu diagn\u00f3stico gratuito.\" \/>\n<meta property=\"og:url\" content=\"https:\/\/mig-now.com\/es\/migracion-de-sap-2027\/\" \/>\n<meta property=\"og:site_name\" content=\"MIGNOW\" \/>\n<meta property=\"article:publisher\" content=\"https:\/\/www.facebook.com\/MIGNOW-115950623606393\" \/>\n<meta property=\"article:modified_time\" content=\"2026-04-22T14:34:36+00:00\" \/>\n<meta property=\"og:image\" content=\"https:\/\/mig-now.com\/wp-content\/uploads\/share.png\" \/>\n\t<meta property=\"og:image:width\" content=\"1200\" \/>\n\t<meta property=\"og:image:height\" content=\"628\" \/>\n\t<meta property=\"og:image:type\" content=\"image\/png\" \/>\n<meta name=\"twitter:card\" content=\"summary_large_image\" \/>\n<script type=\"application\/ld+json\" class=\"yoast-schema-graph\">{\"@context\":\"https:\\\/\\\/schema.org\",\"@graph\":[{\"@type\":\"WebPage\",\"@id\":\"https:\\\/\\\/mig-now.com\\\/sap-migracao-2027\\\/\",\"url\":\"https:\\\/\\\/mig-now.com\\\/sap-migracao-2027\\\/\",\"name\":\"- MIGNOW\",\"isPartOf\":{\"@id\":\"https:\\\/\\\/mig-now.com\\\/#website\"},\"datePublished\":\"2026-04-22T14:34:24+00:00\",\"dateModified\":\"2026-04-22T14:34:36+00:00\",\"description\":\"Sua migra\u00e7\u00e3o SAP vai estourar o prazo de 2027? A MIGNOW industrializa o diagn\u00f3stico que as Big Four levam meses para entregar \u2014 em dias. 85% de automa\u00e7\u00e3o, 5x mais r\u00e1pido, custo previs\u00edvel. Solicite seu diagn\u00f3stico gratuito.\",\"inLanguage\":\"es\",\"potentialAction\":[{\"@type\":\"ReadAction\",\"target\":[\"https:\\\/\\\/mig-now.com\\\/sap-migracao-2027\\\/\"]}]},{\"@type\":\"WebSite\",\"@id\":\"https:\\\/\\\/mig-now.com\\\/#website\",\"url\":\"https:\\\/\\\/mig-now.com\\\/\",\"name\":\"MIGNOW\",\"description\":\"Convers\u00e3o automatizada do SAP ECC para o SAP S\\\/4HANA.\",\"publisher\":{\"@id\":\"https:\\\/\\\/mig-now.com\\\/#organization\"},\"potentialAction\":[{\"@type\":\"SearchAction\",\"target\":{\"@type\":\"EntryPoint\",\"urlTemplate\":\"https:\\\/\\\/mig-now.com\\\/?s={search_term_string}\"},\"query-input\":{\"@type\":\"PropertyValueSpecification\",\"valueRequired\":true,\"valueName\":\"search_term_string\"}}],\"inLanguage\":\"es\"},{\"@type\":\"Organization\",\"@id\":\"https:\\\/\\\/mig-now.com\\\/#organization\",\"name\":\"mignow\",\"url\":\"https:\\\/\\\/mig-now.com\\\/\",\"logo\":{\"@type\":\"ImageObject\",\"inLanguage\":\"es\",\"@id\":\"https:\\\/\\\/mig-now.com\\\/#\\\/schema\\\/logo\\\/image\\\/\",\"url\":\"https:\\\/\\\/mig-now.com\\\/wp-content\\\/uploads\\\/Mignow-03.png\",\"contentUrl\":\"https:\\\/\\\/mig-now.com\\\/wp-content\\\/uploads\\\/Mignow-03.png\",\"width\":4728,\"height\":1646,\"caption\":\"mignow\"},\"image\":{\"@id\":\"https:\\\/\\\/mig-now.com\\\/#\\\/schema\\\/logo\\\/image\\\/\"},\"sameAs\":[\"https:\\\/\\\/www.facebook.com\\\/MIGNOW-115950623606393\",\"https:\\\/\\\/www.instagram.com\\\/mig_now\\\/\",\"https:\\\/\\\/www.linkedin.com\\\/company\\\/65868910\\\/admin\\\/\",\"https:\\\/\\\/www.youtube.com\\\/channel\\\/UCh1QRa8dGxBPnqIoy6NReeA\"]}]}<\/script>\n<!-- \/ Yoast SEO plugin. -->","yoast_head_json":{"title":"- MIGNOW","description":"\u00bfSu migraci\u00f3n SAP no cumplir\u00e1 con el plazo de 2027? MIGNOW industrializa los diagn\u00f3sticos que las grandes empresas tardan meses en realizar, y los entrega en d\u00edas. 85% de automatizaci\u00f3n, 5 veces m\u00e1s r\u00e1pido, costo predecible. Solicite su diagn\u00f3stico gratuito.","robots":{"index":"index","follow":"follow","max-snippet":"max-snippet:-1","max-image-preview":"max-image-preview:large","max-video-preview":"max-video-preview:-1"},"canonical":"https:\/\/mig-now.com\/es\/migracion-de-sap-2027\/","og_locale":"es_ES","og_type":"article","og_title":"- MIGNOW","og_description":"Sua migra\u00e7\u00e3o SAP vai estourar o prazo de 2027? A MIGNOW industrializa o diagn\u00f3stico que as Big Four levam meses para entregar \u2014 em dias. 85% de automa\u00e7\u00e3o, 5x mais r\u00e1pido, custo previs\u00edvel. Solicite seu diagn\u00f3stico gratuito.","og_url":"https:\/\/mig-now.com\/es\/migracion-de-sap-2027\/","og_site_name":"MIGNOW","article_publisher":"https:\/\/www.facebook.com\/MIGNOW-115950623606393","article_modified_time":"2026-04-22T14:34:36+00:00","og_image":[{"width":1200,"height":628,"url":"https:\/\/mig-now.com\/wp-content\/uploads\/share.png","type":"image\/png"}],"twitter_card":"summary_large_image","schema":{"@context":"https:\/\/schema.org","@graph":[{"@type":"WebPage","@id":"https:\/\/mig-now.com\/sap-migracao-2027\/","url":"https:\/\/mig-now.com\/sap-migracao-2027\/","name":"- MIGNOW","isPartOf":{"@id":"https:\/\/mig-now.com\/#website"},"datePublished":"2026-04-22T14:34:24+00:00","dateModified":"2026-04-22T14:34:36+00:00","description":"\u00bfSu migraci\u00f3n SAP no cumplir\u00e1 con el plazo de 2027? MIGNOW industrializa los diagn\u00f3sticos que las grandes empresas tardan meses en realizar, y los entrega en d\u00edas. 85% de automatizaci\u00f3n, 5 veces m\u00e1s r\u00e1pido, costo predecible. Solicite su diagn\u00f3stico gratuito.","inLanguage":"es","potentialAction":[{"@type":"ReadAction","target":["https:\/\/mig-now.com\/sap-migracao-2027\/"]}]},{"@type":"WebSite","@id":"https:\/\/mig-now.com\/#website","url":"https:\/\/mig-now.com\/","name":"MIGNOW","description":"Conversi\u00f3n automatizada de SAP ECC a SAP S\/4HANA.","publisher":{"@id":"https:\/\/mig-now.com\/#organization"},"potentialAction":[{"@type":"SearchAction","target":{"@type":"EntryPoint","urlTemplate":"https:\/\/mig-now.com\/?s={search_term_string}"},"query-input":{"@type":"PropertyValueSpecification","valueRequired":true,"valueName":"search_term_string"}}],"inLanguage":"es"},{"@type":"Organization","@id":"https:\/\/mig-now.com\/#organization","name":"mignow","url":"https:\/\/mig-now.com\/","logo":{"@type":"ImageObject","inLanguage":"es","@id":"https:\/\/mig-now.com\/#\/schema\/logo\/image\/","url":"https:\/\/mig-now.com\/wp-content\/uploads\/Mignow-03.png","contentUrl":"https:\/\/mig-now.com\/wp-content\/uploads\/Mignow-03.png","width":4728,"height":1646,"caption":"mignow"},"image":{"@id":"https:\/\/mig-now.com\/#\/schema\/logo\/image\/"},"sameAs":["https:\/\/www.facebook.com\/MIGNOW-115950623606393","https:\/\/www.instagram.com\/mig_now\/","https:\/\/www.linkedin.com\/company\/65868910\/admin\/","https:\/\/www.youtube.com\/channel\/UCh1QRa8dGxBPnqIoy6NReeA"]}]}},"_links":{"self":[{"href":"https:\/\/mig-now.com\/es\/wp-json\/wp\/v2\/pages\/5500","targetHints":{"allow":["GET"]}}],"collection":[{"href":"https:\/\/mig-now.com\/es\/wp-json\/wp\/v2\/pages"}],"about":[{"href":"https:\/\/mig-now.com\/es\/wp-json\/wp\/v2\/types\/page"}],"author":[{"embeddable":true,"href":"https:\/\/mig-now.com\/es\/wp-json\/wp\/v2\/users\/29"}],"replies":[{"embeddable":true,"href":"https:\/\/mig-now.com\/es\/wp-json\/wp\/v2\/comments?post=5500"}],"version-history":[{"count":2,"href":"https:\/\/mig-now.com\/es\/wp-json\/wp\/v2\/pages\/5500\/revisions"}],"predecessor-version":[{"id":5502,"href":"https:\/\/mig-now.com\/es\/wp-json\/wp\/v2\/pages\/5500\/revisions\/5502"}],"wp:attachment":[{"href":"https:\/\/mig-now.com\/es\/wp-json\/wp\/v2\/media?parent=5500"}],"curies":[{"name":"wp","href":"https:\/\/api.w.org\/{rel}","templated":true}]}}