{"id":9,"date":"2021-01-13T16:29:34","date_gmt":"2021-01-13T18:29:34","guid":{"rendered":"https:\/\/mig-now.com\/?page_id=9"},"modified":"2026-01-27T09:41:22","modified_gmt":"2026-01-27T12:41:22","slug":"homepage","status":"publish","type":"page","link":"https:\/\/mig-now.com\/es\/","title":{"rendered":"Pagina principal"},"content":{"rendered":"<section class=\"dd-o-carousel dd-o-carousel-full\">\n  <div class=\"dd-o-carousel__wrapper\">\n    <div class=\"dd-o-carousel-full__item\">\n      <figure class=\"dd-o-carousel-full__item__figure\">\n                  <picture>\n            <source media=\"(min-width: 768px)\" srcset=\"https:\/\/mig-now.com\/wp-content\/uploads\/Banner_Home-1.png\">\n            <img decoding=\"async\" fetchpriority=\"high\" src=\"https:\/\/mig-now.com\/wp-content\/uploads\/Banner_Home_mobile-copiar.png\" alt=\"P\u00e1gina de inicio MIGNOW\">\n          <\/picture>\n            \n        <figcaption class=\"dd-o-carousel-full__item__caption\">\n          \n          <h1 class=\"dd-o-carousel-full__item__caption__title translation-block\">Conversi\u00f3n<br> autom\u00e1tica<br> SAP ECC para<br> SAP S\/4HANA.<\/h1>\n          \n                      <a href=\"https:\/\/mig-now.com\/es\/contacto\/\" class=\"dd-a-button dd-a-button--lg dd-a-button--outlined dd-a-button--light\">\n              <span>quiero migrar<\/span>\n              <i class=\"icon-longarrow-right\"><\/i>\n            <\/a>\n                  <\/figcaption>\n      <\/figure>\n    <\/div>\n  <\/div>\n\n  <i class=\"icon-mouse\" data-aos=\"fade-up\" data-offset=\"0\" data-aos-anchor-placement=\"bottom-bottom\"><\/i>\n<\/section>\n\n\n  <section class=\"dd-o-section dd-o-section-video\" style=\"--background: #f1f2f2\">\n  <div class=\"dd-o-section__wrapper\">\n    <header class=\"dd-o-section__header\" data-aos=\"fade-up\"\n     data-aos-delay=\"200\">\n             <h3 class=\"dd-o-section__header__subtitle\">01. We are Mignow<\/h3>\n            <h2 class=\"dd-o-section__header__title\">El futuro ya est\u00e1 sucediendo<\/h2>\n    <\/header>\n \n    <div class=\"dd-o-section__iframe\" id=\"sectionVideo\" data-aos=\"fade-up\" data-aos-delay=\"200\">\n      <iframe loading=\"lazy\" width=\"560\" height=\"315\" src=\"https:\/\/www.youtube.com\/embed\/f2KtouGM_ts?si=HQocKs-Jrf2T-tPW\" title=\"reproductor de v\u00eddeos de youtube\" frameborder=\"0\" allow=\"accelerometer; autoplay; clipboard-write; encrypted-media; gyroscope; picture-in-picture; web-share\" referrerpolicy=\"strict-origin-when-cross-origin\" allowfullscreen><\/iframe>    <\/div>\n    \n          <\/div>\n\n  \n      <a href=\"https:\/\/mig-now.com\/es\/sobre-nosotros\/nuestra-historia\/\" target=\"_self\" class=\"dd-a-button dd-a-button--lg dd-a-button--outlined dd-a-button--dark\">\n      <span>sepa mas<\/span>\n      <i class=\"icon-longarrow-right\"><\/i>\n    <\/a>\n  <\/section>\n\n\n  <section class=\"dd-o-section dd-o-section-topic right\" data-aos=\"fade-right\" data-aos-delay=\"200\">\n  <div class=\"dd-o-section__wrapper\">\n    <header class=\"dd-o-section__header\" data-aos=\"fade-up\" data-aos-delay=\"200\">\n      <h3 class=\"dd-o-section__header__subtitle\">.02 MIG Conversion<\/h3>\n      <img decoding=\"async\" src=\"https:\/\/mig-now.com\/wp-content\/uploads\/mignow-foguete_mobile.png\" alt=\"MIGNOW - Migra tu SAP ECC a SAP S\/4HANA\">\n      <h2 class=\"dd-o-section__header__title translation-block\">Convierte tu<br> SAP ECC para<br> SAP S\/4HANA<br><\/h2>\n    <\/header>\n\n    <div class=\"dd-o-section__content\" data-aos=\"fade-up\" data-aos-delay=\"200\">\n      <p>MIG CONVERSION es el primer software capaz de analizar la base de datos de clientes y realizar una conversi\u00f3n totalmente autom\u00e1tica, utilizando herramientas de Inteligencia Artificial.<\/p>\n    <\/div>\n\n                <a href=\"https:\/\/mig-now.com\/es\/soluciones\/mig\/\" class=\"dd-a-button dd-a-button--lg dd-a-button--outlined dd-a-button--dark\">\n        <span>sepa mas<\/span>\n        <i class=\"icon-longarrow-right\"><\/i>\n      <\/a>\n      <\/div>\n\n      <div class=\"dd-o-section-topic__figure\">\n      <img decoding=\"async\" src=\"https:\/\/mig-now.com\/wp-content\/uploads\/mignow_foguete-2.png\" alt=\"MIGNOW - Convierta su SAP ECC a SAP S\/4HANA\">\n    <\/div>\n  <\/section>\n\n\n  <section class=\"dd-o-section dd-o-section-topic left\" data-aos=\"fade-left\" data-aos-delay=\"200\">\n  <div class=\"dd-o-section__wrapper\">\n    <header class=\"dd-o-section__header\" data-aos=\"fade-up\" data-aos-delay=\"200\">\n      <h3 class=\"dd-o-section__header__subtitle\">.03 MIG UPDATE<\/h3>\n      <img decoding=\"async\" src=\"https:\/\/mig-now.com\/wp-content\/uploads\/mignow-update_mobile.png\" alt=\"Mant\u00e9n tu SAP S\/4HANA actualizado con MIGNOW\">\n      <h2 class=\"dd-o-section__header__title translation-block\">Mantener su<br> SAP S\/4HANA<br> actualizado.<\/h2>\n    <\/header>\n\n    <div class=\"dd-o-section__content\" data-aos=\"fade-up\" data-aos-delay=\"200\">\n      <p>MIG UPDATE realiza autom\u00e1ticamente actualizaciones de SAP S\/4HANA. El usuario gana nuevas funcionalidades, agilidad, mejor ejecuci\u00f3n de procesos y un mejor retorno de la inversi\u00f3n realizada en el ERP.<\/p>\n    <\/div>\n\n                <a href=\"https:\/\/mig-now.com\/es\/soluciones\/actualizacion-de-mig\/\" class=\"dd-a-button dd-a-button--lg dd-a-button--outlined dd-a-button--dark\">\n        <span>sepa mas<\/span>\n        <i class=\"icon-longarrow-right\"><\/i>\n      <\/a>\n      <\/div>\n\n      <div class=\"dd-o-section-topic__figure\">\n      <img decoding=\"async\" src=\"https:\/\/mig-now.com\/wp-content\/uploads\/mignow_update-2.png\" alt=\"Mant\u00e9n tu SAP S\/4HANA actualizado con MIGNOW\">\n    <\/div>\n  <\/section>\n\n\n  <section class=\"dd-o-section dd-o-section-topic right\" data-aos=\"fade-right\" data-aos-delay=\"200\">\n  <div class=\"dd-o-section__wrapper\">\n    <header class=\"dd-o-section__header\" data-aos=\"fade-up\" data-aos-delay=\"200\">\n      <h3 class=\"dd-o-section__header__subtitle\">.04 MIG PRECHECK<\/h3>\n      <img decoding=\"async\" src=\"https:\/\/mig-now.com\/wp-content\/uploads\/mig-precheck_mobile-1.png\" alt=\"Mig precheck: Herramienta de an\u00e1lisis tecnol\u00f3gico\">\n      <h2 class=\"dd-o-section__header__title\">Herramienta de an\u00e1lisis tecnol\u00f3gico.<\/h2>\n    <\/header>\n\n    <div class=\"dd-o-section__content\" data-aos=\"fade-up\" data-aos-delay=\"200\">\n      <p>MIG PRECHECK realiza una serie de validaciones en el entorno SAP ECC, para predecir problemas en conversiones futuras, mitigando riesgos y reduciendo el tiempo de conversi\u00f3n.<\/p>\n    <\/div>\n\n                <a href=\"https:\/\/mig-now.com\/es\/soluciones\/verificacion-previa-de-mig\/\" class=\"dd-a-button dd-a-button--lg dd-a-button--outlined dd-a-button--dark\">\n        <span>sepa mas<\/span>\n        <i class=\"icon-longarrow-right\"><\/i>\n      <\/a>\n      <\/div>\n\n      <div class=\"dd-o-section-topic__figure\">\n      <img decoding=\"async\" src=\"https:\/\/mig-now.com\/wp-content\/uploads\/mig_precheck.png\" alt=\"Mig precheck: Herramienta de an\u00e1lisis tecnol\u00f3gico\">\n    <\/div>\n  <\/section>\n\n\n  <section class=\"dd-o-section dd-o-section-icons\">\n  <div class=\"dd-o-section__wrapper\">\n    <header class=\"dd-o-section__header\" data-aos=\"fade-up\"\n     data-aos-delay=\"200\">\n            <h3 class=\"dd-o-section__header__subtitle\">.05 Acerca de Mignow<\/h3>\n            <h2 class=\"dd-o-section__header__title\">\u00bfC\u00f3mo simplificar con MIGNOW?<\/h2>\n    <\/header>\n\n    <div class=\"dd-o-section__content\" data-aos=\"fade-up\"\n     data-aos-delay=\"200\">\n      <p>El desaf\u00edo de la migraci\u00f3n implica mano de obra especializada, tiempo y costos asociados. Con nuestra soluci\u00f3n, alrededor del 80% del proceso de migraci\u00f3n deja de ser manual y pasa a ser automatizado.<\/p>\n    <\/div>\n\n    <div class=\"dd-o-section__list\">\n      <ul>\n                  <li data-aos=\"fade-up\" data-aos-delay=\"100\">\n            <div class=\"dd-m-card-icons\">\n  <i class=\"icon-speed\"><\/i>\n  <div class=\"dd-m-card-icons__content\">\n    <h4 class=\"dd-m-card-icons__title\">Mayor efectividad<\/h4>\n    <p>D\u00eda y noche, fines de semana, sin descanso.<\/p>\n  <\/div>\n<\/div>          <\/li>\n                  <li data-aos=\"fade-up\" data-aos-delay=\"150\">\n            <div class=\"dd-m-card-icons\">\n  <i class=\"icon-money\"><\/i>\n  <div class=\"dd-m-card-icons__content\">\n    <h4 class=\"dd-m-card-icons__title\">Reducci\u00f3n de costos<\/h4>\n    <p>MIGNOW hace el trabajo de al menos 10 personas.<\/p>\n  <\/div>\n<\/div>          <\/li>\n                  <li data-aos=\"fade-up\" data-aos-delay=\"200\">\n            <div class=\"dd-m-card-icons\">\n  <i class=\"icon-counter\"><\/i>\n  <div class=\"dd-m-card-icons__content\">\n    <h4 class=\"dd-m-card-icons__title\">Reducci\u00f3n de esfuerzo<\/h4>\n    <p class=\"translation-block\">Velocidad de<br> ejecuci\u00f3n 4-5 veces<br> M\u00e1s R\u00e1pido.<\/p>\n  <\/div>\n<\/div>          <\/li>\n                  <li data-aos=\"fade-up\" data-aos-delay=\"250\">\n            <div class=\"dd-m-card-icons\">\n  <i class=\"icon-message-check\"><\/i>\n  <div class=\"dd-m-card-icons__content\">\n    <h4 class=\"dd-m-card-icons__title\">Menos errores<\/h4>\n    <p>Precisi\u00f3n de entrega 100%.<\/p>\n  <\/div>\n<\/div>          <\/li>\n                  <li data-aos=\"fade-up\" data-aos-delay=\"300\">\n            <div class=\"dd-m-card-icons\">\n  <i class=\"icon-users\"><\/i>\n  <div class=\"dd-m-card-icons__content\">\n    <h4 class=\"dd-m-card-icons__title\">Mayor compromiso del equipo<\/h4>\n    <p>Equipo enfocado en actividades que agregan valor.<\/p>\n  <\/div>\n<\/div>          <\/li>\n              <\/ul>\n    <\/div>\n    \n          <a href=\"https:\/\/mig-now.com\/es\/contacto\/\" class=\"dd-a-button dd-a-button--lg dd-a-button--outlined dd-a-button--dark\">\n        <span>hacer una simulacion<\/span>\n        <i class=\"icon-longarrow-right\"><\/i>\n      <\/a>\n      <\/div>\n<\/section>\n\n\n  <section class=\"dd-o-section dd-o-section-images\">\n  <i class=\"icon-separator icon-separator__top\"><\/i>\n\n  <figure class=\"dd-o-section__background\">\n    <picture>\n      <source media=\"(min-width: 768px)\" srcset=\"https:\/\/mig-now.com\/wp-content\/uploads\/Imagem_lua_desktop-2.png\">\n      <img decoding=\"async\" src=\"https:\/\/mig-now.com\/wp-content\/uploads\/Imagem_lua_mobile.png\" alt=\"\">\n    <\/picture>\n  <\/figure>\n  \n  <div class=\"dd-o-section__wrapper\">\n    <header class=\"dd-o-section__header\" data-aos=\"fade-up\"\n     data-aos-delay=\"200\">\n            <h2 class=\"dd-o-section__header__title\">Clientes MIGNOW<\/h2>\n    <\/header>\n\n    <div class=\"dd-o-section__content\" data-aos=\"fade-up\"\n     data-aos-delay=\"200\">\n      <p>\u00danase a las empresas que han migrado a SAP S\/4HANA con MIGNOW.<\/p>\n    <\/div>\n\n    <div class=\"dd-o-section__list dd-o-carousel dd-o-carousel-sectionImages\">\n      <div class=\"dd-o-section__list__slider\" data-carousel=\"sectionImages\">\n                  <div class=\"dd-o-section__list__item\">\n            <img decoding=\"async\" src=\"https:\/\/mig-now.com\/wp-content\/uploads\/logo-assai-1.png\" alt=\"\">\n          <\/div>\n                  <div class=\"dd-o-section__list__item\">\n            <img decoding=\"async\" src=\"https:\/\/mig-now.com\/wp-content\/uploads\/logo-galler.png\" alt=\"\">\n          <\/div>\n                  <div class=\"dd-o-section__list__item\">\n            <img decoding=\"async\" src=\"https:\/\/mig-now.com\/wp-content\/uploads\/logo-rfm.png\" alt=\"\">\n          <\/div>\n                  <div class=\"dd-o-section__list__item\">\n            <img decoding=\"async\" src=\"https:\/\/mig-now.com\/wp-content\/uploads\/santos-brasil-1.png\" alt=\"\">\n          <\/div>\n                  <div class=\"dd-o-section__list__item\">\n            <img decoding=\"async\" src=\"https:\/\/mig-now.com\/wp-content\/uploads\/pague-menos.png\" alt=\"\">\n          <\/div>\n                  <div class=\"dd-o-section__list__item\">\n            <img decoding=\"async\" src=\"https:\/\/mig-now.com\/wp-content\/uploads\/cornelio-1.png\" alt=\"\">\n          <\/div>\n                  <div class=\"dd-o-section__list__item\">\n            <img decoding=\"async\" src=\"https:\/\/mig-now.com\/wp-content\/uploads\/logo-locaweb.png\" alt=\"\">\n          <\/div>\n                  <div class=\"dd-o-section__list__item\">\n            <img decoding=\"async\" src=\"https:\/\/mig-now.com\/wp-content\/uploads\/logo-GP.png\" alt=\"\">\n          <\/div>\n                  <div class=\"dd-o-section__list__item\">\n            <img decoding=\"async\" src=\"https:\/\/mig-now.com\/wp-content\/uploads\/logo-liege.png\" alt=\"\">\n          <\/div>\n                  <div class=\"dd-o-section__list__item\">\n            <img decoding=\"async\" src=\"https:\/\/mig-now.com\/wp-content\/uploads\/carrefour-logo.png\" alt=\"Logotipo Carrefour - Cliente MIGNOW\">\n          <\/div>\n                  <div class=\"dd-o-section__list__item\">\n            <img decoding=\"async\" src=\"https:\/\/mig-now.com\/wp-content\/uploads\/Nike-b.png\" alt=\"Logotipo de Nike cliente mig\">\n          <\/div>\n                  <div class=\"dd-o-section__list__item\">\n            <img decoding=\"async\" src=\"https:\/\/mig-now.com\/wp-content\/uploads\/XP-b.png\" alt=\"Cliente minow del logotipo de XP\">\n          <\/div>\n                  <div class=\"dd-o-section__list__item\">\n            <img decoding=\"async\" src=\"https:\/\/mig-now.com\/wp-content\/uploads\/Tempo-assist-b.png\" alt=\"Mignow del cliente del logotipo de Tempo Assist\">\n          <\/div>\n                  <div class=\"dd-o-section__list__item\">\n            <img decoding=\"async\" src=\"https:\/\/mig-now.com\/wp-content\/uploads\/Planoplano-b.png\" alt=\"Plano&amp;plan logo cliente minow\">\n          <\/div>\n                  <div class=\"dd-o-section__list__item\">\n            <img decoding=\"async\" src=\"https:\/\/mig-now.com\/wp-content\/uploads\/GRSA-b.png\" alt=\"Logotipo de GRSA cliente minow\">\n          <\/div>\n                  <div class=\"dd-o-section__list__item\">\n            <img decoding=\"async\" src=\"https:\/\/mig-now.com\/wp-content\/uploads\/Eoc-b.png\" alt=\"Logotipo de Edc cliente minow\">\n          <\/div>\n                  <div class=\"dd-o-section__list__item\">\n            <img decoding=\"async\" src=\"https:\/\/mig-now.com\/wp-content\/uploads\/Dialogo-engenharia-b.png\" alt=\"di\u00e1logo logo cliente minow\">\n          <\/div>\n                  <div class=\"dd-o-section__list__item\">\n            <img decoding=\"async\" src=\"https:\/\/mig-now.com\/wp-content\/uploads\/Centauro-b.png\" alt=\"Centauro logo cliente mignow\">\n          <\/div>\n                  <div class=\"dd-o-section__list__item\">\n            <img decoding=\"async\" src=\"https:\/\/mig-now.com\/wp-content\/uploads\/gpa-branco.png\" alt=\"\">\n          <\/div>\n                  <div class=\"dd-o-section__list__item\">\n            <img decoding=\"async\" src=\"https:\/\/mig-now.com\/wp-content\/uploads\/localiza-branco.png\" alt=\"\">\n          <\/div>\n                  <div class=\"dd-o-section__list__item\">\n            <img decoding=\"async\" src=\"https:\/\/mig-now.com\/wp-content\/uploads\/cobra-rolamentos-branco.png\" alt=\"\">\n          <\/div>\n                  <div class=\"dd-o-section__list__item\">\n            <img decoding=\"async\" src=\"https:\/\/mig-now.com\/wp-content\/uploads\/piracanjuba-branco.png\" alt=\"\">\n          <\/div>\n                  <div class=\"dd-o-section__list__item\">\n            <img decoding=\"async\" src=\"https:\/\/mig-now.com\/wp-content\/uploads\/Aluminerie-Alouette-branco.png\" alt=\"\">\n          <\/div>\n                  <div class=\"dd-o-section__list__item\">\n            <img decoding=\"async\" src=\"https:\/\/mig-now.com\/wp-content\/uploads\/safra-branco.png\" alt=\"\">\n          <\/div>\n                  <div class=\"dd-o-section__list__item\">\n            <img decoding=\"async\" src=\"https:\/\/mig-now.com\/wp-content\/uploads\/ihara-branco1.png\" alt=\"\">\n          <\/div>\n                  <div class=\"dd-o-section__list__item\">\n            <img decoding=\"async\" src=\"https:\/\/mig-now.com\/wp-content\/uploads\/long-ping_branco1.png\" alt=\"\">\n          <\/div>\n                  <div class=\"dd-o-section__list__item\">\n            <img decoding=\"async\" src=\"https:\/\/mig-now.com\/wp-content\/uploads\/Cerradinho.png\" alt=\"\">\n          <\/div>\n                  <div class=\"dd-o-section__list__item\">\n            <img decoding=\"async\" src=\"https:\/\/mig-now.com\/wp-content\/uploads\/Cliente-MIGNOW-Amaggi-B.png\" alt=\"\">\n          <\/div>\n              <\/div>\n\n      <div class=\"dd-o-carousel__arrows\">\n        <button type=\"button\" class=\"slick-prev\"><i class=\"icon-arrow-left\"><\/i><\/button>\n        <div class=\"dd-o-carousel__dots\"><\/div>\n        <button type=\"button\" class=\"slick-next\"><i class=\"icon-arrow-right\"><\/i><\/button>\n      <\/div>\n    <\/div>\n\n    \n      <\/div>\n\n  <i class=\"icon-separator icon-separator__bottom\"><\/i>\n<\/section>\n\n\n  <section class=\"dd-o-section dd-o-section-form\">\n  <div class=\"dd-o-section__wrapper\">\n    <header class=\"dd-o-section__header\" data-aos=\"fade-up\"\n     data-aos-delay=\"200\">\n            <h2 class=\"dd-o-section__header__title\">Consulta a nuestros expertos<\/h2>\n    <\/header>\n\n    <div class=\"dd-o-section__content\" data-aos=\"fade-up\"\n     data-aos-delay=\"200\">\n      <p>A trav\u00e9s de nuestra cartera optimizada de herramientas, MIGNOW ha demostrado ser la forma m\u00e1s r\u00e1pida, econ\u00f3mica y segura de realizar conversiones.<\/p>\n    <\/div>\n\n    <div class=\"dd-o-section__form\">\n      <div data-aos=\"fade-right\" data-aos-delay=\"200\">\n        <script>\r\n  hbspt.forms.create({\r\n    region: \"na1\",\r\n    portalId: \"19942753\",\r\n    formId: \"42e8cedb-b400-4bd4-a921-dd5fe60856b6\"\r\n  });\r\n<\/script>      <\/div>\n\n              <figure class=\"dd-o-section__figure\"  data-aos=\"fade-left\" data-aos-delay=\"200\">\n          <img decoding=\"async\" src=\"https:\/\/mig-now.com\/wp-content\/uploads\/world-desktop.png\" alt=\"Consulta a nuestros expertos\">\n        <\/figure>\n          <\/div>\n  <\/div>\n<\/section>\n\n\n\n<p><\/p>","protected":false},"excerpt":{"rendered":"","protected":false},"author":20,"featured_media":0,"parent":0,"menu_order":0,"comment_status":"closed","ping_status":"closed","template":"","meta":{"_acf_changed":false,"footnotes":""},"class_list":["post-9","page","type-page","status-publish","hentry"],"acf":[],"yoast_head":"<!-- This site is optimized with the Yoast SEO plugin v27.3 - https:\/\/yoast.com\/product\/yoast-seo-wordpress\/ -->\n<title>MIGNOW - Convers\u00e3o Autom\u00e1tica do SAP ECC para S\/4HANA<\/title>\n<meta name=\"description\" content=\"Migra\u00e7\u00e3o para o SAP S\/4HANA com custos abaixo da m\u00e9dia e de forma totalmente automatizada? E com MIGNOW! Acesse o site e descubra como.\" \/>\n<meta name=\"robots\" content=\"index, follow, max-snippet:-1, max-image-preview:large, max-video-preview:-1\" \/>\n<link rel=\"canonical\" href=\"https:\/\/mig-now.com\/es\/\" \/>\n<meta property=\"og:locale\" content=\"es_ES\" \/>\n<meta property=\"og:type\" content=\"article\" \/>\n<meta property=\"og:title\" content=\"MIGNOW - Convers\u00e3o Autom\u00e1tica do SAP ECC para S\/4HANA\" \/>\n<meta property=\"og:description\" content=\"Migra\u00e7\u00e3o para o SAP S\/4HANA com custos abaixo da m\u00e9dia e de forma totalmente automatizada? E com MIGNOW! Acesse o site e descubra como.\" \/>\n<meta property=\"og:url\" content=\"https:\/\/mig-now.com\/es\/\" \/>\n<meta property=\"og:site_name\" content=\"MIGNOW\" \/>\n<meta property=\"article:publisher\" content=\"https:\/\/www.facebook.com\/MIGNOW-115950623606393\" \/>\n<meta property=\"article:modified_time\" content=\"2026-01-27T12:41:22+00:00\" \/>\n<meta property=\"og:image\" content=\"https:\/\/mig-now.com\/wp-content\/uploads\/share.png\" \/>\n\t<meta property=\"og:image:width\" content=\"1200\" \/>\n\t<meta property=\"og:image:height\" content=\"628\" \/>\n\t<meta property=\"og:image:type\" content=\"image\/png\" \/>\n<meta name=\"twitter:card\" content=\"summary_large_image\" \/>\n<script type=\"application\/ld+json\" class=\"yoast-schema-graph\">{\"@context\":\"https:\\\/\\\/schema.org\",\"@graph\":[{\"@type\":\"WebPage\",\"@id\":\"https:\\\/\\\/mig-now.com\\\/\",\"url\":\"https:\\\/\\\/mig-now.com\\\/\",\"name\":\"MIGNOW - Convers\u00e3o Autom\u00e1tica do SAP ECC para S\\\/4HANA\",\"isPartOf\":{\"@id\":\"https:\\\/\\\/mig-now.com\\\/#website\"},\"datePublished\":\"2021-01-13T18:29:34+00:00\",\"dateModified\":\"2026-01-27T12:41:22+00:00\",\"description\":\"Migra\u00e7\u00e3o para o SAP S\\\/4HANA com custos abaixo da m\u00e9dia e de forma totalmente automatizada? E com MIGNOW! Acesse o site e descubra como.\",\"breadcrumb\":{\"@id\":\"https:\\\/\\\/mig-now.com\\\/#breadcrumb\"},\"inLanguage\":\"es\",\"potentialAction\":[{\"@type\":\"ReadAction\",\"target\":[\"https:\\\/\\\/mig-now.com\\\/\"]}]},{\"@type\":\"BreadcrumbList\",\"@id\":\"https:\\\/\\\/mig-now.com\\\/#breadcrumb\",\"itemListElement\":[{\"@type\":\"ListItem\",\"position\":1,\"name\":\"In\u00edcio\",\"item\":\"https:\\\/\\\/mig-now.com\\\/\"},{\"@type\":\"ListItem\",\"position\":2,\"name\":\"Homepage\"}]},{\"@type\":\"WebSite\",\"@id\":\"https:\\\/\\\/mig-now.com\\\/#website\",\"url\":\"https:\\\/\\\/mig-now.com\\\/\",\"name\":\"MIGNOW\",\"description\":\"Convers\u00e3o automatizada do SAP ECC para o SAP S\\\/4HANA.\",\"publisher\":{\"@id\":\"https:\\\/\\\/mig-now.com\\\/#organization\"},\"potentialAction\":[{\"@type\":\"SearchAction\",\"target\":{\"@type\":\"EntryPoint\",\"urlTemplate\":\"https:\\\/\\\/mig-now.com\\\/?s={search_term_string}\"},\"query-input\":{\"@type\":\"PropertyValueSpecification\",\"valueRequired\":true,\"valueName\":\"search_term_string\"}}],\"inLanguage\":\"es\"},{\"@type\":\"Organization\",\"@id\":\"https:\\\/\\\/mig-now.com\\\/#organization\",\"name\":\"mignow\",\"url\":\"https:\\\/\\\/mig-now.com\\\/\",\"logo\":{\"@type\":\"ImageObject\",\"inLanguage\":\"es\",\"@id\":\"https:\\\/\\\/mig-now.com\\\/#\\\/schema\\\/logo\\\/image\\\/\",\"url\":\"https:\\\/\\\/mig-now.com\\\/wp-content\\\/uploads\\\/Mignow-03.png\",\"contentUrl\":\"https:\\\/\\\/mig-now.com\\\/wp-content\\\/uploads\\\/Mignow-03.png\",\"width\":4728,\"height\":1646,\"caption\":\"mignow\"},\"image\":{\"@id\":\"https:\\\/\\\/mig-now.com\\\/#\\\/schema\\\/logo\\\/image\\\/\"},\"sameAs\":[\"https:\\\/\\\/www.facebook.com\\\/MIGNOW-115950623606393\",\"https:\\\/\\\/www.instagram.com\\\/mig_now\\\/\",\"https:\\\/\\\/www.linkedin.com\\\/company\\\/65868910\\\/admin\\\/\",\"https:\\\/\\\/www.youtube.com\\\/channel\\\/UCh1QRa8dGxBPnqIoy6NReeA\"]}]}<\/script>\n<!-- \/ Yoast SEO plugin. -->","yoast_head_json":{"title":"MIGNOW - Conversi\u00f3n autom\u00e1tica de SAP ECC a S\/4HANA","description":"\u00bfMigraci\u00f3n a SAP S\/4HANA con costes inferiores a la media y de forma totalmente automatizada? \u00a1Y con MIGNOW! Accede a la web y descubre c\u00f3mo.","robots":{"index":"index","follow":"follow","max-snippet":"max-snippet:-1","max-image-preview":"max-image-preview:large","max-video-preview":"max-video-preview:-1"},"canonical":"https:\/\/mig-now.com\/es\/","og_locale":"es_ES","og_type":"article","og_title":"MIGNOW - Convers\u00e3o Autom\u00e1tica do SAP ECC para S\/4HANA","og_description":"Migra\u00e7\u00e3o para o SAP S\/4HANA com custos abaixo da m\u00e9dia e de forma totalmente automatizada? E com MIGNOW! Acesse o site e descubra como.","og_url":"https:\/\/mig-now.com\/es\/","og_site_name":"MIGNOW","article_publisher":"https:\/\/www.facebook.com\/MIGNOW-115950623606393","article_modified_time":"2026-01-27T12:41:22+00:00","og_image":[{"width":1200,"height":628,"url":"https:\/\/mig-now.com\/wp-content\/uploads\/share.png","type":"image\/png"}],"twitter_card":"summary_large_image","schema":{"@context":"https:\/\/schema.org","@graph":[{"@type":"WebPage","@id":"https:\/\/mig-now.com\/","url":"https:\/\/mig-now.com\/","name":"MIGNOW - Conversi\u00f3n autom\u00e1tica de SAP ECC a S\/4HANA","isPartOf":{"@id":"https:\/\/mig-now.com\/#website"},"datePublished":"2021-01-13T18:29:34+00:00","dateModified":"2026-01-27T12:41:22+00:00","description":"\u00bfMigraci\u00f3n a SAP S\/4HANA con costes inferiores a la media y de forma totalmente automatizada? \u00a1Y con MIGNOW! Accede a la web y descubre c\u00f3mo.","breadcrumb":{"@id":"https:\/\/mig-now.com\/#breadcrumb"},"inLanguage":"es","potentialAction":[{"@type":"ReadAction","target":["https:\/\/mig-now.com\/"]}]},{"@type":"BreadcrumbList","@id":"https:\/\/mig-now.com\/#breadcrumb","itemListElement":[{"@type":"ListItem","position":1,"name":"In\u00edcio","item":"https:\/\/mig-now.com\/"},{"@type":"ListItem","position":2,"name":"Homepage"}]},{"@type":"WebSite","@id":"https:\/\/mig-now.com\/#website","url":"https:\/\/mig-now.com\/","name":"MIGNOW","description":"Conversi\u00f3n automatizada de SAP ECC a SAP S\/4HANA.","publisher":{"@id":"https:\/\/mig-now.com\/#organization"},"potentialAction":[{"@type":"SearchAction","target":{"@type":"EntryPoint","urlTemplate":"https:\/\/mig-now.com\/?s={search_term_string}"},"query-input":{"@type":"PropertyValueSpecification","valueRequired":true,"valueName":"search_term_string"}}],"inLanguage":"es"},{"@type":"Organization","@id":"https:\/\/mig-now.com\/#organization","name":"mignow","url":"https:\/\/mig-now.com\/","logo":{"@type":"ImageObject","inLanguage":"es","@id":"https:\/\/mig-now.com\/#\/schema\/logo\/image\/","url":"https:\/\/mig-now.com\/wp-content\/uploads\/Mignow-03.png","contentUrl":"https:\/\/mig-now.com\/wp-content\/uploads\/Mignow-03.png","width":4728,"height":1646,"caption":"mignow"},"image":{"@id":"https:\/\/mig-now.com\/#\/schema\/logo\/image\/"},"sameAs":["https:\/\/www.facebook.com\/MIGNOW-115950623606393","https:\/\/www.instagram.com\/mig_now\/","https:\/\/www.linkedin.com\/company\/65868910\/admin\/","https:\/\/www.youtube.com\/channel\/UCh1QRa8dGxBPnqIoy6NReeA"]}]}},"_links":{"self":[{"href":"https:\/\/mig-now.com\/es\/wp-json\/wp\/v2\/pages\/9","targetHints":{"allow":["GET"]}}],"collection":[{"href":"https:\/\/mig-now.com\/es\/wp-json\/wp\/v2\/pages"}],"about":[{"href":"https:\/\/mig-now.com\/es\/wp-json\/wp\/v2\/types\/page"}],"author":[{"embeddable":true,"href":"https:\/\/mig-now.com\/es\/wp-json\/wp\/v2\/users\/20"}],"replies":[{"embeddable":true,"href":"https:\/\/mig-now.com\/es\/wp-json\/wp\/v2\/comments?post=9"}],"version-history":[{"count":0,"href":"https:\/\/mig-now.com\/es\/wp-json\/wp\/v2\/pages\/9\/revisions"}],"wp:attachment":[{"href":"https:\/\/mig-now.com\/es\/wp-json\/wp\/v2\/media?parent=9"}],"curies":[{"name":"wp","href":"https:\/\/api.w.org\/{rel}","templated":true}]}}